{"id":9695,"date":"2023-08-07T17:19:08","date_gmt":"2023-08-07T15:19:08","guid":{"rendered":"https:\/\/www.alupieces.fr\/?post_type=product&#038;p=9695"},"modified":"2025-12-05T16:35:36","modified_gmt":"2025-12-05T15:35:36","slug":"cache-renforce-pour-montant-central-gbi-technal","status":"publish","type":"product","link":"https:\/\/www.alupieces.fr\/es\/producto\/gbi-technal-central-mount-strength-cover\/","title":{"rendered":"Tapa reforzada para jamba central Technal GBI"},"content":{"rendered":"<p>2 Cubiertas\u00a0<span style=\"font-size: 16px;font-style: normal;font-weight: 400\">reforzado <\/span><span style=\"font-size: 16px\">para jamba corredera central GBI Technal<\/span><\/p>\n<ul>\n<li><span style=\"color: #ff0000\"><em><strong>Comercializaci\u00f3n interrumpida por el fabricante -<\/strong><\/em><\/span><span style=\"color: #ff0000\"><em><strong>\u00a0\u00daltimas piezas disponibles\u00a0<\/strong><\/em><\/span><span style=\"color: #ff0000\"><em><strong>-<\/strong><\/em><\/span><\/li>\n<\/ul>","protected":false},"excerpt":{"rendered":"<p>2 Tapas reforzadas para jamba corredera central GBI Technal Descatalogado por el fabricante - \u00daltimas piezas disponibles -<\/p>","protected":false},"featured_media":9697,"comment_status":"open","ping_status":"closed","template":"","meta":{"site-sidebar-layout":"default","site-content-layout":"default","ast-site-content-layout":"","site-content-style":"default","site-sidebar-style":"default","ast-global-header-display":"","ast-banner-title-visibility":"","ast-main-header-display":"","ast-hfb-above-header-display":"","ast-hfb-below-header-display":"","ast-hfb-mobile-header-display":"","site-post-title":"","ast-breadcrumbs-content":"","ast-featured-img":"","footer-sml-layout":"","theme-transparent-header-meta":"default","adv-header-id-meta":"","stick-header-meta":"","header-above-stick-meta":"","header-main-stick-meta":"","header-below-stick-meta":"","astra-migrate-meta-layouts":"default","ast-page-background-enabled":"default","ast-page-background-meta":{"desktop":{"background-color":"var(--ast-global-color-4)","background-image":"","background-repeat":"repeat","background-position":"center center","background-size":"auto","background-attachment":"scroll","background-type":"","background-media":"","overlay-type":"","overlay-color":"","overlay-opacity":"","overlay-gradient":""},"tablet":{"background-color":"","background-image":"","background-repeat":"repeat","background-position":"center center","background-size":"auto","background-attachment":"scroll","background-type":"","background-media":"","overlay-type":"","overlay-color":"","overlay-opacity":"","overlay-gradient":""},"mobile":{"background-color":"","background-image":"","background-repeat":"repeat","background-position":"center center","background-size":"auto","background-attachment":"scroll","background-type":"","background-media":"","overlay-type":"","overlay-color":"","overlay-opacity":"","overlay-gradient":""}},"ast-content-background-meta":{"desktop":{"background-color":"var(--ast-global-color-5)","background-image":"","background-repeat":"repeat","background-position":"center center","background-size":"auto","background-attachment":"scroll","background-type":"","background-media":"","overlay-type":"","overlay-color":"","overlay-opacity":"","overlay-gradient":""},"tablet":{"background-color":"var(--ast-global-color-5)","background-image":"","background-repeat":"repeat","background-position":"center center","background-size":"auto","background-attachment":"scroll","background-type":"","background-media":"","overlay-type":"","overlay-color":"","overlay-opacity":"","overlay-gradient":""},"mobile":{"background-color":"var(--ast-global-color-5)","background-image":"","background-repeat":"repeat","background-position":"center center","background-size":"auto","background-attachment":"scroll","background-type":"","background-media":"","overlay-type":"","overlay-color":"","overlay-opacity":"","overlay-gradient":""}}},"product_cat":[18,45,22,17],"product_tag":[],"marque":[106],"acf":[],"yoast_head":"<!-- This site is optimized with the Yoast SEO plugin v20.1 - https:\/\/yoast.com\/wordpress\/plugins\/seo\/ -->\n<title>Cache renforc\u00e9 pour montant central GBI Technal - Alupi\u00e8ces.fr<\/title>\n<meta name=\"description\" content=\"cache montant central renforc\u00e9 pour coulissant GBI Technal , retrouvez toutes vos pi\u00e8ces d\u00e9tach\u00e9es 100% origine, pour vos menuiseries alu Technal.\" \/>\n<meta name=\"robots\" content=\"index, follow, max-snippet:-1, max-image-preview:large, max-video-preview:-1\" \/>\n<link rel=\"canonical\" href=\"https:\/\/www.alupieces.fr\/es\/producto\/gbi-technal-central-mount-strength-cover\/\" \/>\n<meta property=\"og:locale\" content=\"es_ES\" \/>\n<meta property=\"og:type\" content=\"article\" \/>\n<meta property=\"og:title\" content=\"Cache renforc\u00e9 pour montant central GBI Technal - Alupi\u00e8ces.fr\" \/>\n<meta property=\"og:description\" content=\"cache montant central renforc\u00e9 pour coulissant GBI Technal , retrouvez toutes vos pi\u00e8ces d\u00e9tach\u00e9es 100% origine, pour vos menuiseries alu Technal.\" \/>\n<meta property=\"og:url\" content=\"https:\/\/www.alupieces.fr\/es\/producto\/gbi-technal-central-mount-strength-cover\/\" \/>\n<meta property=\"og:site_name\" content=\"Alupi\u00e8ces.fr\" \/>\n<meta property=\"article:modified_time\" content=\"2025-12-05T15:35:36+00:00\" \/>\n<meta property=\"og:image\" content=\"https:\/\/www.alupieces.fr\/wp-content\/uploads\/2023\/08\/TCG054-001.jpg\" \/>\n\t<meta property=\"og:image:width\" content=\"827\" \/>\n\t<meta property=\"og:image:height\" content=\"827\" \/>\n\t<meta property=\"og:image:type\" content=\"image\/jpeg\" \/>\n<meta name=\"twitter:card\" content=\"summary_large_image\" \/>\n<meta name=\"twitter:label1\" content=\"Tiempo de lectura\" \/>\n\t<meta name=\"twitter:data1\" content=\"1 minuto\" \/>\n<!-- \/ Yoast SEO plugin. -->","yoast_head_json":{"title":"Cache renforc\u00e9 pour montant central GBI Technal - Alupi\u00e8ces.fr","description":"cache montant central renforc\u00e9 pour coulissant GBI Technal , retrouvez toutes vos pi\u00e8ces d\u00e9tach\u00e9es 100% origine, pour vos menuiseries alu Technal.","robots":{"index":"index","follow":"follow","max-snippet":"max-snippet:-1","max-image-preview":"max-image-preview:large","max-video-preview":"max-video-preview:-1"},"canonical":"https:\/\/www.alupieces.fr\/es\/producto\/gbi-technal-central-mount-strength-cover\/","og_locale":"es_ES","og_type":"article","og_title":"Cache renforc\u00e9 pour montant central GBI Technal - Alupi\u00e8ces.fr","og_description":"cache montant central renforc\u00e9 pour coulissant GBI Technal , retrouvez toutes vos pi\u00e8ces d\u00e9tach\u00e9es 100% origine, pour vos menuiseries alu Technal.","og_url":"https:\/\/www.alupieces.fr\/es\/producto\/gbi-technal-central-mount-strength-cover\/","og_site_name":"Alupi\u00e8ces.fr","article_modified_time":"2025-12-05T15:35:36+00:00","og_image":[{"width":827,"height":827,"url":"https:\/\/www.alupieces.fr\/wp-content\/uploads\/2023\/08\/TCG054-001.jpg","type":"image\/jpeg"}],"twitter_card":"summary_large_image","twitter_misc":{"Tiempo de lectura":"1 minuto"},"schema":{"@context":"https:\/\/schema.org","@graph":[{"@type":"WebPage","@id":"https:\/\/www.alupieces.fr\/produit\/cache-renforce-pour-montant-central-gbi-technal\/","url":"https:\/\/www.alupieces.fr\/produit\/cache-renforce-pour-montant-central-gbi-technal\/","name":"Cache renforc\u00e9 pour montant central GBI Technal - Alupi\u00e8ces.fr","isPartOf":{"@id":"https:\/\/www.alupieces.fr\/#website"},"datePublished":"2023-08-07T15:19:08+00:00","dateModified":"2025-12-05T15:35:36+00:00","description":"cache montant central renforc\u00e9 pour coulissant GBI Technal , retrouvez toutes vos pi\u00e8ces d\u00e9tach\u00e9es 100% origine, pour vos menuiseries alu Technal.","breadcrumb":{"@id":"https:\/\/www.alupieces.fr\/produit\/cache-renforce-pour-montant-central-gbi-technal\/#breadcrumb"},"inLanguage":"es","potentialAction":[{"@type":"ReadAction","target":["https:\/\/www.alupieces.fr\/produit\/cache-renforce-pour-montant-central-gbi-technal\/"]}]},{"@type":"BreadcrumbList","@id":"https:\/\/www.alupieces.fr\/produit\/cache-renforce-pour-montant-central-gbi-technal\/#breadcrumb","itemListElement":[{"@type":"ListItem","position":1,"name":"Accueil","item":"https:\/\/www.alupieces.fr\/"},{"@type":"ListItem","position":2,"name":"Boutique","item":"https:\/\/www.alupieces.fr\/boutique\/"},{"@type":"ListItem","position":3,"name":"Cache renforc\u00e9 pour montant central GBI Technal"}]},{"@type":"WebSite","@id":"https:\/\/www.alupieces.fr\/#website","url":"https:\/\/www.alupieces.fr\/","name":"Alupi\u00e8ces.fr","description":"La r\u00e9f\u00e9rence des pi\u00e8ces d\u00e9tach\u00e9es d&#039;origine en Aluminium Technal, Bubendorff et Mariton","publisher":{"@id":"https:\/\/www.alupieces.fr\/#organization"},"potentialAction":[{"@type":"SearchAction","target":{"@type":"EntryPoint","urlTemplate":"https:\/\/www.alupieces.fr\/?s={search_term_string}"},"query-input":"required name=search_term_string"}],"inLanguage":"es"},{"@type":"Organization","@id":"https:\/\/www.alupieces.fr\/#organization","name":"Alupi\u00e8ces","alternateName":"Alupi\u00e8ces.fr","url":"https:\/\/www.alupieces.fr\/","logo":{"@type":"ImageObject","inLanguage":"es","@id":"https:\/\/www.alupieces.fr\/#\/schema\/logo\/image\/","url":"https:\/\/www.alupieces.fr\/wp-content\/uploads\/2022\/12\/Bon-logo-1.png","contentUrl":"https:\/\/www.alupieces.fr\/wp-content\/uploads\/2022\/12\/Bon-logo-1.png","width":1367,"height":474,"caption":"Alupi\u00e8ces"},"image":{"@id":"https:\/\/www.alupieces.fr\/#\/schema\/logo\/image\/"}}]}},"wcpa_form_fields":null,"_links":{"self":[{"href":"https:\/\/www.alupieces.fr\/es\/wp-json\/wp\/v2\/product\/9695"}],"collection":[{"href":"https:\/\/www.alupieces.fr\/es\/wp-json\/wp\/v2\/product"}],"about":[{"href":"https:\/\/www.alupieces.fr\/es\/wp-json\/wp\/v2\/types\/product"}],"replies":[{"embeddable":true,"href":"https:\/\/www.alupieces.fr\/es\/wp-json\/wp\/v2\/comments?post=9695"}],"wp:featuredmedia":[{"embeddable":true,"href":"https:\/\/www.alupieces.fr\/es\/wp-json\/wp\/v2\/media\/9697"}],"wp:attachment":[{"href":"https:\/\/www.alupieces.fr\/es\/wp-json\/wp\/v2\/media?parent=9695"}],"wp:term":[{"taxonomy":"product_cat","embeddable":true,"href":"https:\/\/www.alupieces.fr\/es\/wp-json\/wp\/v2\/product_cat?post=9695"},{"taxonomy":"product_tag","embeddable":true,"href":"https:\/\/www.alupieces.fr\/es\/wp-json\/wp\/v2\/product_tag?post=9695"},{"taxonomy":"marque","embeddable":true,"href":"https:\/\/www.alupieces.fr\/es\/wp-json\/wp\/v2\/marque?post=9695"}],"curies":[{"name":"wp","href":"https:\/\/api.w.org\/{rel}","templated":true}]}}