{"id":8570,"date":"2023-06-06T10:10:07","date_gmt":"2023-06-06T08:10:07","guid":{"rendered":"https:\/\/www.alupieces.fr\/?post_type=product&#038;p=8570"},"modified":"2026-02-03T18:17:44","modified_gmt":"2026-02-03T17:17:44","slug":"profile-corniere-l-aluminium-25mmx25mm-ep2mm-technal","status":"publish","type":"product","link":"https:\/\/www.alupieces.fr\/es\/producto\/perfil-esquinero-aluminio-25mmx25mm-ep2mm-technal\/","title":{"rendered":"Perfil en 'L' Esquina de Aluminio 25mmx25mm Th2mm Technal"},"content":{"rendered":"<p>Perfil Technal L de aluminio 25mmx25mm Th2mm. <span style=\"font-size: 16px;font-style: normal;font-weight: 400\">Etiqueta Qualicoat<\/span><br \/>\nEl paquete incluye: 2 longitudes de 235 cm\/1 longitud de 120 cm<\/p>\n<p><a style=\"font-size: 16px;background-color: #ffffff\" href=\"https:\/\/alupieces.fr\/wp-content\/uploads\/2023\/05\/Nuanciers-de-Couleurs-.pdf\" target=\"_blank\" rel=\"noopener\">PULSE para ver y confirmar su elecci\u00f3n de color<\/a><br \/>\nPara cualquier otro color, p\u00f3ngase en contacto con nosotros (contact.alupieces@gmail.com) y le enviaremos un presupuesto personalizado.<\/p>\n<ul>\n<li><a href=\"https:\/\/www.alupieces.fr\/es\/?s=profil%C3%A9&amp;post_type=product&amp;dgwt_wcas=1\">Descubra nuestra gama de barras de aluminio\u00a0<\/a><\/li>\n<\/ul>","protected":false},"excerpt":{"rendered":"<p>Perfil angular en \"L\" de aluminio 25mmx25mm Th2mm Technal. Etiqueta Qualicoat Pack que incluye: 2 longitudes de 235cm\/1 longitud de 120cm PULSE para ver y confirmar su elecci\u00f3n de color Para cualquier otro color, p\u00f3ngase en contacto con nosotros (contact.alupieces@gmail.com) y le enviaremos un presupuesto personalizado. Descubra nuestra gama de barras de aluminio\u00a0<\/p>","protected":false},"featured_media":8559,"comment_status":"open","ping_status":"closed","template":"","meta":{"site-sidebar-layout":"default","site-content-layout":"","ast-site-content-layout":"","site-content-style":"default","site-sidebar-style":"default","ast-global-header-display":"","ast-banner-title-visibility":"","ast-main-header-display":"","ast-hfb-above-header-display":"","ast-hfb-below-header-display":"","ast-hfb-mobile-header-display":"","site-post-title":"","ast-breadcrumbs-content":"","ast-featured-img":"","footer-sml-layout":"","theme-transparent-header-meta":"","adv-header-id-meta":"","stick-header-meta":"","header-above-stick-meta":"","header-main-stick-meta":"","header-below-stick-meta":"","astra-migrate-meta-layouts":"default","ast-page-background-enabled":"default","ast-page-background-meta":{"desktop":{"background-color":"var(--ast-global-color-4)","background-image":"","background-repeat":"repeat","background-position":"center center","background-size":"auto","background-attachment":"scroll","background-type":"","background-media":"","overlay-type":"","overlay-color":"","overlay-opacity":"","overlay-gradient":""},"tablet":{"background-color":"","background-image":"","background-repeat":"repeat","background-position":"center center","background-size":"auto","background-attachment":"scroll","background-type":"","background-media":"","overlay-type":"","overlay-color":"","overlay-opacity":"","overlay-gradient":""},"mobile":{"background-color":"","background-image":"","background-repeat":"repeat","background-position":"center center","background-size":"auto","background-attachment":"scroll","background-type":"","background-media":"","overlay-type":"","overlay-color":"","overlay-opacity":"","overlay-gradient":""}},"ast-content-background-meta":{"desktop":{"background-color":"var(--ast-global-color-5)","background-image":"","background-repeat":"repeat","background-position":"center center","background-size":"auto","background-attachment":"scroll","background-type":"","background-media":"","overlay-type":"","overlay-color":"","overlay-opacity":"","overlay-gradient":""},"tablet":{"background-color":"var(--ast-global-color-5)","background-image":"","background-repeat":"repeat","background-position":"center center","background-size":"auto","background-attachment":"scroll","background-type":"","background-media":"","overlay-type":"","overlay-color":"","overlay-opacity":"","overlay-gradient":""},"mobile":{"background-color":"var(--ast-global-color-5)","background-image":"","background-repeat":"repeat","background-position":"center center","background-size":"auto","background-attachment":"scroll","background-type":"","background-media":"","overlay-type":"","overlay-color":"","overlay-opacity":"","overlay-gradient":""}}},"product_cat":[18,20,17,19,21],"product_tag":[],"marque":[106],"acf":[],"yoast_head":"<!-- This site is optimized with the Yoast SEO plugin v20.1 - https:\/\/yoast.com\/wordpress\/plugins\/seo\/ -->\n<title>Profil\u00e9 Corni\u00e8re &#039;L&#039; Aluminium 25mmx25mm Ep2mm Technal - Alupi\u00e8ces.fr<\/title>\n<meta name=\"description\" content=\"Profil\u00e9 corni\u00e8re Aluminium 25mmx25mm Ep.2mm Technal. Profil\u00e9s en \u00e9paisseur 1,5mm,1,6mm, 3mm ,5mm,10mm, tube carr\u00e9, rectangulaire Aluminium Technal..\" \/>\n<meta name=\"robots\" content=\"index, follow, max-snippet:-1, max-image-preview:large, max-video-preview:-1\" \/>\n<link rel=\"canonical\" href=\"https:\/\/www.alupieces.fr\/es\/producto\/perfil-esquinero-aluminio-25mmx25mm-ep2mm-technal\/\" \/>\n<meta property=\"og:locale\" content=\"es_ES\" \/>\n<meta property=\"og:type\" content=\"article\" \/>\n<meta property=\"og:title\" content=\"Profil\u00e9 Corni\u00e8re &#039;L&#039; Aluminium 25mmx25mm Ep2mm Technal - Alupi\u00e8ces.fr\" \/>\n<meta property=\"og:description\" content=\"Profil\u00e9 corni\u00e8re Aluminium 25mmx25mm Ep.2mm Technal. Profil\u00e9s en \u00e9paisseur 1,5mm,1,6mm, 3mm ,5mm,10mm, tube carr\u00e9, rectangulaire Aluminium Technal..\" \/>\n<meta property=\"og:url\" content=\"https:\/\/www.alupieces.fr\/es\/producto\/perfil-esquinero-aluminio-25mmx25mm-ep2mm-technal\/\" \/>\n<meta property=\"og:site_name\" content=\"Alupi\u00e8ces.fr\" \/>\n<meta property=\"article:modified_time\" content=\"2026-02-03T17:17:44+00:00\" \/>\n<meta property=\"og:image\" content=\"https:\/\/www.alupieces.fr\/wp-content\/uploads\/2023\/06\/Cornieres-25mmx25mm-Ep2mm-T0545.jpg\" \/>\n\t<meta property=\"og:image:width\" content=\"827\" \/>\n\t<meta property=\"og:image:height\" content=\"827\" \/>\n\t<meta property=\"og:image:type\" content=\"image\/jpeg\" \/>\n<meta name=\"twitter:card\" content=\"summary_large_image\" \/>\n<meta name=\"twitter:label1\" content=\"Tiempo de lectura\" \/>\n\t<meta name=\"twitter:data1\" content=\"1 minuto\" \/>\n<!-- \/ Yoast SEO plugin. -->","yoast_head_json":{"title":"Profil\u00e9 Corni\u00e8re 'L' Aluminium 25mmx25mm Ep2mm Technal - Alupi\u00e8ces.fr","description":"Profil\u00e9 corni\u00e8re Aluminium 25mmx25mm Ep.2mm Technal. Profil\u00e9s en \u00e9paisseur 1,5mm,1,6mm, 3mm ,5mm,10mm, tube carr\u00e9, rectangulaire Aluminium Technal..","robots":{"index":"index","follow":"follow","max-snippet":"max-snippet:-1","max-image-preview":"max-image-preview:large","max-video-preview":"max-video-preview:-1"},"canonical":"https:\/\/www.alupieces.fr\/es\/producto\/perfil-esquinero-aluminio-25mmx25mm-ep2mm-technal\/","og_locale":"es_ES","og_type":"article","og_title":"Profil\u00e9 Corni\u00e8re 'L' Aluminium 25mmx25mm Ep2mm Technal - Alupi\u00e8ces.fr","og_description":"Profil\u00e9 corni\u00e8re Aluminium 25mmx25mm Ep.2mm Technal. Profil\u00e9s en \u00e9paisseur 1,5mm,1,6mm, 3mm ,5mm,10mm, tube carr\u00e9, rectangulaire Aluminium Technal..","og_url":"https:\/\/www.alupieces.fr\/es\/producto\/perfil-esquinero-aluminio-25mmx25mm-ep2mm-technal\/","og_site_name":"Alupi\u00e8ces.fr","article_modified_time":"2026-02-03T17:17:44+00:00","og_image":[{"width":827,"height":827,"url":"https:\/\/www.alupieces.fr\/wp-content\/uploads\/2023\/06\/Cornieres-25mmx25mm-Ep2mm-T0545.jpg","type":"image\/jpeg"}],"twitter_card":"summary_large_image","twitter_misc":{"Tiempo de lectura":"1 minuto"},"schema":{"@context":"https:\/\/schema.org","@graph":[{"@type":"WebPage","@id":"https:\/\/www.alupieces.fr\/produit\/profile-corniere-l-aluminium-25mmx25mm-ep2mm-technal\/","url":"https:\/\/www.alupieces.fr\/produit\/profile-corniere-l-aluminium-25mmx25mm-ep2mm-technal\/","name":"Profil\u00e9 Corni\u00e8re 'L' Aluminium 25mmx25mm Ep2mm Technal - Alupi\u00e8ces.fr","isPartOf":{"@id":"https:\/\/www.alupieces.fr\/#website"},"datePublished":"2023-06-06T08:10:07+00:00","dateModified":"2026-02-03T17:17:44+00:00","description":"Profil\u00e9 corni\u00e8re Aluminium 25mmx25mm Ep.2mm Technal. Profil\u00e9s en \u00e9paisseur 1,5mm,1,6mm, 3mm ,5mm,10mm, tube carr\u00e9, rectangulaire Aluminium Technal..","breadcrumb":{"@id":"https:\/\/www.alupieces.fr\/produit\/profile-corniere-l-aluminium-25mmx25mm-ep2mm-technal\/#breadcrumb"},"inLanguage":"es","potentialAction":[{"@type":"ReadAction","target":["https:\/\/www.alupieces.fr\/produit\/profile-corniere-l-aluminium-25mmx25mm-ep2mm-technal\/"]}]},{"@type":"BreadcrumbList","@id":"https:\/\/www.alupieces.fr\/produit\/profile-corniere-l-aluminium-25mmx25mm-ep2mm-technal\/#breadcrumb","itemListElement":[{"@type":"ListItem","position":1,"name":"Accueil","item":"https:\/\/www.alupieces.fr\/"},{"@type":"ListItem","position":2,"name":"Boutique","item":"https:\/\/www.alupieces.fr\/boutique\/"},{"@type":"ListItem","position":3,"name":"Profil\u00e9 Corni\u00e8re &#8216;L&#8217; Aluminium 25mmx25mm Ep2mm Technal"}]},{"@type":"WebSite","@id":"https:\/\/www.alupieces.fr\/#website","url":"https:\/\/www.alupieces.fr\/","name":"Alupi\u00e8ces.fr","description":"La r\u00e9f\u00e9rence des pi\u00e8ces d\u00e9tach\u00e9es d&#039;origine en Aluminium Technal, Bubendorff et Mariton","publisher":{"@id":"https:\/\/www.alupieces.fr\/#organization"},"potentialAction":[{"@type":"SearchAction","target":{"@type":"EntryPoint","urlTemplate":"https:\/\/www.alupieces.fr\/?s={search_term_string}"},"query-input":"required name=search_term_string"}],"inLanguage":"es"},{"@type":"Organization","@id":"https:\/\/www.alupieces.fr\/#organization","name":"Alupi\u00e8ces","alternateName":"Alupi\u00e8ces.fr","url":"https:\/\/www.alupieces.fr\/","logo":{"@type":"ImageObject","inLanguage":"es","@id":"https:\/\/www.alupieces.fr\/#\/schema\/logo\/image\/","url":"https:\/\/www.alupieces.fr\/wp-content\/uploads\/2022\/12\/Bon-logo-1.png","contentUrl":"https:\/\/www.alupieces.fr\/wp-content\/uploads\/2022\/12\/Bon-logo-1.png","width":1367,"height":474,"caption":"Alupi\u00e8ces"},"image":{"@id":"https:\/\/www.alupieces.fr\/#\/schema\/logo\/image\/"}}]}},"wcpa_form_fields":null,"_links":{"self":[{"href":"https:\/\/www.alupieces.fr\/es\/wp-json\/wp\/v2\/product\/8570"}],"collection":[{"href":"https:\/\/www.alupieces.fr\/es\/wp-json\/wp\/v2\/product"}],"about":[{"href":"https:\/\/www.alupieces.fr\/es\/wp-json\/wp\/v2\/types\/product"}],"replies":[{"embeddable":true,"href":"https:\/\/www.alupieces.fr\/es\/wp-json\/wp\/v2\/comments?post=8570"}],"wp:featuredmedia":[{"embeddable":true,"href":"https:\/\/www.alupieces.fr\/es\/wp-json\/wp\/v2\/media\/8559"}],"wp:attachment":[{"href":"https:\/\/www.alupieces.fr\/es\/wp-json\/wp\/v2\/media?parent=8570"}],"wp:term":[{"taxonomy":"product_cat","embeddable":true,"href":"https:\/\/www.alupieces.fr\/es\/wp-json\/wp\/v2\/product_cat?post=8570"},{"taxonomy":"product_tag","embeddable":true,"href":"https:\/\/www.alupieces.fr\/es\/wp-json\/wp\/v2\/product_tag?post=8570"},{"taxonomy":"marque","embeddable":true,"href":"https:\/\/www.alupieces.fr\/es\/wp-json\/wp\/v2\/marque?post=8570"}],"curies":[{"name":"wp","href":"https:\/\/api.w.org\/{rel}","templated":true}]}}