{"id":6166,"date":"2023-03-28T10:37:11","date_gmt":"2023-03-28T08:37:11","guid":{"rendered":"https:\/\/www.alupieces.fr\/?post_type=product&#038;p=6166"},"modified":"2026-03-13T11:43:52","modified_gmt":"2026-03-13T10:43:52","slug":"bequille-double-rosette-technal-py-ph-2","status":"publish","type":"product","link":"https:\/\/www.alupieces.fr\/es\/producto\/doble-rosette-technal-py-ph-2-bequille\/","title":{"rendered":"Maneta de doble roseta Technal PY\/PH"},"content":{"rendered":"<p>Manilla de doble roseta para puertas de las gamas PY 65 Soleal y PH 65 Titane.<\/p>\n<p>Con su escuadra de 8 mm, esta manilla Technal puede instalarse en cualquier tipo de puerta de aluminio.<\/p>\n<p>Su dise\u00f1o exclusivo Technal puede combinarse con los colores de la paleta Ral y los tonos exclusivos de Technal.<\/p>\n<p>&nbsp;<\/p>","protected":false},"excerpt":{"rendered":"<p>Manilla de doble roseta para puertas de la gama PY 65 Soleal y PH 65 Titane. Con su cuadradillo de 8 mm, esta manilla Technal puede instalarse en cualquier tipo de puerta de aluminio. Su dise\u00f1o exclusivo Technal puede combinarse con los colores de la paleta Ral y tambi\u00e9n con los tonos exclusivos de Technal. &nbsp;<\/p>","protected":false},"featured_media":6254,"comment_status":"open","ping_status":"closed","template":"","meta":{"site-sidebar-layout":"default","site-content-layout":"","ast-site-content-layout":"","site-content-style":"default","site-sidebar-style":"default","ast-global-header-display":"","ast-banner-title-visibility":"","ast-main-header-display":"","ast-hfb-above-header-display":"","ast-hfb-below-header-display":"","ast-hfb-mobile-header-display":"","site-post-title":"","ast-breadcrumbs-content":"","ast-featured-img":"","footer-sml-layout":"","theme-transparent-header-meta":"","adv-header-id-meta":"","stick-header-meta":"","header-above-stick-meta":"","header-main-stick-meta":"","header-below-stick-meta":"","astra-migrate-meta-layouts":"default","ast-page-background-enabled":"default","ast-page-background-meta":{"desktop":{"background-color":"var(--ast-global-color-4)","background-image":"","background-repeat":"repeat","background-position":"center center","background-size":"auto","background-attachment":"scroll","background-type":"","background-media":"","overlay-type":"","overlay-color":"","overlay-opacity":"","overlay-gradient":""},"tablet":{"background-color":"","background-image":"","background-repeat":"repeat","background-position":"center center","background-size":"auto","background-attachment":"scroll","background-type":"","background-media":"","overlay-type":"","overlay-color":"","overlay-opacity":"","overlay-gradient":""},"mobile":{"background-color":"","background-image":"","background-repeat":"repeat","background-position":"center center","background-size":"auto","background-attachment":"scroll","background-type":"","background-media":"","overlay-type":"","overlay-color":"","overlay-opacity":"","overlay-gradient":""}},"ast-content-background-meta":{"desktop":{"background-color":"var(--ast-global-color-5)","background-image":"","background-repeat":"repeat","background-position":"center center","background-size":"auto","background-attachment":"scroll","background-type":"","background-media":"","overlay-type":"","overlay-color":"","overlay-opacity":"","overlay-gradient":""},"tablet":{"background-color":"var(--ast-global-color-5)","background-image":"","background-repeat":"repeat","background-position":"center center","background-size":"auto","background-attachment":"scroll","background-type":"","background-media":"","overlay-type":"","overlay-color":"","overlay-opacity":"","overlay-gradient":""},"mobile":{"background-color":"var(--ast-global-color-5)","background-image":"","background-repeat":"repeat","background-position":"center center","background-size":"auto","background-attachment":"scroll","background-type":"","background-media":"","overlay-type":"","overlay-color":"","overlay-opacity":"","overlay-gradient":""}}},"product_cat":[17,46,19],"product_tag":[],"marque":[106],"acf":[],"yoast_head":"<!-- This site is optimized with the Yoast SEO plugin v20.1 - https:\/\/yoast.com\/wordpress\/plugins\/seo\/ -->\n<title>B\u00e9quille poign\u00e9e double rosette Technal PY\/PH - Alupi\u00e8ces.fr<\/title>\n<meta name=\"description\" content=\"B\u00e9quille double rosette Technal PY\/PH 65 , large choix de poign\u00e9es Technal en stock, nombreuses pi\u00e8ces d\u00e9tach\u00e9es pour vos menuiseries Technal\" \/>\n<meta name=\"robots\" content=\"index, follow, max-snippet:-1, max-image-preview:large, max-video-preview:-1\" \/>\n<link rel=\"canonical\" href=\"https:\/\/www.alupieces.fr\/es\/producto\/doble-rosette-technal-py-ph-2-bequille\/\" \/>\n<meta property=\"og:locale\" content=\"es_ES\" \/>\n<meta property=\"og:type\" content=\"article\" \/>\n<meta property=\"og:title\" content=\"B\u00e9quille poign\u00e9e double rosette Technal PY\/PH - Alupi\u00e8ces.fr\" \/>\n<meta property=\"og:description\" content=\"B\u00e9quille double rosette Technal PY\/PH 65 , large choix de poign\u00e9es Technal en stock, nombreuses pi\u00e8ces d\u00e9tach\u00e9es pour vos menuiseries Technal\" \/>\n<meta property=\"og:url\" content=\"https:\/\/www.alupieces.fr\/es\/producto\/doble-rosette-technal-py-ph-2-bequille\/\" \/>\n<meta property=\"og:site_name\" content=\"Alupi\u00e8ces.fr\" \/>\n<meta property=\"article:modified_time\" content=\"2026-03-13T10:43:52+00:00\" \/>\n<meta property=\"og:image\" content=\"https:\/\/www.alupieces.fr\/wp-content\/uploads\/2023\/03\/T3641-004DRB.jpg\" \/>\n\t<meta property=\"og:image:width\" content=\"827\" \/>\n\t<meta property=\"og:image:height\" content=\"827\" \/>\n\t<meta property=\"og:image:type\" content=\"image\/jpeg\" \/>\n<meta name=\"twitter:card\" content=\"summary_large_image\" \/>\n<meta name=\"twitter:label1\" content=\"Tiempo de lectura\" \/>\n\t<meta name=\"twitter:data1\" content=\"1 minuto\" \/>\n<!-- \/ Yoast SEO plugin. -->","yoast_head_json":{"title":"B\u00e9quille poign\u00e9e double rosette Technal PY\/PH - Alupi\u00e8ces.fr","description":"B\u00e9quille double rosette Technal PY\/PH 65 , large choix de poign\u00e9es Technal en stock, nombreuses pi\u00e8ces d\u00e9tach\u00e9es pour vos menuiseries Technal","robots":{"index":"index","follow":"follow","max-snippet":"max-snippet:-1","max-image-preview":"max-image-preview:large","max-video-preview":"max-video-preview:-1"},"canonical":"https:\/\/www.alupieces.fr\/es\/producto\/doble-rosette-technal-py-ph-2-bequille\/","og_locale":"es_ES","og_type":"article","og_title":"B\u00e9quille poign\u00e9e double rosette Technal PY\/PH - Alupi\u00e8ces.fr","og_description":"B\u00e9quille double rosette Technal PY\/PH 65 , large choix de poign\u00e9es Technal en stock, nombreuses pi\u00e8ces d\u00e9tach\u00e9es pour vos menuiseries Technal","og_url":"https:\/\/www.alupieces.fr\/es\/producto\/doble-rosette-technal-py-ph-2-bequille\/","og_site_name":"Alupi\u00e8ces.fr","article_modified_time":"2026-03-13T10:43:52+00:00","og_image":[{"width":827,"height":827,"url":"https:\/\/www.alupieces.fr\/wp-content\/uploads\/2023\/03\/T3641-004DRB.jpg","type":"image\/jpeg"}],"twitter_card":"summary_large_image","twitter_misc":{"Tiempo de lectura":"1 minuto"},"schema":{"@context":"https:\/\/schema.org","@graph":[{"@type":"WebPage","@id":"https:\/\/www.alupieces.fr\/produit\/bequille-double-rosette-technal-py-ph-2\/","url":"https:\/\/www.alupieces.fr\/produit\/bequille-double-rosette-technal-py-ph-2\/","name":"B\u00e9quille poign\u00e9e double rosette Technal PY\/PH - Alupi\u00e8ces.fr","isPartOf":{"@id":"https:\/\/www.alupieces.fr\/#website"},"datePublished":"2023-03-28T08:37:11+00:00","dateModified":"2026-03-13T10:43:52+00:00","description":"B\u00e9quille double rosette Technal PY\/PH 65 , large choix de poign\u00e9es Technal en stock, nombreuses pi\u00e8ces d\u00e9tach\u00e9es pour vos menuiseries Technal","breadcrumb":{"@id":"https:\/\/www.alupieces.fr\/produit\/bequille-double-rosette-technal-py-ph-2\/#breadcrumb"},"inLanguage":"es","potentialAction":[{"@type":"ReadAction","target":["https:\/\/www.alupieces.fr\/produit\/bequille-double-rosette-technal-py-ph-2\/"]}]},{"@type":"BreadcrumbList","@id":"https:\/\/www.alupieces.fr\/produit\/bequille-double-rosette-technal-py-ph-2\/#breadcrumb","itemListElement":[{"@type":"ListItem","position":1,"name":"Accueil","item":"https:\/\/www.alupieces.fr\/"},{"@type":"ListItem","position":2,"name":"Boutique","item":"https:\/\/www.alupieces.fr\/boutique\/"},{"@type":"ListItem","position":3,"name":"B\u00e9quille poign\u00e9e double rosette Technal PY\/PH"}]},{"@type":"WebSite","@id":"https:\/\/www.alupieces.fr\/#website","url":"https:\/\/www.alupieces.fr\/","name":"Alupi\u00e8ces.fr","description":"La r\u00e9f\u00e9rence des pi\u00e8ces d\u00e9tach\u00e9es d&#039;origine en Aluminium Technal, Bubendorff et Mariton","publisher":{"@id":"https:\/\/www.alupieces.fr\/#organization"},"potentialAction":[{"@type":"SearchAction","target":{"@type":"EntryPoint","urlTemplate":"https:\/\/www.alupieces.fr\/?s={search_term_string}"},"query-input":"required name=search_term_string"}],"inLanguage":"es"},{"@type":"Organization","@id":"https:\/\/www.alupieces.fr\/#organization","name":"Alupi\u00e8ces","alternateName":"Alupi\u00e8ces.fr","url":"https:\/\/www.alupieces.fr\/","logo":{"@type":"ImageObject","inLanguage":"es","@id":"https:\/\/www.alupieces.fr\/#\/schema\/logo\/image\/","url":"https:\/\/www.alupieces.fr\/wp-content\/uploads\/2022\/12\/Bon-logo-1.png","contentUrl":"https:\/\/www.alupieces.fr\/wp-content\/uploads\/2022\/12\/Bon-logo-1.png","width":1367,"height":474,"caption":"Alupi\u00e8ces"},"image":{"@id":"https:\/\/www.alupieces.fr\/#\/schema\/logo\/image\/"}}]}},"wcpa_form_fields":null,"_links":{"self":[{"href":"https:\/\/www.alupieces.fr\/es\/wp-json\/wp\/v2\/product\/6166"}],"collection":[{"href":"https:\/\/www.alupieces.fr\/es\/wp-json\/wp\/v2\/product"}],"about":[{"href":"https:\/\/www.alupieces.fr\/es\/wp-json\/wp\/v2\/types\/product"}],"replies":[{"embeddable":true,"href":"https:\/\/www.alupieces.fr\/es\/wp-json\/wp\/v2\/comments?post=6166"}],"wp:featuredmedia":[{"embeddable":true,"href":"https:\/\/www.alupieces.fr\/es\/wp-json\/wp\/v2\/media\/6254"}],"wp:attachment":[{"href":"https:\/\/www.alupieces.fr\/es\/wp-json\/wp\/v2\/media?parent=6166"}],"wp:term":[{"taxonomy":"product_cat","embeddable":true,"href":"https:\/\/www.alupieces.fr\/es\/wp-json\/wp\/v2\/product_cat?post=6166"},{"taxonomy":"product_tag","embeddable":true,"href":"https:\/\/www.alupieces.fr\/es\/wp-json\/wp\/v2\/product_tag?post=6166"},{"taxonomy":"marque","embeddable":true,"href":"https:\/\/www.alupieces.fr\/es\/wp-json\/wp\/v2\/marque?post=6166"}],"curies":[{"name":"wp","href":"https:\/\/api.w.org\/{rel}","templated":true}]}}