{"id":5238,"date":"2023-02-27T15:52:12","date_gmt":"2023-02-27T14:52:12","guid":{"rendered":"https:\/\/www.alupieces.fr\/?post_type=product&#038;p=5238"},"modified":"2023-02-27T15:52:12","modified_gmt":"2023-02-27T14:52:12","slug":"cartouche-joint-acrylique","status":"publish","type":"product","link":"https:\/\/www.alupieces.fr\/es\/producto\/cartucho-acrilico-junta\/","title":{"rendered":"Cartucho de junta acr\u00edlica"},"content":{"rendered":"<p>LD704 es un sellador acr\u00edlico monocomponente de base acuosa que se transforma en una junta plastoel\u00e1stica cuando el agua del producto se evapora. Se utiliza principalmente para sellar juntas interiores (rodapi\u00e9s, carpinter\u00eda, etc. ....) en zonas exteriores protegidas o para pegar aislamientos a sustratos absorbentes.<br \/>\nF\u00e1cil de extrudir y suave, inodora, sin disolventes, permanentemente pl\u00e1stica. Buena adherencia al hormig\u00f3n, la madera y algunos PVC.<br \/>\nSe puede pintar despu\u00e9s del secado o inmediatamente despu\u00e9s de la aplicaci\u00f3n (con pintura al agua).<\/p>\n<p>Color: Blanco Ral 9016<\/p>","protected":false},"excerpt":{"rendered":"<p>LD704 est un mastic mono-composant \u00e0 base de r\u00e9sine acrylique en phase aqueuse qui se transforme en joint plasto-\u00e9lastique par \u00e9vaporation de l\u2019eau contenue dans le produit. S\u2019utilise principalement pour les joints d\u2019\u00e9tanch\u00e9it\u00e9 en int\u00e9rieur (plinthes, menuiseries etc\u2026.) en ext\u00e9rieur abrit\u00e9 ou pour le collage d\u2019isolants sur support absorbant. Extrusion et lissage ais\u00e9, sans odeur, [&hellip;]<\/p>","protected":false},"featured_media":5252,"comment_status":"open","ping_status":"closed","template":"","meta":{"site-sidebar-layout":"default","site-content-layout":"default","ast-site-content-layout":"","site-content-style":"default","site-sidebar-style":"default","ast-global-header-display":"","ast-banner-title-visibility":"","ast-main-header-display":"","ast-hfb-above-header-display":"","ast-hfb-below-header-display":"","ast-hfb-mobile-header-display":"","site-post-title":"","ast-breadcrumbs-content":"","ast-featured-img":"","footer-sml-layout":"","theme-transparent-header-meta":"default","adv-header-id-meta":"","stick-header-meta":"","header-above-stick-meta":"","header-main-stick-meta":"","header-below-stick-meta":"","astra-migrate-meta-layouts":"default","ast-page-background-enabled":"default","ast-page-background-meta":{"desktop":{"background-color":"var(--ast-global-color-4)","background-image":"","background-repeat":"repeat","background-position":"center center","background-size":"auto","background-attachment":"scroll","background-type":"","background-media":"","overlay-type":"","overlay-color":"","overlay-opacity":"","overlay-gradient":""},"tablet":{"background-color":"","background-image":"","background-repeat":"repeat","background-position":"center center","background-size":"auto","background-attachment":"scroll","background-type":"","background-media":"","overlay-type":"","overlay-color":"","overlay-opacity":"","overlay-gradient":""},"mobile":{"background-color":"","background-image":"","background-repeat":"repeat","background-position":"center center","background-size":"auto","background-attachment":"scroll","background-type":"","background-media":"","overlay-type":"","overlay-color":"","overlay-opacity":"","overlay-gradient":""}},"ast-content-background-meta":{"desktop":{"background-color":"var(--ast-global-color-5)","background-image":"","background-repeat":"repeat","background-position":"center center","background-size":"auto","background-attachment":"scroll","background-type":"","background-media":"","overlay-type":"","overlay-color":"","overlay-opacity":"","overlay-gradient":""},"tablet":{"background-color":"var(--ast-global-color-5)","background-image":"","background-repeat":"repeat","background-position":"center center","background-size":"auto","background-attachment":"scroll","background-type":"","background-media":"","overlay-type":"","overlay-color":"","overlay-opacity":"","overlay-gradient":""},"mobile":{"background-color":"var(--ast-global-color-5)","background-image":"","background-repeat":"repeat","background-position":"center center","background-size":"auto","background-attachment":"scroll","background-type":"","background-media":"","overlay-type":"","overlay-color":"","overlay-opacity":"","overlay-gradient":""}}},"product_cat":[39],"product_tag":[],"marque":[105],"acf":[],"yoast_head":"<!-- This site is optimized with the Yoast SEO plugin v20.1 - https:\/\/yoast.com\/wordpress\/plugins\/seo\/ -->\n<title>Cartouche Joint Acrylique - Alupi\u00e8ces.fr<\/title>\n<meta name=\"description\" content=\"Cartouche joint acrylique, principalement comme joint d\u2019\u00e9tanch\u00e9it\u00e9 en int\u00e9rieur. Peut convenir en application ext\u00e9rieure. En calfeutrement de menuiserie (attention: hors d&#039;eau environ 1h00). Cartouches de silicone disponibles dans d&#039;autres coloris dans notre boutique en ligne.\" \/>\n<meta name=\"robots\" content=\"index, follow, max-snippet:-1, max-image-preview:large, max-video-preview:-1\" \/>\n<link rel=\"canonical\" href=\"https:\/\/www.alupieces.fr\/es\/producto\/cartucho-acrilico-junta\/\" \/>\n<meta property=\"og:locale\" content=\"es_ES\" \/>\n<meta property=\"og:type\" content=\"article\" \/>\n<meta property=\"og:title\" content=\"Cartouche Joint Acrylique - Alupi\u00e8ces.fr\" \/>\n<meta property=\"og:description\" content=\"Cartouche joint acrylique, principalement comme joint d\u2019\u00e9tanch\u00e9it\u00e9 en int\u00e9rieur. Peut convenir en application ext\u00e9rieure. En calfeutrement de menuiserie (attention: hors d&#039;eau environ 1h00). Cartouches de silicone disponibles dans d&#039;autres coloris dans notre boutique en ligne.\" \/>\n<meta property=\"og:url\" content=\"https:\/\/www.alupieces.fr\/es\/producto\/cartucho-acrilico-junta\/\" \/>\n<meta property=\"og:site_name\" content=\"Alupi\u00e8ces.fr\" \/>\n<meta property=\"og:image\" content=\"https:\/\/www.alupieces.fr\/wp-content\/uploads\/2023\/02\/TO396400-Blanc-001.jpg\" \/>\n\t<meta property=\"og:image:width\" content=\"827\" \/>\n\t<meta property=\"og:image:height\" content=\"827\" \/>\n\t<meta property=\"og:image:type\" content=\"image\/jpeg\" \/>\n<meta name=\"twitter:card\" content=\"summary_large_image\" \/>\n<meta name=\"twitter:label1\" content=\"Tiempo de lectura\" \/>\n\t<meta name=\"twitter:data1\" content=\"1 minuto\" \/>\n<!-- \/ Yoast SEO plugin. -->","yoast_head_json":{"title":"Cartouche Joint Acrylique - Alupi\u00e8ces.fr","description":"Cartouche joint acrylique, principalement comme joint d\u2019\u00e9tanch\u00e9it\u00e9 en int\u00e9rieur. Peut convenir en application ext\u00e9rieure. En calfeutrement de menuiserie (attention: hors d'eau environ 1h00). Cartouches de silicone disponibles dans d'autres coloris dans notre boutique en ligne.","robots":{"index":"index","follow":"follow","max-snippet":"max-snippet:-1","max-image-preview":"max-image-preview:large","max-video-preview":"max-video-preview:-1"},"canonical":"https:\/\/www.alupieces.fr\/es\/producto\/cartucho-acrilico-junta\/","og_locale":"es_ES","og_type":"article","og_title":"Cartouche Joint Acrylique - Alupi\u00e8ces.fr","og_description":"Cartouche joint acrylique, principalement comme joint d\u2019\u00e9tanch\u00e9it\u00e9 en int\u00e9rieur. Peut convenir en application ext\u00e9rieure. En calfeutrement de menuiserie (attention: hors d'eau environ 1h00). Cartouches de silicone disponibles dans d'autres coloris dans notre boutique en ligne.","og_url":"https:\/\/www.alupieces.fr\/es\/producto\/cartucho-acrilico-junta\/","og_site_name":"Alupi\u00e8ces.fr","og_image":[{"width":827,"height":827,"url":"https:\/\/www.alupieces.fr\/wp-content\/uploads\/2023\/02\/TO396400-Blanc-001.jpg","type":"image\/jpeg"}],"twitter_card":"summary_large_image","twitter_misc":{"Tiempo de lectura":"1 minuto"},"schema":{"@context":"https:\/\/schema.org","@graph":[{"@type":"WebPage","@id":"https:\/\/www.alupieces.fr\/produit\/cartouche-joint-acrylique\/","url":"https:\/\/www.alupieces.fr\/produit\/cartouche-joint-acrylique\/","name":"Cartouche Joint Acrylique - Alupi\u00e8ces.fr","isPartOf":{"@id":"https:\/\/www.alupieces.fr\/#website"},"datePublished":"2023-02-27T14:52:12+00:00","dateModified":"2023-02-27T14:52:12+00:00","description":"Cartouche joint acrylique, principalement comme joint d\u2019\u00e9tanch\u00e9it\u00e9 en int\u00e9rieur. Peut convenir en application ext\u00e9rieure. En calfeutrement de menuiserie (attention: hors d'eau environ 1h00). Cartouches de silicone disponibles dans d'autres coloris dans notre boutique en ligne.","breadcrumb":{"@id":"https:\/\/www.alupieces.fr\/produit\/cartouche-joint-acrylique\/#breadcrumb"},"inLanguage":"es","potentialAction":[{"@type":"ReadAction","target":["https:\/\/www.alupieces.fr\/produit\/cartouche-joint-acrylique\/"]}]},{"@type":"BreadcrumbList","@id":"https:\/\/www.alupieces.fr\/produit\/cartouche-joint-acrylique\/#breadcrumb","itemListElement":[{"@type":"ListItem","position":1,"name":"Accueil","item":"https:\/\/www.alupieces.fr\/"},{"@type":"ListItem","position":2,"name":"Boutique","item":"https:\/\/www.alupieces.fr\/boutique\/"},{"@type":"ListItem","position":3,"name":"Cartouche Joint Acrylique"}]},{"@type":"WebSite","@id":"https:\/\/www.alupieces.fr\/#website","url":"https:\/\/www.alupieces.fr\/","name":"Alupi\u00e8ces.fr","description":"La r\u00e9f\u00e9rence des pi\u00e8ces d\u00e9tach\u00e9es d&#039;origine en Aluminium Technal, Bubendorff et Mariton","publisher":{"@id":"https:\/\/www.alupieces.fr\/#organization"},"potentialAction":[{"@type":"SearchAction","target":{"@type":"EntryPoint","urlTemplate":"https:\/\/www.alupieces.fr\/?s={search_term_string}"},"query-input":"required name=search_term_string"}],"inLanguage":"es"},{"@type":"Organization","@id":"https:\/\/www.alupieces.fr\/#organization","name":"Alupi\u00e8ces","alternateName":"Alupi\u00e8ces.fr","url":"https:\/\/www.alupieces.fr\/","logo":{"@type":"ImageObject","inLanguage":"es","@id":"https:\/\/www.alupieces.fr\/#\/schema\/logo\/image\/","url":"https:\/\/www.alupieces.fr\/wp-content\/uploads\/2022\/12\/Bon-logo-1.png","contentUrl":"https:\/\/www.alupieces.fr\/wp-content\/uploads\/2022\/12\/Bon-logo-1.png","width":1367,"height":474,"caption":"Alupi\u00e8ces"},"image":{"@id":"https:\/\/www.alupieces.fr\/#\/schema\/logo\/image\/"}}]}},"wcpa_form_fields":null,"_links":{"self":[{"href":"https:\/\/www.alupieces.fr\/es\/wp-json\/wp\/v2\/product\/5238"}],"collection":[{"href":"https:\/\/www.alupieces.fr\/es\/wp-json\/wp\/v2\/product"}],"about":[{"href":"https:\/\/www.alupieces.fr\/es\/wp-json\/wp\/v2\/types\/product"}],"replies":[{"embeddable":true,"href":"https:\/\/www.alupieces.fr\/es\/wp-json\/wp\/v2\/comments?post=5238"}],"wp:featuredmedia":[{"embeddable":true,"href":"https:\/\/www.alupieces.fr\/es\/wp-json\/wp\/v2\/media\/5252"}],"wp:attachment":[{"href":"https:\/\/www.alupieces.fr\/es\/wp-json\/wp\/v2\/media?parent=5238"}],"wp:term":[{"taxonomy":"product_cat","embeddable":true,"href":"https:\/\/www.alupieces.fr\/es\/wp-json\/wp\/v2\/product_cat?post=5238"},{"taxonomy":"product_tag","embeddable":true,"href":"https:\/\/www.alupieces.fr\/es\/wp-json\/wp\/v2\/product_tag?post=5238"},{"taxonomy":"marque","embeddable":true,"href":"https:\/\/www.alupieces.fr\/es\/wp-json\/wp\/v2\/marque?post=5238"}],"curies":[{"name":"wp","href":"https:\/\/api.w.org\/{rel}","templated":true}]}}