{"id":5105,"date":"2023-02-22T14:34:53","date_gmt":"2023-02-22T13:34:53","guid":{"rendered":"https:\/\/www.alupieces.fr\/?post_type=product&#038;p=5105"},"modified":"2025-08-31T10:33:21","modified_gmt":"2025-08-31T08:33:21","slug":"kit-boitier-45-ml2-ressort-verrous-moustiroll-mariton-noir","status":"publish","type":"product","link":"https:\/\/www.alupieces.fr\/es\/producto\/kit-box-45-ml2-ressort-moustiroll-locks-mariton-negro\/","title":{"rendered":"Kit caja 45 cierres de muelle ML2 Moustiroll Mariton Negro"},"content":{"rendered":"<p>BT45 ML2 kit de pl\u00e1stico, cierres, muelles, para mosquitera Mariton Moustiroll 2.<\/p>\n<p>&nbsp;<\/p>","protected":false},"excerpt":{"rendered":"<p>BT45 ML2 kit de pl\u00e1stico, cierres, muelles, para mosquitera Mariton Moustiroll 2. &nbsp;<\/p>","protected":false},"featured_media":5107,"comment_status":"open","ping_status":"closed","template":"","meta":{"site-sidebar-layout":"default","site-content-layout":"default","ast-site-content-layout":"","site-content-style":"default","site-sidebar-style":"default","ast-global-header-display":"","ast-banner-title-visibility":"","ast-main-header-display":"","ast-hfb-above-header-display":"","ast-hfb-below-header-display":"","ast-hfb-mobile-header-display":"","site-post-title":"","ast-breadcrumbs-content":"","ast-featured-img":"","footer-sml-layout":"","theme-transparent-header-meta":"default","adv-header-id-meta":"","stick-header-meta":"","header-above-stick-meta":"","header-main-stick-meta":"","header-below-stick-meta":"","astra-migrate-meta-layouts":"default","ast-page-background-enabled":"default","ast-page-background-meta":{"desktop":{"background-color":"var(--ast-global-color-4)","background-image":"","background-repeat":"repeat","background-position":"center center","background-size":"auto","background-attachment":"scroll","background-type":"","background-media":"","overlay-type":"","overlay-color":"","overlay-opacity":"","overlay-gradient":""},"tablet":{"background-color":"","background-image":"","background-repeat":"repeat","background-position":"center center","background-size":"auto","background-attachment":"scroll","background-type":"","background-media":"","overlay-type":"","overlay-color":"","overlay-opacity":"","overlay-gradient":""},"mobile":{"background-color":"","background-image":"","background-repeat":"repeat","background-position":"center center","background-size":"auto","background-attachment":"scroll","background-type":"","background-media":"","overlay-type":"","overlay-color":"","overlay-opacity":"","overlay-gradient":""}},"ast-content-background-meta":{"desktop":{"background-color":"var(--ast-global-color-5)","background-image":"","background-repeat":"repeat","background-position":"center center","background-size":"auto","background-attachment":"scroll","background-type":"","background-media":"","overlay-type":"","overlay-color":"","overlay-opacity":"","overlay-gradient":""},"tablet":{"background-color":"var(--ast-global-color-5)","background-image":"","background-repeat":"repeat","background-position":"center center","background-size":"auto","background-attachment":"scroll","background-type":"","background-media":"","overlay-type":"","overlay-color":"","overlay-opacity":"","overlay-gradient":""},"mobile":{"background-color":"var(--ast-global-color-5)","background-image":"","background-repeat":"repeat","background-position":"center center","background-size":"auto","background-attachment":"scroll","background-type":"","background-media":"","overlay-type":"","overlay-color":"","overlay-opacity":"","overlay-gradient":""}}},"product_cat":[34,29],"product_tag":[],"marque":[108],"acf":[],"yoast_head":"<!-- This site is optimized with the Yoast SEO plugin v20.1 - https:\/\/yoast.com\/wordpress\/plugins\/seo\/ -->\n<title>Kit boitier 45 ML2 ressort verrous Moustiroll Mariton Noir - Alupi\u00e8ces.fr<\/title>\n<meta name=\"description\" content=\"Kit plastique BT45 ML2, verrous, ressorts, pour moustiquaire Mariton Moustiroll 2. Visitez notre site pour voir toutes les r\u00e9f\u00e9rences Mariton en stok.\" \/>\n<meta name=\"robots\" content=\"index, follow, max-snippet:-1, max-image-preview:large, max-video-preview:-1\" \/>\n<link rel=\"canonical\" href=\"https:\/\/www.alupieces.fr\/es\/producto\/kit-box-45-ml2-ressort-moustiroll-locks-mariton-negro\/\" \/>\n<meta property=\"og:locale\" content=\"es_ES\" \/>\n<meta property=\"og:type\" content=\"article\" \/>\n<meta property=\"og:title\" content=\"Kit boitier 45 ML2 ressort verrous Moustiroll Mariton Noir - Alupi\u00e8ces.fr\" \/>\n<meta property=\"og:description\" content=\"Kit plastique BT45 ML2, verrous, ressorts, pour moustiquaire Mariton Moustiroll 2. Visitez notre site pour voir toutes les r\u00e9f\u00e9rences Mariton en stok.\" \/>\n<meta property=\"og:url\" content=\"https:\/\/www.alupieces.fr\/es\/producto\/kit-box-45-ml2-ressort-moustiroll-locks-mariton-negro\/\" \/>\n<meta property=\"og:site_name\" content=\"Alupi\u00e8ces.fr\" \/>\n<meta property=\"article:modified_time\" content=\"2025-08-31T08:33:21+00:00\" \/>\n<meta property=\"og:image\" content=\"https:\/\/www.alupieces.fr\/wp-content\/uploads\/2023\/02\/63665-9011-000.jpg\" \/>\n\t<meta property=\"og:image:width\" content=\"827\" \/>\n\t<meta property=\"og:image:height\" content=\"827\" \/>\n\t<meta property=\"og:image:type\" content=\"image\/jpeg\" \/>\n<meta name=\"twitter:card\" content=\"summary_large_image\" \/>\n<meta name=\"twitter:label1\" content=\"Tiempo de lectura\" \/>\n\t<meta name=\"twitter:data1\" content=\"1 minuto\" \/>\n<!-- \/ Yoast SEO plugin. -->","yoast_head_json":{"title":"Kit boitier 45 ML2 ressort verrous Moustiroll Mariton Noir - Alupi\u00e8ces.fr","description":"Kit plastique BT45 ML2, verrous, ressorts, pour moustiquaire Mariton Moustiroll 2. Visitez notre site pour voir toutes les r\u00e9f\u00e9rences Mariton en stok.","robots":{"index":"index","follow":"follow","max-snippet":"max-snippet:-1","max-image-preview":"max-image-preview:large","max-video-preview":"max-video-preview:-1"},"canonical":"https:\/\/www.alupieces.fr\/es\/producto\/kit-box-45-ml2-ressort-moustiroll-locks-mariton-negro\/","og_locale":"es_ES","og_type":"article","og_title":"Kit boitier 45 ML2 ressort verrous Moustiroll Mariton Noir - Alupi\u00e8ces.fr","og_description":"Kit plastique BT45 ML2, verrous, ressorts, pour moustiquaire Mariton Moustiroll 2. Visitez notre site pour voir toutes les r\u00e9f\u00e9rences Mariton en stok.","og_url":"https:\/\/www.alupieces.fr\/es\/producto\/kit-box-45-ml2-ressort-moustiroll-locks-mariton-negro\/","og_site_name":"Alupi\u00e8ces.fr","article_modified_time":"2025-08-31T08:33:21+00:00","og_image":[{"width":827,"height":827,"url":"https:\/\/www.alupieces.fr\/wp-content\/uploads\/2023\/02\/63665-9011-000.jpg","type":"image\/jpeg"}],"twitter_card":"summary_large_image","twitter_misc":{"Tiempo de lectura":"1 minuto"},"schema":{"@context":"https:\/\/schema.org","@graph":[{"@type":"WebPage","@id":"https:\/\/www.alupieces.fr\/produit\/kit-boitier-45-ml2-ressort-verrous-moustiroll-mariton-noir\/","url":"https:\/\/www.alupieces.fr\/produit\/kit-boitier-45-ml2-ressort-verrous-moustiroll-mariton-noir\/","name":"Kit boitier 45 ML2 ressort verrous Moustiroll Mariton Noir - Alupi\u00e8ces.fr","isPartOf":{"@id":"https:\/\/www.alupieces.fr\/#website"},"datePublished":"2023-02-22T13:34:53+00:00","dateModified":"2025-08-31T08:33:21+00:00","description":"Kit plastique BT45 ML2, verrous, ressorts, pour moustiquaire Mariton Moustiroll 2. Visitez notre site pour voir toutes les r\u00e9f\u00e9rences Mariton en stok.","breadcrumb":{"@id":"https:\/\/www.alupieces.fr\/produit\/kit-boitier-45-ml2-ressort-verrous-moustiroll-mariton-noir\/#breadcrumb"},"inLanguage":"es","potentialAction":[{"@type":"ReadAction","target":["https:\/\/www.alupieces.fr\/produit\/kit-boitier-45-ml2-ressort-verrous-moustiroll-mariton-noir\/"]}]},{"@type":"BreadcrumbList","@id":"https:\/\/www.alupieces.fr\/produit\/kit-boitier-45-ml2-ressort-verrous-moustiroll-mariton-noir\/#breadcrumb","itemListElement":[{"@type":"ListItem","position":1,"name":"Accueil","item":"https:\/\/www.alupieces.fr\/"},{"@type":"ListItem","position":2,"name":"Boutique","item":"https:\/\/www.alupieces.fr\/boutique\/"},{"@type":"ListItem","position":3,"name":"Kit boitier 45 ML2 ressort verrous Moustiroll Mariton Noir"}]},{"@type":"WebSite","@id":"https:\/\/www.alupieces.fr\/#website","url":"https:\/\/www.alupieces.fr\/","name":"Alupi\u00e8ces.fr","description":"La r\u00e9f\u00e9rence des pi\u00e8ces d\u00e9tach\u00e9es d&#039;origine en Aluminium Technal, Bubendorff et Mariton","publisher":{"@id":"https:\/\/www.alupieces.fr\/#organization"},"potentialAction":[{"@type":"SearchAction","target":{"@type":"EntryPoint","urlTemplate":"https:\/\/www.alupieces.fr\/?s={search_term_string}"},"query-input":"required name=search_term_string"}],"inLanguage":"es"},{"@type":"Organization","@id":"https:\/\/www.alupieces.fr\/#organization","name":"Alupi\u00e8ces","alternateName":"Alupi\u00e8ces.fr","url":"https:\/\/www.alupieces.fr\/","logo":{"@type":"ImageObject","inLanguage":"es","@id":"https:\/\/www.alupieces.fr\/#\/schema\/logo\/image\/","url":"https:\/\/www.alupieces.fr\/wp-content\/uploads\/2022\/12\/Bon-logo-1.png","contentUrl":"https:\/\/www.alupieces.fr\/wp-content\/uploads\/2022\/12\/Bon-logo-1.png","width":1367,"height":474,"caption":"Alupi\u00e8ces"},"image":{"@id":"https:\/\/www.alupieces.fr\/#\/schema\/logo\/image\/"}}]}},"wcpa_form_fields":null,"_links":{"self":[{"href":"https:\/\/www.alupieces.fr\/es\/wp-json\/wp\/v2\/product\/5105"}],"collection":[{"href":"https:\/\/www.alupieces.fr\/es\/wp-json\/wp\/v2\/product"}],"about":[{"href":"https:\/\/www.alupieces.fr\/es\/wp-json\/wp\/v2\/types\/product"}],"replies":[{"embeddable":true,"href":"https:\/\/www.alupieces.fr\/es\/wp-json\/wp\/v2\/comments?post=5105"}],"wp:featuredmedia":[{"embeddable":true,"href":"https:\/\/www.alupieces.fr\/es\/wp-json\/wp\/v2\/media\/5107"}],"wp:attachment":[{"href":"https:\/\/www.alupieces.fr\/es\/wp-json\/wp\/v2\/media?parent=5105"}],"wp:term":[{"taxonomy":"product_cat","embeddable":true,"href":"https:\/\/www.alupieces.fr\/es\/wp-json\/wp\/v2\/product_cat?post=5105"},{"taxonomy":"product_tag","embeddable":true,"href":"https:\/\/www.alupieces.fr\/es\/wp-json\/wp\/v2\/product_tag?post=5105"},{"taxonomy":"marque","embeddable":true,"href":"https:\/\/www.alupieces.fr\/es\/wp-json\/wp\/v2\/marque?post=5105"}],"curies":[{"name":"wp","href":"https:\/\/api.w.org\/{rel}","templated":true}]}}