{"id":4379,"date":"2023-02-10T11:21:55","date_gmt":"2023-02-10T10:21:55","guid":{"rendered":"https:\/\/www.alupieces.fr\/?post_type=product&#038;p=4379"},"modified":"2026-04-02T14:37:36","modified_gmt":"2026-04-02T12:37:36","slug":"roulette-double-technal-gb","status":"publish","type":"product","link":"https:\/\/www.alupieces.fr\/es\/producto\/ruleta-doble-technal-gb\/","title":{"rendered":"Ruedas dobles Technal GB-GM"},"content":{"rendered":"<p>Doble rodillo de poliamida montado sobre cojinetes de agujas, para sistemas de deslizamiento Technal de las gamas GB o GM. Permite el deslizamiento suave y silencioso de la hoja. Posicionado bajo la hoja (hoja corredera). Estos rodillos pueden cambiarse sin desmontar los perfiles de aluminio de la hoja (siempre que la caja de recepci\u00f3n no est\u00e9 rota).<\/p>\n<p><span style=\"color: #00ff00\">\u2714<\/span> Pieza 100% Origen<br \/>\n<span style=\"color: #00ff00\">\u2714<\/span> Deslizamiento suave<br \/>\n<span style=\"color: #00ff00\">\u2714<\/span> Peso m\u00e1ximo soportado 70 kg\/puerta<\/p>\n<p>\ud83d\udc49 Tambi\u00e9n disponible en <a href=\"https:\/\/www.alupieces.fr\/es\/producto\/pack-4-rodillos-dobles-technal-gb\/\">Lote de 4 ruedas dobles Technal GB-GM<\/a><\/p>\n<p>&nbsp;<\/p>","protected":false},"excerpt":{"rendered":"<p>Doble rodillo de poliamida montado sobre cojinetes de agujas, dise\u00f1ado para los sistemas de deslizamiento de la gama Technal GB o GM. Permite el deslizamiento suave y silencioso de la hoja. Posicionado bajo la hoja (hoja corredera). Estos rodillos pueden cambiarse sin desmontar los perfiles de aluminio de la hoja (siempre que no se da\u00f1e la caja de recepci\u00f3n).<\/p>","protected":false},"featured_media":4377,"comment_status":"open","ping_status":"closed","template":"","meta":{"site-sidebar-layout":"default","site-content-layout":"default","ast-site-content-layout":"","site-content-style":"default","site-sidebar-style":"default","ast-global-header-display":"","ast-banner-title-visibility":"","ast-main-header-display":"","ast-hfb-above-header-display":"","ast-hfb-below-header-display":"","ast-hfb-mobile-header-display":"","site-post-title":"","ast-breadcrumbs-content":"","ast-featured-img":"","footer-sml-layout":"","theme-transparent-header-meta":"default","adv-header-id-meta":"","stick-header-meta":"","header-above-stick-meta":"","header-main-stick-meta":"","header-below-stick-meta":"","astra-migrate-meta-layouts":"default","ast-page-background-enabled":"default","ast-page-background-meta":{"desktop":{"background-color":"var(--ast-global-color-4)","background-image":"","background-repeat":"repeat","background-position":"center center","background-size":"auto","background-attachment":"scroll","background-type":"","background-media":"","overlay-type":"","overlay-color":"","overlay-opacity":"","overlay-gradient":""},"tablet":{"background-color":"","background-image":"","background-repeat":"repeat","background-position":"center center","background-size":"auto","background-attachment":"scroll","background-type":"","background-media":"","overlay-type":"","overlay-color":"","overlay-opacity":"","overlay-gradient":""},"mobile":{"background-color":"","background-image":"","background-repeat":"repeat","background-position":"center center","background-size":"auto","background-attachment":"scroll","background-type":"","background-media":"","overlay-type":"","overlay-color":"","overlay-opacity":"","overlay-gradient":""}},"ast-content-background-meta":{"desktop":{"background-color":"var(--ast-global-color-5)","background-image":"","background-repeat":"repeat","background-position":"center center","background-size":"auto","background-attachment":"scroll","background-type":"","background-media":"","overlay-type":"","overlay-color":"","overlay-opacity":"","overlay-gradient":""},"tablet":{"background-color":"var(--ast-global-color-5)","background-image":"","background-repeat":"repeat","background-position":"center center","background-size":"auto","background-attachment":"scroll","background-type":"","background-media":"","overlay-type":"","overlay-color":"","overlay-opacity":"","overlay-gradient":""},"mobile":{"background-color":"var(--ast-global-color-5)","background-image":"","background-repeat":"repeat","background-position":"center center","background-size":"auto","background-attachment":"scroll","background-type":"","background-media":"","overlay-type":"","overlay-color":"","overlay-opacity":"","overlay-gradient":""}}},"product_cat":[18,17,41],"product_tag":[],"marque":[106],"acf":[],"yoast_head":"<!-- This site is optimized with the Yoast SEO plugin v20.1 - https:\/\/yoast.com\/wordpress\/plugins\/seo\/ -->\n<title>Roulette double Technal GB-GM - Alupi\u00e8ces.fr<\/title>\n<meta name=\"description\" content=\"Roulettes double en polyamide pour coulissant Technal gamme GB. Chariot non r\u00e9glable, produit 100% origine.\" \/>\n<meta name=\"robots\" content=\"index, follow, max-snippet:-1, max-image-preview:large, max-video-preview:-1\" \/>\n<link rel=\"canonical\" href=\"https:\/\/www.alupieces.fr\/es\/producto\/ruleta-doble-technal-gb\/\" \/>\n<meta property=\"og:locale\" content=\"es_ES\" \/>\n<meta property=\"og:type\" content=\"article\" \/>\n<meta property=\"og:title\" content=\"Roulette double Technal GB-GM - Alupi\u00e8ces.fr\" \/>\n<meta property=\"og:description\" content=\"Roulettes double en polyamide pour coulissant Technal gamme GB. Chariot non r\u00e9glable, produit 100% origine.\" \/>\n<meta property=\"og:url\" content=\"https:\/\/www.alupieces.fr\/es\/producto\/ruleta-doble-technal-gb\/\" \/>\n<meta property=\"og:site_name\" content=\"Alupi\u00e8ces.fr\" \/>\n<meta property=\"article:modified_time\" content=\"2026-04-02T12:37:36+00:00\" \/>\n<meta property=\"og:image\" content=\"https:\/\/www.alupieces.fr\/wp-content\/uploads\/2023\/02\/T2952-Roulette-double-GB-004-e1678350058335.jpg\" \/>\n\t<meta property=\"og:image:width\" content=\"628\" \/>\n\t<meta property=\"og:image:height\" content=\"583\" \/>\n\t<meta property=\"og:image:type\" content=\"image\/jpeg\" \/>\n<meta name=\"twitter:card\" content=\"summary_large_image\" \/>\n<meta name=\"twitter:label1\" content=\"Tiempo de lectura\" \/>\n\t<meta name=\"twitter:data1\" content=\"1 minuto\" \/>\n<!-- \/ Yoast SEO plugin. -->","yoast_head_json":{"title":"Roulette double Technal GB-GM - Alupi\u00e8ces.fr","description":"Roulettes double en polyamide pour coulissant Technal gamme GB. Chariot non r\u00e9glable, produit 100% origine.","robots":{"index":"index","follow":"follow","max-snippet":"max-snippet:-1","max-image-preview":"max-image-preview:large","max-video-preview":"max-video-preview:-1"},"canonical":"https:\/\/www.alupieces.fr\/es\/producto\/ruleta-doble-technal-gb\/","og_locale":"es_ES","og_type":"article","og_title":"Roulette double Technal GB-GM - Alupi\u00e8ces.fr","og_description":"Roulettes double en polyamide pour coulissant Technal gamme GB. Chariot non r\u00e9glable, produit 100% origine.","og_url":"https:\/\/www.alupieces.fr\/es\/producto\/ruleta-doble-technal-gb\/","og_site_name":"Alupi\u00e8ces.fr","article_modified_time":"2026-04-02T12:37:36+00:00","og_image":[{"width":628,"height":583,"url":"https:\/\/www.alupieces.fr\/wp-content\/uploads\/2023\/02\/T2952-Roulette-double-GB-004-e1678350058335.jpg","type":"image\/jpeg"}],"twitter_card":"summary_large_image","twitter_misc":{"Tiempo de lectura":"1 minuto"},"schema":{"@context":"https:\/\/schema.org","@graph":[{"@type":"WebPage","@id":"https:\/\/www.alupieces.fr\/produit\/roulette-double-technal-gb\/","url":"https:\/\/www.alupieces.fr\/produit\/roulette-double-technal-gb\/","name":"Roulette double Technal GB-GM - Alupi\u00e8ces.fr","isPartOf":{"@id":"https:\/\/www.alupieces.fr\/#website"},"datePublished":"2023-02-10T10:21:55+00:00","dateModified":"2026-04-02T12:37:36+00:00","description":"Roulettes double en polyamide pour coulissant Technal gamme GB. Chariot non r\u00e9glable, produit 100% origine.","breadcrumb":{"@id":"https:\/\/www.alupieces.fr\/produit\/roulette-double-technal-gb\/#breadcrumb"},"inLanguage":"es","potentialAction":[{"@type":"ReadAction","target":["https:\/\/www.alupieces.fr\/produit\/roulette-double-technal-gb\/"]}]},{"@type":"BreadcrumbList","@id":"https:\/\/www.alupieces.fr\/produit\/roulette-double-technal-gb\/#breadcrumb","itemListElement":[{"@type":"ListItem","position":1,"name":"Accueil","item":"https:\/\/www.alupieces.fr\/"},{"@type":"ListItem","position":2,"name":"Boutique","item":"https:\/\/www.alupieces.fr\/boutique\/"},{"@type":"ListItem","position":3,"name":"Roulette double Technal GB-GM"}]},{"@type":"WebSite","@id":"https:\/\/www.alupieces.fr\/#website","url":"https:\/\/www.alupieces.fr\/","name":"Alupi\u00e8ces.fr","description":"La r\u00e9f\u00e9rence des pi\u00e8ces d\u00e9tach\u00e9es d&#039;origine en Aluminium Technal, Bubendorff et Mariton","publisher":{"@id":"https:\/\/www.alupieces.fr\/#organization"},"potentialAction":[{"@type":"SearchAction","target":{"@type":"EntryPoint","urlTemplate":"https:\/\/www.alupieces.fr\/?s={search_term_string}"},"query-input":"required name=search_term_string"}],"inLanguage":"es"},{"@type":"Organization","@id":"https:\/\/www.alupieces.fr\/#organization","name":"Alupi\u00e8ces","alternateName":"Alupi\u00e8ces.fr","url":"https:\/\/www.alupieces.fr\/","logo":{"@type":"ImageObject","inLanguage":"es","@id":"https:\/\/www.alupieces.fr\/#\/schema\/logo\/image\/","url":"https:\/\/www.alupieces.fr\/wp-content\/uploads\/2022\/12\/Bon-logo-1.png","contentUrl":"https:\/\/www.alupieces.fr\/wp-content\/uploads\/2022\/12\/Bon-logo-1.png","width":1367,"height":474,"caption":"Alupi\u00e8ces"},"image":{"@id":"https:\/\/www.alupieces.fr\/#\/schema\/logo\/image\/"}}]}},"wcpa_form_fields":null,"_links":{"self":[{"href":"https:\/\/www.alupieces.fr\/es\/wp-json\/wp\/v2\/product\/4379"}],"collection":[{"href":"https:\/\/www.alupieces.fr\/es\/wp-json\/wp\/v2\/product"}],"about":[{"href":"https:\/\/www.alupieces.fr\/es\/wp-json\/wp\/v2\/types\/product"}],"replies":[{"embeddable":true,"href":"https:\/\/www.alupieces.fr\/es\/wp-json\/wp\/v2\/comments?post=4379"}],"wp:featuredmedia":[{"embeddable":true,"href":"https:\/\/www.alupieces.fr\/es\/wp-json\/wp\/v2\/media\/4377"}],"wp:attachment":[{"href":"https:\/\/www.alupieces.fr\/es\/wp-json\/wp\/v2\/media?parent=4379"}],"wp:term":[{"taxonomy":"product_cat","embeddable":true,"href":"https:\/\/www.alupieces.fr\/es\/wp-json\/wp\/v2\/product_cat?post=4379"},{"taxonomy":"product_tag","embeddable":true,"href":"https:\/\/www.alupieces.fr\/es\/wp-json\/wp\/v2\/product_tag?post=4379"},{"taxonomy":"marque","embeddable":true,"href":"https:\/\/www.alupieces.fr\/es\/wp-json\/wp\/v2\/marque?post=4379"}],"curies":[{"name":"wp","href":"https:\/\/api.w.org\/{rel}","templated":true}]}}