{"id":3189,"date":"2023-02-01T10:50:51","date_gmt":"2023-02-01T09:50:51","guid":{"rendered":"https:\/\/www.alupieces.fr\/?post_type=product&#038;p=3189"},"modified":"2026-03-06T09:21:11","modified_gmt":"2026-03-06T08:21:11","slug":"boitier-emetteur-mural-vide-bubendorff","status":"publish","type":"product","link":"https:\/\/www.alupieces.fr\/es\/producto\/emisor-mural-vacio-bubendorff\/","title":{"rendered":"Caja de transmisor mural vac\u00eda Bubendorff"},"content":{"rendered":"<p>Caja <strong>V\u00cdDEO<\/strong> sin electr\u00f3nica (para sustituir una carcasa de emisor rota), que permite recibir la tarjeta electr\u00f3nica de su antigua caja. Para persianas Tradi ID, Mono ID y Bloc ID fabricadas a partir del 09\/10\/2007 y persianas Tradi, Mono Design, Bloc N y Bloc R fabricadas a partir del 14\/02\/2008.<\/p>","protected":false},"excerpt":{"rendered":"<p>Boitier VIDE sans \u00e9lectronique (pour le remplacement d\u2019une coque d&#8217;\u00e9metteur cass\u00e9), qui permet de r\u00e9ceptionner la carte \u00e9lectronique de votre ancien boitier. Pour volets roulants Tradi ID, Mono ID et Bloc ID fabriqu\u00e9s \u00e0 partir du 09\/10\/2007 et des volets radio Tradi, Mono Design, Bloc N et Bloc R fabriqu\u00e9s \u00e0 partir du 14\/02\/2008.<\/p>","protected":false},"featured_media":3186,"comment_status":"open","ping_status":"closed","template":"","meta":{"site-sidebar-layout":"default","site-content-layout":"default","ast-site-content-layout":"","site-content-style":"default","site-sidebar-style":"default","ast-global-header-display":"","ast-banner-title-visibility":"","ast-main-header-display":"","ast-hfb-above-header-display":"","ast-hfb-below-header-display":"","ast-hfb-mobile-header-display":"","site-post-title":"","ast-breadcrumbs-content":"","ast-featured-img":"","footer-sml-layout":"","theme-transparent-header-meta":"default","adv-header-id-meta":"","stick-header-meta":"","header-above-stick-meta":"","header-main-stick-meta":"","header-below-stick-meta":"","astra-migrate-meta-layouts":"default","ast-page-background-enabled":"default","ast-page-background-meta":{"desktop":{"background-color":"var(--ast-global-color-4)","background-image":"","background-repeat":"repeat","background-position":"center center","background-size":"auto","background-attachment":"scroll","background-type":"","background-media":"","overlay-type":"","overlay-color":"","overlay-opacity":"","overlay-gradient":""},"tablet":{"background-color":"","background-image":"","background-repeat":"repeat","background-position":"center center","background-size":"auto","background-attachment":"scroll","background-type":"","background-media":"","overlay-type":"","overlay-color":"","overlay-opacity":"","overlay-gradient":""},"mobile":{"background-color":"","background-image":"","background-repeat":"repeat","background-position":"center center","background-size":"auto","background-attachment":"scroll","background-type":"","background-media":"","overlay-type":"","overlay-color":"","overlay-opacity":"","overlay-gradient":""}},"ast-content-background-meta":{"desktop":{"background-color":"var(--ast-global-color-5)","background-image":"","background-repeat":"repeat","background-position":"center center","background-size":"auto","background-attachment":"scroll","background-type":"","background-media":"","overlay-type":"","overlay-color":"","overlay-opacity":"","overlay-gradient":""},"tablet":{"background-color":"var(--ast-global-color-5)","background-image":"","background-repeat":"repeat","background-position":"center center","background-size":"auto","background-attachment":"scroll","background-type":"","background-media":"","overlay-type":"","overlay-color":"","overlay-opacity":"","overlay-gradient":""},"mobile":{"background-color":"var(--ast-global-color-5)","background-image":"","background-repeat":"repeat","background-position":"center center","background-size":"auto","background-attachment":"scroll","background-type":"","background-media":"","overlay-type":"","overlay-color":"","overlay-opacity":"","overlay-gradient":""}}},"product_cat":[25,23],"product_tag":[],"marque":[107],"acf":[],"yoast_head":"<!-- This site is optimized with the Yoast SEO plugin v20.1 - https:\/\/yoast.com\/wordpress\/plugins\/seo\/ -->\n<title>Boitier \u00e9metteur mural vide Bubendorff - Alupi\u00e8ces.fr<\/title>\n<meta name=\"description\" content=\"Boitier \u00e9metteur mural vide Bubendorff, pour le remplacement d\u2019une coque d&#039;\u00e9metteur cass\u00e9e , en stock . Pi\u00e8ces d\u00e9tach\u00e9es Bubendorff, t\u00e9l\u00e9commande Bubendorff.\" \/>\n<meta name=\"robots\" content=\"index, follow, max-snippet:-1, max-image-preview:large, max-video-preview:-1\" \/>\n<link rel=\"canonical\" href=\"https:\/\/www.alupieces.fr\/es\/producto\/emisor-mural-vacio-bubendorff\/\" \/>\n<meta property=\"og:locale\" content=\"es_ES\" \/>\n<meta property=\"og:type\" content=\"article\" \/>\n<meta property=\"og:title\" content=\"Boitier \u00e9metteur mural vide Bubendorff - Alupi\u00e8ces.fr\" \/>\n<meta property=\"og:description\" content=\"Boitier \u00e9metteur mural vide Bubendorff, pour le remplacement d\u2019une coque d&#039;\u00e9metteur cass\u00e9e , en stock . Pi\u00e8ces d\u00e9tach\u00e9es Bubendorff, t\u00e9l\u00e9commande Bubendorff.\" \/>\n<meta property=\"og:url\" content=\"https:\/\/www.alupieces.fr\/es\/producto\/emisor-mural-vacio-bubendorff\/\" \/>\n<meta property=\"og:site_name\" content=\"Alupi\u00e8ces.fr\" \/>\n<meta property=\"article:modified_time\" content=\"2026-03-06T08:21:11+00:00\" \/>\n<meta property=\"og:image\" content=\"https:\/\/www.alupieces.fr\/wp-content\/uploads\/2023\/02\/BUB230003-Boitier-emetteur-mural-000.jpg\" \/>\n\t<meta property=\"og:image:width\" content=\"2000\" \/>\n\t<meta property=\"og:image:height\" content=\"2000\" \/>\n\t<meta property=\"og:image:type\" content=\"image\/jpeg\" \/>\n<meta name=\"twitter:card\" content=\"summary_large_image\" \/>\n<meta name=\"twitter:label1\" content=\"Tiempo de lectura\" \/>\n\t<meta name=\"twitter:data1\" content=\"1 minuto\" \/>\n<!-- \/ Yoast SEO plugin. -->","yoast_head_json":{"title":"Boitier \u00e9metteur mural vide Bubendorff - Alupi\u00e8ces.fr","description":"Boitier \u00e9metteur mural vide Bubendorff, pour le remplacement d\u2019une coque d'\u00e9metteur cass\u00e9e , en stock . Pi\u00e8ces d\u00e9tach\u00e9es Bubendorff, t\u00e9l\u00e9commande Bubendorff.","robots":{"index":"index","follow":"follow","max-snippet":"max-snippet:-1","max-image-preview":"max-image-preview:large","max-video-preview":"max-video-preview:-1"},"canonical":"https:\/\/www.alupieces.fr\/es\/producto\/emisor-mural-vacio-bubendorff\/","og_locale":"es_ES","og_type":"article","og_title":"Boitier \u00e9metteur mural vide Bubendorff - Alupi\u00e8ces.fr","og_description":"Boitier \u00e9metteur mural vide Bubendorff, pour le remplacement d\u2019une coque d'\u00e9metteur cass\u00e9e , en stock . Pi\u00e8ces d\u00e9tach\u00e9es Bubendorff, t\u00e9l\u00e9commande Bubendorff.","og_url":"https:\/\/www.alupieces.fr\/es\/producto\/emisor-mural-vacio-bubendorff\/","og_site_name":"Alupi\u00e8ces.fr","article_modified_time":"2026-03-06T08:21:11+00:00","og_image":[{"width":2000,"height":2000,"url":"https:\/\/www.alupieces.fr\/wp-content\/uploads\/2023\/02\/BUB230003-Boitier-emetteur-mural-000.jpg","type":"image\/jpeg"}],"twitter_card":"summary_large_image","twitter_misc":{"Tiempo de lectura":"1 minuto"},"schema":{"@context":"https:\/\/schema.org","@graph":[{"@type":"WebPage","@id":"https:\/\/www.alupieces.fr\/produit\/boitier-emetteur-mural-vide-bubendorff\/","url":"https:\/\/www.alupieces.fr\/produit\/boitier-emetteur-mural-vide-bubendorff\/","name":"Boitier \u00e9metteur mural vide Bubendorff - Alupi\u00e8ces.fr","isPartOf":{"@id":"https:\/\/www.alupieces.fr\/#website"},"datePublished":"2023-02-01T09:50:51+00:00","dateModified":"2026-03-06T08:21:11+00:00","description":"Boitier \u00e9metteur mural vide Bubendorff, pour le remplacement d\u2019une coque d'\u00e9metteur cass\u00e9e , en stock . Pi\u00e8ces d\u00e9tach\u00e9es Bubendorff, t\u00e9l\u00e9commande Bubendorff.","breadcrumb":{"@id":"https:\/\/www.alupieces.fr\/produit\/boitier-emetteur-mural-vide-bubendorff\/#breadcrumb"},"inLanguage":"es","potentialAction":[{"@type":"ReadAction","target":["https:\/\/www.alupieces.fr\/produit\/boitier-emetteur-mural-vide-bubendorff\/"]}]},{"@type":"BreadcrumbList","@id":"https:\/\/www.alupieces.fr\/produit\/boitier-emetteur-mural-vide-bubendorff\/#breadcrumb","itemListElement":[{"@type":"ListItem","position":1,"name":"Accueil","item":"https:\/\/www.alupieces.fr\/"},{"@type":"ListItem","position":2,"name":"Boutique","item":"https:\/\/www.alupieces.fr\/boutique\/"},{"@type":"ListItem","position":3,"name":"Boitier \u00e9metteur mural vide Bubendorff"}]},{"@type":"WebSite","@id":"https:\/\/www.alupieces.fr\/#website","url":"https:\/\/www.alupieces.fr\/","name":"Alupi\u00e8ces.fr","description":"La r\u00e9f\u00e9rence des pi\u00e8ces d\u00e9tach\u00e9es d&#039;origine en Aluminium Technal, Bubendorff et Mariton","publisher":{"@id":"https:\/\/www.alupieces.fr\/#organization"},"potentialAction":[{"@type":"SearchAction","target":{"@type":"EntryPoint","urlTemplate":"https:\/\/www.alupieces.fr\/?s={search_term_string}"},"query-input":"required name=search_term_string"}],"inLanguage":"es"},{"@type":"Organization","@id":"https:\/\/www.alupieces.fr\/#organization","name":"Alupi\u00e8ces","alternateName":"Alupi\u00e8ces.fr","url":"https:\/\/www.alupieces.fr\/","logo":{"@type":"ImageObject","inLanguage":"es","@id":"https:\/\/www.alupieces.fr\/#\/schema\/logo\/image\/","url":"https:\/\/www.alupieces.fr\/wp-content\/uploads\/2022\/12\/Bon-logo-1.png","contentUrl":"https:\/\/www.alupieces.fr\/wp-content\/uploads\/2022\/12\/Bon-logo-1.png","width":1367,"height":474,"caption":"Alupi\u00e8ces"},"image":{"@id":"https:\/\/www.alupieces.fr\/#\/schema\/logo\/image\/"}}]}},"wcpa_form_fields":null,"_links":{"self":[{"href":"https:\/\/www.alupieces.fr\/es\/wp-json\/wp\/v2\/product\/3189"}],"collection":[{"href":"https:\/\/www.alupieces.fr\/es\/wp-json\/wp\/v2\/product"}],"about":[{"href":"https:\/\/www.alupieces.fr\/es\/wp-json\/wp\/v2\/types\/product"}],"replies":[{"embeddable":true,"href":"https:\/\/www.alupieces.fr\/es\/wp-json\/wp\/v2\/comments?post=3189"}],"wp:featuredmedia":[{"embeddable":true,"href":"https:\/\/www.alupieces.fr\/es\/wp-json\/wp\/v2\/media\/3186"}],"wp:attachment":[{"href":"https:\/\/www.alupieces.fr\/es\/wp-json\/wp\/v2\/media?parent=3189"}],"wp:term":[{"taxonomy":"product_cat","embeddable":true,"href":"https:\/\/www.alupieces.fr\/es\/wp-json\/wp\/v2\/product_cat?post=3189"},{"taxonomy":"product_tag","embeddable":true,"href":"https:\/\/www.alupieces.fr\/es\/wp-json\/wp\/v2\/product_tag?post=3189"},{"taxonomy":"marque","embeddable":true,"href":"https:\/\/www.alupieces.fr\/es\/wp-json\/wp\/v2\/marque?post=3189"}],"curies":[{"name":"wp","href":"https:\/\/api.w.org\/{rel}","templated":true}]}}