{"id":25846,"date":"2025-07-11T16:25:16","date_gmt":"2025-07-11T14:25:16","guid":{"rendered":"https:\/\/www.alupieces.fr\/?post_type=product&#038;p=25846"},"modified":"2025-09-29T17:46:42","modified_gmt":"2025-09-29T15:46:42","slug":"verrou-de-coulissant-fermeture-a-cle-abus","status":"publish","type":"product","link":"https:\/\/www.alupieces.fr\/es\/producto\/deslizamiento-deslizamiento-deslizamiento-deslizamiento-deslizamiento-deslizamiento-deslizamiento\/","title":{"rendered":"Cerradura de llave con pestillo deslizante Abus"},"content":{"rendered":"<p>Abus cerradura de llave con pestillo deslizante Blanco.<br \/>\nProtecci\u00f3n adicional para sus marcos deslizantes de aluminio o PVC. Cerraduras con dos pernos de gancho de acero. Bloqueo y desbloqueo mediante llave. Todas las piezas de seguridad son de acero templado.<\/p>\n<p>\ud83d\udc49 Tambi\u00e9n disponible en <a href=\"https:\/\/www.alupieces.fr\/es\/producto\/cierre-de-ventana-o-puerta\/\">Cerradura abusiva de ventana o puerta de patio<\/a><\/p>","protected":false},"excerpt":{"rendered":"<p>Verrou de coulissant fermeture \u00e0 cl\u00e9 Abus Blanc. Protection compl\u00e9mentaire pour vos coulissants en aluminium, ou PVC. Se verrouille \u00e0 l&#8217;aide de deux p\u00eanes en acier \u00e0 crochet. Verrouillage et d\u00e9v\u00e9rouillage \u00e0 cl\u00e9. Toutes les parties de la protection li\u00e9es \u00e0 la s\u00e9curit\u00e9 sont en acier c\u00e9ment\u00e9. \ud83d\udc49 Existe aussi en version Verrou Abus pour [&hellip;]<\/p>","protected":false},"featured_media":25849,"comment_status":"open","ping_status":"closed","template":"","meta":{"site-sidebar-layout":"default","site-content-layout":"","ast-site-content-layout":"","site-content-style":"default","site-sidebar-style":"default","ast-global-header-display":"","ast-banner-title-visibility":"","ast-main-header-display":"","ast-hfb-above-header-display":"","ast-hfb-below-header-display":"","ast-hfb-mobile-header-display":"","site-post-title":"","ast-breadcrumbs-content":"","ast-featured-img":"","footer-sml-layout":"","theme-transparent-header-meta":"","adv-header-id-meta":"","stick-header-meta":"","header-above-stick-meta":"","header-main-stick-meta":"","header-below-stick-meta":"","astra-migrate-meta-layouts":"default","ast-page-background-enabled":"default","ast-page-background-meta":{"desktop":{"background-color":"var(--ast-global-color-4)","background-image":"","background-repeat":"repeat","background-position":"center center","background-size":"auto","background-attachment":"scroll","background-type":"","background-media":"","overlay-type":"","overlay-color":"","overlay-opacity":"","overlay-gradient":""},"tablet":{"background-color":"","background-image":"","background-repeat":"repeat","background-position":"center center","background-size":"auto","background-attachment":"scroll","background-type":"","background-media":"","overlay-type":"","overlay-color":"","overlay-opacity":"","overlay-gradient":""},"mobile":{"background-color":"","background-image":"","background-repeat":"repeat","background-position":"center center","background-size":"auto","background-attachment":"scroll","background-type":"","background-media":"","overlay-type":"","overlay-color":"","overlay-opacity":"","overlay-gradient":""}},"ast-content-background-meta":{"desktop":{"background-color":"var(--ast-global-color-5)","background-image":"","background-repeat":"repeat","background-position":"center center","background-size":"auto","background-attachment":"scroll","background-type":"","background-media":"","overlay-type":"","overlay-color":"","overlay-opacity":"","overlay-gradient":""},"tablet":{"background-color":"var(--ast-global-color-5)","background-image":"","background-repeat":"repeat","background-position":"center center","background-size":"auto","background-attachment":"scroll","background-type":"","background-media":"","overlay-type":"","overlay-color":"","overlay-opacity":"","overlay-gradient":""},"mobile":{"background-color":"var(--ast-global-color-5)","background-image":"","background-repeat":"repeat","background-position":"center center","background-size":"auto","background-attachment":"scroll","background-type":"","background-media":"","overlay-type":"","overlay-color":"","overlay-opacity":"","overlay-gradient":""}}},"product_cat":[53,20,17,52],"product_tag":[],"marque":[453],"acf":[],"yoast_head":"<!-- This site is optimized with the Yoast SEO plugin v20.1 - https:\/\/yoast.com\/wordpress\/plugins\/seo\/ -->\n<title>Verrou de coulissant fermeture \u00e0 cl\u00e9 Abus - Alupi\u00e8ces.fr<\/title>\n<meta name=\"description\" content=\"Verrou de fen\u00eatre ou porte-fen\u00eatre. Pour s\u00e9curis\u00e9 l&#039;entr\u00e9e de fen\u00eatre de cave, fen\u00eatre de terrasse, balcon.... Cylindre de qualit\u00e9 \u00e0 4 goupilles pour ouverture vers l&#039;int\u00e9rieur.\" \/>\n<meta name=\"robots\" content=\"index, follow, max-snippet:-1, max-image-preview:large, max-video-preview:-1\" \/>\n<link rel=\"canonical\" href=\"https:\/\/www.alupieces.fr\/es\/producto\/deslizamiento-deslizamiento-deslizamiento-deslizamiento-deslizamiento-deslizamiento-deslizamiento\/\" \/>\n<meta property=\"og:locale\" content=\"es_ES\" \/>\n<meta property=\"og:type\" content=\"article\" \/>\n<meta property=\"og:title\" content=\"Verrou de coulissant fermeture \u00e0 cl\u00e9 Abus - Alupi\u00e8ces.fr\" \/>\n<meta property=\"og:description\" content=\"Verrou de fen\u00eatre ou porte-fen\u00eatre. Pour s\u00e9curis\u00e9 l&#039;entr\u00e9e de fen\u00eatre de cave, fen\u00eatre de terrasse, balcon.... Cylindre de qualit\u00e9 \u00e0 4 goupilles pour ouverture vers l&#039;int\u00e9rieur.\" \/>\n<meta property=\"og:url\" content=\"https:\/\/www.alupieces.fr\/es\/producto\/deslizamiento-deslizamiento-deslizamiento-deslizamiento-deslizamiento-deslizamiento-deslizamiento\/\" \/>\n<meta property=\"og:site_name\" content=\"Alupi\u00e8ces.fr\" \/>\n<meta property=\"article:modified_time\" content=\"2025-09-29T15:46:42+00:00\" \/>\n<meta property=\"og:image\" content=\"https:\/\/www.alupieces.fr\/wp-content\/uploads\/2025\/07\/FTS088-Verrou-de-coulissant-fermeture-a-cle-Abus-001.jpg\" \/>\n\t<meta property=\"og:image:width\" content=\"827\" \/>\n\t<meta property=\"og:image:height\" content=\"827\" \/>\n\t<meta property=\"og:image:type\" content=\"image\/jpeg\" \/>\n<meta name=\"twitter:card\" content=\"summary_large_image\" \/>\n<meta name=\"twitter:label1\" content=\"Tiempo de lectura\" \/>\n\t<meta name=\"twitter:data1\" content=\"1 minuto\" \/>\n<!-- \/ Yoast SEO plugin. -->","yoast_head_json":{"title":"Verrou de coulissant fermeture \u00e0 cl\u00e9 Abus - Alupi\u00e8ces.fr","description":"Verrou de fen\u00eatre ou porte-fen\u00eatre. Pour s\u00e9curis\u00e9 l'entr\u00e9e de fen\u00eatre de cave, fen\u00eatre de terrasse, balcon.... Cylindre de qualit\u00e9 \u00e0 4 goupilles pour ouverture vers l'int\u00e9rieur.","robots":{"index":"index","follow":"follow","max-snippet":"max-snippet:-1","max-image-preview":"max-image-preview:large","max-video-preview":"max-video-preview:-1"},"canonical":"https:\/\/www.alupieces.fr\/es\/producto\/deslizamiento-deslizamiento-deslizamiento-deslizamiento-deslizamiento-deslizamiento-deslizamiento\/","og_locale":"es_ES","og_type":"article","og_title":"Verrou de coulissant fermeture \u00e0 cl\u00e9 Abus - Alupi\u00e8ces.fr","og_description":"Verrou de fen\u00eatre ou porte-fen\u00eatre. Pour s\u00e9curis\u00e9 l'entr\u00e9e de fen\u00eatre de cave, fen\u00eatre de terrasse, balcon.... Cylindre de qualit\u00e9 \u00e0 4 goupilles pour ouverture vers l'int\u00e9rieur.","og_url":"https:\/\/www.alupieces.fr\/es\/producto\/deslizamiento-deslizamiento-deslizamiento-deslizamiento-deslizamiento-deslizamiento-deslizamiento\/","og_site_name":"Alupi\u00e8ces.fr","article_modified_time":"2025-09-29T15:46:42+00:00","og_image":[{"width":827,"height":827,"url":"https:\/\/www.alupieces.fr\/wp-content\/uploads\/2025\/07\/FTS088-Verrou-de-coulissant-fermeture-a-cle-Abus-001.jpg","type":"image\/jpeg"}],"twitter_card":"summary_large_image","twitter_misc":{"Tiempo de lectura":"1 minuto"},"schema":{"@context":"https:\/\/schema.org","@graph":[{"@type":"WebPage","@id":"https:\/\/www.alupieces.fr\/produit\/verrou-de-coulissant-fermeture-a-cle-abus\/","url":"https:\/\/www.alupieces.fr\/produit\/verrou-de-coulissant-fermeture-a-cle-abus\/","name":"Verrou de coulissant fermeture \u00e0 cl\u00e9 Abus - Alupi\u00e8ces.fr","isPartOf":{"@id":"https:\/\/www.alupieces.fr\/#website"},"datePublished":"2025-07-11T14:25:16+00:00","dateModified":"2025-09-29T15:46:42+00:00","description":"Verrou de fen\u00eatre ou porte-fen\u00eatre. Pour s\u00e9curis\u00e9 l'entr\u00e9e de fen\u00eatre de cave, fen\u00eatre de terrasse, balcon.... Cylindre de qualit\u00e9 \u00e0 4 goupilles pour ouverture vers l'int\u00e9rieur.","breadcrumb":{"@id":"https:\/\/www.alupieces.fr\/produit\/verrou-de-coulissant-fermeture-a-cle-abus\/#breadcrumb"},"inLanguage":"es","potentialAction":[{"@type":"ReadAction","target":["https:\/\/www.alupieces.fr\/produit\/verrou-de-coulissant-fermeture-a-cle-abus\/"]}]},{"@type":"BreadcrumbList","@id":"https:\/\/www.alupieces.fr\/produit\/verrou-de-coulissant-fermeture-a-cle-abus\/#breadcrumb","itemListElement":[{"@type":"ListItem","position":1,"name":"Accueil","item":"https:\/\/www.alupieces.fr\/"},{"@type":"ListItem","position":2,"name":"Boutique","item":"https:\/\/www.alupieces.fr\/boutique\/"},{"@type":"ListItem","position":3,"name":"Verrou de coulissant fermeture \u00e0 cl\u00e9 Abus"}]},{"@type":"WebSite","@id":"https:\/\/www.alupieces.fr\/#website","url":"https:\/\/www.alupieces.fr\/","name":"Alupi\u00e8ces.fr","description":"La r\u00e9f\u00e9rence des pi\u00e8ces d\u00e9tach\u00e9es d&#039;origine en Aluminium Technal, Bubendorff et Mariton","publisher":{"@id":"https:\/\/www.alupieces.fr\/#organization"},"potentialAction":[{"@type":"SearchAction","target":{"@type":"EntryPoint","urlTemplate":"https:\/\/www.alupieces.fr\/?s={search_term_string}"},"query-input":"required name=search_term_string"}],"inLanguage":"es"},{"@type":"Organization","@id":"https:\/\/www.alupieces.fr\/#organization","name":"Alupi\u00e8ces","alternateName":"Alupi\u00e8ces.fr","url":"https:\/\/www.alupieces.fr\/","logo":{"@type":"ImageObject","inLanguage":"es","@id":"https:\/\/www.alupieces.fr\/#\/schema\/logo\/image\/","url":"https:\/\/www.alupieces.fr\/wp-content\/uploads\/2022\/12\/Bon-logo-1.png","contentUrl":"https:\/\/www.alupieces.fr\/wp-content\/uploads\/2022\/12\/Bon-logo-1.png","width":1367,"height":474,"caption":"Alupi\u00e8ces"},"image":{"@id":"https:\/\/www.alupieces.fr\/#\/schema\/logo\/image\/"}}]}},"wcpa_form_fields":null,"_links":{"self":[{"href":"https:\/\/www.alupieces.fr\/es\/wp-json\/wp\/v2\/product\/25846"}],"collection":[{"href":"https:\/\/www.alupieces.fr\/es\/wp-json\/wp\/v2\/product"}],"about":[{"href":"https:\/\/www.alupieces.fr\/es\/wp-json\/wp\/v2\/types\/product"}],"replies":[{"embeddable":true,"href":"https:\/\/www.alupieces.fr\/es\/wp-json\/wp\/v2\/comments?post=25846"}],"wp:featuredmedia":[{"embeddable":true,"href":"https:\/\/www.alupieces.fr\/es\/wp-json\/wp\/v2\/media\/25849"}],"wp:attachment":[{"href":"https:\/\/www.alupieces.fr\/es\/wp-json\/wp\/v2\/media?parent=25846"}],"wp:term":[{"taxonomy":"product_cat","embeddable":true,"href":"https:\/\/www.alupieces.fr\/es\/wp-json\/wp\/v2\/product_cat?post=25846"},{"taxonomy":"product_tag","embeddable":true,"href":"https:\/\/www.alupieces.fr\/es\/wp-json\/wp\/v2\/product_tag?post=25846"},{"taxonomy":"marque","embeddable":true,"href":"https:\/\/www.alupieces.fr\/es\/wp-json\/wp\/v2\/marque?post=25846"}],"curies":[{"name":"wp","href":"https:\/\/api.w.org\/{rel}","templated":true}]}}