{"id":23923,"date":"2025-04-14T17:08:06","date_gmt":"2025-04-14T15:08:06","guid":{"rendered":"https:\/\/www.alupieces.fr\/?post_type=product&#038;p=23923"},"modified":"2025-04-29T16:16:57","modified_gmt":"2025-04-29T14:16:57","slug":"store-enrouleur-toile-occultante","status":"publish","type":"product","link":"https:\/\/www.alupieces.fr\/es\/producto\/toldo-rodillo-canopy-ocultant\/","title":{"rendered":"Estor enrollable de tela opaca"},"content":{"rendered":"<p>Estor de protecci\u00f3n solar interior con un dise\u00f1o elegante y moderno. Este estor enrollable Mariton \"Rollo Primo+\" de fabricaci\u00f3n francesa puede cubrir una superficie de hasta 3,6 m\u00b2.<br \/>\nModelo sin envolvente, alta resistencia. Soporte de fijaci\u00f3n en acero lacado. Barra de carga en aluminio lacado blanco o negro, cadena met\u00e1lica cromada (altura de la persiana). 2 colores de accesorios: blanco o negro.<\/p>\n<p><span style=\"font-size: 16px;font-style: normal;font-weight: 400\">Preserve la intimidad, prot\u00e9jase del sol u oscurezca la habitaci\u00f3n con una selecci\u00f3n de tejidos <\/span><a href=\"https:\/\/www.alupieces.fr\/es\/producto\/persiana-sombrilla\/\"><span style=\"font-size: 16px;font-style: normal;font-weight: 400\">Proyecci\u00f3n<\/span><\/a><span style=\"font-size: 16px;font-style: normal;font-weight: 400\">\u00a0o\u00a0<\/span><span style=\"font-size: 16px;font-style: normal;font-weight: 400\">Apag\u00f3n.<\/span><\/p>\n<ul>\n<li><span style=\"color: #0000ff\"><em>Este estor de interior Mariton cumple la norma de seguridad infantil NF13120, lo que garantiza que es apto para su instalaci\u00f3n en zonas susceptibles de ser utilizadas por ni\u00f1os menores de 42 meses.<\/em><\/span><\/li>\n<\/ul>","protected":false},"excerpt":{"rendered":"<p>Store int\u00e9rieur de protection solaire au design \u00e9pur\u00e9 et moderne. Ce store enrouleur &#8220;Rollo Primo+&#8221; Mariton, fabrication Fran\u00e7aise, peut couvrir une surface allant jusqu&#8217; \u00e0 3.6m\u00b2. Mod\u00e8le sans boitier, haute r\u00e9sistance. Support de fixation en acier laqu\u00e9. Barre de charge en aluminium Laqu\u00e9 blanc ou Noir, cha\u00eenette en m\u00e9tal Chrom\u00e9 (de la hauteur du store). [&hellip;]<\/p>","protected":false},"featured_media":24265,"comment_status":"open","ping_status":"closed","template":"","meta":{"site-sidebar-layout":"default","site-content-layout":"","ast-site-content-layout":"default","site-content-style":"default","site-sidebar-style":"default","ast-global-header-display":"","ast-banner-title-visibility":"","ast-main-header-display":"","ast-hfb-above-header-display":"","ast-hfb-below-header-display":"","ast-hfb-mobile-header-display":"","site-post-title":"","ast-breadcrumbs-content":"","ast-featured-img":"","footer-sml-layout":"","theme-transparent-header-meta":"default","adv-header-id-meta":"","stick-header-meta":"","header-above-stick-meta":"","header-main-stick-meta":"","header-below-stick-meta":"","astra-migrate-meta-layouts":"set","ast-page-background-enabled":"default","ast-page-background-meta":{"desktop":{"background-color":"var(--ast-global-color-4)","background-image":"","background-repeat":"repeat","background-position":"center center","background-size":"auto","background-attachment":"scroll","background-type":"","background-media":"","overlay-type":"","overlay-color":"","overlay-opacity":"","overlay-gradient":""},"tablet":{"background-color":"","background-image":"","background-repeat":"repeat","background-position":"center center","background-size":"auto","background-attachment":"scroll","background-type":"","background-media":"","overlay-type":"","overlay-color":"","overlay-opacity":"","overlay-gradient":""},"mobile":{"background-color":"","background-image":"","background-repeat":"repeat","background-position":"center center","background-size":"auto","background-attachment":"scroll","background-type":"","background-media":"","overlay-type":"","overlay-color":"","overlay-opacity":"","overlay-gradient":""}},"ast-content-background-meta":{"desktop":{"background-color":"var(--ast-global-color-5)","background-image":"","background-repeat":"repeat","background-position":"center center","background-size":"auto","background-attachment":"scroll","background-type":"","background-media":"","overlay-type":"","overlay-color":"","overlay-opacity":"","overlay-gradient":""},"tablet":{"background-color":"var(--ast-global-color-5)","background-image":"","background-repeat":"repeat","background-position":"center center","background-size":"auto","background-attachment":"scroll","background-type":"","background-media":"","overlay-type":"","overlay-color":"","overlay-opacity":"","overlay-gradient":""},"mobile":{"background-color":"var(--ast-global-color-5)","background-image":"","background-repeat":"repeat","background-position":"center center","background-size":"auto","background-attachment":"scroll","background-type":"","background-media":"","overlay-type":"","overlay-color":"","overlay-opacity":"","overlay-gradient":""}}},"product_cat":[35,472],"product_tag":[],"marque":[108],"acf":[],"yoast_head":"<!-- This site is optimized with the Yoast SEO plugin v20.1 - https:\/\/yoast.com\/wordpress\/plugins\/seo\/ -->\n<title>Store enrouleur Toile Occultante - Alupi\u00e8ces.fr<\/title>\n<meta name=\"description\" content=\"Rollo Primo+ Mariton Store de protection solaire, assombrissement de la pi\u00e8ce ou protection contre le vis-\u00e0-vis. Mod\u00e8le sans boitier, support fixation en acier laqu\u00e9\" \/>\n<meta name=\"robots\" content=\"index, follow, max-snippet:-1, max-image-preview:large, max-video-preview:-1\" \/>\n<link rel=\"canonical\" href=\"https:\/\/www.alupieces.fr\/es\/producto\/toldo-rodillo-canopy-ocultant\/\" \/>\n<meta property=\"og:locale\" content=\"es_ES\" \/>\n<meta property=\"og:type\" content=\"article\" \/>\n<meta property=\"og:title\" content=\"Store enrouleur Toile Occultante - Alupi\u00e8ces.fr\" \/>\n<meta property=\"og:description\" content=\"Rollo Primo+ Mariton Store de protection solaire, assombrissement de la pi\u00e8ce ou protection contre le vis-\u00e0-vis. Mod\u00e8le sans boitier, support fixation en acier laqu\u00e9\" \/>\n<meta property=\"og:url\" content=\"https:\/\/www.alupieces.fr\/es\/producto\/toldo-rodillo-canopy-ocultant\/\" \/>\n<meta property=\"og:site_name\" content=\"Alupi\u00e8ces.fr\" \/>\n<meta property=\"article:modified_time\" content=\"2025-04-29T14:16:57+00:00\" \/>\n<meta property=\"og:image\" content=\"https:\/\/www.alupieces.fr\/wp-content\/uploads\/2025\/04\/Rollo-Primo-Occultant.jpg\" \/>\n\t<meta property=\"og:image:width\" content=\"827\" \/>\n\t<meta property=\"og:image:height\" content=\"827\" \/>\n\t<meta property=\"og:image:type\" content=\"image\/jpeg\" \/>\n<meta name=\"twitter:card\" content=\"summary_large_image\" \/>\n<meta name=\"twitter:label1\" content=\"Tiempo de lectura\" \/>\n\t<meta name=\"twitter:data1\" content=\"1 minuto\" \/>\n<!-- \/ Yoast SEO plugin. -->","yoast_head_json":{"title":"Store enrouleur Toile Occultante - Alupi\u00e8ces.fr","description":"Rollo Primo+ Mariton Store de protection solaire, assombrissement de la pi\u00e8ce ou protection contre le vis-\u00e0-vis. Mod\u00e8le sans boitier, support fixation en acier laqu\u00e9","robots":{"index":"index","follow":"follow","max-snippet":"max-snippet:-1","max-image-preview":"max-image-preview:large","max-video-preview":"max-video-preview:-1"},"canonical":"https:\/\/www.alupieces.fr\/es\/producto\/toldo-rodillo-canopy-ocultant\/","og_locale":"es_ES","og_type":"article","og_title":"Store enrouleur Toile Occultante - Alupi\u00e8ces.fr","og_description":"Rollo Primo+ Mariton Store de protection solaire, assombrissement de la pi\u00e8ce ou protection contre le vis-\u00e0-vis. Mod\u00e8le sans boitier, support fixation en acier laqu\u00e9","og_url":"https:\/\/www.alupieces.fr\/es\/producto\/toldo-rodillo-canopy-ocultant\/","og_site_name":"Alupi\u00e8ces.fr","article_modified_time":"2025-04-29T14:16:57+00:00","og_image":[{"width":827,"height":827,"url":"https:\/\/www.alupieces.fr\/wp-content\/uploads\/2025\/04\/Rollo-Primo-Occultant.jpg","type":"image\/jpeg"}],"twitter_card":"summary_large_image","twitter_misc":{"Tiempo de lectura":"1 minuto"},"schema":{"@context":"https:\/\/schema.org","@graph":[{"@type":"WebPage","@id":"https:\/\/www.alupieces.fr\/produit\/store-enrouleur-toile-occultante\/","url":"https:\/\/www.alupieces.fr\/produit\/store-enrouleur-toile-occultante\/","name":"Store enrouleur Toile Occultante - Alupi\u00e8ces.fr","isPartOf":{"@id":"https:\/\/www.alupieces.fr\/#website"},"datePublished":"2025-04-14T15:08:06+00:00","dateModified":"2025-04-29T14:16:57+00:00","description":"Rollo Primo+ Mariton Store de protection solaire, assombrissement de la pi\u00e8ce ou protection contre le vis-\u00e0-vis. Mod\u00e8le sans boitier, support fixation en acier laqu\u00e9","breadcrumb":{"@id":"https:\/\/www.alupieces.fr\/produit\/store-enrouleur-toile-occultante\/#breadcrumb"},"inLanguage":"es","potentialAction":[{"@type":"ReadAction","target":["https:\/\/www.alupieces.fr\/produit\/store-enrouleur-toile-occultante\/"]}]},{"@type":"BreadcrumbList","@id":"https:\/\/www.alupieces.fr\/produit\/store-enrouleur-toile-occultante\/#breadcrumb","itemListElement":[{"@type":"ListItem","position":1,"name":"Accueil","item":"https:\/\/www.alupieces.fr\/"},{"@type":"ListItem","position":2,"name":"Boutique","item":"https:\/\/www.alupieces.fr\/boutique\/"},{"@type":"ListItem","position":3,"name":"Store enrouleur Toile Occultante"}]},{"@type":"WebSite","@id":"https:\/\/www.alupieces.fr\/#website","url":"https:\/\/www.alupieces.fr\/","name":"Alupi\u00e8ces.fr","description":"La r\u00e9f\u00e9rence des pi\u00e8ces d\u00e9tach\u00e9es d&#039;origine en Aluminium Technal, Bubendorff et Mariton","publisher":{"@id":"https:\/\/www.alupieces.fr\/#organization"},"potentialAction":[{"@type":"SearchAction","target":{"@type":"EntryPoint","urlTemplate":"https:\/\/www.alupieces.fr\/?s={search_term_string}"},"query-input":"required name=search_term_string"}],"inLanguage":"es"},{"@type":"Organization","@id":"https:\/\/www.alupieces.fr\/#organization","name":"Alupi\u00e8ces","alternateName":"Alupi\u00e8ces.fr","url":"https:\/\/www.alupieces.fr\/","logo":{"@type":"ImageObject","inLanguage":"es","@id":"https:\/\/www.alupieces.fr\/#\/schema\/logo\/image\/","url":"https:\/\/www.alupieces.fr\/wp-content\/uploads\/2022\/12\/Bon-logo-1.png","contentUrl":"https:\/\/www.alupieces.fr\/wp-content\/uploads\/2022\/12\/Bon-logo-1.png","width":1367,"height":474,"caption":"Alupi\u00e8ces"},"image":{"@id":"https:\/\/www.alupieces.fr\/#\/schema\/logo\/image\/"}}]}},"wcpa_form_fields":null,"_links":{"self":[{"href":"https:\/\/www.alupieces.fr\/es\/wp-json\/wp\/v2\/product\/23923"}],"collection":[{"href":"https:\/\/www.alupieces.fr\/es\/wp-json\/wp\/v2\/product"}],"about":[{"href":"https:\/\/www.alupieces.fr\/es\/wp-json\/wp\/v2\/types\/product"}],"replies":[{"embeddable":true,"href":"https:\/\/www.alupieces.fr\/es\/wp-json\/wp\/v2\/comments?post=23923"}],"wp:featuredmedia":[{"embeddable":true,"href":"https:\/\/www.alupieces.fr\/es\/wp-json\/wp\/v2\/media\/24265"}],"wp:attachment":[{"href":"https:\/\/www.alupieces.fr\/es\/wp-json\/wp\/v2\/media?parent=23923"}],"wp:term":[{"taxonomy":"product_cat","embeddable":true,"href":"https:\/\/www.alupieces.fr\/es\/wp-json\/wp\/v2\/product_cat?post=23923"},{"taxonomy":"product_tag","embeddable":true,"href":"https:\/\/www.alupieces.fr\/es\/wp-json\/wp\/v2\/product_tag?post=23923"},{"taxonomy":"marque","embeddable":true,"href":"https:\/\/www.alupieces.fr\/es\/wp-json\/wp\/v2\/marque?post=23923"}],"curies":[{"name":"wp","href":"https:\/\/api.w.org\/{rel}","templated":true}]}}