{"id":23356,"date":"2025-03-18T18:15:56","date_gmt":"2025-03-18T17:15:56","guid":{"rendered":"https:\/\/www.alupieces.fr\/?post_type=product&#038;p=23356"},"modified":"2025-04-22T16:53:04","modified_gmt":"2025-04-22T14:53:04","slug":"moustione-enroulable-mariton","status":"publish","type":"product","link":"https:\/\/www.alupieces.fr\/es\/producto\/roll-up-moustion-mariton\/","title":{"rendered":"MoustiOne Mariton enrollable"},"content":{"rendered":"<p>La mosquitera<span style=\"font-size: 16px;font-style: normal;font-weight: 400\">\u00a0<\/span><span style=\"font-size: 16px;font-style: normal;font-weight: 400\">retr\u00e1ctil<\/span><span style=\"font-size: 16px\">\u00a0<\/span><span style=\"font-size: 16px;font-style: normal;font-weight: 400\">MoustiOne<\/span><span style=\"font-size: 16px;font-style: normal;font-weight: 400\"> Mariton Blanche, <span style=\"font-size: 16px\">Fabricado en Francia, <\/span><\/span><span style=\"font-size: 16px\">es i<\/span><span style=\"font-size: 16px;font-style: normal;font-weight: 400\">d\u00e9ale\u00a0<\/span><span style=\"font-size: 16px;font-style: normal;font-weight: 400\">para windows <\/span><span style=\"font-size: 16px;font-style: normal;font-weight: 400\">dimensiones reducidas y <\/span><span style=\"font-size: 16px\">protege contra los insectos.\u00a0<\/span><span style=\"font-size: 16px\">Dise\u00f1ado para resistir vientos fuertes (equivalentes a fuerza 6 en la escala de Beaufort). <\/span><\/p>\n<ul>\n<li>Color: blanco<\/li>\n<li>Caja de aluminio<\/li>\n<li>Gu\u00edas de aluminio con acabado blanco<\/li>\n<li>Tubo de aluminio<\/li>\n<li>Barra de carga de aluminio<\/li>\n<li>Accesorios: pl\u00e1stico negro.<\/li>\n<li>Dimensiones m\u00ednimas: Anchura 450 mm \/ Altura 300 mm<\/li>\n<li>Dimensi\u00f3n m\u00e1xima: An 1600 mm \/ Al 1400 mm<\/li>\n<li>Tensi\u00f3n del muelle regulable<\/li>\n<li><span style=\"font-size: 16px;font-style: normal;font-weight: 400\">Econ\u00f3mico, ideal para presupuestos reducidos<\/span><\/li>\n<\/ul>\n<p>Si se requiere una instalaci\u00f3n remota : <a href=\"https:\/\/www.alupieces.fr\/es\/?s=corniere&amp;post_type=product&amp;dgwt_wcas=1\">ver nuestros \u00e1ngulos<\/a><\/p>\n<p><img fetchpriority=\"high\" decoding=\"async\" class=\"alignnone wp-image-23686\" src=\"https:\/\/www.alupieces.fr\/wp-content\/uploads\/2025\/04\/thumbnail_Prise-de-mesure-MoustiOne-300x137.jpg\" alt=\"\" width=\"355\" height=\"162\" srcset=\"https:\/\/www.alupieces.fr\/wp-content\/uploads\/2025\/04\/thumbnail_Prise-de-mesure-MoustiOne-300x137.jpg 300w, https:\/\/www.alupieces.fr\/wp-content\/uploads\/2025\/04\/thumbnail_Prise-de-mesure-MoustiOne-64x29.jpg 64w, https:\/\/www.alupieces.fr\/wp-content\/uploads\/2025\/04\/thumbnail_Prise-de-mesure-MoustiOne.jpg 355w\" sizes=\"(max-width: 355px) 100vw, 355px\" \/><img decoding=\"async\" class=\"alignnone wp-image-23689\" src=\"https:\/\/www.alupieces.fr\/wp-content\/uploads\/2025\/03\/Encombrement-de-pose-MoustiOne.jpg\" alt=\"\" width=\"201\" height=\"240\" srcset=\"https:\/\/www.alupieces.fr\/wp-content\/uploads\/2025\/03\/Encombrement-de-pose-MoustiOne.jpg 235w, https:\/\/www.alupieces.fr\/wp-content\/uploads\/2025\/03\/Encombrement-de-pose-MoustiOne-64x77.jpg 64w\" sizes=\"(max-width: 201px) 100vw, 201px\" \/><img decoding=\"async\" class=\"alignnone size-full wp-image-23691\" style=\"font-weight: inherit\" src=\"https:\/\/www.alupieces.fr\/wp-content\/uploads\/2025\/03\/Limites-dimensionnelles-MoustiOne.jpg\" alt=\"\" width=\"276\" height=\"215\" srcset=\"https:\/\/www.alupieces.fr\/wp-content\/uploads\/2025\/03\/Limites-dimensionnelles-MoustiOne.jpg 276w, https:\/\/www.alupieces.fr\/wp-content\/uploads\/2025\/03\/Limites-dimensionnelles-MoustiOne-64x50.jpg 64w\" sizes=\"(max-width: 276px) 100vw, 276px\" \/><\/p>","protected":false},"excerpt":{"rendered":"<p>La moustiquaire\u00a0enroulable\u00a0MoustiOne Mariton Blanche, Fabrication Fran\u00e7aise, est id\u00e9ale\u00a0pour les fen\u00eatres de petites dimensions et prot\u00e8ge des insectes.\u00a0Con\u00e7ue pour r\u00e9sister \u00e0 des vents forts (\u00e9quivalent \u00e0 force 6 sur l&#8217;\u00e9chelle de beaufort). Couleur : Blanc Bo\u00eetier en aluminium Coulisses de guidage en aluminium avec une finition Blanc Tube d&#8217;enroulement en aluminium Barre en charge en aluminium [&hellip;]<\/p>","protected":false},"featured_media":23430,"comment_status":"open","ping_status":"closed","template":"","meta":{"site-sidebar-layout":"default","site-content-layout":"","ast-site-content-layout":"default","site-content-style":"default","site-sidebar-style":"default","ast-global-header-display":"","ast-banner-title-visibility":"","ast-main-header-display":"","ast-hfb-above-header-display":"","ast-hfb-below-header-display":"","ast-hfb-mobile-header-display":"","site-post-title":"","ast-breadcrumbs-content":"","ast-featured-img":"","footer-sml-layout":"","theme-transparent-header-meta":"default","adv-header-id-meta":"","stick-header-meta":"","header-above-stick-meta":"","header-main-stick-meta":"","header-below-stick-meta":"","astra-migrate-meta-layouts":"set","ast-page-background-enabled":"default","ast-page-background-meta":{"desktop":{"background-color":"var(--ast-global-color-4)","background-image":"","background-repeat":"repeat","background-position":"center center","background-size":"auto","background-attachment":"scroll","background-type":"","background-media":"","overlay-type":"","overlay-color":"","overlay-opacity":"","overlay-gradient":""},"tablet":{"background-color":"","background-image":"","background-repeat":"repeat","background-position":"center center","background-size":"auto","background-attachment":"scroll","background-type":"","background-media":"","overlay-type":"","overlay-color":"","overlay-opacity":"","overlay-gradient":""},"mobile":{"background-color":"","background-image":"","background-repeat":"repeat","background-position":"center center","background-size":"auto","background-attachment":"scroll","background-type":"","background-media":"","overlay-type":"","overlay-color":"","overlay-opacity":"","overlay-gradient":""}},"ast-content-background-meta":{"desktop":{"background-color":"var(--ast-global-color-5)","background-image":"","background-repeat":"repeat","background-position":"center center","background-size":"auto","background-attachment":"scroll","background-type":"","background-media":"","overlay-type":"","overlay-color":"","overlay-opacity":"","overlay-gradient":""},"tablet":{"background-color":"var(--ast-global-color-5)","background-image":"","background-repeat":"repeat","background-position":"center center","background-size":"auto","background-attachment":"scroll","background-type":"","background-media":"","overlay-type":"","overlay-color":"","overlay-opacity":"","overlay-gradient":""},"mobile":{"background-color":"var(--ast-global-color-5)","background-image":"","background-repeat":"repeat","background-position":"center center","background-size":"auto","background-attachment":"scroll","background-type":"","background-media":"","overlay-type":"","overlay-color":"","overlay-opacity":"","overlay-gradient":""}}},"product_cat":[35,36],"product_tag":[],"marque":[108],"acf":[],"yoast_head":"<!-- This site is optimized with the Yoast SEO plugin v20.1 - https:\/\/yoast.com\/wordpress\/plugins\/seo\/ -->\n<title>MoustiOne Enroulable Mariton - Alupi\u00e8ces.fr<\/title>\n<meta name=\"description\" content=\"MoustiOne Mariton Fabrication Fran\u00e7aise, id\u00e9ale\u00a0pour les fen\u00eatre de petites dimensions et les petits budgets. R\u00e9siste \u00e0 des vents forts(\u00e9quivalent \u00e0 force 6 sur l&#039;\u00e9chelle de beaufort)\" \/>\n<meta name=\"robots\" content=\"index, follow, max-snippet:-1, max-image-preview:large, max-video-preview:-1\" \/>\n<link rel=\"canonical\" href=\"https:\/\/www.alupieces.fr\/es\/producto\/roll-up-moustion-mariton\/\" \/>\n<meta property=\"og:locale\" content=\"es_ES\" \/>\n<meta property=\"og:type\" content=\"article\" \/>\n<meta property=\"og:title\" content=\"MoustiOne Enroulable Mariton - Alupi\u00e8ces.fr\" \/>\n<meta property=\"og:description\" content=\"MoustiOne Mariton Fabrication Fran\u00e7aise, id\u00e9ale\u00a0pour les fen\u00eatre de petites dimensions et les petits budgets. R\u00e9siste \u00e0 des vents forts(\u00e9quivalent \u00e0 force 6 sur l&#039;\u00e9chelle de beaufort)\" \/>\n<meta property=\"og:url\" content=\"https:\/\/www.alupieces.fr\/es\/producto\/roll-up-moustion-mariton\/\" \/>\n<meta property=\"og:site_name\" content=\"Alupi\u00e8ces.fr\" \/>\n<meta property=\"article:modified_time\" content=\"2025-04-22T14:53:04+00:00\" \/>\n<meta property=\"og:image\" content=\"https:\/\/www.alupieces.fr\/wp-content\/uploads\/2025\/03\/MoustiOne-Mariton-Visuel-001.jpg\" \/>\n\t<meta property=\"og:image:width\" content=\"827\" \/>\n\t<meta property=\"og:image:height\" content=\"827\" \/>\n\t<meta property=\"og:image:type\" content=\"image\/jpeg\" \/>\n<meta name=\"twitter:card\" content=\"summary_large_image\" \/>\n<meta name=\"twitter:label1\" content=\"Tiempo de lectura\" \/>\n\t<meta name=\"twitter:data1\" content=\"2 minutos\" \/>\n<!-- \/ Yoast SEO plugin. -->","yoast_head_json":{"title":"MoustiOne Enroulable Mariton - Alupi\u00e8ces.fr","description":"MoustiOne Mariton Fabrication Fran\u00e7aise, id\u00e9ale\u00a0pour les fen\u00eatre de petites dimensions et les petits budgets. R\u00e9siste \u00e0 des vents forts(\u00e9quivalent \u00e0 force 6 sur l'\u00e9chelle de beaufort)","robots":{"index":"index","follow":"follow","max-snippet":"max-snippet:-1","max-image-preview":"max-image-preview:large","max-video-preview":"max-video-preview:-1"},"canonical":"https:\/\/www.alupieces.fr\/es\/producto\/roll-up-moustion-mariton\/","og_locale":"es_ES","og_type":"article","og_title":"MoustiOne Enroulable Mariton - Alupi\u00e8ces.fr","og_description":"MoustiOne Mariton Fabrication Fran\u00e7aise, id\u00e9ale\u00a0pour les fen\u00eatre de petites dimensions et les petits budgets. R\u00e9siste \u00e0 des vents forts(\u00e9quivalent \u00e0 force 6 sur l'\u00e9chelle de beaufort)","og_url":"https:\/\/www.alupieces.fr\/es\/producto\/roll-up-moustion-mariton\/","og_site_name":"Alupi\u00e8ces.fr","article_modified_time":"2025-04-22T14:53:04+00:00","og_image":[{"width":827,"height":827,"url":"https:\/\/www.alupieces.fr\/wp-content\/uploads\/2025\/03\/MoustiOne-Mariton-Visuel-001.jpg","type":"image\/jpeg"}],"twitter_card":"summary_large_image","twitter_misc":{"Tiempo de lectura":"2 minutos"},"schema":{"@context":"https:\/\/schema.org","@graph":[{"@type":"WebPage","@id":"https:\/\/www.alupieces.fr\/produit\/moustione-enroulable-mariton\/","url":"https:\/\/www.alupieces.fr\/produit\/moustione-enroulable-mariton\/","name":"MoustiOne Enroulable Mariton - Alupi\u00e8ces.fr","isPartOf":{"@id":"https:\/\/www.alupieces.fr\/#website"},"datePublished":"2025-03-18T17:15:56+00:00","dateModified":"2025-04-22T14:53:04+00:00","description":"MoustiOne Mariton Fabrication Fran\u00e7aise, id\u00e9ale\u00a0pour les fen\u00eatre de petites dimensions et les petits budgets. R\u00e9siste \u00e0 des vents forts(\u00e9quivalent \u00e0 force 6 sur l'\u00e9chelle de beaufort)","breadcrumb":{"@id":"https:\/\/www.alupieces.fr\/produit\/moustione-enroulable-mariton\/#breadcrumb"},"inLanguage":"es","potentialAction":[{"@type":"ReadAction","target":["https:\/\/www.alupieces.fr\/produit\/moustione-enroulable-mariton\/"]}]},{"@type":"BreadcrumbList","@id":"https:\/\/www.alupieces.fr\/produit\/moustione-enroulable-mariton\/#breadcrumb","itemListElement":[{"@type":"ListItem","position":1,"name":"Accueil","item":"https:\/\/www.alupieces.fr\/"},{"@type":"ListItem","position":2,"name":"Boutique","item":"https:\/\/www.alupieces.fr\/boutique\/"},{"@type":"ListItem","position":3,"name":"MoustiOne Enroulable Mariton"}]},{"@type":"WebSite","@id":"https:\/\/www.alupieces.fr\/#website","url":"https:\/\/www.alupieces.fr\/","name":"Alupi\u00e8ces.fr","description":"La r\u00e9f\u00e9rence des pi\u00e8ces d\u00e9tach\u00e9es d&#039;origine en Aluminium Technal, Bubendorff et Mariton","publisher":{"@id":"https:\/\/www.alupieces.fr\/#organization"},"potentialAction":[{"@type":"SearchAction","target":{"@type":"EntryPoint","urlTemplate":"https:\/\/www.alupieces.fr\/?s={search_term_string}"},"query-input":"required name=search_term_string"}],"inLanguage":"es"},{"@type":"Organization","@id":"https:\/\/www.alupieces.fr\/#organization","name":"Alupi\u00e8ces","alternateName":"Alupi\u00e8ces.fr","url":"https:\/\/www.alupieces.fr\/","logo":{"@type":"ImageObject","inLanguage":"es","@id":"https:\/\/www.alupieces.fr\/#\/schema\/logo\/image\/","url":"https:\/\/www.alupieces.fr\/wp-content\/uploads\/2022\/12\/Bon-logo-1.png","contentUrl":"https:\/\/www.alupieces.fr\/wp-content\/uploads\/2022\/12\/Bon-logo-1.png","width":1367,"height":474,"caption":"Alupi\u00e8ces"},"image":{"@id":"https:\/\/www.alupieces.fr\/#\/schema\/logo\/image\/"}}]}},"wcpa_form_fields":null,"_links":{"self":[{"href":"https:\/\/www.alupieces.fr\/es\/wp-json\/wp\/v2\/product\/23356"}],"collection":[{"href":"https:\/\/www.alupieces.fr\/es\/wp-json\/wp\/v2\/product"}],"about":[{"href":"https:\/\/www.alupieces.fr\/es\/wp-json\/wp\/v2\/types\/product"}],"replies":[{"embeddable":true,"href":"https:\/\/www.alupieces.fr\/es\/wp-json\/wp\/v2\/comments?post=23356"}],"wp:featuredmedia":[{"embeddable":true,"href":"https:\/\/www.alupieces.fr\/es\/wp-json\/wp\/v2\/media\/23430"}],"wp:attachment":[{"href":"https:\/\/www.alupieces.fr\/es\/wp-json\/wp\/v2\/media?parent=23356"}],"wp:term":[{"taxonomy":"product_cat","embeddable":true,"href":"https:\/\/www.alupieces.fr\/es\/wp-json\/wp\/v2\/product_cat?post=23356"},{"taxonomy":"product_tag","embeddable":true,"href":"https:\/\/www.alupieces.fr\/es\/wp-json\/wp\/v2\/product_tag?post=23356"},{"taxonomy":"marque","embeddable":true,"href":"https:\/\/www.alupieces.fr\/es\/wp-json\/wp\/v2\/marque?post=23356"}],"curies":[{"name":"wp","href":"https:\/\/api.w.org\/{rel}","templated":true}]}}