{"id":21861,"date":"2024-12-18T17:32:45","date_gmt":"2024-12-18T16:32:45","guid":{"rendered":"https:\/\/www.alupieces.fr\/?post_type=product&#038;p=21861"},"modified":"2026-03-04T14:52:57","modified_gmt":"2026-03-04T13:52:57","slug":"ventouse-a-pompe-120kg","status":"publish","type":"product","link":"https:\/\/www.alupieces.fr\/es\/producto\/ventosa-bomba-120kg\/","title":{"rendered":"Bomba de vac\u00edo 120kg"},"content":{"rendered":"<p>Bomba de vac\u00edo 120kg, p<span style=\"font-size: 16px;font-style: normal;font-weight: 400\">bomba de vac\u00edo integrada.\u00a0<\/span>Gran capacidad de carga, gran di\u00e1metro del disco de succi\u00f3n, p<span style=\"font-size: 16px;font-style: normal;font-weight: 400\">Asa acolchada antideslizante,<\/span>\u00a0<span style=\"font-size: 16px;font-style: normal;font-weight: 400\">esencial para manipular vidrio y otras superficies lisas<\/span><\/p>\n<p>Se entrega en una caja de almacenamiento<br \/>\n- Capacidad de tracci\u00f3n: 120 kg<br \/>\n- Di\u00e1metro del disco: 210 mm<br \/>\n- La desaparici\u00f3n del anillo rojo garantiza un posicionamiento \u00f3ptimo de la ventosa<\/p>\n<ul>\n<li><span style=\"color: #000080\"><em>Tambi\u00e9n disponible en <a style=\"color: #000080\" href=\"https:\/\/www.alupieces.fr\/es\/producto\/ventosa-bomba-56kg\/\">Bomba de vac\u00edo 56kg<\/a><\/em><\/span><\/li>\n<\/ul>","protected":false},"excerpt":{"rendered":"<p>Ventouse \u00e0 pompe 120kg, pompe \u00e0 vide int\u00e9gr\u00e9e.\u00a0Capacit\u00e9 de charge \u00e9lev\u00e9e, grand diam\u00e8tre du disque d\u2019aspiration, poign\u00e9e molletonn\u00e9e antid\u00e9rapante,\u00a0indispensable pour la manutention de vitres et autres surfaces lisses Livr\u00e9e dans un coffret de rangement \u2022 Capacit\u00e9 de traction : 120 kg \u2022 \u00d8 du disque : 210 mm \u2022 La disparition de l&#8217;anneau rouge garantit [&hellip;]<\/p>","protected":false},"featured_media":24105,"comment_status":"open","ping_status":"closed","template":"","meta":{"site-sidebar-layout":"default","site-content-layout":"default","ast-site-content-layout":"","site-content-style":"default","site-sidebar-style":"default","ast-global-header-display":"","ast-banner-title-visibility":"","ast-main-header-display":"","ast-hfb-above-header-display":"","ast-hfb-below-header-display":"","ast-hfb-mobile-header-display":"","site-post-title":"","ast-breadcrumbs-content":"","ast-featured-img":"","footer-sml-layout":"","theme-transparent-header-meta":"default","adv-header-id-meta":"","stick-header-meta":"","header-above-stick-meta":"","header-main-stick-meta":"","header-below-stick-meta":"","astra-migrate-meta-layouts":"default","ast-page-background-enabled":"default","ast-page-background-meta":{"desktop":{"background-color":"var(--ast-global-color-4)","background-image":"","background-repeat":"repeat","background-position":"center center","background-size":"auto","background-attachment":"scroll","background-type":"","background-media":"","overlay-type":"","overlay-color":"","overlay-opacity":"","overlay-gradient":""},"tablet":{"background-color":"","background-image":"","background-repeat":"repeat","background-position":"center center","background-size":"auto","background-attachment":"scroll","background-type":"","background-media":"","overlay-type":"","overlay-color":"","overlay-opacity":"","overlay-gradient":""},"mobile":{"background-color":"","background-image":"","background-repeat":"repeat","background-position":"center center","background-size":"auto","background-attachment":"scroll","background-type":"","background-media":"","overlay-type":"","overlay-color":"","overlay-opacity":"","overlay-gradient":""}},"ast-content-background-meta":{"desktop":{"background-color":"var(--ast-global-color-5)","background-image":"","background-repeat":"repeat","background-position":"center center","background-size":"auto","background-attachment":"scroll","background-type":"","background-media":"","overlay-type":"","overlay-color":"","overlay-opacity":"","overlay-gradient":""},"tablet":{"background-color":"var(--ast-global-color-5)","background-image":"","background-repeat":"repeat","background-position":"center center","background-size":"auto","background-attachment":"scroll","background-type":"","background-media":"","overlay-type":"","overlay-color":"","overlay-opacity":"","overlay-gradient":""},"mobile":{"background-color":"var(--ast-global-color-5)","background-image":"","background-repeat":"repeat","background-position":"center center","background-size":"auto","background-attachment":"scroll","background-type":"","background-media":"","overlay-type":"","overlay-color":"","overlay-opacity":"","overlay-gradient":""}}},"product_cat":[39],"product_tag":[],"marque":[105],"acf":[],"yoast_head":"<!-- This site is optimized with the Yoast SEO plugin v20.1 - https:\/\/yoast.com\/wordpress\/plugins\/seo\/ -->\n<title>Ventouse \u00e0 Pompe 120kg - Alupi\u00e8ces.fr<\/title>\n<meta name=\"description\" content=\"Ventouse \u00e0 Pompe 120kg\u00a0Wurth. Livr\u00e9e dans un coffret de rangement. Capacit\u00e9 de traction : 120 kg existe aussi en traction 56kg\" \/>\n<meta name=\"robots\" content=\"index, follow, max-snippet:-1, max-image-preview:large, max-video-preview:-1\" \/>\n<link rel=\"canonical\" href=\"https:\/\/www.alupieces.fr\/es\/producto\/ventosa-bomba-120kg\/\" \/>\n<meta property=\"og:locale\" content=\"es_ES\" \/>\n<meta property=\"og:type\" content=\"article\" \/>\n<meta property=\"og:title\" content=\"Ventouse \u00e0 Pompe 120kg - Alupi\u00e8ces.fr\" \/>\n<meta property=\"og:description\" content=\"Ventouse \u00e0 Pompe 120kg\u00a0Wurth. Livr\u00e9e dans un coffret de rangement. Capacit\u00e9 de traction : 120 kg existe aussi en traction 56kg\" \/>\n<meta property=\"og:url\" content=\"https:\/\/www.alupieces.fr\/es\/producto\/ventosa-bomba-120kg\/\" \/>\n<meta property=\"og:site_name\" content=\"Alupi\u00e8ces.fr\" \/>\n<meta property=\"article:modified_time\" content=\"2026-03-04T13:52:57+00:00\" \/>\n<meta property=\"og:image\" content=\"https:\/\/www.alupieces.fr\/wp-content\/uploads\/2024\/12\/Ventouse-a-pompe-120kg-004.jpg\" \/>\n\t<meta property=\"og:image:width\" content=\"827\" \/>\n\t<meta property=\"og:image:height\" content=\"827\" \/>\n\t<meta property=\"og:image:type\" content=\"image\/jpeg\" \/>\n<meta name=\"twitter:card\" content=\"summary_large_image\" \/>\n<meta name=\"twitter:label1\" content=\"Tiempo de lectura\" \/>\n\t<meta name=\"twitter:data1\" content=\"1 minuto\" \/>\n<!-- \/ Yoast SEO plugin. -->","yoast_head_json":{"title":"Ventouse \u00e0 Pompe 120kg - Alupi\u00e8ces.fr","description":"Ventouse \u00e0 Pompe 120kg\u00a0Wurth. Livr\u00e9e dans un coffret de rangement. Capacit\u00e9 de traction : 120 kg existe aussi en traction 56kg","robots":{"index":"index","follow":"follow","max-snippet":"max-snippet:-1","max-image-preview":"max-image-preview:large","max-video-preview":"max-video-preview:-1"},"canonical":"https:\/\/www.alupieces.fr\/es\/producto\/ventosa-bomba-120kg\/","og_locale":"es_ES","og_type":"article","og_title":"Ventouse \u00e0 Pompe 120kg - Alupi\u00e8ces.fr","og_description":"Ventouse \u00e0 Pompe 120kg\u00a0Wurth. Livr\u00e9e dans un coffret de rangement. Capacit\u00e9 de traction : 120 kg existe aussi en traction 56kg","og_url":"https:\/\/www.alupieces.fr\/es\/producto\/ventosa-bomba-120kg\/","og_site_name":"Alupi\u00e8ces.fr","article_modified_time":"2026-03-04T13:52:57+00:00","og_image":[{"width":827,"height":827,"url":"https:\/\/www.alupieces.fr\/wp-content\/uploads\/2024\/12\/Ventouse-a-pompe-120kg-004.jpg","type":"image\/jpeg"}],"twitter_card":"summary_large_image","twitter_misc":{"Tiempo de lectura":"1 minuto"},"schema":{"@context":"https:\/\/schema.org","@graph":[{"@type":"WebPage","@id":"https:\/\/www.alupieces.fr\/produit\/ventouse-a-pompe-120kg\/","url":"https:\/\/www.alupieces.fr\/produit\/ventouse-a-pompe-120kg\/","name":"Ventouse \u00e0 Pompe 120kg - Alupi\u00e8ces.fr","isPartOf":{"@id":"https:\/\/www.alupieces.fr\/#website"},"datePublished":"2024-12-18T16:32:45+00:00","dateModified":"2026-03-04T13:52:57+00:00","description":"Ventouse \u00e0 Pompe 120kg\u00a0Wurth. Livr\u00e9e dans un coffret de rangement. Capacit\u00e9 de traction : 120 kg existe aussi en traction 56kg","breadcrumb":{"@id":"https:\/\/www.alupieces.fr\/produit\/ventouse-a-pompe-120kg\/#breadcrumb"},"inLanguage":"es","potentialAction":[{"@type":"ReadAction","target":["https:\/\/www.alupieces.fr\/produit\/ventouse-a-pompe-120kg\/"]}]},{"@type":"BreadcrumbList","@id":"https:\/\/www.alupieces.fr\/produit\/ventouse-a-pompe-120kg\/#breadcrumb","itemListElement":[{"@type":"ListItem","position":1,"name":"Accueil","item":"https:\/\/www.alupieces.fr\/"},{"@type":"ListItem","position":2,"name":"Boutique","item":"https:\/\/www.alupieces.fr\/boutique\/"},{"@type":"ListItem","position":3,"name":"Ventouse \u00e0 Pompe 120kg"}]},{"@type":"WebSite","@id":"https:\/\/www.alupieces.fr\/#website","url":"https:\/\/www.alupieces.fr\/","name":"Alupi\u00e8ces.fr","description":"La r\u00e9f\u00e9rence des pi\u00e8ces d\u00e9tach\u00e9es d&#039;origine en Aluminium Technal, Bubendorff et Mariton","publisher":{"@id":"https:\/\/www.alupieces.fr\/#organization"},"potentialAction":[{"@type":"SearchAction","target":{"@type":"EntryPoint","urlTemplate":"https:\/\/www.alupieces.fr\/?s={search_term_string}"},"query-input":"required name=search_term_string"}],"inLanguage":"es"},{"@type":"Organization","@id":"https:\/\/www.alupieces.fr\/#organization","name":"Alupi\u00e8ces","alternateName":"Alupi\u00e8ces.fr","url":"https:\/\/www.alupieces.fr\/","logo":{"@type":"ImageObject","inLanguage":"es","@id":"https:\/\/www.alupieces.fr\/#\/schema\/logo\/image\/","url":"https:\/\/www.alupieces.fr\/wp-content\/uploads\/2022\/12\/Bon-logo-1.png","contentUrl":"https:\/\/www.alupieces.fr\/wp-content\/uploads\/2022\/12\/Bon-logo-1.png","width":1367,"height":474,"caption":"Alupi\u00e8ces"},"image":{"@id":"https:\/\/www.alupieces.fr\/#\/schema\/logo\/image\/"}}]}},"wcpa_form_fields":null,"_links":{"self":[{"href":"https:\/\/www.alupieces.fr\/es\/wp-json\/wp\/v2\/product\/21861"}],"collection":[{"href":"https:\/\/www.alupieces.fr\/es\/wp-json\/wp\/v2\/product"}],"about":[{"href":"https:\/\/www.alupieces.fr\/es\/wp-json\/wp\/v2\/types\/product"}],"replies":[{"embeddable":true,"href":"https:\/\/www.alupieces.fr\/es\/wp-json\/wp\/v2\/comments?post=21861"}],"wp:featuredmedia":[{"embeddable":true,"href":"https:\/\/www.alupieces.fr\/es\/wp-json\/wp\/v2\/media\/24105"}],"wp:attachment":[{"href":"https:\/\/www.alupieces.fr\/es\/wp-json\/wp\/v2\/media?parent=21861"}],"wp:term":[{"taxonomy":"product_cat","embeddable":true,"href":"https:\/\/www.alupieces.fr\/es\/wp-json\/wp\/v2\/product_cat?post=21861"},{"taxonomy":"product_tag","embeddable":true,"href":"https:\/\/www.alupieces.fr\/es\/wp-json\/wp\/v2\/product_tag?post=21861"},{"taxonomy":"marque","embeddable":true,"href":"https:\/\/www.alupieces.fr\/es\/wp-json\/wp\/v2\/marque?post=21861"}],"curies":[{"name":"wp","href":"https:\/\/api.w.org\/{rel}","templated":true}]}}