{"id":20533,"date":"2024-11-19T13:47:48","date_gmt":"2024-11-19T12:47:48","guid":{"rendered":"https:\/\/www.alupieces.fr\/?post_type=product&#038;p=20533"},"modified":"2026-03-04T11:48:34","modified_gmt":"2026-03-04T10:48:34","slug":"lingette-fibre-speciale-vitres","status":"publish","type":"product","link":"https:\/\/www.alupieces.fr\/es\/producto\/pano-especial-fibra-de-vidrio\/","title":{"rendered":"Limpiacristales especial"},"content":{"rendered":"<p>Esta bayeta de fibra (Greenfiber) limpia cristales, espejos y superficies brillantes. Puede utilizarse en h\u00famedo o en seco. Respeta el medio ambiente y no requiere productos qu\u00edmicos dom\u00e9sticos.<br \/>\nElimina la suciedad sin esfuerzo y sin dejar rayas, incluso de los componentes cromados de fontaner\u00eda.<\/p>\n<p>La fibra est\u00e1 trenzada en cientos de microfilamentos que, al humedecerse, act\u00faan por capilaridad para absorber una enorme cantidad de humedad que contiene suciedad.<br \/>\nUna vez seca, la suave estructura de la microfibra permite limpiar suavemente pantallas, monitores y electrodom\u00e9sticos sin rayarlos ni da\u00f1arlos.<br \/>\n* Color: Verde<\/p>\n<p>&nbsp;<\/p>","protected":false},"excerpt":{"rendered":"<p>Cette lingette fibre (Greenfiber) nettoie les vitres, miroirs et surfaces brillantes. Peut \u00eatre utilis\u00e9e humide ou s\u00e8che. Respectueuse de l&#8217;environnement et ne n\u00e9cessite aucun produit m\u00e9nager chimique. Elimine la salet\u00e9 sans effort et sans traces y compris sur les \u00e9l\u00e9ments de plomberie chrom\u00e9s. La fibre est tress\u00e9e en centaines de microfilaments qui, lorsqu&#8217;elle est humidifi\u00e9e, [&hellip;]<\/p>","protected":false},"featured_media":20857,"comment_status":"open","ping_status":"closed","template":"","meta":{"site-sidebar-layout":"default","site-content-layout":"","ast-site-content-layout":"","site-content-style":"default","site-sidebar-style":"default","ast-global-header-display":"","ast-banner-title-visibility":"","ast-main-header-display":"","ast-hfb-above-header-display":"","ast-hfb-below-header-display":"","ast-hfb-mobile-header-display":"","site-post-title":"","ast-breadcrumbs-content":"","ast-featured-img":"","footer-sml-layout":"","theme-transparent-header-meta":"","adv-header-id-meta":"","stick-header-meta":"","header-above-stick-meta":"","header-main-stick-meta":"","header-below-stick-meta":"","astra-migrate-meta-layouts":"default","ast-page-background-enabled":"default","ast-page-background-meta":{"desktop":{"background-color":"var(--ast-global-color-4)","background-image":"","background-repeat":"repeat","background-position":"center center","background-size":"auto","background-attachment":"scroll","background-type":"","background-media":"","overlay-type":"","overlay-color":"","overlay-opacity":"","overlay-gradient":""},"tablet":{"background-color":"","background-image":"","background-repeat":"repeat","background-position":"center center","background-size":"auto","background-attachment":"scroll","background-type":"","background-media":"","overlay-type":"","overlay-color":"","overlay-opacity":"","overlay-gradient":""},"mobile":{"background-color":"","background-image":"","background-repeat":"repeat","background-position":"center center","background-size":"auto","background-attachment":"scroll","background-type":"","background-media":"","overlay-type":"","overlay-color":"","overlay-opacity":"","overlay-gradient":""}},"ast-content-background-meta":{"desktop":{"background-color":"var(--ast-global-color-5)","background-image":"","background-repeat":"repeat","background-position":"center center","background-size":"auto","background-attachment":"scroll","background-type":"","background-media":"","overlay-type":"","overlay-color":"","overlay-opacity":"","overlay-gradient":""},"tablet":{"background-color":"var(--ast-global-color-5)","background-image":"","background-repeat":"repeat","background-position":"center center","background-size":"auto","background-attachment":"scroll","background-type":"","background-media":"","overlay-type":"","overlay-color":"","overlay-opacity":"","overlay-gradient":""},"mobile":{"background-color":"var(--ast-global-color-5)","background-image":"","background-repeat":"repeat","background-position":"center center","background-size":"auto","background-attachment":"scroll","background-type":"","background-media":"","overlay-type":"","overlay-color":"","overlay-opacity":"","overlay-gradient":""}}},"product_cat":[197,45,20,39,17,19],"product_tag":[],"marque":[105],"acf":[],"yoast_head":"<!-- This site is optimized with the Yoast SEO plugin v20.1 - https:\/\/yoast.com\/wordpress\/plugins\/seo\/ -->\n<title>Lingette fibre sp\u00e9ciale vitres - Alupi\u00e8ces.fr<\/title>\n<meta name=\"description\" content=\"Retrouvez toutes vos pi\u00e8ces d\u00e9tach\u00e9es Technal, poign\u00e9e de porte Technal, serrure Technal, g\u00e2ches Technal, pi\u00e8ces 100% Origine, livraison rapide\" \/>\n<meta name=\"robots\" content=\"index, follow, max-snippet:-1, max-image-preview:large, max-video-preview:-1\" \/>\n<link rel=\"canonical\" href=\"https:\/\/www.alupieces.fr\/es\/producto\/pano-especial-fibra-de-vidrio\/\" \/>\n<meta property=\"og:locale\" content=\"es_ES\" \/>\n<meta property=\"og:type\" content=\"article\" \/>\n<meta property=\"og:title\" content=\"Lingette fibre sp\u00e9ciale vitres - Alupi\u00e8ces.fr\" \/>\n<meta property=\"og:description\" content=\"Retrouvez toutes vos pi\u00e8ces d\u00e9tach\u00e9es Technal, poign\u00e9e de porte Technal, serrure Technal, g\u00e2ches Technal, pi\u00e8ces 100% Origine, livraison rapide\" \/>\n<meta property=\"og:url\" content=\"https:\/\/www.alupieces.fr\/es\/producto\/pano-especial-fibra-de-vidrio\/\" \/>\n<meta property=\"og:site_name\" content=\"Alupi\u00e8ces.fr\" \/>\n<meta property=\"article:modified_time\" content=\"2026-03-04T10:48:34+00:00\" \/>\n<meta property=\"og:image\" content=\"https:\/\/www.alupieces.fr\/wp-content\/uploads\/2024\/11\/Fibre-HP1-001.jpg\" \/>\n\t<meta property=\"og:image:width\" content=\"827\" \/>\n\t<meta property=\"og:image:height\" content=\"827\" \/>\n\t<meta property=\"og:image:type\" content=\"image\/jpeg\" \/>\n<meta name=\"twitter:card\" content=\"summary_large_image\" \/>\n<meta name=\"twitter:label1\" content=\"Tiempo de lectura\" \/>\n\t<meta name=\"twitter:data1\" content=\"1 minuto\" \/>\n<!-- \/ Yoast SEO plugin. -->","yoast_head_json":{"title":"Lingette fibre sp\u00e9ciale vitres - Alupi\u00e8ces.fr","description":"Retrouvez toutes vos pi\u00e8ces d\u00e9tach\u00e9es Technal, poign\u00e9e de porte Technal, serrure Technal, g\u00e2ches Technal, pi\u00e8ces 100% Origine, livraison rapide","robots":{"index":"index","follow":"follow","max-snippet":"max-snippet:-1","max-image-preview":"max-image-preview:large","max-video-preview":"max-video-preview:-1"},"canonical":"https:\/\/www.alupieces.fr\/es\/producto\/pano-especial-fibra-de-vidrio\/","og_locale":"es_ES","og_type":"article","og_title":"Lingette fibre sp\u00e9ciale vitres - Alupi\u00e8ces.fr","og_description":"Retrouvez toutes vos pi\u00e8ces d\u00e9tach\u00e9es Technal, poign\u00e9e de porte Technal, serrure Technal, g\u00e2ches Technal, pi\u00e8ces 100% Origine, livraison rapide","og_url":"https:\/\/www.alupieces.fr\/es\/producto\/pano-especial-fibra-de-vidrio\/","og_site_name":"Alupi\u00e8ces.fr","article_modified_time":"2026-03-04T10:48:34+00:00","og_image":[{"width":827,"height":827,"url":"https:\/\/www.alupieces.fr\/wp-content\/uploads\/2024\/11\/Fibre-HP1-001.jpg","type":"image\/jpeg"}],"twitter_card":"summary_large_image","twitter_misc":{"Tiempo de lectura":"1 minuto"},"schema":{"@context":"https:\/\/schema.org","@graph":[{"@type":"WebPage","@id":"https:\/\/www.alupieces.fr\/produit\/lingette-fibre-speciale-vitres\/","url":"https:\/\/www.alupieces.fr\/produit\/lingette-fibre-speciale-vitres\/","name":"Lingette fibre sp\u00e9ciale vitres - Alupi\u00e8ces.fr","isPartOf":{"@id":"https:\/\/www.alupieces.fr\/#website"},"datePublished":"2024-11-19T12:47:48+00:00","dateModified":"2026-03-04T10:48:34+00:00","description":"Retrouvez toutes vos pi\u00e8ces d\u00e9tach\u00e9es Technal, poign\u00e9e de porte Technal, serrure Technal, g\u00e2ches Technal, pi\u00e8ces 100% Origine, livraison rapide","breadcrumb":{"@id":"https:\/\/www.alupieces.fr\/produit\/lingette-fibre-speciale-vitres\/#breadcrumb"},"inLanguage":"es","potentialAction":[{"@type":"ReadAction","target":["https:\/\/www.alupieces.fr\/produit\/lingette-fibre-speciale-vitres\/"]}]},{"@type":"BreadcrumbList","@id":"https:\/\/www.alupieces.fr\/produit\/lingette-fibre-speciale-vitres\/#breadcrumb","itemListElement":[{"@type":"ListItem","position":1,"name":"Accueil","item":"https:\/\/www.alupieces.fr\/"},{"@type":"ListItem","position":2,"name":"Boutique","item":"https:\/\/www.alupieces.fr\/boutique\/"},{"@type":"ListItem","position":3,"name":"Lingette fibre sp\u00e9ciale vitres"}]},{"@type":"WebSite","@id":"https:\/\/www.alupieces.fr\/#website","url":"https:\/\/www.alupieces.fr\/","name":"Alupi\u00e8ces.fr","description":"La r\u00e9f\u00e9rence des pi\u00e8ces d\u00e9tach\u00e9es d&#039;origine en Aluminium Technal, Bubendorff et Mariton","publisher":{"@id":"https:\/\/www.alupieces.fr\/#organization"},"potentialAction":[{"@type":"SearchAction","target":{"@type":"EntryPoint","urlTemplate":"https:\/\/www.alupieces.fr\/?s={search_term_string}"},"query-input":"required name=search_term_string"}],"inLanguage":"es"},{"@type":"Organization","@id":"https:\/\/www.alupieces.fr\/#organization","name":"Alupi\u00e8ces","alternateName":"Alupi\u00e8ces.fr","url":"https:\/\/www.alupieces.fr\/","logo":{"@type":"ImageObject","inLanguage":"es","@id":"https:\/\/www.alupieces.fr\/#\/schema\/logo\/image\/","url":"https:\/\/www.alupieces.fr\/wp-content\/uploads\/2022\/12\/Bon-logo-1.png","contentUrl":"https:\/\/www.alupieces.fr\/wp-content\/uploads\/2022\/12\/Bon-logo-1.png","width":1367,"height":474,"caption":"Alupi\u00e8ces"},"image":{"@id":"https:\/\/www.alupieces.fr\/#\/schema\/logo\/image\/"}}]}},"wcpa_form_fields":null,"_links":{"self":[{"href":"https:\/\/www.alupieces.fr\/es\/wp-json\/wp\/v2\/product\/20533"}],"collection":[{"href":"https:\/\/www.alupieces.fr\/es\/wp-json\/wp\/v2\/product"}],"about":[{"href":"https:\/\/www.alupieces.fr\/es\/wp-json\/wp\/v2\/types\/product"}],"replies":[{"embeddable":true,"href":"https:\/\/www.alupieces.fr\/es\/wp-json\/wp\/v2\/comments?post=20533"}],"wp:featuredmedia":[{"embeddable":true,"href":"https:\/\/www.alupieces.fr\/es\/wp-json\/wp\/v2\/media\/20857"}],"wp:attachment":[{"href":"https:\/\/www.alupieces.fr\/es\/wp-json\/wp\/v2\/media?parent=20533"}],"wp:term":[{"taxonomy":"product_cat","embeddable":true,"href":"https:\/\/www.alupieces.fr\/es\/wp-json\/wp\/v2\/product_cat?post=20533"},{"taxonomy":"product_tag","embeddable":true,"href":"https:\/\/www.alupieces.fr\/es\/wp-json\/wp\/v2\/product_tag?post=20533"},{"taxonomy":"marque","embeddable":true,"href":"https:\/\/www.alupieces.fr\/es\/wp-json\/wp\/v2\/marque?post=20533"}],"curies":[{"name":"wp","href":"https:\/\/api.w.org\/{rel}","templated":true}]}}