{"id":19671,"date":"2024-10-22T14:57:18","date_gmt":"2024-10-22T12:57:18","guid":{"rendered":"https:\/\/www.alupieces.fr\/?post_type=product&#038;p=19671"},"modified":"2025-09-29T17:33:34","modified_gmt":"2025-09-29T15:33:34","slug":"cremone-pompier-a-levier-en-applique","status":"publish","type":"product","link":"https:\/\/www.alupieces.fr\/es\/producto\/cremone-pompier-a-levier-en-applique\/","title":{"rendered":"Escobilla de palanca de superficie"},"content":{"rendered":"<p>Cerradura de falleba de palanca de superficie para un <span style=\"font-size: 16px;font-style: normal;font-weight: 400\">maniobra r\u00e1pida y sencilla en caso de emergencia<\/span><span style=\"font-size: 16px\">. Se adapta a todo tipo de carpinter\u00eda (aluminio, madera, PVC). Para puertas de hoja semifija<\/span><\/p>\n<p>El juego incluye:<\/p>\n<ul>\n<li>1 caja<\/li>\n<li><span style=\"font-size: 16px\">4 gu\u00edas<\/span><\/li>\n<li><span style=\"font-size: 16px\"> 1 golpe superior <\/span><\/li>\n<li><span style=\"font-size: 16px\">3 cu\u00f1as <\/span><\/li>\n<li><span style=\"font-size: 16px\">1 placa de cierre\u00a0<\/span>Base de acero inoxidable<\/li>\n<li><em><strong>Se suministra sin varilla ni tornillos<\/strong><\/em><\/li>\n<\/ul>\n<p>&nbsp;<\/p>","protected":false},"excerpt":{"rendered":"<p>Cerradura de falleba de palanca montada en superficie para un accionamiento r\u00e1pido y sencillo en caso de emergencia. Se adapta a todo tipo de carpinter\u00eda (aluminio, madera, PVC). Para puertas de hoja semifija Juego compuesto de: 1 caja 4 gu\u00edas 1 cerradero superior 3 cu\u00f1as 1 cerradero inferior de acero inoxidable Suministrado sin varilla ni tornillos &nbsp;<\/p>","protected":false},"featured_media":19682,"comment_status":"open","ping_status":"closed","template":"","meta":{"site-sidebar-layout":"default","site-content-layout":"","ast-site-content-layout":"default","site-content-style":"default","site-sidebar-style":"default","ast-global-header-display":"","ast-banner-title-visibility":"","ast-main-header-display":"","ast-hfb-above-header-display":"","ast-hfb-below-header-display":"","ast-hfb-mobile-header-display":"","site-post-title":"","ast-breadcrumbs-content":"","ast-featured-img":"","footer-sml-layout":"","ast-disable-related-posts":"","theme-transparent-header-meta":"","adv-header-id-meta":"","stick-header-meta":"","header-above-stick-meta":"","header-main-stick-meta":"","header-below-stick-meta":"","astra-migrate-meta-layouts":"default","ast-page-background-enabled":"default","ast-page-background-meta":{"desktop":{"background-color":"var(--ast-global-color-4)","background-image":"","background-repeat":"repeat","background-position":"center center","background-size":"auto","background-attachment":"scroll","background-type":"","background-media":"","overlay-type":"","overlay-color":"","overlay-opacity":"","overlay-gradient":""},"tablet":{"background-color":"","background-image":"","background-repeat":"repeat","background-position":"center center","background-size":"auto","background-attachment":"scroll","background-type":"","background-media":"","overlay-type":"","overlay-color":"","overlay-opacity":"","overlay-gradient":""},"mobile":{"background-color":"","background-image":"","background-repeat":"repeat","background-position":"center center","background-size":"auto","background-attachment":"scroll","background-type":"","background-media":"","overlay-type":"","overlay-color":"","overlay-opacity":"","overlay-gradient":""}},"ast-content-background-meta":{"desktop":{"background-color":"var(--ast-global-color-5)","background-image":"","background-repeat":"repeat","background-position":"center center","background-size":"auto","background-attachment":"scroll","background-type":"","background-media":"","overlay-type":"","overlay-color":"","overlay-opacity":"","overlay-gradient":""},"tablet":{"background-color":"var(--ast-global-color-5)","background-image":"","background-repeat":"repeat","background-position":"center center","background-size":"auto","background-attachment":"scroll","background-type":"","background-media":"","overlay-type":"","overlay-color":"","overlay-opacity":"","overlay-gradient":""},"mobile":{"background-color":"var(--ast-global-color-5)","background-image":"","background-repeat":"repeat","background-position":"center center","background-size":"auto","background-attachment":"scroll","background-type":"","background-media":"","overlay-type":"","overlay-color":"","overlay-opacity":"","overlay-gradient":""}}},"product_cat":[45,19],"product_tag":[],"marque":[105],"acf":[],"yoast_head":"<!-- This site is optimized with the Yoast SEO plugin v20.1 - https:\/\/yoast.com\/wordpress\/plugins\/seo\/ -->\n<title>Cr\u00e9mone pompier \u00e0 levier en applique - Alupi\u00e8ces.fr<\/title>\n<meta name=\"robots\" content=\"index, follow, max-snippet:-1, max-image-preview:large, max-video-preview:-1\" \/>\n<link rel=\"canonical\" href=\"https:\/\/www.alupieces.fr\/es\/producto\/cremone-pompier-a-levier-en-applique\/\" \/>\n<meta property=\"og:locale\" content=\"es_ES\" \/>\n<meta property=\"og:type\" content=\"article\" \/>\n<meta property=\"og:title\" content=\"Cr\u00e9mone pompier \u00e0 levier en applique - Alupi\u00e8ces.fr\" \/>\n<meta property=\"og:description\" content=\"Cr\u00e9mone pompier \u00e0 levier en applique pour une man\u0153uvre facile et rapide en cas d&#8217;urgence. Pose sur tout support de menuiserie (Aluminium, Bois, PVC). Pour porte \u00e0 vantail semi-fixe Ensemble comprenant : 1 bo\u00eetier 4 guides 1 g\u00e2che haute 3 cales 1 g\u00e2che\u00a0basse en Inox Livr\u00e9e sans tringle ni vis &nbsp;\" \/>\n<meta property=\"og:url\" content=\"https:\/\/www.alupieces.fr\/es\/producto\/cremone-pompier-a-levier-en-applique\/\" \/>\n<meta property=\"og:site_name\" content=\"Alupi\u00e8ces.fr\" \/>\n<meta property=\"article:modified_time\" content=\"2025-09-29T15:33:34+00:00\" \/>\n<meta property=\"og:image\" content=\"https:\/\/www.alupieces.fr\/wp-content\/uploads\/2024\/10\/Cremone-Pompier-Blanc-002.jpg\" \/>\n\t<meta property=\"og:image:width\" content=\"827\" \/>\n\t<meta property=\"og:image:height\" content=\"827\" \/>\n\t<meta property=\"og:image:type\" content=\"image\/jpeg\" \/>\n<meta name=\"twitter:card\" content=\"summary_large_image\" \/>\n<meta name=\"twitter:label1\" content=\"Tiempo de lectura\" \/>\n\t<meta name=\"twitter:data1\" content=\"1 minuto\" \/>\n<!-- \/ Yoast SEO plugin. -->","yoast_head_json":{"title":"Cerradura de falleba de palanca de superficie - Alupi\u00e8ces.fr","robots":{"index":"index","follow":"follow","max-snippet":"max-snippet:-1","max-image-preview":"max-image-preview:large","max-video-preview":"max-video-preview:-1"},"canonical":"https:\/\/www.alupieces.fr\/es\/producto\/cremone-pompier-a-levier-en-applique\/","og_locale":"es_ES","og_type":"article","og_title":"Cr\u00e9mone pompier \u00e0 levier en applique - Alupi\u00e8ces.fr","og_description":"Cr\u00e9mone pompier \u00e0 levier en applique pour une man\u0153uvre facile et rapide en cas d&#8217;urgence. Pose sur tout support de menuiserie (Aluminium, Bois, PVC). Pour porte \u00e0 vantail semi-fixe Ensemble comprenant : 1 bo\u00eetier 4 guides 1 g\u00e2che haute 3 cales 1 g\u00e2che\u00a0basse en Inox Livr\u00e9e sans tringle ni vis &nbsp;","og_url":"https:\/\/www.alupieces.fr\/es\/producto\/cremone-pompier-a-levier-en-applique\/","og_site_name":"Alupi\u00e8ces.fr","article_modified_time":"2025-09-29T15:33:34+00:00","og_image":[{"width":827,"height":827,"url":"https:\/\/www.alupieces.fr\/wp-content\/uploads\/2024\/10\/Cremone-Pompier-Blanc-002.jpg","type":"image\/jpeg"}],"twitter_card":"summary_large_image","twitter_misc":{"Tiempo de lectura":"1 minuto"},"schema":{"@context":"https:\/\/schema.org","@graph":[{"@type":"WebPage","@id":"https:\/\/www.alupieces.fr\/es\/producto\/cremone-pompier-a-levier-en-applique\/","url":"https:\/\/www.alupieces.fr\/es\/producto\/cremone-pompier-a-levier-en-applique\/","name":"Cerradura de falleba de palanca de superficie - Alupi\u00e8ces.fr","isPartOf":{"@id":"https:\/\/www.alupieces.fr\/es\/#website"},"datePublished":"2024-10-22T12:57:18+00:00","dateModified":"2025-09-29T15:33:34+00:00","breadcrumb":{"@id":"https:\/\/www.alupieces.fr\/es\/producto\/cremone-pompier-a-levier-en-applique\/#breadcrumb"},"inLanguage":"es","potentialAction":[{"@type":"ReadAction","target":["https:\/\/www.alupieces.fr\/es\/producto\/cremone-pompier-a-levier-en-applique\/"]}]},{"@type":"BreadcrumbList","@id":"https:\/\/www.alupieces.fr\/es\/producto\/cremone-pompier-a-levier-en-applique\/#breadcrumb","itemListElement":[{"@type":"ListItem","position":1,"name":"Accueil","item":"https:\/\/www.alupieces.fr\/es\/"},{"@type":"ListItem","position":2,"name":"Boutique","item":"https:\/\/www.alupieces.fr\/es\/boutique\/"},{"@type":"ListItem","position":3,"name":"Cr\u00e9mone pompier \u00e0 levier en applique"}]},{"@type":"WebSite","@id":"https:\/\/www.alupieces.fr\/es\/#website","url":"https:\/\/www.alupieces.fr\/es\/","name":"Alupi\u00e8ces.fr","description":"La referencia en piezas de aluminio originales Technal, Bubendorff y Mariton","publisher":{"@id":"https:\/\/www.alupieces.fr\/es\/#organization"},"potentialAction":[{"@type":"SearchAction","target":{"@type":"EntryPoint","urlTemplate":"https:\/\/www.alupieces.fr\/es\/?s={search_term_string}"},"query-input":"required name=search_term_string"}],"inLanguage":"es"},{"@type":"Organization","@id":"https:\/\/www.alupieces.fr\/es\/#organization","name":"Alupi\u00e8ces","alternateName":"Alupi\u00e8ces.fr","url":"https:\/\/www.alupieces.fr\/es\/","logo":{"@type":"ImageObject","inLanguage":"es","@id":"https:\/\/www.alupieces.fr\/es\/#\/schema\/logo\/image\/","url":"https:\/\/www.alupieces.fr\/wp-content\/uploads\/2022\/12\/Bon-logo-1.png","contentUrl":"https:\/\/www.alupieces.fr\/wp-content\/uploads\/2022\/12\/Bon-logo-1.png","width":1367,"height":474,"caption":"Alupi\u00e8ces"},"image":{"@id":"https:\/\/www.alupieces.fr\/es\/#\/schema\/logo\/image\/"}}]}},"wcpa_form_fields":null,"_links":{"self":[{"href":"https:\/\/www.alupieces.fr\/es\/wp-json\/wp\/v2\/product\/19671"}],"collection":[{"href":"https:\/\/www.alupieces.fr\/es\/wp-json\/wp\/v2\/product"}],"about":[{"href":"https:\/\/www.alupieces.fr\/es\/wp-json\/wp\/v2\/types\/product"}],"replies":[{"embeddable":true,"href":"https:\/\/www.alupieces.fr\/es\/wp-json\/wp\/v2\/comments?post=19671"}],"wp:featuredmedia":[{"embeddable":true,"href":"https:\/\/www.alupieces.fr\/es\/wp-json\/wp\/v2\/media\/19682"}],"wp:attachment":[{"href":"https:\/\/www.alupieces.fr\/es\/wp-json\/wp\/v2\/media?parent=19671"}],"wp:term":[{"taxonomy":"product_cat","embeddable":true,"href":"https:\/\/www.alupieces.fr\/es\/wp-json\/wp\/v2\/product_cat?post=19671"},{"taxonomy":"product_tag","embeddable":true,"href":"https:\/\/www.alupieces.fr\/es\/wp-json\/wp\/v2\/product_tag?post=19671"},{"taxonomy":"marque","embeddable":true,"href":"https:\/\/www.alupieces.fr\/es\/wp-json\/wp\/v2\/marque?post=19671"}],"curies":[{"name":"wp","href":"https:\/\/api.w.org\/{rel}","templated":true}]}}