{"id":19437,"date":"2024-10-09T10:21:40","date_gmt":"2024-10-09T08:21:40","guid":{"rendered":"https:\/\/www.alupieces.fr\/?post_type=product&#038;p=19437"},"modified":"2025-09-29T17:10:15","modified_gmt":"2025-09-29T15:10:15","slug":"butee-magnetique-35mm-technal-ambial","status":"publish","type":"product","link":"https:\/\/www.alupieces.fr\/es\/producto\/enchufe-magnetico-35mm-tecnal-ambial\/","title":{"rendered":"Tope magn\u00e9tico de 35 mm Technal Ambial"},"content":{"rendered":"<p>Tope magn\u00e9tico de 35 mm para puertas multihoja plegables y correderas Technal Ambial PW.<\/p>\n<ul>\n<li>Otra parada posible <a href=\"https:\/\/www.alupieces.fr\/es\/producto\/terminal-magnetico-12-5mm-tecnal-ambial\/\">Tope magn\u00e9tico 12,5 mm Technal Ambial<\/a><\/li>\n<li>Encuentre todas nuestras piezas para el\u00a0<a href=\"https:\/\/www.alupieces.fr\/es\/?s=ambial&amp;post_type=product&amp;dgwt_wcas=1\">Alcance ambiental<\/a><\/li>\n<\/ul>\n<p>&nbsp;<\/p>","protected":false},"excerpt":{"rendered":"<p>Tope magn\u00e9tico 35mm para puertas plegables y correderas Technal Ambial PW. Otro posible tope Tope magn\u00e9tico 12,5mm Technal Ambial Encuentre todas nuestras piezas para la gama Ambial. &nbsp;<\/p>","protected":false},"featured_media":19482,"comment_status":"open","ping_status":"closed","template":"","meta":{"site-sidebar-layout":"default","site-content-layout":"default","ast-site-content-layout":"","site-content-style":"default","site-sidebar-style":"default","ast-global-header-display":"","ast-banner-title-visibility":"","ast-main-header-display":"","ast-hfb-above-header-display":"","ast-hfb-below-header-display":"","ast-hfb-mobile-header-display":"","site-post-title":"","ast-breadcrumbs-content":"","ast-featured-img":"","footer-sml-layout":"","theme-transparent-header-meta":"default","adv-header-id-meta":"","stick-header-meta":"","header-above-stick-meta":"","header-main-stick-meta":"","header-below-stick-meta":"","astra-migrate-meta-layouts":"default","ast-page-background-enabled":"default","ast-page-background-meta":{"desktop":{"background-color":"var(--ast-global-color-4)","background-image":"","background-repeat":"repeat","background-position":"center center","background-size":"auto","background-attachment":"scroll","background-type":"","background-media":"","overlay-type":"","overlay-color":"","overlay-opacity":"","overlay-gradient":""},"tablet":{"background-color":"","background-image":"","background-repeat":"repeat","background-position":"center center","background-size":"auto","background-attachment":"scroll","background-type":"","background-media":"","overlay-type":"","overlay-color":"","overlay-opacity":"","overlay-gradient":""},"mobile":{"background-color":"","background-image":"","background-repeat":"repeat","background-position":"center center","background-size":"auto","background-attachment":"scroll","background-type":"","background-media":"","overlay-type":"","overlay-color":"","overlay-opacity":"","overlay-gradient":""}},"ast-content-background-meta":{"desktop":{"background-color":"var(--ast-global-color-5)","background-image":"","background-repeat":"repeat","background-position":"center center","background-size":"auto","background-attachment":"scroll","background-type":"","background-media":"","overlay-type":"","overlay-color":"","overlay-opacity":"","overlay-gradient":""},"tablet":{"background-color":"var(--ast-global-color-5)","background-image":"","background-repeat":"repeat","background-position":"center center","background-size":"auto","background-attachment":"scroll","background-type":"","background-media":"","overlay-type":"","overlay-color":"","overlay-opacity":"","overlay-gradient":""},"mobile":{"background-color":"var(--ast-global-color-5)","background-image":"","background-repeat":"repeat","background-position":"center center","background-size":"auto","background-attachment":"scroll","background-type":"","background-media":"","overlay-type":"","overlay-color":"","overlay-opacity":"","overlay-gradient":""}}},"product_cat":[18,45,17],"product_tag":[],"marque":[106],"acf":[],"yoast_head":"<!-- This site is optimized with the Yoast SEO plugin v20.1 - https:\/\/yoast.com\/wordpress\/plugins\/seo\/ -->\n<title>But\u00e9e magn\u00e9tique 35mm Technal Ambial - Alupi\u00e8ces.fr<\/title>\n<meta name=\"description\" content=\"But\u00e9e magn\u00e9tique 35mm, Poign\u00e9e de tirage, ensemble bogie pour porte Technal repliable gamme Ambial. Toute gammes Technal: Ambial Sol\u00e9al Lum\u00e9al Topaze Saphir\" \/>\n<meta name=\"robots\" content=\"index, follow, max-snippet:-1, max-image-preview:large, max-video-preview:-1\" \/>\n<link rel=\"canonical\" href=\"https:\/\/www.alupieces.fr\/es\/producto\/enchufe-magnetico-35mm-tecnal-ambial\/\" \/>\n<meta property=\"og:locale\" content=\"es_ES\" \/>\n<meta property=\"og:type\" content=\"article\" \/>\n<meta property=\"og:title\" content=\"But\u00e9e magn\u00e9tique 35mm Technal Ambial - Alupi\u00e8ces.fr\" \/>\n<meta property=\"og:description\" content=\"But\u00e9e magn\u00e9tique 35mm, Poign\u00e9e de tirage, ensemble bogie pour porte Technal repliable gamme Ambial. Toute gammes Technal: Ambial Sol\u00e9al Lum\u00e9al Topaze Saphir\" \/>\n<meta property=\"og:url\" content=\"https:\/\/www.alupieces.fr\/es\/producto\/enchufe-magnetico-35mm-tecnal-ambial\/\" \/>\n<meta property=\"og:site_name\" content=\"Alupi\u00e8ces.fr\" \/>\n<meta property=\"article:modified_time\" content=\"2025-09-29T15:10:15+00:00\" \/>\n<meta property=\"og:image\" content=\"https:\/\/www.alupieces.fr\/wp-content\/uploads\/2024\/10\/TPW6007-Butee-magnetique-35mm-Ambial-000.jpg\" \/>\n\t<meta property=\"og:image:width\" content=\"827\" \/>\n\t<meta property=\"og:image:height\" content=\"827\" \/>\n\t<meta property=\"og:image:type\" content=\"image\/jpeg\" \/>\n<meta name=\"twitter:card\" content=\"summary_large_image\" \/>\n<meta name=\"twitter:label1\" content=\"Tiempo de lectura\" \/>\n\t<meta name=\"twitter:data1\" content=\"1 minuto\" \/>\n<!-- \/ Yoast SEO plugin. -->","yoast_head_json":{"title":"But\u00e9e magn\u00e9tique 35mm Technal Ambial - Alupi\u00e8ces.fr","description":"But\u00e9e magn\u00e9tique 35mm, Poign\u00e9e de tirage, ensemble bogie pour porte Technal repliable gamme Ambial. Toute gammes Technal: Ambial Sol\u00e9al Lum\u00e9al Topaze Saphir","robots":{"index":"index","follow":"follow","max-snippet":"max-snippet:-1","max-image-preview":"max-image-preview:large","max-video-preview":"max-video-preview:-1"},"canonical":"https:\/\/www.alupieces.fr\/es\/producto\/enchufe-magnetico-35mm-tecnal-ambial\/","og_locale":"es_ES","og_type":"article","og_title":"But\u00e9e magn\u00e9tique 35mm Technal Ambial - Alupi\u00e8ces.fr","og_description":"But\u00e9e magn\u00e9tique 35mm, Poign\u00e9e de tirage, ensemble bogie pour porte Technal repliable gamme Ambial. Toute gammes Technal: Ambial Sol\u00e9al Lum\u00e9al Topaze Saphir","og_url":"https:\/\/www.alupieces.fr\/es\/producto\/enchufe-magnetico-35mm-tecnal-ambial\/","og_site_name":"Alupi\u00e8ces.fr","article_modified_time":"2025-09-29T15:10:15+00:00","og_image":[{"width":827,"height":827,"url":"https:\/\/www.alupieces.fr\/wp-content\/uploads\/2024\/10\/TPW6007-Butee-magnetique-35mm-Ambial-000.jpg","type":"image\/jpeg"}],"twitter_card":"summary_large_image","twitter_misc":{"Tiempo de lectura":"1 minuto"},"schema":{"@context":"https:\/\/schema.org","@graph":[{"@type":"WebPage","@id":"https:\/\/www.alupieces.fr\/produit\/butee-magnetique-35mm-technal-ambial\/","url":"https:\/\/www.alupieces.fr\/produit\/butee-magnetique-35mm-technal-ambial\/","name":"But\u00e9e magn\u00e9tique 35mm Technal Ambial - Alupi\u00e8ces.fr","isPartOf":{"@id":"https:\/\/www.alupieces.fr\/#website"},"datePublished":"2024-10-09T08:21:40+00:00","dateModified":"2025-09-29T15:10:15+00:00","description":"But\u00e9e magn\u00e9tique 35mm, Poign\u00e9e de tirage, ensemble bogie pour porte Technal repliable gamme Ambial. Toute gammes Technal: Ambial Sol\u00e9al Lum\u00e9al Topaze Saphir","breadcrumb":{"@id":"https:\/\/www.alupieces.fr\/produit\/butee-magnetique-35mm-technal-ambial\/#breadcrumb"},"inLanguage":"es","potentialAction":[{"@type":"ReadAction","target":["https:\/\/www.alupieces.fr\/produit\/butee-magnetique-35mm-technal-ambial\/"]}]},{"@type":"BreadcrumbList","@id":"https:\/\/www.alupieces.fr\/produit\/butee-magnetique-35mm-technal-ambial\/#breadcrumb","itemListElement":[{"@type":"ListItem","position":1,"name":"Accueil","item":"https:\/\/www.alupieces.fr\/"},{"@type":"ListItem","position":2,"name":"Boutique","item":"https:\/\/www.alupieces.fr\/boutique\/"},{"@type":"ListItem","position":3,"name":"But\u00e9e magn\u00e9tique 35mm Technal Ambial"}]},{"@type":"WebSite","@id":"https:\/\/www.alupieces.fr\/#website","url":"https:\/\/www.alupieces.fr\/","name":"Alupi\u00e8ces.fr","description":"La r\u00e9f\u00e9rence des pi\u00e8ces d\u00e9tach\u00e9es d&#039;origine en Aluminium Technal, Bubendorff et Mariton","publisher":{"@id":"https:\/\/www.alupieces.fr\/#organization"},"potentialAction":[{"@type":"SearchAction","target":{"@type":"EntryPoint","urlTemplate":"https:\/\/www.alupieces.fr\/?s={search_term_string}"},"query-input":"required name=search_term_string"}],"inLanguage":"es"},{"@type":"Organization","@id":"https:\/\/www.alupieces.fr\/#organization","name":"Alupi\u00e8ces","alternateName":"Alupi\u00e8ces.fr","url":"https:\/\/www.alupieces.fr\/","logo":{"@type":"ImageObject","inLanguage":"es","@id":"https:\/\/www.alupieces.fr\/#\/schema\/logo\/image\/","url":"https:\/\/www.alupieces.fr\/wp-content\/uploads\/2022\/12\/Bon-logo-1.png","contentUrl":"https:\/\/www.alupieces.fr\/wp-content\/uploads\/2022\/12\/Bon-logo-1.png","width":1367,"height":474,"caption":"Alupi\u00e8ces"},"image":{"@id":"https:\/\/www.alupieces.fr\/#\/schema\/logo\/image\/"}}]}},"wcpa_form_fields":null,"_links":{"self":[{"href":"https:\/\/www.alupieces.fr\/es\/wp-json\/wp\/v2\/product\/19437"}],"collection":[{"href":"https:\/\/www.alupieces.fr\/es\/wp-json\/wp\/v2\/product"}],"about":[{"href":"https:\/\/www.alupieces.fr\/es\/wp-json\/wp\/v2\/types\/product"}],"replies":[{"embeddable":true,"href":"https:\/\/www.alupieces.fr\/es\/wp-json\/wp\/v2\/comments?post=19437"}],"wp:featuredmedia":[{"embeddable":true,"href":"https:\/\/www.alupieces.fr\/es\/wp-json\/wp\/v2\/media\/19482"}],"wp:attachment":[{"href":"https:\/\/www.alupieces.fr\/es\/wp-json\/wp\/v2\/media?parent=19437"}],"wp:term":[{"taxonomy":"product_cat","embeddable":true,"href":"https:\/\/www.alupieces.fr\/es\/wp-json\/wp\/v2\/product_cat?post=19437"},{"taxonomy":"product_tag","embeddable":true,"href":"https:\/\/www.alupieces.fr\/es\/wp-json\/wp\/v2\/product_tag?post=19437"},{"taxonomy":"marque","embeddable":true,"href":"https:\/\/www.alupieces.fr\/es\/wp-json\/wp\/v2\/marque?post=19437"}],"curies":[{"name":"wp","href":"https:\/\/api.w.org\/{rel}","templated":true}]}}