{"id":18408,"date":"2024-07-09T10:10:08","date_gmt":"2024-07-09T08:10:08","guid":{"rendered":"https:\/\/www.alupieces.fr\/?post_type=product&#038;p=18408"},"modified":"2025-01-13T16:45:37","modified_gmt":"2025-01-13T15:45:37","slug":"panneau-photovoltaique-id3-avec-cadre-plastique-bubendorff","status":"publish","type":"product","link":"https:\/\/www.alupieces.fr\/es\/producto\/panel-fotovoltaico-id3-con-marco-de-plastico-bubendorff\/","title":{"rendered":"Panel fotovoltaico iD3 con marco de pl\u00e1stico Bubendorff"},"content":{"rendered":"<p class=\"text-durable\">Panel fotovoltaico iD3 con marco de pl\u00e1stico para persiana enrollable Bubendorff MONO iD3<br \/>\nPanel fotovoltaico de 11 c\u00e9lulas para conexi\u00f3n directa al motor.<br \/>\nMontaje con clip en la caja.<\/p>\n<p>Tambi\u00e9n disponible :\u00a0 <a href=\"https:\/\/www.alupieces.fr\/es\/producto\/panel-fotovoltaico-simple-bubendorff\/\">Panel fotovoltaico individual Bubendorff<\/a><\/p>","protected":false},"excerpt":{"rendered":"<p>Panel fotovoltaico iD3 con marco de pl\u00e1stico para persiana enrollable Bubendorff MONO iD3 Panel fotovoltaico de 11 c\u00e9lulas para conexi\u00f3n directa al motor. Montaje con clip en la caja. Tambi\u00e9n disponible: Panel fotovoltaico simple Bubendorff<\/p>","protected":false},"featured_media":18409,"comment_status":"open","ping_status":"closed","template":"","meta":{"site-sidebar-layout":"default","site-content-layout":"default","ast-site-content-layout":"","site-content-style":"default","site-sidebar-style":"default","ast-global-header-display":"","ast-banner-title-visibility":"","ast-main-header-display":"","ast-hfb-above-header-display":"","ast-hfb-below-header-display":"","ast-hfb-mobile-header-display":"","site-post-title":"","ast-breadcrumbs-content":"","ast-featured-img":"","footer-sml-layout":"","theme-transparent-header-meta":"default","adv-header-id-meta":"","stick-header-meta":"","header-above-stick-meta":"","header-main-stick-meta":"","header-below-stick-meta":"","astra-migrate-meta-layouts":"default","ast-page-background-enabled":"default","ast-page-background-meta":{"desktop":{"background-color":"var(--ast-global-color-4)","background-image":"","background-repeat":"repeat","background-position":"center center","background-size":"auto","background-attachment":"scroll","background-type":"","background-media":"","overlay-type":"","overlay-color":"","overlay-opacity":"","overlay-gradient":""},"tablet":{"background-color":"","background-image":"","background-repeat":"repeat","background-position":"center center","background-size":"auto","background-attachment":"scroll","background-type":"","background-media":"","overlay-type":"","overlay-color":"","overlay-opacity":"","overlay-gradient":""},"mobile":{"background-color":"","background-image":"","background-repeat":"repeat","background-position":"center center","background-size":"auto","background-attachment":"scroll","background-type":"","background-media":"","overlay-type":"","overlay-color":"","overlay-opacity":"","overlay-gradient":""}},"ast-content-background-meta":{"desktop":{"background-color":"var(--ast-global-color-5)","background-image":"","background-repeat":"repeat","background-position":"center center","background-size":"auto","background-attachment":"scroll","background-type":"","background-media":"","overlay-type":"","overlay-color":"","overlay-opacity":"","overlay-gradient":""},"tablet":{"background-color":"var(--ast-global-color-5)","background-image":"","background-repeat":"repeat","background-position":"center center","background-size":"auto","background-attachment":"scroll","background-type":"","background-media":"","overlay-type":"","overlay-color":"","overlay-opacity":"","overlay-gradient":""},"mobile":{"background-color":"var(--ast-global-color-5)","background-image":"","background-repeat":"repeat","background-position":"center center","background-size":"auto","background-attachment":"scroll","background-type":"","background-media":"","overlay-type":"","overlay-color":"","overlay-opacity":"","overlay-gradient":""}}},"product_cat":[27,145,24,23],"product_tag":[],"marque":[107],"acf":[],"yoast_head":"<!-- This site is optimized with the Yoast SEO plugin v20.1 - https:\/\/yoast.com\/wordpress\/plugins\/seo\/ -->\n<title>Panneau photovolta\u00efque iD3 avec cadre plastique Bubendorff - Alupi\u00e8ces.fr<\/title>\n<meta name=\"description\" content=\"Panneau photovolta\u00efque iD3 avec cadre plastique pour volet roulant Bubendorff. Produit 100% Origine de marque Bubendorff. Livraison rapide sur tout l&#039;hexagone.\" \/>\n<meta name=\"robots\" content=\"index, follow, max-snippet:-1, max-image-preview:large, max-video-preview:-1\" \/>\n<link rel=\"canonical\" href=\"https:\/\/www.alupieces.fr\/es\/producto\/panel-fotovoltaico-id3-con-marco-de-plastico-bubendorff\/\" \/>\n<meta property=\"og:locale\" content=\"es_ES\" \/>\n<meta property=\"og:type\" content=\"article\" \/>\n<meta property=\"og:title\" content=\"Panneau photovolta\u00efque iD3 avec cadre plastique Bubendorff - Alupi\u00e8ces.fr\" \/>\n<meta property=\"og:description\" content=\"Panneau photovolta\u00efque iD3 avec cadre plastique pour volet roulant Bubendorff. Produit 100% Origine de marque Bubendorff. Livraison rapide sur tout l&#039;hexagone.\" \/>\n<meta property=\"og:url\" content=\"https:\/\/www.alupieces.fr\/es\/producto\/panel-fotovoltaico-id3-con-marco-de-plastico-bubendorff\/\" \/>\n<meta property=\"og:site_name\" content=\"Alupi\u00e8ces.fr\" \/>\n<meta property=\"article:modified_time\" content=\"2025-01-13T15:45:37+00:00\" \/>\n<meta property=\"og:image\" content=\"https:\/\/www.alupieces.fr\/wp-content\/uploads\/2024\/07\/241349-Panneau-photovoltaique-iD3-avec-cadre-plastique-001.jpg\" \/>\n\t<meta property=\"og:image:width\" content=\"827\" \/>\n\t<meta property=\"og:image:height\" content=\"827\" \/>\n\t<meta property=\"og:image:type\" content=\"image\/jpeg\" \/>\n<meta name=\"twitter:card\" content=\"summary_large_image\" \/>\n<meta name=\"twitter:label1\" content=\"Tiempo de lectura\" \/>\n\t<meta name=\"twitter:data1\" content=\"1 minuto\" \/>\n<!-- \/ Yoast SEO plugin. -->","yoast_head_json":{"title":"Panneau photovolta\u00efque iD3 avec cadre plastique Bubendorff - Alupi\u00e8ces.fr","description":"Panneau photovolta\u00efque iD3 avec cadre plastique pour volet roulant Bubendorff. Produit 100% Origine de marque Bubendorff. Livraison rapide sur tout l'hexagone.","robots":{"index":"index","follow":"follow","max-snippet":"max-snippet:-1","max-image-preview":"max-image-preview:large","max-video-preview":"max-video-preview:-1"},"canonical":"https:\/\/www.alupieces.fr\/es\/producto\/panel-fotovoltaico-id3-con-marco-de-plastico-bubendorff\/","og_locale":"es_ES","og_type":"article","og_title":"Panneau photovolta\u00efque iD3 avec cadre plastique Bubendorff - Alupi\u00e8ces.fr","og_description":"Panneau photovolta\u00efque iD3 avec cadre plastique pour volet roulant Bubendorff. Produit 100% Origine de marque Bubendorff. Livraison rapide sur tout l'hexagone.","og_url":"https:\/\/www.alupieces.fr\/es\/producto\/panel-fotovoltaico-id3-con-marco-de-plastico-bubendorff\/","og_site_name":"Alupi\u00e8ces.fr","article_modified_time":"2025-01-13T15:45:37+00:00","og_image":[{"width":827,"height":827,"url":"https:\/\/www.alupieces.fr\/wp-content\/uploads\/2024\/07\/241349-Panneau-photovoltaique-iD3-avec-cadre-plastique-001.jpg","type":"image\/jpeg"}],"twitter_card":"summary_large_image","twitter_misc":{"Tiempo de lectura":"1 minuto"},"schema":{"@context":"https:\/\/schema.org","@graph":[{"@type":"WebPage","@id":"https:\/\/www.alupieces.fr\/produit\/panneau-photovoltaique-id3-avec-cadre-plastique-bubendorff\/","url":"https:\/\/www.alupieces.fr\/produit\/panneau-photovoltaique-id3-avec-cadre-plastique-bubendorff\/","name":"Panneau photovolta\u00efque iD3 avec cadre plastique Bubendorff - Alupi\u00e8ces.fr","isPartOf":{"@id":"https:\/\/www.alupieces.fr\/#website"},"datePublished":"2024-07-09T08:10:08+00:00","dateModified":"2025-01-13T15:45:37+00:00","description":"Panneau photovolta\u00efque iD3 avec cadre plastique pour volet roulant Bubendorff. Produit 100% Origine de marque Bubendorff. Livraison rapide sur tout l'hexagone.","breadcrumb":{"@id":"https:\/\/www.alupieces.fr\/produit\/panneau-photovoltaique-id3-avec-cadre-plastique-bubendorff\/#breadcrumb"},"inLanguage":"es","potentialAction":[{"@type":"ReadAction","target":["https:\/\/www.alupieces.fr\/produit\/panneau-photovoltaique-id3-avec-cadre-plastique-bubendorff\/"]}]},{"@type":"BreadcrumbList","@id":"https:\/\/www.alupieces.fr\/produit\/panneau-photovoltaique-id3-avec-cadre-plastique-bubendorff\/#breadcrumb","itemListElement":[{"@type":"ListItem","position":1,"name":"Accueil","item":"https:\/\/www.alupieces.fr\/"},{"@type":"ListItem","position":2,"name":"Boutique","item":"https:\/\/www.alupieces.fr\/boutique\/"},{"@type":"ListItem","position":3,"name":"Panneau photovolta\u00efque iD3 avec cadre plastique Bubendorff"}]},{"@type":"WebSite","@id":"https:\/\/www.alupieces.fr\/#website","url":"https:\/\/www.alupieces.fr\/","name":"Alupi\u00e8ces.fr","description":"La r\u00e9f\u00e9rence des pi\u00e8ces d\u00e9tach\u00e9es d&#039;origine en Aluminium Technal, Bubendorff et Mariton","publisher":{"@id":"https:\/\/www.alupieces.fr\/#organization"},"potentialAction":[{"@type":"SearchAction","target":{"@type":"EntryPoint","urlTemplate":"https:\/\/www.alupieces.fr\/?s={search_term_string}"},"query-input":"required name=search_term_string"}],"inLanguage":"es"},{"@type":"Organization","@id":"https:\/\/www.alupieces.fr\/#organization","name":"Alupi\u00e8ces","alternateName":"Alupi\u00e8ces.fr","url":"https:\/\/www.alupieces.fr\/","logo":{"@type":"ImageObject","inLanguage":"es","@id":"https:\/\/www.alupieces.fr\/#\/schema\/logo\/image\/","url":"https:\/\/www.alupieces.fr\/wp-content\/uploads\/2022\/12\/Bon-logo-1.png","contentUrl":"https:\/\/www.alupieces.fr\/wp-content\/uploads\/2022\/12\/Bon-logo-1.png","width":1367,"height":474,"caption":"Alupi\u00e8ces"},"image":{"@id":"https:\/\/www.alupieces.fr\/#\/schema\/logo\/image\/"}}]}},"wcpa_form_fields":null,"_links":{"self":[{"href":"https:\/\/www.alupieces.fr\/es\/wp-json\/wp\/v2\/product\/18408"}],"collection":[{"href":"https:\/\/www.alupieces.fr\/es\/wp-json\/wp\/v2\/product"}],"about":[{"href":"https:\/\/www.alupieces.fr\/es\/wp-json\/wp\/v2\/types\/product"}],"replies":[{"embeddable":true,"href":"https:\/\/www.alupieces.fr\/es\/wp-json\/wp\/v2\/comments?post=18408"}],"wp:featuredmedia":[{"embeddable":true,"href":"https:\/\/www.alupieces.fr\/es\/wp-json\/wp\/v2\/media\/18409"}],"wp:attachment":[{"href":"https:\/\/www.alupieces.fr\/es\/wp-json\/wp\/v2\/media?parent=18408"}],"wp:term":[{"taxonomy":"product_cat","embeddable":true,"href":"https:\/\/www.alupieces.fr\/es\/wp-json\/wp\/v2\/product_cat?post=18408"},{"taxonomy":"product_tag","embeddable":true,"href":"https:\/\/www.alupieces.fr\/es\/wp-json\/wp\/v2\/product_tag?post=18408"},{"taxonomy":"marque","embeddable":true,"href":"https:\/\/www.alupieces.fr\/es\/wp-json\/wp\/v2\/marque?post=18408"}],"curies":[{"name":"wp","href":"https:\/\/api.w.org\/{rel}","templated":true}]}}