{"id":15893,"date":"2024-04-18T14:52:34","date_gmt":"2024-04-18T12:52:34","guid":{"rendered":"https:\/\/www.alupieces.fr\/?post_type=product&#038;p=15893"},"modified":"2025-10-14T18:01:04","modified_gmt":"2025-10-14T16:01:04","slug":"pack-support-de-fixation-100-70mm-technal","status":"publish","type":"product","link":"https:\/\/www.alupieces.fr\/es\/producto\/pack-fijacion-soporte-100-70mm-technal\/","title":{"rendered":"Paquete de soportes de montaje Technal 100-70mm"},"content":{"rendered":"<p>Lote de 10 soportes Technal 100-70mm<\/p>\n<p>Ver todos nuestros <a href=\"https:\/\/www.alupieces.fr\/es\/?s=SUPPORT&amp;post_type=product&amp;dgwt_wcas=1\">abrazaderas\/leng\u00fcetas de fijaci\u00f3n aqu\u00ed<\/a><\/p>\n<p style=\"text-align: center\"><strong><span style=\"color: #2c4c5f\"><em>Recuerde a\u00f1adir el <a href=\"https:\/\/www.alupieces.fr\/es\/?s=pi%C3%A8ce+de+fixation&amp;post_type=product&amp;dgwt_wcas=1\">elementos de fijaci\u00f3n aislados<\/a> seg\u00fan la gama (Sol\u00e9al55 o 65), y el <a href=\"https:\/\/www.alupieces.fr\/es\/producto\/cartucho-de-silicona\/\">silicona<\/a>.<\/em><\/span><\/strong><\/p>","protected":false},"excerpt":{"rendered":"<p>Lote de 10 abrazaderas o tacos de fijaci\u00f3n Technal 100-70mm Encuentre aqu\u00ed todas nuestras abrazaderas\/tacos de fijaci\u00f3n Recuerde a\u00f1adir las piezas de fijaci\u00f3n aisladas seg\u00fan la gama (Sol\u00e9al55 o 65), y la silicona.<\/p>","protected":false},"featured_media":16712,"comment_status":"open","ping_status":"closed","template":"","meta":{"site-sidebar-layout":"default","site-content-layout":"","ast-site-content-layout":"","site-content-style":"default","site-sidebar-style":"default","ast-global-header-display":"","ast-banner-title-visibility":"","ast-main-header-display":"","ast-hfb-above-header-display":"","ast-hfb-below-header-display":"","ast-hfb-mobile-header-display":"","site-post-title":"","ast-breadcrumbs-content":"","ast-featured-img":"","footer-sml-layout":"","theme-transparent-header-meta":"","adv-header-id-meta":"","stick-header-meta":"","header-above-stick-meta":"","header-main-stick-meta":"","header-below-stick-meta":"","astra-migrate-meta-layouts":"default","ast-page-background-enabled":"default","ast-page-background-meta":{"desktop":{"background-color":"var(--ast-global-color-4)","background-image":"","background-repeat":"repeat","background-position":"center center","background-size":"auto","background-attachment":"scroll","background-type":"","background-media":"","overlay-type":"","overlay-color":"","overlay-opacity":"","overlay-gradient":""},"tablet":{"background-color":"","background-image":"","background-repeat":"repeat","background-position":"center center","background-size":"auto","background-attachment":"scroll","background-type":"","background-media":"","overlay-type":"","overlay-color":"","overlay-opacity":"","overlay-gradient":""},"mobile":{"background-color":"","background-image":"","background-repeat":"repeat","background-position":"center center","background-size":"auto","background-attachment":"scroll","background-type":"","background-media":"","overlay-type":"","overlay-color":"","overlay-opacity":"","overlay-gradient":""}},"ast-content-background-meta":{"desktop":{"background-color":"var(--ast-global-color-5)","background-image":"","background-repeat":"repeat","background-position":"center center","background-size":"auto","background-attachment":"scroll","background-type":"","background-media":"","overlay-type":"","overlay-color":"","overlay-opacity":"","overlay-gradient":""},"tablet":{"background-color":"var(--ast-global-color-5)","background-image":"","background-repeat":"repeat","background-position":"center center","background-size":"auto","background-attachment":"scroll","background-type":"","background-media":"","overlay-type":"","overlay-color":"","overlay-opacity":"","overlay-gradient":""},"mobile":{"background-color":"var(--ast-global-color-5)","background-image":"","background-repeat":"repeat","background-position":"center center","background-size":"auto","background-attachment":"scroll","background-type":"","background-media":"","overlay-type":"","overlay-color":"","overlay-opacity":"","overlay-gradient":""}}},"product_cat":[18,45,197,38,20,40,17],"product_tag":[],"marque":[106],"acf":[],"yoast_head":"<!-- This site is optimized with the Yoast SEO plugin v20.1 - https:\/\/yoast.com\/wordpress\/plugins\/seo\/ -->\n<title>Pack Support de fixation 100-70mm Technal - Alupi\u00e8ces.fr<\/title>\n<meta name=\"description\" content=\"Support de fixation Technal 100-70mm, patte de fixation, sachet de 10 pi\u00e8ces. Consultez nos patte de fixation pour pose de fen\u00eatre ou coulissant Technal\" \/>\n<meta name=\"robots\" content=\"index, follow, max-snippet:-1, max-image-preview:large, max-video-preview:-1\" \/>\n<link rel=\"canonical\" href=\"https:\/\/www.alupieces.fr\/es\/producto\/pack-fijacion-soporte-100-70mm-technal\/\" \/>\n<meta property=\"og:locale\" content=\"es_ES\" \/>\n<meta property=\"og:type\" content=\"article\" \/>\n<meta property=\"og:title\" content=\"Pack Support de fixation 100-70mm Technal - Alupi\u00e8ces.fr\" \/>\n<meta property=\"og:description\" content=\"Support de fixation Technal 100-70mm, patte de fixation, sachet de 10 pi\u00e8ces. Consultez nos patte de fixation pour pose de fen\u00eatre ou coulissant Technal\" \/>\n<meta property=\"og:url\" content=\"https:\/\/www.alupieces.fr\/es\/producto\/pack-fijacion-soporte-100-70mm-technal\/\" \/>\n<meta property=\"og:site_name\" content=\"Alupi\u00e8ces.fr\" \/>\n<meta property=\"article:modified_time\" content=\"2025-10-14T16:01:04+00:00\" \/>\n<meta property=\"og:image\" content=\"https:\/\/www.alupieces.fr\/wp-content\/uploads\/2024\/04\/Support-de-fixation-100-70mm-006.jpg\" \/>\n\t<meta property=\"og:image:width\" content=\"827\" \/>\n\t<meta property=\"og:image:height\" content=\"827\" \/>\n\t<meta property=\"og:image:type\" content=\"image\/jpeg\" \/>\n<meta name=\"twitter:card\" content=\"summary_large_image\" \/>\n<meta name=\"twitter:label1\" content=\"Tiempo de lectura\" \/>\n\t<meta name=\"twitter:data1\" content=\"1 minuto\" \/>\n<!-- \/ Yoast SEO plugin. -->","yoast_head_json":{"title":"Pack Support de fixation 100-70mm Technal - Alupi\u00e8ces.fr","description":"Support de fixation Technal 100-70mm, patte de fixation, sachet de 10 pi\u00e8ces. Consultez nos patte de fixation pour pose de fen\u00eatre ou coulissant Technal","robots":{"index":"index","follow":"follow","max-snippet":"max-snippet:-1","max-image-preview":"max-image-preview:large","max-video-preview":"max-video-preview:-1"},"canonical":"https:\/\/www.alupieces.fr\/es\/producto\/pack-fijacion-soporte-100-70mm-technal\/","og_locale":"es_ES","og_type":"article","og_title":"Pack Support de fixation 100-70mm Technal - Alupi\u00e8ces.fr","og_description":"Support de fixation Technal 100-70mm, patte de fixation, sachet de 10 pi\u00e8ces. Consultez nos patte de fixation pour pose de fen\u00eatre ou coulissant Technal","og_url":"https:\/\/www.alupieces.fr\/es\/producto\/pack-fijacion-soporte-100-70mm-technal\/","og_site_name":"Alupi\u00e8ces.fr","article_modified_time":"2025-10-14T16:01:04+00:00","og_image":[{"width":827,"height":827,"url":"https:\/\/www.alupieces.fr\/wp-content\/uploads\/2024\/04\/Support-de-fixation-100-70mm-006.jpg","type":"image\/jpeg"}],"twitter_card":"summary_large_image","twitter_misc":{"Tiempo de lectura":"1 minuto"},"schema":{"@context":"https:\/\/schema.org","@graph":[{"@type":"WebPage","@id":"https:\/\/www.alupieces.fr\/produit\/pack-support-de-fixation-100-70mm-technal\/","url":"https:\/\/www.alupieces.fr\/produit\/pack-support-de-fixation-100-70mm-technal\/","name":"Pack Support de fixation 100-70mm Technal - Alupi\u00e8ces.fr","isPartOf":{"@id":"https:\/\/www.alupieces.fr\/#website"},"datePublished":"2024-04-18T12:52:34+00:00","dateModified":"2025-10-14T16:01:04+00:00","description":"Support de fixation Technal 100-70mm, patte de fixation, sachet de 10 pi\u00e8ces. Consultez nos patte de fixation pour pose de fen\u00eatre ou coulissant Technal","breadcrumb":{"@id":"https:\/\/www.alupieces.fr\/produit\/pack-support-de-fixation-100-70mm-technal\/#breadcrumb"},"inLanguage":"es","potentialAction":[{"@type":"ReadAction","target":["https:\/\/www.alupieces.fr\/produit\/pack-support-de-fixation-100-70mm-technal\/"]}]},{"@type":"BreadcrumbList","@id":"https:\/\/www.alupieces.fr\/produit\/pack-support-de-fixation-100-70mm-technal\/#breadcrumb","itemListElement":[{"@type":"ListItem","position":1,"name":"Accueil","item":"https:\/\/www.alupieces.fr\/"},{"@type":"ListItem","position":2,"name":"Boutique","item":"https:\/\/www.alupieces.fr\/boutique\/"},{"@type":"ListItem","position":3,"name":"Pack Support de fixation 100-70mm Technal"}]},{"@type":"WebSite","@id":"https:\/\/www.alupieces.fr\/#website","url":"https:\/\/www.alupieces.fr\/","name":"Alupi\u00e8ces.fr","description":"La r\u00e9f\u00e9rence des pi\u00e8ces d\u00e9tach\u00e9es d&#039;origine en Aluminium Technal, Bubendorff et Mariton","publisher":{"@id":"https:\/\/www.alupieces.fr\/#organization"},"potentialAction":[{"@type":"SearchAction","target":{"@type":"EntryPoint","urlTemplate":"https:\/\/www.alupieces.fr\/?s={search_term_string}"},"query-input":"required name=search_term_string"}],"inLanguage":"es"},{"@type":"Organization","@id":"https:\/\/www.alupieces.fr\/#organization","name":"Alupi\u00e8ces","alternateName":"Alupi\u00e8ces.fr","url":"https:\/\/www.alupieces.fr\/","logo":{"@type":"ImageObject","inLanguage":"es","@id":"https:\/\/www.alupieces.fr\/#\/schema\/logo\/image\/","url":"https:\/\/www.alupieces.fr\/wp-content\/uploads\/2022\/12\/Bon-logo-1.png","contentUrl":"https:\/\/www.alupieces.fr\/wp-content\/uploads\/2022\/12\/Bon-logo-1.png","width":1367,"height":474,"caption":"Alupi\u00e8ces"},"image":{"@id":"https:\/\/www.alupieces.fr\/#\/schema\/logo\/image\/"}}]}},"wcpa_form_fields":null,"_links":{"self":[{"href":"https:\/\/www.alupieces.fr\/es\/wp-json\/wp\/v2\/product\/15893"}],"collection":[{"href":"https:\/\/www.alupieces.fr\/es\/wp-json\/wp\/v2\/product"}],"about":[{"href":"https:\/\/www.alupieces.fr\/es\/wp-json\/wp\/v2\/types\/product"}],"replies":[{"embeddable":true,"href":"https:\/\/www.alupieces.fr\/es\/wp-json\/wp\/v2\/comments?post=15893"}],"wp:featuredmedia":[{"embeddable":true,"href":"https:\/\/www.alupieces.fr\/es\/wp-json\/wp\/v2\/media\/16712"}],"wp:attachment":[{"href":"https:\/\/www.alupieces.fr\/es\/wp-json\/wp\/v2\/media?parent=15893"}],"wp:term":[{"taxonomy":"product_cat","embeddable":true,"href":"https:\/\/www.alupieces.fr\/es\/wp-json\/wp\/v2\/product_cat?post=15893"},{"taxonomy":"product_tag","embeddable":true,"href":"https:\/\/www.alupieces.fr\/es\/wp-json\/wp\/v2\/product_tag?post=15893"},{"taxonomy":"marque","embeddable":true,"href":"https:\/\/www.alupieces.fr\/es\/wp-json\/wp\/v2\/marque?post=15893"}],"curies":[{"name":"wp","href":"https:\/\/api.w.org\/{rel}","templated":true}]}}