{"id":15768,"date":"2024-04-09T17:48:29","date_gmt":"2024-04-09T15:48:29","guid":{"rendered":"https:\/\/www.alupieces.fr\/?post_type=product&#038;p=15768"},"modified":"2026-04-14T14:46:40","modified_gmt":"2026-04-14T12:46:40","slug":"roulette-double-polyamide-technal-gb","status":"publish","type":"product","link":"https:\/\/www.alupieces.fr\/es\/producto\/rueda-de-doble-poliamida-technal-gb\/","title":{"rendered":"Ruedas dobles Technal GB Poliamida"},"content":{"rendered":"<p>Doble rueda de poliamida para sistema de deslizamiento Technal <span style=\"font-size: 16px;font-style: normal;font-weight: 400\">GB g<\/span><span style=\"font-size: 16px\">amme TOPAZE.<\/span><\/p>\n<p>Tambi\u00e9n disponible en <a href=\"https:\/\/www.alupieces.fr\/es\/producto\/pack-4-rodillos-doble-poliamida-technal-gb\/\">paquete de 4 ruedas dobles Technal GB Poliamida<\/a><\/p>\n<ul>\n<li><strong>T1957 <span style=\"color: #0000ff\">TECNAL<\/span> es compatible con W6050152 <span style=\"color: #ff0000\">WICONA<\/span><\/strong><\/li>\n<\/ul>","protected":false},"excerpt":{"rendered":"<p>Rodillo doble de poliamida para el sistema de deslizamiento Technal GB TOPAZE. Tambi\u00e9n disponible en paquete de 4 poliamida Technal GB T1957 TECHNAL doble rodillo es compatible con W6050152 WICONA<\/p>","protected":false},"featured_media":15760,"comment_status":"open","ping_status":"closed","template":"","meta":{"site-sidebar-layout":"default","site-content-layout":"default","ast-site-content-layout":"","site-content-style":"default","site-sidebar-style":"default","ast-global-header-display":"","ast-banner-title-visibility":"","ast-main-header-display":"","ast-hfb-above-header-display":"","ast-hfb-below-header-display":"","ast-hfb-mobile-header-display":"","site-post-title":"","ast-breadcrumbs-content":"","ast-featured-img":"","footer-sml-layout":"","theme-transparent-header-meta":"default","adv-header-id-meta":"","stick-header-meta":"","header-above-stick-meta":"","header-main-stick-meta":"","header-below-stick-meta":"","astra-migrate-meta-layouts":"default","ast-page-background-enabled":"default","ast-page-background-meta":{"desktop":{"background-color":"var(--ast-global-color-4)","background-image":"","background-repeat":"repeat","background-position":"center center","background-size":"auto","background-attachment":"scroll","background-type":"","background-media":"","overlay-type":"","overlay-color":"","overlay-opacity":"","overlay-gradient":""},"tablet":{"background-color":"","background-image":"","background-repeat":"repeat","background-position":"center center","background-size":"auto","background-attachment":"scroll","background-type":"","background-media":"","overlay-type":"","overlay-color":"","overlay-opacity":"","overlay-gradient":""},"mobile":{"background-color":"","background-image":"","background-repeat":"repeat","background-position":"center center","background-size":"auto","background-attachment":"scroll","background-type":"","background-media":"","overlay-type":"","overlay-color":"","overlay-opacity":"","overlay-gradient":""}},"ast-content-background-meta":{"desktop":{"background-color":"var(--ast-global-color-5)","background-image":"","background-repeat":"repeat","background-position":"center center","background-size":"auto","background-attachment":"scroll","background-type":"","background-media":"","overlay-type":"","overlay-color":"","overlay-opacity":"","overlay-gradient":""},"tablet":{"background-color":"var(--ast-global-color-5)","background-image":"","background-repeat":"repeat","background-position":"center center","background-size":"auto","background-attachment":"scroll","background-type":"","background-media":"","overlay-type":"","overlay-color":"","overlay-opacity":"","overlay-gradient":""},"mobile":{"background-color":"var(--ast-global-color-5)","background-image":"","background-repeat":"repeat","background-position":"center center","background-size":"auto","background-attachment":"scroll","background-type":"","background-media":"","overlay-type":"","overlay-color":"","overlay-opacity":"","overlay-gradient":""}}},"product_cat":[18,17,41],"product_tag":[],"marque":[106],"acf":[],"yoast_head":"<!-- This site is optimized with the Yoast SEO plugin v20.1 - https:\/\/yoast.com\/wordpress\/plugins\/seo\/ -->\n<title>Roulette double Polyamide Technal GB - Alupi\u00e8ces.fr<\/title>\n<meta name=\"description\" content=\"Roulette double en polyamide pour coulissant Technal gamme GB. Chariot non r\u00e9glable, produit 100% origine. Toutes vos roulettes Technal en Stock sur notre site\" \/>\n<meta name=\"robots\" content=\"index, follow, max-snippet:-1, max-image-preview:large, max-video-preview:-1\" \/>\n<link rel=\"canonical\" href=\"https:\/\/www.alupieces.fr\/es\/producto\/rueda-de-doble-poliamida-technal-gb\/\" \/>\n<meta property=\"og:locale\" content=\"es_ES\" \/>\n<meta property=\"og:type\" content=\"article\" \/>\n<meta property=\"og:title\" content=\"Roulette double Polyamide Technal GB - Alupi\u00e8ces.fr\" \/>\n<meta property=\"og:description\" content=\"Roulette double en polyamide pour coulissant Technal gamme GB. Chariot non r\u00e9glable, produit 100% origine. Toutes vos roulettes Technal en Stock sur notre site\" \/>\n<meta property=\"og:url\" content=\"https:\/\/www.alupieces.fr\/es\/producto\/rueda-de-doble-poliamida-technal-gb\/\" \/>\n<meta property=\"og:site_name\" content=\"Alupi\u00e8ces.fr\" \/>\n<meta property=\"article:modified_time\" content=\"2026-04-14T12:46:40+00:00\" \/>\n<meta property=\"og:image\" content=\"https:\/\/www.alupieces.fr\/wp-content\/uploads\/2024\/03\/T1957-Roulette-double-topaze-GBx1_002.jpg\" \/>\n\t<meta property=\"og:image:width\" content=\"827\" \/>\n\t<meta property=\"og:image:height\" content=\"827\" \/>\n\t<meta property=\"og:image:type\" content=\"image\/jpeg\" \/>\n<meta name=\"twitter:card\" content=\"summary_large_image\" \/>\n<meta name=\"twitter:label1\" content=\"Tiempo de lectura\" \/>\n\t<meta name=\"twitter:data1\" content=\"1 minuto\" \/>\n<!-- \/ Yoast SEO plugin. -->","yoast_head_json":{"title":"Roulette double Polyamide Technal GB - Alupi\u00e8ces.fr","description":"Roulette double en polyamide pour coulissant Technal gamme GB. Chariot non r\u00e9glable, produit 100% origine. Toutes vos roulettes Technal en Stock sur notre site","robots":{"index":"index","follow":"follow","max-snippet":"max-snippet:-1","max-image-preview":"max-image-preview:large","max-video-preview":"max-video-preview:-1"},"canonical":"https:\/\/www.alupieces.fr\/es\/producto\/rueda-de-doble-poliamida-technal-gb\/","og_locale":"es_ES","og_type":"article","og_title":"Roulette double Polyamide Technal GB - Alupi\u00e8ces.fr","og_description":"Roulette double en polyamide pour coulissant Technal gamme GB. Chariot non r\u00e9glable, produit 100% origine. Toutes vos roulettes Technal en Stock sur notre site","og_url":"https:\/\/www.alupieces.fr\/es\/producto\/rueda-de-doble-poliamida-technal-gb\/","og_site_name":"Alupi\u00e8ces.fr","article_modified_time":"2026-04-14T12:46:40+00:00","og_image":[{"width":827,"height":827,"url":"https:\/\/www.alupieces.fr\/wp-content\/uploads\/2024\/03\/T1957-Roulette-double-topaze-GBx1_002.jpg","type":"image\/jpeg"}],"twitter_card":"summary_large_image","twitter_misc":{"Tiempo de lectura":"1 minuto"},"schema":{"@context":"https:\/\/schema.org","@graph":[{"@type":"WebPage","@id":"https:\/\/www.alupieces.fr\/produit\/roulette-double-polyamide-technal-gb\/","url":"https:\/\/www.alupieces.fr\/produit\/roulette-double-polyamide-technal-gb\/","name":"Roulette double Polyamide Technal GB - Alupi\u00e8ces.fr","isPartOf":{"@id":"https:\/\/www.alupieces.fr\/#website"},"datePublished":"2024-04-09T15:48:29+00:00","dateModified":"2026-04-14T12:46:40+00:00","description":"Roulette double en polyamide pour coulissant Technal gamme GB. Chariot non r\u00e9glable, produit 100% origine. Toutes vos roulettes Technal en Stock sur notre site","breadcrumb":{"@id":"https:\/\/www.alupieces.fr\/produit\/roulette-double-polyamide-technal-gb\/#breadcrumb"},"inLanguage":"es","potentialAction":[{"@type":"ReadAction","target":["https:\/\/www.alupieces.fr\/produit\/roulette-double-polyamide-technal-gb\/"]}]},{"@type":"BreadcrumbList","@id":"https:\/\/www.alupieces.fr\/produit\/roulette-double-polyamide-technal-gb\/#breadcrumb","itemListElement":[{"@type":"ListItem","position":1,"name":"Accueil","item":"https:\/\/www.alupieces.fr\/"},{"@type":"ListItem","position":2,"name":"Boutique","item":"https:\/\/www.alupieces.fr\/boutique\/"},{"@type":"ListItem","position":3,"name":"Roulette double Polyamide Technal GB"}]},{"@type":"WebSite","@id":"https:\/\/www.alupieces.fr\/#website","url":"https:\/\/www.alupieces.fr\/","name":"Alupi\u00e8ces.fr","description":"La r\u00e9f\u00e9rence des pi\u00e8ces d\u00e9tach\u00e9es d&#039;origine en Aluminium Technal, Bubendorff et Mariton","publisher":{"@id":"https:\/\/www.alupieces.fr\/#organization"},"potentialAction":[{"@type":"SearchAction","target":{"@type":"EntryPoint","urlTemplate":"https:\/\/www.alupieces.fr\/?s={search_term_string}"},"query-input":"required name=search_term_string"}],"inLanguage":"es"},{"@type":"Organization","@id":"https:\/\/www.alupieces.fr\/#organization","name":"Alupi\u00e8ces","alternateName":"Alupi\u00e8ces.fr","url":"https:\/\/www.alupieces.fr\/","logo":{"@type":"ImageObject","inLanguage":"es","@id":"https:\/\/www.alupieces.fr\/#\/schema\/logo\/image\/","url":"https:\/\/www.alupieces.fr\/wp-content\/uploads\/2022\/12\/Bon-logo-1.png","contentUrl":"https:\/\/www.alupieces.fr\/wp-content\/uploads\/2022\/12\/Bon-logo-1.png","width":1367,"height":474,"caption":"Alupi\u00e8ces"},"image":{"@id":"https:\/\/www.alupieces.fr\/#\/schema\/logo\/image\/"}}]}},"wcpa_form_fields":null,"_links":{"self":[{"href":"https:\/\/www.alupieces.fr\/es\/wp-json\/wp\/v2\/product\/15768"}],"collection":[{"href":"https:\/\/www.alupieces.fr\/es\/wp-json\/wp\/v2\/product"}],"about":[{"href":"https:\/\/www.alupieces.fr\/es\/wp-json\/wp\/v2\/types\/product"}],"replies":[{"embeddable":true,"href":"https:\/\/www.alupieces.fr\/es\/wp-json\/wp\/v2\/comments?post=15768"}],"wp:featuredmedia":[{"embeddable":true,"href":"https:\/\/www.alupieces.fr\/es\/wp-json\/wp\/v2\/media\/15760"}],"wp:attachment":[{"href":"https:\/\/www.alupieces.fr\/es\/wp-json\/wp\/v2\/media?parent=15768"}],"wp:term":[{"taxonomy":"product_cat","embeddable":true,"href":"https:\/\/www.alupieces.fr\/es\/wp-json\/wp\/v2\/product_cat?post=15768"},{"taxonomy":"product_tag","embeddable":true,"href":"https:\/\/www.alupieces.fr\/es\/wp-json\/wp\/v2\/product_tag?post=15768"},{"taxonomy":"marque","embeddable":true,"href":"https:\/\/www.alupieces.fr\/es\/wp-json\/wp\/v2\/marque?post=15768"}],"curies":[{"name":"wp","href":"https:\/\/api.w.org\/{rel}","templated":true}]}}