{"id":11620,"date":"2023-10-09T15:15:15","date_gmt":"2023-10-09T13:15:15","guid":{"rendered":"https:\/\/www.alupieces.fr\/?post_type=product&#038;p=11620"},"modified":"2025-09-29T17:35:38","modified_gmt":"2025-09-29T15:35:38","slug":"cylindre-de-securite-31-5x31-5-a-bouton-hyper-reduit","status":"publish","type":"product","link":"https:\/\/www.alupieces.fr\/es\/producto\/cylindre-de-securite-31-5x31-5-a-bouton-hyper-reduit\/","title":{"rendered":"Cilindro de seguridad 31,5\u00d731,5 con pomo hiperreducido"},"content":{"rendered":"<p><span style=\"font-size: 16px\">Cilindro de seguridad 31,5\u00d731,5 con pomo hiperreducido <\/span><span style=\"font-size: 16px\">con un sistema de llave reversible horizontal. Tecnolog\u00eda de cierre innovadora <\/span><strong style=\"font-size: 16px\">WSM<\/strong><span style=\"font-size: 16px\">que consta de 6 clavijas que act\u00faan verticalmente.<\/span><\/p>\n<p>La geometr\u00eda de la llave y el n\u00facleo del cilindro de seguridad<span style=\"font-size: 16px\">, <\/span>protege contra la copia de llaves no autorizada y facilita la introducci\u00f3n de la llave gracias al punto de entrada en el cilindro.<\/p>\n<p>Gracias a su tarjeta de propiedad, este cilindro de seguridad de 31,5\u00d731,5 con pomo hiperreducido<span style=\"font-size: 16px\">,<\/span>\u00a0ofrece una protecci\u00f3n adicional contra la duplicaci\u00f3n fraudulenta de llaves. La tarjeta de propiedad es un documento confidencial que se le entrega al adquirir su cilindro de seguridad. Le permite pedir nuevas llaves o duplicar las existentes, facilitando la tarjeta de propiedad original, impidiendo as\u00ed que cualquier persona no autorizada obtenga llaves sin su consentimiento.<\/p>\n<ul>\n<li>Entregado con 4 llaves + 1 tarjeta de propiedad<\/li>\n<\/ul>\n<p>Otros tipos de cilindros de seguridad haciendo clic <a href=\"https:\/\/www.alupieces.fr\/es\/?s=Cylindre+s%C3%A9curit%C3%A9&amp;post_type=product&amp;dgwt_wcas=1\" target=\"_blank\" rel=\"noopener\">ICI<\/a><\/p>","protected":false},"excerpt":{"rendered":"<p>Cilindro de seguridad 31,5\u00d731,5 con pomo hiperreducido, con sistema de llave reversible horizontal. Innovadora tecnolog\u00eda de cierre WSM con 6 pitones de acci\u00f3n vertical. La geometr\u00eda de la llave y el n\u00facleo del cilindro de seguridad protegen contra la duplicaci\u00f3n no autorizada de llaves y facilitan la inserci\u00f3n de la llave gracias al sistema de llave horizontal [...].<\/p>","protected":false},"featured_media":11632,"comment_status":"open","ping_status":"closed","template":"","meta":{"site-sidebar-layout":"default","site-content-layout":"","ast-site-content-layout":"","site-content-style":"default","site-sidebar-style":"default","ast-global-header-display":"","ast-banner-title-visibility":"","ast-main-header-display":"","ast-hfb-above-header-display":"","ast-hfb-below-header-display":"","ast-hfb-mobile-header-display":"","site-post-title":"","ast-breadcrumbs-content":"","ast-featured-img":"","footer-sml-layout":"","theme-transparent-header-meta":"","adv-header-id-meta":"","stick-header-meta":"","header-above-stick-meta":"","header-main-stick-meta":"","header-below-stick-meta":"","astra-migrate-meta-layouts":"default","ast-page-background-enabled":"default","ast-page-background-meta":{"desktop":{"background-color":"var(--ast-global-color-4)","background-image":"","background-repeat":"repeat","background-position":"center center","background-size":"auto","background-attachment":"scroll","background-type":"","background-media":"","overlay-type":"","overlay-color":"","overlay-opacity":"","overlay-gradient":""},"tablet":{"background-color":"","background-image":"","background-repeat":"repeat","background-position":"center center","background-size":"auto","background-attachment":"scroll","background-type":"","background-media":"","overlay-type":"","overlay-color":"","overlay-opacity":"","overlay-gradient":""},"mobile":{"background-color":"","background-image":"","background-repeat":"repeat","background-position":"center center","background-size":"auto","background-attachment":"scroll","background-type":"","background-media":"","overlay-type":"","overlay-color":"","overlay-opacity":"","overlay-gradient":""}},"ast-content-background-meta":{"desktop":{"background-color":"var(--ast-global-color-5)","background-image":"","background-repeat":"repeat","background-position":"center center","background-size":"auto","background-attachment":"scroll","background-type":"","background-media":"","overlay-type":"","overlay-color":"","overlay-opacity":"","overlay-gradient":""},"tablet":{"background-color":"var(--ast-global-color-5)","background-image":"","background-repeat":"repeat","background-position":"center center","background-size":"auto","background-attachment":"scroll","background-type":"","background-media":"","overlay-type":"","overlay-color":"","overlay-opacity":"","overlay-gradient":""},"mobile":{"background-color":"var(--ast-global-color-5)","background-image":"","background-repeat":"repeat","background-position":"center center","background-size":"auto","background-attachment":"scroll","background-type":"","background-media":"","overlay-type":"","overlay-color":"","overlay-opacity":"","overlay-gradient":""}}},"product_cat":[18,48,53,20,43,17,19],"product_tag":[],"marque":[105],"acf":[],"yoast_head":"<!-- This site is optimized with the Yoast SEO plugin v20.1 - https:\/\/yoast.com\/wordpress\/plugins\/seo\/ -->\n<title>Cylindre de s\u00e9curit\u00e9 31.5x31.5 \u00e0 bouton hyper r\u00e9duit - Alupi\u00e8ces.fr<\/title>\n<meta name=\"description\" content=\"La conception de ce cylindre de s\u00e9curit\u00e9 31.5x31.5 \u00e0 bouton hyper r\u00e9duit, avec carte de propri\u00e9t\u00e9 et 4 cl\u00e9s. int\u00e8gre des \u00e9l\u00e9ments anti casse ce qui le rend\" \/>\n<meta name=\"robots\" content=\"index, follow, max-snippet:-1, max-image-preview:large, max-video-preview:-1\" \/>\n<link rel=\"canonical\" href=\"https:\/\/www.alupieces.fr\/es\/producto\/cylindre-de-securite-31-5x31-5-a-bouton-hyper-reduit\/\" \/>\n<meta property=\"og:locale\" content=\"es_ES\" \/>\n<meta property=\"og:type\" content=\"article\" \/>\n<meta property=\"og:title\" content=\"Cylindre de s\u00e9curit\u00e9 31.5x31.5 \u00e0 bouton hyper r\u00e9duit - Alupi\u00e8ces.fr\" \/>\n<meta property=\"og:description\" content=\"La conception de ce cylindre de s\u00e9curit\u00e9 31.5x31.5 \u00e0 bouton hyper r\u00e9duit, avec carte de propri\u00e9t\u00e9 et 4 cl\u00e9s. int\u00e8gre des \u00e9l\u00e9ments anti casse ce qui le rend\" \/>\n<meta property=\"og:url\" content=\"https:\/\/www.alupieces.fr\/es\/producto\/cylindre-de-securite-31-5x31-5-a-bouton-hyper-reduit\/\" \/>\n<meta property=\"og:site_name\" content=\"Alupi\u00e8ces.fr\" \/>\n<meta property=\"article:modified_time\" content=\"2025-09-29T15:35:38+00:00\" \/>\n<meta property=\"og:image\" content=\"https:\/\/www.alupieces.fr\/wp-content\/uploads\/2023\/10\/Cylindre-MMVG-001.jpg\" \/>\n\t<meta property=\"og:image:width\" content=\"827\" \/>\n\t<meta property=\"og:image:height\" content=\"827\" \/>\n\t<meta property=\"og:image:type\" content=\"image\/jpeg\" \/>\n<meta name=\"twitter:card\" content=\"summary_large_image\" \/>\n<meta name=\"twitter:label1\" content=\"Tiempo de lectura\" \/>\n\t<meta name=\"twitter:data1\" content=\"1 minuto\" \/>\n<!-- \/ Yoast SEO plugin. -->","yoast_head_json":{"title":"Cylindre de s\u00e9curit\u00e9 31.5x31.5 \u00e0 bouton hyper r\u00e9duit - Alupi\u00e8ces.fr","description":"La conception de ce cylindre de s\u00e9curit\u00e9 31.5x31.5 \u00e0 bouton hyper r\u00e9duit, avec carte de propri\u00e9t\u00e9 et 4 cl\u00e9s. int\u00e8gre des \u00e9l\u00e9ments anti casse ce qui le rend","robots":{"index":"index","follow":"follow","max-snippet":"max-snippet:-1","max-image-preview":"max-image-preview:large","max-video-preview":"max-video-preview:-1"},"canonical":"https:\/\/www.alupieces.fr\/es\/producto\/cylindre-de-securite-31-5x31-5-a-bouton-hyper-reduit\/","og_locale":"es_ES","og_type":"article","og_title":"Cylindre de s\u00e9curit\u00e9 31.5x31.5 \u00e0 bouton hyper r\u00e9duit - Alupi\u00e8ces.fr","og_description":"La conception de ce cylindre de s\u00e9curit\u00e9 31.5x31.5 \u00e0 bouton hyper r\u00e9duit, avec carte de propri\u00e9t\u00e9 et 4 cl\u00e9s. int\u00e8gre des \u00e9l\u00e9ments anti casse ce qui le rend","og_url":"https:\/\/www.alupieces.fr\/es\/producto\/cylindre-de-securite-31-5x31-5-a-bouton-hyper-reduit\/","og_site_name":"Alupi\u00e8ces.fr","article_modified_time":"2025-09-29T15:35:38+00:00","og_image":[{"width":827,"height":827,"url":"https:\/\/www.alupieces.fr\/wp-content\/uploads\/2023\/10\/Cylindre-MMVG-001.jpg","type":"image\/jpeg"}],"twitter_card":"summary_large_image","twitter_misc":{"Tiempo de lectura":"1 minuto"},"schema":{"@context":"https:\/\/schema.org","@graph":[{"@type":"WebPage","@id":"https:\/\/www.alupieces.fr\/produit\/cylindre-de-securite-31-5x31-5-a-bouton-hyper-reduit\/","url":"https:\/\/www.alupieces.fr\/produit\/cylindre-de-securite-31-5x31-5-a-bouton-hyper-reduit\/","name":"Cylindre de s\u00e9curit\u00e9 31.5x31.5 \u00e0 bouton hyper r\u00e9duit - Alupi\u00e8ces.fr","isPartOf":{"@id":"https:\/\/www.alupieces.fr\/#website"},"datePublished":"2023-10-09T13:15:15+00:00","dateModified":"2025-09-29T15:35:38+00:00","description":"La conception de ce cylindre de s\u00e9curit\u00e9 31.5x31.5 \u00e0 bouton hyper r\u00e9duit, avec carte de propri\u00e9t\u00e9 et 4 cl\u00e9s. int\u00e8gre des \u00e9l\u00e9ments anti casse ce qui le rend","breadcrumb":{"@id":"https:\/\/www.alupieces.fr\/produit\/cylindre-de-securite-31-5x31-5-a-bouton-hyper-reduit\/#breadcrumb"},"inLanguage":"es","potentialAction":[{"@type":"ReadAction","target":["https:\/\/www.alupieces.fr\/produit\/cylindre-de-securite-31-5x31-5-a-bouton-hyper-reduit\/"]}]},{"@type":"BreadcrumbList","@id":"https:\/\/www.alupieces.fr\/produit\/cylindre-de-securite-31-5x31-5-a-bouton-hyper-reduit\/#breadcrumb","itemListElement":[{"@type":"ListItem","position":1,"name":"Accueil","item":"https:\/\/www.alupieces.fr\/"},{"@type":"ListItem","position":2,"name":"Boutique","item":"https:\/\/www.alupieces.fr\/boutique\/"},{"@type":"ListItem","position":3,"name":"Cylindre de s\u00e9curit\u00e9 31.5&#215;31.5 \u00e0 bouton hyper r\u00e9duit"}]},{"@type":"WebSite","@id":"https:\/\/www.alupieces.fr\/#website","url":"https:\/\/www.alupieces.fr\/","name":"Alupi\u00e8ces.fr","description":"La r\u00e9f\u00e9rence des pi\u00e8ces d\u00e9tach\u00e9es d&#039;origine en Aluminium Technal, Bubendorff et Mariton","publisher":{"@id":"https:\/\/www.alupieces.fr\/#organization"},"potentialAction":[{"@type":"SearchAction","target":{"@type":"EntryPoint","urlTemplate":"https:\/\/www.alupieces.fr\/?s={search_term_string}"},"query-input":"required name=search_term_string"}],"inLanguage":"es"},{"@type":"Organization","@id":"https:\/\/www.alupieces.fr\/#organization","name":"Alupi\u00e8ces","alternateName":"Alupi\u00e8ces.fr","url":"https:\/\/www.alupieces.fr\/","logo":{"@type":"ImageObject","inLanguage":"es","@id":"https:\/\/www.alupieces.fr\/#\/schema\/logo\/image\/","url":"https:\/\/www.alupieces.fr\/wp-content\/uploads\/2022\/12\/Bon-logo-1.png","contentUrl":"https:\/\/www.alupieces.fr\/wp-content\/uploads\/2022\/12\/Bon-logo-1.png","width":1367,"height":474,"caption":"Alupi\u00e8ces"},"image":{"@id":"https:\/\/www.alupieces.fr\/#\/schema\/logo\/image\/"}}]}},"wcpa_form_fields":null,"_links":{"self":[{"href":"https:\/\/www.alupieces.fr\/es\/wp-json\/wp\/v2\/product\/11620"}],"collection":[{"href":"https:\/\/www.alupieces.fr\/es\/wp-json\/wp\/v2\/product"}],"about":[{"href":"https:\/\/www.alupieces.fr\/es\/wp-json\/wp\/v2\/types\/product"}],"replies":[{"embeddable":true,"href":"https:\/\/www.alupieces.fr\/es\/wp-json\/wp\/v2\/comments?post=11620"}],"wp:featuredmedia":[{"embeddable":true,"href":"https:\/\/www.alupieces.fr\/es\/wp-json\/wp\/v2\/media\/11632"}],"wp:attachment":[{"href":"https:\/\/www.alupieces.fr\/es\/wp-json\/wp\/v2\/media?parent=11620"}],"wp:term":[{"taxonomy":"product_cat","embeddable":true,"href":"https:\/\/www.alupieces.fr\/es\/wp-json\/wp\/v2\/product_cat?post=11620"},{"taxonomy":"product_tag","embeddable":true,"href":"https:\/\/www.alupieces.fr\/es\/wp-json\/wp\/v2\/product_tag?post=11620"},{"taxonomy":"marque","embeddable":true,"href":"https:\/\/www.alupieces.fr\/es\/wp-json\/wp\/v2\/marque?post=11620"}],"curies":[{"name":"wp","href":"https:\/\/api.w.org\/{rel}","templated":true}]}}