{"id":11,"date":"2022-11-22T14:50:40","date_gmt":"2022-11-22T13:50:40","guid":{"rendered":"https:\/\/www.alupieces.fr\/?page_id=11"},"modified":"2023-02-08T09:06:29","modified_gmt":"2023-02-08T08:06:29","slug":"panier","status":"publish","type":"page","link":"https:\/\/www.alupieces.fr\/es\/cesta-2\/","title":{"rendered":"Cesta"},"content":{"rendered":"<div data-elementor-type=\"wp-page\" data-elementor-id=\"11\" class=\"elementor elementor-11\" data-elementor-post-type=\"page\">\n\t\t\t\t\t\t<section class=\"elementor-section elementor-top-section elementor-element elementor-element-2a9b31e7 elementor-section-boxed elementor-section-height-default elementor-section-height-default\" data-id=\"2a9b31e7\" data-element_type=\"section\">\n\t\t\t\t\t\t<div class=\"elementor-container elementor-column-gap-default\">\n\t\t\t\t\t<div class=\"elementor-column elementor-col-100 elementor-top-column elementor-element elementor-element-4c9e28f6\" data-id=\"4c9e28f6\" data-element_type=\"column\">\n\t\t\t<div class=\"elementor-widget-wrap elementor-element-populated\">\n\t\t\t\t\t\t\t<\/div>\n\t\t<\/div>\n\t\t\t\t\t<\/div>\n\t\t<\/section>\n\t\t\t\t<\/div>","protected":false},"excerpt":{"rendered":"<p>Supprimer l\u2019\u00e9l\u00e9ment Miniature Produit Prix Quantit\u00e9 Sous-total Roulette Double Technal GK 36,27&nbsp;\u20ac quantit\u00e9 de Roulette Double Technal GK 72,54&nbsp;\u20ac Appliquer Totaux du panier Sous-total 72,54&nbsp;\u20ac Exp\u00e9dition Chronopost 10: 23,98&nbsp;\u20ac Chronopost 13: 18,16&nbsp;\u20ac Chronopost Relais: 12,35&nbsp;\u20ac Colissimo sans signature: 9,98&nbsp;\u20ac Colissimo relais: 8,46&nbsp;\u20ac UPS: 24,98&nbsp;\u20ac Livraison \u00e0 Rue des paroissiens, 84140 MONTFAVET. Modifier l\u2019adresse Pays\/r\u00e9gion&nbsp;: S\u00e9lectionner [&hellip;]<\/p>","protected":false},"author":1,"featured_media":0,"parent":0,"menu_order":15,"comment_status":"closed","ping_status":"closed","template":"","meta":{"site-sidebar-layout":"default","site-content-layout":"","ast-site-content-layout":"","site-content-style":"default","site-sidebar-style":"default","ast-global-header-display":"","ast-banner-title-visibility":"","ast-main-header-display":"","ast-hfb-above-header-display":"","ast-hfb-below-header-display":"","ast-hfb-mobile-header-display":"","site-post-title":"","ast-breadcrumbs-content":"","ast-featured-img":"","footer-sml-layout":"","theme-transparent-header-meta":"","adv-header-id-meta":"","stick-header-meta":"","header-above-stick-meta":"","header-main-stick-meta":"","header-below-stick-meta":"","astra-migrate-meta-layouts":"default","ast-page-background-enabled":"default","ast-page-background-meta":{"desktop":{"background-color":"var(--ast-global-color-4)","background-image":"","background-repeat":"repeat","background-position":"center center","background-size":"auto","background-attachment":"scroll","background-type":"","background-media":"","overlay-type":"","overlay-color":"","overlay-opacity":"","overlay-gradient":""},"tablet":{"background-color":"","background-image":"","background-repeat":"repeat","background-position":"center center","background-size":"auto","background-attachment":"scroll","background-type":"","background-media":"","overlay-type":"","overlay-color":"","overlay-opacity":"","overlay-gradient":""},"mobile":{"background-color":"","background-image":"","background-repeat":"repeat","background-position":"center center","background-size":"auto","background-attachment":"scroll","background-type":"","background-media":"","overlay-type":"","overlay-color":"","overlay-opacity":"","overlay-gradient":""}},"ast-content-background-meta":{"desktop":{"background-color":"var(--ast-global-color-5)","background-image":"","background-repeat":"repeat","background-position":"center center","background-size":"auto","background-attachment":"scroll","background-type":"","background-media":"","overlay-type":"","overlay-color":"","overlay-opacity":"","overlay-gradient":""},"tablet":{"background-color":"var(--ast-global-color-5)","background-image":"","background-repeat":"repeat","background-position":"center center","background-size":"auto","background-attachment":"scroll","background-type":"","background-media":"","overlay-type":"","overlay-color":"","overlay-opacity":"","overlay-gradient":""},"mobile":{"background-color":"var(--ast-global-color-5)","background-image":"","background-repeat":"repeat","background-position":"center center","background-size":"auto","background-attachment":"scroll","background-type":"","background-media":"","overlay-type":"","overlay-color":"","overlay-opacity":"","overlay-gradient":""}}},"acf":[],"yoast_head":"<!-- This site is optimized with the Yoast SEO plugin v20.1 - https:\/\/yoast.com\/wordpress\/plugins\/seo\/ -->\n<title>Alupi\u00e8ces.fr - Panier<\/title>\n<meta name=\"robots\" content=\"noindex, follow\" \/>\n<meta property=\"og:locale\" content=\"es_ES\" \/>\n<meta property=\"og:type\" content=\"article\" \/>\n<meta property=\"og:title\" content=\"Alupi\u00e8ces.fr - Panier\" \/>\n<meta property=\"og:description\" content=\"Supprimer l\u2019\u00e9l\u00e9ment Miniature Produit Prix Quantit\u00e9 Sous-total Roulette Double Technal GK 36,27&nbsp;\u20ac quantit\u00e9 de Roulette Double Technal GK 72,54&nbsp;\u20ac Appliquer Totaux du panier Sous-total 72,54&nbsp;\u20ac Exp\u00e9dition Chronopost 10: 23,98&nbsp;\u20ac Chronopost 13: 18,16&nbsp;\u20ac Chronopost Relais: 12,35&nbsp;\u20ac Colissimo sans signature: 9,98&nbsp;\u20ac Colissimo relais: 8,46&nbsp;\u20ac UPS: 24,98&nbsp;\u20ac Livraison \u00e0 Rue des paroissiens, 84140 MONTFAVET. Modifier l\u2019adresse Pays\/r\u00e9gion&nbsp;: S\u00e9lectionner [&hellip;]\" \/>\n<meta property=\"og:url\" content=\"https:\/\/www.alupieces.fr\/es\/cesta-2\/\" \/>\n<meta property=\"og:site_name\" content=\"Alupi\u00e8ces.fr\" \/>\n<meta property=\"article:modified_time\" content=\"2023-02-08T08:06:29+00:00\" \/>\n<meta property=\"og:image\" content=\"https:\/\/alupieces.fr\/wp-content\/uploads\/2023\/01\/T1956-Roulette-GK-00-300x300.jpg\" \/>\n<meta name=\"twitter:card\" content=\"summary_large_image\" \/>\n<meta name=\"twitter:label1\" content=\"Tiempo de lectura\" \/>\n\t<meta name=\"twitter:data1\" content=\"1 minuto\" \/>\n<!-- \/ Yoast SEO plugin. -->","yoast_head_json":{"title":"Alupi\u00e8ces.fr - Panier","robots":{"index":"noindex","follow":"follow"},"og_locale":"es_ES","og_type":"article","og_title":"Alupi\u00e8ces.fr - Panier","og_description":"Supprimer l\u2019\u00e9l\u00e9ment Miniature Produit Prix Quantit\u00e9 Sous-total Roulette Double Technal GK 36,27&nbsp;\u20ac quantit\u00e9 de Roulette Double Technal GK 72,54&nbsp;\u20ac Appliquer Totaux du panier Sous-total 72,54&nbsp;\u20ac Exp\u00e9dition Chronopost 10: 23,98&nbsp;\u20ac Chronopost 13: 18,16&nbsp;\u20ac Chronopost Relais: 12,35&nbsp;\u20ac Colissimo sans signature: 9,98&nbsp;\u20ac Colissimo relais: 8,46&nbsp;\u20ac UPS: 24,98&nbsp;\u20ac Livraison \u00e0 Rue des paroissiens, 84140 MONTFAVET. Modifier l\u2019adresse Pays\/r\u00e9gion&nbsp;: S\u00e9lectionner [&hellip;]","og_url":"https:\/\/www.alupieces.fr\/es\/cesta-2\/","og_site_name":"Alupi\u00e8ces.fr","article_modified_time":"2023-02-08T08:06:29+00:00","og_image":[{"url":"https:\/\/alupieces.fr\/wp-content\/uploads\/2023\/01\/T1956-Roulette-GK-00-300x300.jpg"}],"twitter_card":"summary_large_image","twitter_misc":{"Tiempo de lectura":"1 minuto"},"schema":{"@context":"https:\/\/schema.org","@graph":[{"@type":"WebPage","@id":"https:\/\/www.alupieces.fr\/panier\/","url":"https:\/\/www.alupieces.fr\/panier\/","name":"Alupi\u00e8ces.fr - Panier","isPartOf":{"@id":"https:\/\/www.alupieces.fr\/#website"},"datePublished":"2022-11-22T13:50:40+00:00","dateModified":"2023-02-08T08:06:29+00:00","breadcrumb":{"@id":"https:\/\/www.alupieces.fr\/panier\/#breadcrumb"},"inLanguage":"es","potentialAction":[{"@type":"ReadAction","target":["https:\/\/www.alupieces.fr\/panier\/"]}]},{"@type":"BreadcrumbList","@id":"https:\/\/www.alupieces.fr\/panier\/#breadcrumb","itemListElement":[{"@type":"ListItem","position":1,"name":"Accueil","item":"https:\/\/www.alupieces.fr\/"},{"@type":"ListItem","position":2,"name":"Panier"}]},{"@type":"WebSite","@id":"https:\/\/www.alupieces.fr\/#website","url":"https:\/\/www.alupieces.fr\/","name":"Alupi\u00e8ces.fr","description":"La r\u00e9f\u00e9rence des pi\u00e8ces d\u00e9tach\u00e9es d&#039;origine en Aluminium Technal, Bubendorff et Mariton","publisher":{"@id":"https:\/\/www.alupieces.fr\/#organization"},"potentialAction":[{"@type":"SearchAction","target":{"@type":"EntryPoint","urlTemplate":"https:\/\/www.alupieces.fr\/?s={search_term_string}"},"query-input":"required name=search_term_string"}],"inLanguage":"es"},{"@type":"Organization","@id":"https:\/\/www.alupieces.fr\/#organization","name":"Alupi\u00e8ces","alternateName":"Alupi\u00e8ces.fr","url":"https:\/\/www.alupieces.fr\/","logo":{"@type":"ImageObject","inLanguage":"es","@id":"https:\/\/www.alupieces.fr\/#\/schema\/logo\/image\/","url":"https:\/\/www.alupieces.fr\/wp-content\/uploads\/2022\/12\/Bon-logo-1.png","contentUrl":"https:\/\/www.alupieces.fr\/wp-content\/uploads\/2022\/12\/Bon-logo-1.png","width":1367,"height":474,"caption":"Alupi\u00e8ces"},"image":{"@id":"https:\/\/www.alupieces.fr\/#\/schema\/logo\/image\/"}}]}},"_links":{"self":[{"href":"https:\/\/www.alupieces.fr\/es\/wp-json\/wp\/v2\/pages\/11"}],"collection":[{"href":"https:\/\/www.alupieces.fr\/es\/wp-json\/wp\/v2\/pages"}],"about":[{"href":"https:\/\/www.alupieces.fr\/es\/wp-json\/wp\/v2\/types\/page"}],"author":[{"embeddable":true,"href":"https:\/\/www.alupieces.fr\/es\/wp-json\/wp\/v2\/users\/1"}],"replies":[{"embeddable":true,"href":"https:\/\/www.alupieces.fr\/es\/wp-json\/wp\/v2\/comments?post=11"}],"version-history":[{"count":2,"href":"https:\/\/www.alupieces.fr\/es\/wp-json\/wp\/v2\/pages\/11\/revisions"}],"predecessor-version":[{"id":18456,"href":"https:\/\/www.alupieces.fr\/es\/wp-json\/wp\/v2\/pages\/11\/revisions\/18456"}],"wp:attachment":[{"href":"https:\/\/www.alupieces.fr\/es\/wp-json\/wp\/v2\/media?parent=11"}],"curies":[{"name":"wp","href":"https:\/\/api.w.org\/{rel}","templated":true}]}}