{"id":9043,"date":"2023-06-07T11:31:15","date_gmt":"2023-06-07T09:31:15","guid":{"rendered":"https:\/\/www.alupieces.fr\/?post_type=product&#038;p=9043"},"modified":"2026-03-14T11:08:14","modified_gmt":"2026-03-14T10:08:14","slug":"nuancier-alu-technal-43-couleurs-selection","status":"publish","type":"product","link":"https:\/\/www.alupieces.fr\/en\/product\/colour-chart-alu-technal-43-selection-colours\/","title":{"rendered":"Technal Alu Colour Chart 43 Selection Colours"},"content":{"rendered":"<p>Technal Selection range of 43 colours.<\/p>\n<p>Real colour on pallet in Aluminium with RAL.<\/p>\n<p><a href=\"https:\/\/www.alupieces.fr\/en\/?post_type=product&amp;p=17580&amp;preview=true\">Technal Alu colour chart Wood effects<\/a><\/p>\n<p><a href=\"https:\/\/www.alupieces.fr\/en\/?post_type=product&amp;p=17585&amp;preview=true\">Technal Alu 9 Colours Anodised Colour Chart<\/a><\/p>\n<p><a href=\"https:\/\/www.alupieces.fr\/en\/product\/nuancier-alu-technal-10-exclusive-colours\/\">Technal Alu Colour Chart 10 Exclusive Colours<\/a><\/p>\n<p><a href=\"https:\/\/www.alupieces.fr\/en\/produit\/nuancier-alu-technal-les-anodises-5-teintes\/\">Technal Alu Anodised 5 Shades colour chart<\/a><\/p>","protected":false},"excerpt":{"rendered":"<p>Nuancier de 43 couleurs de la gamme Selection Technal . Couleur r\u00e9elles sur palette en Aluminium avec RAL. Nuancier Alu Technal Les effets Bois Nuancier Alu Technal 9 Couleurs Les Anodis\u00e9s Nuancier Alu Technal 10 Couleurs Exclusives Nuancier Alu Technal Les Anodis\u00e9s 5 Teintes<\/p>","protected":false},"featured_media":9046,"comment_status":"open","ping_status":"closed","template":"","meta":{"site-sidebar-layout":"default","site-content-layout":"","ast-site-content-layout":"","site-content-style":"default","site-sidebar-style":"default","ast-global-header-display":"","ast-banner-title-visibility":"","ast-main-header-display":"","ast-hfb-above-header-display":"","ast-hfb-below-header-display":"","ast-hfb-mobile-header-display":"","site-post-title":"","ast-breadcrumbs-content":"","ast-featured-img":"","footer-sml-layout":"","theme-transparent-header-meta":"","adv-header-id-meta":"","stick-header-meta":"","header-above-stick-meta":"","header-main-stick-meta":"","header-below-stick-meta":"","astra-migrate-meta-layouts":"default","ast-page-background-enabled":"default","ast-page-background-meta":{"desktop":{"background-color":"var(--ast-global-color-4)","background-image":"","background-repeat":"repeat","background-position":"center center","background-size":"auto","background-attachment":"scroll","background-type":"","background-media":"","overlay-type":"","overlay-color":"","overlay-opacity":"","overlay-gradient":""},"tablet":{"background-color":"","background-image":"","background-repeat":"repeat","background-position":"center center","background-size":"auto","background-attachment":"scroll","background-type":"","background-media":"","overlay-type":"","overlay-color":"","overlay-opacity":"","overlay-gradient":""},"mobile":{"background-color":"","background-image":"","background-repeat":"repeat","background-position":"center center","background-size":"auto","background-attachment":"scroll","background-type":"","background-media":"","overlay-type":"","overlay-color":"","overlay-opacity":"","overlay-gradient":""}},"ast-content-background-meta":{"desktop":{"background-color":"var(--ast-global-color-5)","background-image":"","background-repeat":"repeat","background-position":"center center","background-size":"auto","background-attachment":"scroll","background-type":"","background-media":"","overlay-type":"","overlay-color":"","overlay-opacity":"","overlay-gradient":""},"tablet":{"background-color":"var(--ast-global-color-5)","background-image":"","background-repeat":"repeat","background-position":"center center","background-size":"auto","background-attachment":"scroll","background-type":"","background-media":"","overlay-type":"","overlay-color":"","overlay-opacity":"","overlay-gradient":""},"mobile":{"background-color":"var(--ast-global-color-5)","background-image":"","background-repeat":"repeat","background-position":"center center","background-size":"auto","background-attachment":"scroll","background-type":"","background-media":"","overlay-type":"","overlay-color":"","overlay-opacity":"","overlay-gradient":""}}},"product_cat":[45],"product_tag":[],"marque":[106],"acf":[],"yoast_head":"<!-- This site is optimized with the Yoast SEO plugin v20.1 - https:\/\/yoast.com\/wordpress\/plugins\/seo\/ -->\n<title>Nuancier Alu Technal 43 Couleurs Selection - Alupi\u00e8ces.fr<\/title>\n<meta name=\"description\" content=\"Nuancier Technal, 43 couleurs de la gamme Selection sur palette Aluminium. Outil indispensable pour ne plus se tromper dans le choix de la couleur. Vendu sur notre site\" \/>\n<meta name=\"robots\" content=\"index, follow, max-snippet:-1, max-image-preview:large, max-video-preview:-1\" \/>\n<link rel=\"canonical\" href=\"https:\/\/www.alupieces.fr\/en\/product\/colour-chart-alu-technal-43-selection-colours\/\" \/>\n<meta property=\"og:locale\" content=\"en_GB\" \/>\n<meta property=\"og:type\" content=\"article\" \/>\n<meta property=\"og:title\" content=\"Nuancier Alu Technal 43 Couleurs Selection - Alupi\u00e8ces.fr\" \/>\n<meta property=\"og:description\" content=\"Nuancier Technal, 43 couleurs de la gamme Selection sur palette Aluminium. Outil indispensable pour ne plus se tromper dans le choix de la couleur. Vendu sur notre site\" \/>\n<meta property=\"og:url\" content=\"https:\/\/www.alupieces.fr\/en\/product\/colour-chart-alu-technal-43-selection-colours\/\" \/>\n<meta property=\"og:site_name\" content=\"Alupi\u00e8ces.fr\" \/>\n<meta property=\"article:modified_time\" content=\"2026-03-14T10:08:14+00:00\" \/>\n<meta property=\"og:image\" content=\"https:\/\/www.alupieces.fr\/wp-content\/uploads\/2023\/06\/43-Selections-recto-001.jpg\" \/>\n\t<meta property=\"og:image:width\" content=\"827\" \/>\n\t<meta property=\"og:image:height\" content=\"827\" \/>\n\t<meta property=\"og:image:type\" content=\"image\/jpeg\" \/>\n<meta name=\"twitter:card\" content=\"summary_large_image\" \/>\n<meta name=\"twitter:label1\" content=\"Estimated reading time\" \/>\n\t<meta name=\"twitter:data1\" content=\"1 minute\" \/>\n<!-- \/ Yoast SEO plugin. -->","yoast_head_json":{"title":"Nuancier Alu Technal 43 Couleurs Selection - Alupi\u00e8ces.fr","description":"Nuancier Technal, 43 couleurs de la gamme Selection sur palette Aluminium. Outil indispensable pour ne plus se tromper dans le choix de la couleur. Vendu sur notre site","robots":{"index":"index","follow":"follow","max-snippet":"max-snippet:-1","max-image-preview":"max-image-preview:large","max-video-preview":"max-video-preview:-1"},"canonical":"https:\/\/www.alupieces.fr\/en\/product\/colour-chart-alu-technal-43-selection-colours\/","og_locale":"en_GB","og_type":"article","og_title":"Nuancier Alu Technal 43 Couleurs Selection - Alupi\u00e8ces.fr","og_description":"Nuancier Technal, 43 couleurs de la gamme Selection sur palette Aluminium. Outil indispensable pour ne plus se tromper dans le choix de la couleur. Vendu sur notre site","og_url":"https:\/\/www.alupieces.fr\/en\/product\/colour-chart-alu-technal-43-selection-colours\/","og_site_name":"Alupi\u00e8ces.fr","article_modified_time":"2026-03-14T10:08:14+00:00","og_image":[{"width":827,"height":827,"url":"https:\/\/www.alupieces.fr\/wp-content\/uploads\/2023\/06\/43-Selections-recto-001.jpg","type":"image\/jpeg"}],"twitter_card":"summary_large_image","twitter_misc":{"Estimated reading time":"1 minute"},"schema":{"@context":"https:\/\/schema.org","@graph":[{"@type":"WebPage","@id":"https:\/\/www.alupieces.fr\/produit\/nuancier-alu-technal-43-couleurs-selection\/","url":"https:\/\/www.alupieces.fr\/produit\/nuancier-alu-technal-43-couleurs-selection\/","name":"Nuancier Alu Technal 43 Couleurs Selection - Alupi\u00e8ces.fr","isPartOf":{"@id":"https:\/\/www.alupieces.fr\/#website"},"datePublished":"2023-06-07T09:31:15+00:00","dateModified":"2026-03-14T10:08:14+00:00","description":"Nuancier Technal, 43 couleurs de la gamme Selection sur palette Aluminium. Outil indispensable pour ne plus se tromper dans le choix de la couleur. Vendu sur notre site","breadcrumb":{"@id":"https:\/\/www.alupieces.fr\/produit\/nuancier-alu-technal-43-couleurs-selection\/#breadcrumb"},"inLanguage":"en-GB","potentialAction":[{"@type":"ReadAction","target":["https:\/\/www.alupieces.fr\/produit\/nuancier-alu-technal-43-couleurs-selection\/"]}]},{"@type":"BreadcrumbList","@id":"https:\/\/www.alupieces.fr\/produit\/nuancier-alu-technal-43-couleurs-selection\/#breadcrumb","itemListElement":[{"@type":"ListItem","position":1,"name":"Accueil","item":"https:\/\/www.alupieces.fr\/"},{"@type":"ListItem","position":2,"name":"Boutique","item":"https:\/\/www.alupieces.fr\/boutique\/"},{"@type":"ListItem","position":3,"name":"Nuancier Alu Technal 43 Couleurs Selection"}]},{"@type":"WebSite","@id":"https:\/\/www.alupieces.fr\/#website","url":"https:\/\/www.alupieces.fr\/","name":"Alupi\u00e8ces.fr","description":"La r\u00e9f\u00e9rence des pi\u00e8ces d\u00e9tach\u00e9es d&#039;origine en Aluminium Technal, Bubendorff et Mariton","publisher":{"@id":"https:\/\/www.alupieces.fr\/#organization"},"potentialAction":[{"@type":"SearchAction","target":{"@type":"EntryPoint","urlTemplate":"https:\/\/www.alupieces.fr\/?s={search_term_string}"},"query-input":"required name=search_term_string"}],"inLanguage":"en-GB"},{"@type":"Organization","@id":"https:\/\/www.alupieces.fr\/#organization","name":"Alupi\u00e8ces","alternateName":"Alupi\u00e8ces.fr","url":"https:\/\/www.alupieces.fr\/","logo":{"@type":"ImageObject","inLanguage":"en-GB","@id":"https:\/\/www.alupieces.fr\/#\/schema\/logo\/image\/","url":"https:\/\/www.alupieces.fr\/wp-content\/uploads\/2022\/12\/Bon-logo-1.png","contentUrl":"https:\/\/www.alupieces.fr\/wp-content\/uploads\/2022\/12\/Bon-logo-1.png","width":1367,"height":474,"caption":"Alupi\u00e8ces"},"image":{"@id":"https:\/\/www.alupieces.fr\/#\/schema\/logo\/image\/"}}]}},"wcpa_form_fields":null,"_links":{"self":[{"href":"https:\/\/www.alupieces.fr\/en\/wp-json\/wp\/v2\/product\/9043"}],"collection":[{"href":"https:\/\/www.alupieces.fr\/en\/wp-json\/wp\/v2\/product"}],"about":[{"href":"https:\/\/www.alupieces.fr\/en\/wp-json\/wp\/v2\/types\/product"}],"replies":[{"embeddable":true,"href":"https:\/\/www.alupieces.fr\/en\/wp-json\/wp\/v2\/comments?post=9043"}],"wp:featuredmedia":[{"embeddable":true,"href":"https:\/\/www.alupieces.fr\/en\/wp-json\/wp\/v2\/media\/9046"}],"wp:attachment":[{"href":"https:\/\/www.alupieces.fr\/en\/wp-json\/wp\/v2\/media?parent=9043"}],"wp:term":[{"taxonomy":"product_cat","embeddable":true,"href":"https:\/\/www.alupieces.fr\/en\/wp-json\/wp\/v2\/product_cat?post=9043"},{"taxonomy":"product_tag","embeddable":true,"href":"https:\/\/www.alupieces.fr\/en\/wp-json\/wp\/v2\/product_tag?post=9043"},{"taxonomy":"marque","embeddable":true,"href":"https:\/\/www.alupieces.fr\/en\/wp-json\/wp\/v2\/marque?post=9043"}],"curies":[{"name":"wp","href":"https:\/\/api.w.org\/{rel}","templated":true}]}}