{"id":8993,"date":"2023-06-06T16:32:58","date_gmt":"2023-06-06T14:32:58","guid":{"rendered":"https:\/\/www.alupieces.fr\/?post_type=product&#038;p=8993"},"modified":"2025-10-08T17:44:15","modified_gmt":"2025-10-08T15:44:15","slug":"profile-corniere-l-aluminium-50mmx30mm-ep1-7mm-technal","status":"publish","type":"product","link":"https:\/\/www.alupieces.fr\/en\/product\/profile-corners-aluminium-50mmx30mm-ep1-7mm-technal\/","title":{"rendered":"Aluminium 'L' Corner Profile 50mmx30mm Th1.7mm Technal"},"content":{"rendered":"<p>Technal 50mmx30mm Th1.7mm Aluminium 'L' Angle Profile. The aluminium angle or bar is useful for reinforcing corners and provides extra strength. <span style=\"font-size: 16px;font-style: normal;font-weight: 400\">Qualicoat label<\/span><\/p>\n<p><a style=\"font-size: 16px;background-color: #ffffff\" href=\"https:\/\/alupieces.fr\/wp-content\/uploads\/2023\/05\/Nuanciers-de-Couleurs-.pdf\" target=\"_blank\" rel=\"noopener\">CLICK to view and confirm your choice of colour<\/a><br \/>\nFor any other colour, contact us (contact.alupieces@gmail.com) and we'll send you a personalised quote.<\/p>\n<ul>\n<li><a href=\"https:\/\/www.alupieces.fr\/en\/?s=profil%C3%A9&amp;post_type=product&amp;dgwt_wcas=1\">Discover our range of Aluminium bars\u00a0<\/a><\/li>\n<\/ul>","protected":false},"excerpt":{"rendered":"<p>Technal 50mmx30mm Th1.7mm Aluminium 'L' Angle Profile. The aluminium angle or bar is useful for reinforcing corners and offers extra strength. Qualicoat label CLICK to view and confirm your choice of colour For any other colour, contact us (contact.alupieces@gmail.com) and we will send you a personalised quotation. Discover our range of Aluminium bars\u00a0<\/p>","protected":false},"featured_media":8563,"comment_status":"open","ping_status":"closed","template":"","meta":{"site-sidebar-layout":"default","site-content-layout":"","ast-site-content-layout":"","site-content-style":"default","site-sidebar-style":"default","ast-global-header-display":"","ast-banner-title-visibility":"","ast-main-header-display":"","ast-hfb-above-header-display":"","ast-hfb-below-header-display":"","ast-hfb-mobile-header-display":"","site-post-title":"","ast-breadcrumbs-content":"","ast-featured-img":"","footer-sml-layout":"","theme-transparent-header-meta":"","adv-header-id-meta":"","stick-header-meta":"","header-above-stick-meta":"","header-main-stick-meta":"","header-below-stick-meta":"","astra-migrate-meta-layouts":"default","ast-page-background-enabled":"default","ast-page-background-meta":{"desktop":{"background-color":"var(--ast-global-color-4)","background-image":"","background-repeat":"repeat","background-position":"center center","background-size":"auto","background-attachment":"scroll","background-type":"","background-media":"","overlay-type":"","overlay-color":"","overlay-opacity":"","overlay-gradient":""},"tablet":{"background-color":"","background-image":"","background-repeat":"repeat","background-position":"center center","background-size":"auto","background-attachment":"scroll","background-type":"","background-media":"","overlay-type":"","overlay-color":"","overlay-opacity":"","overlay-gradient":""},"mobile":{"background-color":"","background-image":"","background-repeat":"repeat","background-position":"center center","background-size":"auto","background-attachment":"scroll","background-type":"","background-media":"","overlay-type":"","overlay-color":"","overlay-opacity":"","overlay-gradient":""}},"ast-content-background-meta":{"desktop":{"background-color":"var(--ast-global-color-5)","background-image":"","background-repeat":"repeat","background-position":"center center","background-size":"auto","background-attachment":"scroll","background-type":"","background-media":"","overlay-type":"","overlay-color":"","overlay-opacity":"","overlay-gradient":""},"tablet":{"background-color":"var(--ast-global-color-5)","background-image":"","background-repeat":"repeat","background-position":"center center","background-size":"auto","background-attachment":"scroll","background-type":"","background-media":"","overlay-type":"","overlay-color":"","overlay-opacity":"","overlay-gradient":""},"mobile":{"background-color":"var(--ast-global-color-5)","background-image":"","background-repeat":"repeat","background-position":"center center","background-size":"auto","background-attachment":"scroll","background-type":"","background-media":"","overlay-type":"","overlay-color":"","overlay-opacity":"","overlay-gradient":""}}},"product_cat":[18,20,17,19,21],"product_tag":[],"marque":[106],"acf":[],"yoast_head":"<!-- This site is optimized with the Yoast SEO plugin v20.1 - https:\/\/yoast.com\/wordpress\/plugins\/seo\/ -->\n<title>Profil\u00e9 Corni\u00e8re &#039;L&#039; Aluminium 50mmx30mm Ep1.7mm Technal - Alupi\u00e8ces.fr<\/title>\n<meta name=\"description\" content=\"Profil\u00e9 corni\u00e8re &#039;L&#039; Aluminium 40mmx40mm Ep1.7mm Technal. Profil\u00e9s en \u00e9paisseur 1,5mm,1,6mm, 3mm ,5mm,10mm, tube carr\u00e9, rectangulaire Aluminium Technal..\" \/>\n<meta name=\"robots\" content=\"index, follow, max-snippet:-1, max-image-preview:large, max-video-preview:-1\" \/>\n<link rel=\"canonical\" href=\"https:\/\/www.alupieces.fr\/en\/product\/profile-corners-aluminium-50mmx30mm-ep1-7mm-technal\/\" \/>\n<meta property=\"og:locale\" content=\"en_GB\" \/>\n<meta property=\"og:type\" content=\"article\" \/>\n<meta property=\"og:title\" content=\"Profil\u00e9 Corni\u00e8re &#039;L&#039; Aluminium 50mmx30mm Ep1.7mm Technal - Alupi\u00e8ces.fr\" \/>\n<meta property=\"og:description\" content=\"Profil\u00e9 corni\u00e8re &#039;L&#039; Aluminium 40mmx40mm Ep1.7mm Technal. Profil\u00e9s en \u00e9paisseur 1,5mm,1,6mm, 3mm ,5mm,10mm, tube carr\u00e9, rectangulaire Aluminium Technal..\" \/>\n<meta property=\"og:url\" content=\"https:\/\/www.alupieces.fr\/en\/product\/profile-corners-aluminium-50mmx30mm-ep1-7mm-technal\/\" \/>\n<meta property=\"og:site_name\" content=\"Alupi\u00e8ces.fr\" \/>\n<meta property=\"article:modified_time\" content=\"2025-10-08T15:44:15+00:00\" \/>\n<meta property=\"og:image\" content=\"https:\/\/www.alupieces.fr\/wp-content\/uploads\/2023\/06\/Cornieres-50mmx30mm-Ep1.7mm-XL503017.jpg\" \/>\n\t<meta property=\"og:image:width\" content=\"827\" \/>\n\t<meta property=\"og:image:height\" content=\"827\" \/>\n\t<meta property=\"og:image:type\" content=\"image\/jpeg\" \/>\n<meta name=\"twitter:card\" content=\"summary_large_image\" \/>\n<meta name=\"twitter:label1\" content=\"Estimated reading time\" \/>\n\t<meta name=\"twitter:data1\" content=\"1 minute\" \/>\n<!-- \/ Yoast SEO plugin. -->","yoast_head_json":{"title":"Profil\u00e9 Corni\u00e8re 'L' Aluminium 50mmx30mm Ep1.7mm Technal - Alupi\u00e8ces.fr","description":"Profil\u00e9 corni\u00e8re 'L' Aluminium 40mmx40mm Ep1.7mm Technal. Profil\u00e9s en \u00e9paisseur 1,5mm,1,6mm, 3mm ,5mm,10mm, tube carr\u00e9, rectangulaire Aluminium Technal..","robots":{"index":"index","follow":"follow","max-snippet":"max-snippet:-1","max-image-preview":"max-image-preview:large","max-video-preview":"max-video-preview:-1"},"canonical":"https:\/\/www.alupieces.fr\/en\/product\/profile-corners-aluminium-50mmx30mm-ep1-7mm-technal\/","og_locale":"en_GB","og_type":"article","og_title":"Profil\u00e9 Corni\u00e8re 'L' Aluminium 50mmx30mm Ep1.7mm Technal - Alupi\u00e8ces.fr","og_description":"Profil\u00e9 corni\u00e8re 'L' Aluminium 40mmx40mm Ep1.7mm Technal. Profil\u00e9s en \u00e9paisseur 1,5mm,1,6mm, 3mm ,5mm,10mm, tube carr\u00e9, rectangulaire Aluminium Technal..","og_url":"https:\/\/www.alupieces.fr\/en\/product\/profile-corners-aluminium-50mmx30mm-ep1-7mm-technal\/","og_site_name":"Alupi\u00e8ces.fr","article_modified_time":"2025-10-08T15:44:15+00:00","og_image":[{"width":827,"height":827,"url":"https:\/\/www.alupieces.fr\/wp-content\/uploads\/2023\/06\/Cornieres-50mmx30mm-Ep1.7mm-XL503017.jpg","type":"image\/jpeg"}],"twitter_card":"summary_large_image","twitter_misc":{"Estimated reading time":"1 minute"},"schema":{"@context":"https:\/\/schema.org","@graph":[{"@type":"WebPage","@id":"https:\/\/www.alupieces.fr\/produit\/profile-corniere-l-aluminium-50mmx30mm-ep1-7mm-technal\/","url":"https:\/\/www.alupieces.fr\/produit\/profile-corniere-l-aluminium-50mmx30mm-ep1-7mm-technal\/","name":"Profil\u00e9 Corni\u00e8re 'L' Aluminium 50mmx30mm Ep1.7mm Technal - Alupi\u00e8ces.fr","isPartOf":{"@id":"https:\/\/www.alupieces.fr\/#website"},"datePublished":"2023-06-06T14:32:58+00:00","dateModified":"2025-10-08T15:44:15+00:00","description":"Profil\u00e9 corni\u00e8re 'L' Aluminium 40mmx40mm Ep1.7mm Technal. Profil\u00e9s en \u00e9paisseur 1,5mm,1,6mm, 3mm ,5mm,10mm, tube carr\u00e9, rectangulaire Aluminium Technal..","breadcrumb":{"@id":"https:\/\/www.alupieces.fr\/produit\/profile-corniere-l-aluminium-50mmx30mm-ep1-7mm-technal\/#breadcrumb"},"inLanguage":"en-GB","potentialAction":[{"@type":"ReadAction","target":["https:\/\/www.alupieces.fr\/produit\/profile-corniere-l-aluminium-50mmx30mm-ep1-7mm-technal\/"]}]},{"@type":"BreadcrumbList","@id":"https:\/\/www.alupieces.fr\/produit\/profile-corniere-l-aluminium-50mmx30mm-ep1-7mm-technal\/#breadcrumb","itemListElement":[{"@type":"ListItem","position":1,"name":"Accueil","item":"https:\/\/www.alupieces.fr\/"},{"@type":"ListItem","position":2,"name":"Boutique","item":"https:\/\/www.alupieces.fr\/boutique\/"},{"@type":"ListItem","position":3,"name":"Profil\u00e9 Corni\u00e8re &#8216;L&#8217; Aluminium 50mmx30mm Ep1.7mm Technal"}]},{"@type":"WebSite","@id":"https:\/\/www.alupieces.fr\/#website","url":"https:\/\/www.alupieces.fr\/","name":"Alupi\u00e8ces.fr","description":"La r\u00e9f\u00e9rence des pi\u00e8ces d\u00e9tach\u00e9es d&#039;origine en Aluminium Technal, Bubendorff et Mariton","publisher":{"@id":"https:\/\/www.alupieces.fr\/#organization"},"potentialAction":[{"@type":"SearchAction","target":{"@type":"EntryPoint","urlTemplate":"https:\/\/www.alupieces.fr\/?s={search_term_string}"},"query-input":"required name=search_term_string"}],"inLanguage":"en-GB"},{"@type":"Organization","@id":"https:\/\/www.alupieces.fr\/#organization","name":"Alupi\u00e8ces","alternateName":"Alupi\u00e8ces.fr","url":"https:\/\/www.alupieces.fr\/","logo":{"@type":"ImageObject","inLanguage":"en-GB","@id":"https:\/\/www.alupieces.fr\/#\/schema\/logo\/image\/","url":"https:\/\/www.alupieces.fr\/wp-content\/uploads\/2022\/12\/Bon-logo-1.png","contentUrl":"https:\/\/www.alupieces.fr\/wp-content\/uploads\/2022\/12\/Bon-logo-1.png","width":1367,"height":474,"caption":"Alupi\u00e8ces"},"image":{"@id":"https:\/\/www.alupieces.fr\/#\/schema\/logo\/image\/"}}]}},"wcpa_form_fields":null,"_links":{"self":[{"href":"https:\/\/www.alupieces.fr\/en\/wp-json\/wp\/v2\/product\/8993"}],"collection":[{"href":"https:\/\/www.alupieces.fr\/en\/wp-json\/wp\/v2\/product"}],"about":[{"href":"https:\/\/www.alupieces.fr\/en\/wp-json\/wp\/v2\/types\/product"}],"replies":[{"embeddable":true,"href":"https:\/\/www.alupieces.fr\/en\/wp-json\/wp\/v2\/comments?post=8993"}],"wp:featuredmedia":[{"embeddable":true,"href":"https:\/\/www.alupieces.fr\/en\/wp-json\/wp\/v2\/media\/8563"}],"wp:attachment":[{"href":"https:\/\/www.alupieces.fr\/en\/wp-json\/wp\/v2\/media?parent=8993"}],"wp:term":[{"taxonomy":"product_cat","embeddable":true,"href":"https:\/\/www.alupieces.fr\/en\/wp-json\/wp\/v2\/product_cat?post=8993"},{"taxonomy":"product_tag","embeddable":true,"href":"https:\/\/www.alupieces.fr\/en\/wp-json\/wp\/v2\/product_tag?post=8993"},{"taxonomy":"marque","embeddable":true,"href":"https:\/\/www.alupieces.fr\/en\/wp-json\/wp\/v2\/marque?post=8993"}],"curies":[{"name":"wp","href":"https:\/\/api.w.org\/{rel}","templated":true}]}}