{"id":5765,"date":"2023-03-14T18:11:03","date_gmt":"2023-03-14T17:11:03","guid":{"rendered":"https:\/\/www.alupieces.fr\/?post_type=product&#038;p=5765"},"modified":"2025-07-21T18:22:41","modified_gmt":"2025-07-21T16:22:41","slug":"poignee-de-tirage-technal-pour-coulissant-lumeal","status":"publish","type":"product","link":"https:\/\/www.alupieces.fr\/en\/product\/technical-drawing-handle-for-lumeal-creamer\/","title":{"rendered":"Technal Lumeal pull handle"},"content":{"rendered":"<p>Technal pull handle for Lumeal sliding doors.<\/p>\n<p><a href=\"https:\/\/alupieces.fr\/wp-content\/uploads\/2023\/05\/Nuanciers-de-Couleurs-.pdf\" target=\"_blank\" rel=\"noopener\">Colour palettes, CLICK to view and confirm your choice<\/a><\/p>\n<p>\ud83d\udc49 Suitable for replacing the <a href=\"https:\/\/www.alupieces.fr\/en\/product\/technal-lumeal-drawing-handle\/\">Technal Lumeal T661000 pull handle no longer sold<\/a>.<\/p>","protected":false},"excerpt":{"rendered":"<p>Technal pull handle for sliding window Lumeal range. Colour palettes, CLICK to view and confirm your choice \ud83d\udc49 Suitable for replacing the Technal Lumeal T661000 pull handle which is no longer sold.<\/p>","protected":false},"featured_media":9813,"comment_status":"open","ping_status":"closed","template":"","meta":{"site-sidebar-layout":"default","site-content-layout":"","ast-site-content-layout":"","site-content-style":"default","site-sidebar-style":"default","ast-global-header-display":"","ast-banner-title-visibility":"","ast-main-header-display":"","ast-hfb-above-header-display":"","ast-hfb-below-header-display":"","ast-hfb-mobile-header-display":"","site-post-title":"","ast-breadcrumbs-content":"","ast-featured-img":"","footer-sml-layout":"","theme-transparent-header-meta":"","adv-header-id-meta":"","stick-header-meta":"","header-above-stick-meta":"","header-main-stick-meta":"","header-below-stick-meta":"","astra-migrate-meta-layouts":"default","ast-page-background-enabled":"default","ast-page-background-meta":{"desktop":{"background-color":"var(--ast-global-color-4)","background-image":"","background-repeat":"repeat","background-position":"center center","background-size":"auto","background-attachment":"scroll","background-type":"","background-media":"","overlay-type":"","overlay-color":"","overlay-opacity":"","overlay-gradient":""},"tablet":{"background-color":"","background-image":"","background-repeat":"repeat","background-position":"center center","background-size":"auto","background-attachment":"scroll","background-type":"","background-media":"","overlay-type":"","overlay-color":"","overlay-opacity":"","overlay-gradient":""},"mobile":{"background-color":"","background-image":"","background-repeat":"repeat","background-position":"center center","background-size":"auto","background-attachment":"scroll","background-type":"","background-media":"","overlay-type":"","overlay-color":"","overlay-opacity":"","overlay-gradient":""}},"ast-content-background-meta":{"desktop":{"background-color":"var(--ast-global-color-5)","background-image":"","background-repeat":"repeat","background-position":"center center","background-size":"auto","background-attachment":"scroll","background-type":"","background-media":"","overlay-type":"","overlay-color":"","overlay-opacity":"","overlay-gradient":""},"tablet":{"background-color":"var(--ast-global-color-5)","background-image":"","background-repeat":"repeat","background-position":"center center","background-size":"auto","background-attachment":"scroll","background-type":"","background-media":"","overlay-type":"","overlay-color":"","overlay-opacity":"","overlay-gradient":""},"mobile":{"background-color":"var(--ast-global-color-5)","background-image":"","background-repeat":"repeat","background-position":"center center","background-size":"auto","background-attachment":"scroll","background-type":"","background-media":"","overlay-type":"","overlay-color":"","overlay-opacity":"","overlay-gradient":""}}},"product_cat":[18,43,17],"product_tag":[],"marque":[106],"acf":[],"yoast_head":"<!-- This site is optimized with the Yoast SEO plugin v20.1 - https:\/\/yoast.com\/wordpress\/plugins\/seo\/ -->\n<title>Poign\u00e9e de tirage Technal Lumeal - Alupi\u00e8ces.fr<\/title>\n<meta name=\"description\" content=\"Poign\u00e9e de tirage Technal, pour baie coulissante gamme Lumeal. Large choix de pi\u00e8ces d\u00e9tach\u00e9es pour v\u00e9randa. Pi\u00e8ces 100% Origine Technal\" \/>\n<meta name=\"robots\" content=\"index, follow, max-snippet:-1, max-image-preview:large, max-video-preview:-1\" \/>\n<link rel=\"canonical\" href=\"https:\/\/www.alupieces.fr\/en\/product\/technical-drawing-handle-for-lumeal-creamer\/\" \/>\n<meta property=\"og:locale\" content=\"en_GB\" \/>\n<meta property=\"og:type\" content=\"article\" \/>\n<meta property=\"og:title\" content=\"Poign\u00e9e de tirage Technal Lumeal - Alupi\u00e8ces.fr\" \/>\n<meta property=\"og:description\" content=\"Poign\u00e9e de tirage Technal, pour baie coulissante gamme Lumeal. Large choix de pi\u00e8ces d\u00e9tach\u00e9es pour v\u00e9randa. Pi\u00e8ces 100% Origine Technal\" \/>\n<meta property=\"og:url\" content=\"https:\/\/www.alupieces.fr\/en\/product\/technical-drawing-handle-for-lumeal-creamer\/\" \/>\n<meta property=\"og:site_name\" content=\"Alupi\u00e8ces.fr\" \/>\n<meta property=\"article:modified_time\" content=\"2025-07-21T16:22:41+00:00\" \/>\n<meta property=\"og:image\" content=\"https:\/\/www.alupieces.fr\/wp-content\/uploads\/2023\/03\/TGA6000-012NS.jpg\" \/>\n\t<meta property=\"og:image:width\" content=\"827\" \/>\n\t<meta property=\"og:image:height\" content=\"827\" \/>\n\t<meta property=\"og:image:type\" content=\"image\/jpeg\" \/>\n<meta name=\"twitter:card\" content=\"summary_large_image\" \/>\n<meta name=\"twitter:label1\" content=\"Estimated reading time\" \/>\n\t<meta name=\"twitter:data1\" content=\"1 minute\" \/>\n<!-- \/ Yoast SEO plugin. -->","yoast_head_json":{"title":"Poign\u00e9e de tirage Technal Lumeal - Alupi\u00e8ces.fr","description":"Poign\u00e9e de tirage Technal, pour baie coulissante gamme Lumeal. Large choix de pi\u00e8ces d\u00e9tach\u00e9es pour v\u00e9randa. Pi\u00e8ces 100% Origine Technal","robots":{"index":"index","follow":"follow","max-snippet":"max-snippet:-1","max-image-preview":"max-image-preview:large","max-video-preview":"max-video-preview:-1"},"canonical":"https:\/\/www.alupieces.fr\/en\/product\/technical-drawing-handle-for-lumeal-creamer\/","og_locale":"en_GB","og_type":"article","og_title":"Poign\u00e9e de tirage Technal Lumeal - Alupi\u00e8ces.fr","og_description":"Poign\u00e9e de tirage Technal, pour baie coulissante gamme Lumeal. Large choix de pi\u00e8ces d\u00e9tach\u00e9es pour v\u00e9randa. Pi\u00e8ces 100% Origine Technal","og_url":"https:\/\/www.alupieces.fr\/en\/product\/technical-drawing-handle-for-lumeal-creamer\/","og_site_name":"Alupi\u00e8ces.fr","article_modified_time":"2025-07-21T16:22:41+00:00","og_image":[{"width":827,"height":827,"url":"https:\/\/www.alupieces.fr\/wp-content\/uploads\/2023\/03\/TGA6000-012NS.jpg","type":"image\/jpeg"}],"twitter_card":"summary_large_image","twitter_misc":{"Estimated reading time":"1 minute"},"schema":{"@context":"https:\/\/schema.org","@graph":[{"@type":"WebPage","@id":"https:\/\/www.alupieces.fr\/produit\/poignee-de-tirage-technal-pour-coulissant-lumeal\/","url":"https:\/\/www.alupieces.fr\/produit\/poignee-de-tirage-technal-pour-coulissant-lumeal\/","name":"Poign\u00e9e de tirage Technal Lumeal - Alupi\u00e8ces.fr","isPartOf":{"@id":"https:\/\/www.alupieces.fr\/#website"},"datePublished":"2023-03-14T17:11:03+00:00","dateModified":"2025-07-21T16:22:41+00:00","description":"Poign\u00e9e de tirage Technal, pour baie coulissante gamme Lumeal. Large choix de pi\u00e8ces d\u00e9tach\u00e9es pour v\u00e9randa. Pi\u00e8ces 100% Origine Technal","breadcrumb":{"@id":"https:\/\/www.alupieces.fr\/produit\/poignee-de-tirage-technal-pour-coulissant-lumeal\/#breadcrumb"},"inLanguage":"en-GB","potentialAction":[{"@type":"ReadAction","target":["https:\/\/www.alupieces.fr\/produit\/poignee-de-tirage-technal-pour-coulissant-lumeal\/"]}]},{"@type":"BreadcrumbList","@id":"https:\/\/www.alupieces.fr\/produit\/poignee-de-tirage-technal-pour-coulissant-lumeal\/#breadcrumb","itemListElement":[{"@type":"ListItem","position":1,"name":"Accueil","item":"https:\/\/www.alupieces.fr\/"},{"@type":"ListItem","position":2,"name":"Boutique","item":"https:\/\/www.alupieces.fr\/boutique\/"},{"@type":"ListItem","position":3,"name":"Poign\u00e9e de tirage Technal Lumeal"}]},{"@type":"WebSite","@id":"https:\/\/www.alupieces.fr\/#website","url":"https:\/\/www.alupieces.fr\/","name":"Alupi\u00e8ces.fr","description":"La r\u00e9f\u00e9rence des pi\u00e8ces d\u00e9tach\u00e9es d&#039;origine en Aluminium Technal, Bubendorff et Mariton","publisher":{"@id":"https:\/\/www.alupieces.fr\/#organization"},"potentialAction":[{"@type":"SearchAction","target":{"@type":"EntryPoint","urlTemplate":"https:\/\/www.alupieces.fr\/?s={search_term_string}"},"query-input":"required name=search_term_string"}],"inLanguage":"en-GB"},{"@type":"Organization","@id":"https:\/\/www.alupieces.fr\/#organization","name":"Alupi\u00e8ces","alternateName":"Alupi\u00e8ces.fr","url":"https:\/\/www.alupieces.fr\/","logo":{"@type":"ImageObject","inLanguage":"en-GB","@id":"https:\/\/www.alupieces.fr\/#\/schema\/logo\/image\/","url":"https:\/\/www.alupieces.fr\/wp-content\/uploads\/2022\/12\/Bon-logo-1.png","contentUrl":"https:\/\/www.alupieces.fr\/wp-content\/uploads\/2022\/12\/Bon-logo-1.png","width":1367,"height":474,"caption":"Alupi\u00e8ces"},"image":{"@id":"https:\/\/www.alupieces.fr\/#\/schema\/logo\/image\/"}}]}},"wcpa_form_fields":null,"_links":{"self":[{"href":"https:\/\/www.alupieces.fr\/en\/wp-json\/wp\/v2\/product\/5765"}],"collection":[{"href":"https:\/\/www.alupieces.fr\/en\/wp-json\/wp\/v2\/product"}],"about":[{"href":"https:\/\/www.alupieces.fr\/en\/wp-json\/wp\/v2\/types\/product"}],"replies":[{"embeddable":true,"href":"https:\/\/www.alupieces.fr\/en\/wp-json\/wp\/v2\/comments?post=5765"}],"wp:featuredmedia":[{"embeddable":true,"href":"https:\/\/www.alupieces.fr\/en\/wp-json\/wp\/v2\/media\/9813"}],"wp:attachment":[{"href":"https:\/\/www.alupieces.fr\/en\/wp-json\/wp\/v2\/media?parent=5765"}],"wp:term":[{"taxonomy":"product_cat","embeddable":true,"href":"https:\/\/www.alupieces.fr\/en\/wp-json\/wp\/v2\/product_cat?post=5765"},{"taxonomy":"product_tag","embeddable":true,"href":"https:\/\/www.alupieces.fr\/en\/wp-json\/wp\/v2\/product_tag?post=5765"},{"taxonomy":"marque","embeddable":true,"href":"https:\/\/www.alupieces.fr\/en\/wp-json\/wp\/v2\/marque?post=5765"}],"curies":[{"name":"wp","href":"https:\/\/api.w.org\/{rel}","templated":true}]}}