{"id":4945,"date":"2023-02-21T15:16:48","date_gmt":"2023-02-21T14:16:48","guid":{"rendered":"https:\/\/www.alupieces.fr\/?post_type=product&#038;p=4945"},"modified":"2025-02-10T09:14:25","modified_gmt":"2025-02-10T08:14:25","slug":"moustiquaire-moustiroll-2-f","status":"publish","type":"product","link":"https:\/\/www.alupieces.fr\/en\/product\/mosquito-net-moustiroll-2-f\/","title":{"rendered":"Moustiroll 2F\u00ae Mariton mosquito net MADE IN FRANCE"},"content":{"rendered":"<p>Moustiroll 2F \u00ae+ is naturally designed to withstand strong winds (equivalent to force 6 on the Beaufort scale with a conventional awning). The fabric is held in place by brass seals fixed to the selvedge. Easy-to-operate locking bolts. Fibreglass fabric. White or black plastic accessories (standard white for white profiles and black for other colours). Double handle.<\/p>\n<p>&nbsp;<\/p>\n<p><strong>Made in France.<\/strong><\/p>\n<p>See the video and technical sheet for detailed information on how to get started.<\/p>\n<p>&nbsp;<\/p>\n<p><img fetchpriority=\"high\" decoding=\"async\" class=\"alignnone wp-image-5898\" src=\"https:\/\/alupieces.fr\/wp-content\/uploads\/2023\/03\/Photo-prise-de-cote-Moustiroll2-Mariton-300x123.jpg\" alt=\"\" width=\"500\" height=\"205\" srcset=\"https:\/\/www.alupieces.fr\/wp-content\/uploads\/2023\/03\/Photo-prise-de-cote-Moustiroll2-Mariton-300x123.jpg 300w, https:\/\/www.alupieces.fr\/wp-content\/uploads\/2023\/03\/Photo-prise-de-cote-Moustiroll2-Mariton-600x245.jpg 600w, https:\/\/www.alupieces.fr\/wp-content\/uploads\/2023\/03\/Photo-prise-de-cote-Moustiroll2-Mariton-64x26.jpg 64w, https:\/\/www.alupieces.fr\/wp-content\/uploads\/2023\/03\/Photo-prise-de-cote-Moustiroll2-Mariton.jpg 702w\" sizes=\"(max-width: 500px) 100vw, 500px\" \/><\/p>","protected":false},"excerpt":{"rendered":"<p>Moustiroll 2F \u00ae+ is naturally designed to withstand strong winds (equivalent to force 6 on the Beaufort scale with a conventional awning). The fabric is held in place by brass seals fixed to the selvedge. Easy-to-operate locking bolts. Fibreglass cloth.<\/p>","protected":false},"featured_media":6267,"comment_status":"open","ping_status":"closed","template":"","meta":{"site-sidebar-layout":"default","site-content-layout":"default","ast-site-content-layout":"","site-content-style":"default","site-sidebar-style":"default","ast-global-header-display":"","ast-banner-title-visibility":"","ast-main-header-display":"","ast-hfb-above-header-display":"","ast-hfb-below-header-display":"","ast-hfb-mobile-header-display":"","site-post-title":"","ast-breadcrumbs-content":"","ast-featured-img":"","footer-sml-layout":"","theme-transparent-header-meta":"default","adv-header-id-meta":"","stick-header-meta":"","header-above-stick-meta":"","header-main-stick-meta":"","header-below-stick-meta":"","astra-migrate-meta-layouts":"default","ast-page-background-enabled":"default","ast-page-background-meta":{"desktop":{"background-color":"var(--ast-global-color-4)","background-image":"","background-repeat":"repeat","background-position":"center center","background-size":"auto","background-attachment":"scroll","background-type":"","background-media":"","overlay-type":"","overlay-color":"","overlay-opacity":"","overlay-gradient":""},"tablet":{"background-color":"","background-image":"","background-repeat":"repeat","background-position":"center center","background-size":"auto","background-attachment":"scroll","background-type":"","background-media":"","overlay-type":"","overlay-color":"","overlay-opacity":"","overlay-gradient":""},"mobile":{"background-color":"","background-image":"","background-repeat":"repeat","background-position":"center center","background-size":"auto","background-attachment":"scroll","background-type":"","background-media":"","overlay-type":"","overlay-color":"","overlay-opacity":"","overlay-gradient":""}},"ast-content-background-meta":{"desktop":{"background-color":"var(--ast-global-color-5)","background-image":"","background-repeat":"repeat","background-position":"center center","background-size":"auto","background-attachment":"scroll","background-type":"","background-media":"","overlay-type":"","overlay-color":"","overlay-opacity":"","overlay-gradient":""},"tablet":{"background-color":"var(--ast-global-color-5)","background-image":"","background-repeat":"repeat","background-position":"center center","background-size":"auto","background-attachment":"scroll","background-type":"","background-media":"","overlay-type":"","overlay-color":"","overlay-opacity":"","overlay-gradient":""},"mobile":{"background-color":"var(--ast-global-color-5)","background-image":"","background-repeat":"repeat","background-position":"center center","background-size":"auto","background-attachment":"scroll","background-type":"","background-media":"","overlay-type":"","overlay-color":"","overlay-opacity":"","overlay-gradient":""}}},"product_cat":[35,30,36,29],"product_tag":[],"marque":[108],"acf":[],"yoast_head":"<!-- This site is optimized with the Yoast SEO plugin v20.1 - https:\/\/yoast.com\/wordpress\/plugins\/seo\/ -->\n<title>Moustiquaire Moustiroll 2F\u00ae Mariton FABRICATION FRANCAISE - Alupi\u00e8ces.fr<\/title>\n<meta name=\"description\" content=\"Moustiquaire Moustiroll 2F\u00ae Mariton, con\u00e7ue pour r\u00e9sister \u00e0 des vents forts, installation simplifi\u00e9e, moustiquaire sur mesure, enroulable, fixe...\" \/>\n<meta name=\"robots\" content=\"index, follow, max-snippet:-1, max-image-preview:large, max-video-preview:-1\" \/>\n<link rel=\"canonical\" href=\"https:\/\/www.alupieces.fr\/en\/product\/mosquito-net-moustiroll-2-f\/\" \/>\n<meta property=\"og:locale\" content=\"en_GB\" \/>\n<meta property=\"og:type\" content=\"article\" \/>\n<meta property=\"og:title\" content=\"Moustiquaire Moustiroll 2F\u00ae Mariton FABRICATION FRANCAISE - Alupi\u00e8ces.fr\" \/>\n<meta property=\"og:description\" content=\"Moustiquaire Moustiroll 2F\u00ae Mariton, con\u00e7ue pour r\u00e9sister \u00e0 des vents forts, installation simplifi\u00e9e, moustiquaire sur mesure, enroulable, fixe...\" \/>\n<meta property=\"og:url\" content=\"https:\/\/www.alupieces.fr\/en\/product\/mosquito-net-moustiroll-2-f\/\" \/>\n<meta property=\"og:site_name\" content=\"Alupi\u00e8ces.fr\" \/>\n<meta property=\"article:modified_time\" content=\"2025-02-10T08:14:25+00:00\" \/>\n<meta property=\"og:image\" content=\"https:\/\/www.alupieces.fr\/wp-content\/uploads\/2023\/02\/Moustiroll-002.jpg\" \/>\n\t<meta property=\"og:image:width\" content=\"827\" \/>\n\t<meta property=\"og:image:height\" content=\"827\" \/>\n\t<meta property=\"og:image:type\" content=\"image\/jpeg\" \/>\n<meta name=\"twitter:card\" content=\"summary_large_image\" \/>\n<meta name=\"twitter:label1\" content=\"Estimated reading time\" \/>\n\t<meta name=\"twitter:data1\" content=\"1 minute\" \/>\n<!-- \/ Yoast SEO plugin. -->","yoast_head_json":{"title":"Moustiquaire Moustiroll 2F\u00ae Mariton FABRICATION FRANCAISE - Alupi\u00e8ces.fr","description":"Moustiquaire Moustiroll 2F\u00ae Mariton, con\u00e7ue pour r\u00e9sister \u00e0 des vents forts, installation simplifi\u00e9e, moustiquaire sur mesure, enroulable, fixe...","robots":{"index":"index","follow":"follow","max-snippet":"max-snippet:-1","max-image-preview":"max-image-preview:large","max-video-preview":"max-video-preview:-1"},"canonical":"https:\/\/www.alupieces.fr\/en\/product\/mosquito-net-moustiroll-2-f\/","og_locale":"en_GB","og_type":"article","og_title":"Moustiquaire Moustiroll 2F\u00ae Mariton FABRICATION FRANCAISE - Alupi\u00e8ces.fr","og_description":"Moustiquaire Moustiroll 2F\u00ae Mariton, con\u00e7ue pour r\u00e9sister \u00e0 des vents forts, installation simplifi\u00e9e, moustiquaire sur mesure, enroulable, fixe...","og_url":"https:\/\/www.alupieces.fr\/en\/product\/mosquito-net-moustiroll-2-f\/","og_site_name":"Alupi\u00e8ces.fr","article_modified_time":"2025-02-10T08:14:25+00:00","og_image":[{"width":827,"height":827,"url":"https:\/\/www.alupieces.fr\/wp-content\/uploads\/2023\/02\/Moustiroll-002.jpg","type":"image\/jpeg"}],"twitter_card":"summary_large_image","twitter_misc":{"Estimated reading time":"1 minute"},"schema":{"@context":"https:\/\/schema.org","@graph":[{"@type":"WebPage","@id":"https:\/\/www.alupieces.fr\/produit\/moustiquaire-moustiroll-2-f\/","url":"https:\/\/www.alupieces.fr\/produit\/moustiquaire-moustiroll-2-f\/","name":"Moustiquaire Moustiroll 2F\u00ae Mariton FABRICATION FRANCAISE - Alupi\u00e8ces.fr","isPartOf":{"@id":"https:\/\/www.alupieces.fr\/#website"},"datePublished":"2023-02-21T14:16:48+00:00","dateModified":"2025-02-10T08:14:25+00:00","description":"Moustiquaire Moustiroll 2F\u00ae Mariton, con\u00e7ue pour r\u00e9sister \u00e0 des vents forts, installation simplifi\u00e9e, moustiquaire sur mesure, enroulable, fixe...","breadcrumb":{"@id":"https:\/\/www.alupieces.fr\/produit\/moustiquaire-moustiroll-2-f\/#breadcrumb"},"inLanguage":"en-GB","potentialAction":[{"@type":"ReadAction","target":["https:\/\/www.alupieces.fr\/produit\/moustiquaire-moustiroll-2-f\/"]}]},{"@type":"BreadcrumbList","@id":"https:\/\/www.alupieces.fr\/produit\/moustiquaire-moustiroll-2-f\/#breadcrumb","itemListElement":[{"@type":"ListItem","position":1,"name":"Accueil","item":"https:\/\/www.alupieces.fr\/"},{"@type":"ListItem","position":2,"name":"Boutique","item":"https:\/\/www.alupieces.fr\/boutique\/"},{"@type":"ListItem","position":3,"name":"Moustiquaire Moustiroll 2F\u00ae Mariton FABRICATION FRANCAISE"}]},{"@type":"WebSite","@id":"https:\/\/www.alupieces.fr\/#website","url":"https:\/\/www.alupieces.fr\/","name":"Alupi\u00e8ces.fr","description":"La r\u00e9f\u00e9rence des pi\u00e8ces d\u00e9tach\u00e9es d&#039;origine en Aluminium Technal, Bubendorff et Mariton","publisher":{"@id":"https:\/\/www.alupieces.fr\/#organization"},"potentialAction":[{"@type":"SearchAction","target":{"@type":"EntryPoint","urlTemplate":"https:\/\/www.alupieces.fr\/?s={search_term_string}"},"query-input":"required name=search_term_string"}],"inLanguage":"en-GB"},{"@type":"Organization","@id":"https:\/\/www.alupieces.fr\/#organization","name":"Alupi\u00e8ces","alternateName":"Alupi\u00e8ces.fr","url":"https:\/\/www.alupieces.fr\/","logo":{"@type":"ImageObject","inLanguage":"en-GB","@id":"https:\/\/www.alupieces.fr\/#\/schema\/logo\/image\/","url":"https:\/\/www.alupieces.fr\/wp-content\/uploads\/2022\/12\/Bon-logo-1.png","contentUrl":"https:\/\/www.alupieces.fr\/wp-content\/uploads\/2022\/12\/Bon-logo-1.png","width":1367,"height":474,"caption":"Alupi\u00e8ces"},"image":{"@id":"https:\/\/www.alupieces.fr\/#\/schema\/logo\/image\/"}}]}},"wcpa_form_fields":null,"_links":{"self":[{"href":"https:\/\/www.alupieces.fr\/en\/wp-json\/wp\/v2\/product\/4945"}],"collection":[{"href":"https:\/\/www.alupieces.fr\/en\/wp-json\/wp\/v2\/product"}],"about":[{"href":"https:\/\/www.alupieces.fr\/en\/wp-json\/wp\/v2\/types\/product"}],"replies":[{"embeddable":true,"href":"https:\/\/www.alupieces.fr\/en\/wp-json\/wp\/v2\/comments?post=4945"}],"wp:featuredmedia":[{"embeddable":true,"href":"https:\/\/www.alupieces.fr\/en\/wp-json\/wp\/v2\/media\/6267"}],"wp:attachment":[{"href":"https:\/\/www.alupieces.fr\/en\/wp-json\/wp\/v2\/media?parent=4945"}],"wp:term":[{"taxonomy":"product_cat","embeddable":true,"href":"https:\/\/www.alupieces.fr\/en\/wp-json\/wp\/v2\/product_cat?post=4945"},{"taxonomy":"product_tag","embeddable":true,"href":"https:\/\/www.alupieces.fr\/en\/wp-json\/wp\/v2\/product_tag?post=4945"},{"taxonomy":"marque","embeddable":true,"href":"https:\/\/www.alupieces.fr\/en\/wp-json\/wp\/v2\/marque?post=4945"}],"curies":[{"name":"wp","href":"https:\/\/api.w.org\/{rel}","templated":true}]}}