{"id":25928,"date":"2025-07-18T16:53:53","date_gmt":"2025-07-18T14:53:53","guid":{"rendered":"https:\/\/www.alupieces.fr\/?post_type=product&#038;p=25928"},"modified":"2025-12-02T14:01:49","modified_gmt":"2025-12-02T13:01:49","slug":"poignee-volet-roulant-technal-fy55","status":"publish","type":"product","link":"https:\/\/www.alupieces.fr\/en\/product\/handle-engine-wheel-technal-fy55\/","title":{"rendered":"Technal FY55 roller shutter handle"},"content":{"rendered":"<p><span style=\"font-size: 16px\">Technal roller shutter handle for French window with roller shutter on Soleal FY55 range. <\/span>Round and square handle base 8x102mm. This handle is positioned on the roller shutter side (outside). Replaces the <a href=\"https:\/\/www.alupieces.fr\/en\/product\/double-rosette-technal-py-ph\/\">Lever handle double rosette Technal PY-PH reduced projection Reference T960016<\/a> which is no longer on the market.<\/p>\n<p>Also available in <a href=\"https:\/\/www.alupieces.fr\/en\/product\/handle-engine-wheel-technal-fy65\/\">Technal FY65 roller shutter handle with square 8x112mm<\/a><\/p>\n<p><strong>For the interior, discover our matching handles:<\/strong><br \/>\n<a href=\"https:\/\/www.alupieces.fr\/en\/product\/grip-selection-round-technal-fy\/\">- Single round handle 130 mm S\u00e9lection Technal Door<\/a><br \/>\n<a href=\"https:\/\/www.alupieces.fr\/en\/product\/handle-round-temptation-technal\/\">- Temptation round handle with Technal FY base<\/a><\/p>","protected":false},"excerpt":{"rendered":"<p>Poign\u00e9e volet roulant Technal pour porte-fen\u00eatre avec volet roulant sur gamme Soleal FY55. Embase de poign\u00e9e &#8216;ronde&#8217; et carr\u00e9 de 8x102mm. Cette pogn\u00e9e se positionne du c\u00f4t\u00e9 du volet roulant (c\u00f4t\u00e9 ext\u00e9rieur).\u00a0Remplace la B\u00e9quille poign\u00e9e double rosette saillie r\u00e9duite Technal PY-PH R\u00e9f\u00e9rence T960016 qui n&#8217;est plus commercialis\u00e9e. Existe aussi en mod\u00e8le Poign\u00e9e volet roulant Technal [&hellip;]<\/p>","protected":false},"featured_media":25985,"comment_status":"open","ping_status":"closed","template":"","meta":{"site-sidebar-layout":"default","site-content-layout":"default","ast-site-content-layout":"","site-content-style":"default","site-sidebar-style":"default","ast-global-header-display":"","ast-banner-title-visibility":"","ast-main-header-display":"","ast-hfb-above-header-display":"","ast-hfb-below-header-display":"","ast-hfb-mobile-header-display":"","site-post-title":"","ast-breadcrumbs-content":"","ast-featured-img":"","footer-sml-layout":"","theme-transparent-header-meta":"default","adv-header-id-meta":"","stick-header-meta":"","header-above-stick-meta":"","header-main-stick-meta":"","header-below-stick-meta":"","astra-migrate-meta-layouts":"default","ast-page-background-enabled":"default","ast-page-background-meta":{"desktop":{"background-color":"var(--ast-global-color-4)","background-image":"","background-repeat":"repeat","background-position":"center center","background-size":"auto","background-attachment":"scroll","background-type":"","background-media":"","overlay-type":"","overlay-color":"","overlay-opacity":"","overlay-gradient":""},"tablet":{"background-color":"","background-image":"","background-repeat":"repeat","background-position":"center center","background-size":"auto","background-attachment":"scroll","background-type":"","background-media":"","overlay-type":"","overlay-color":"","overlay-opacity":"","overlay-gradient":""},"mobile":{"background-color":"","background-image":"","background-repeat":"repeat","background-position":"center center","background-size":"auto","background-attachment":"scroll","background-type":"","background-media":"","overlay-type":"","overlay-color":"","overlay-opacity":"","overlay-gradient":""}},"ast-content-background-meta":{"desktop":{"background-color":"var(--ast-global-color-5)","background-image":"","background-repeat":"repeat","background-position":"center center","background-size":"auto","background-attachment":"scroll","background-type":"","background-media":"","overlay-type":"","overlay-color":"","overlay-opacity":"","overlay-gradient":""},"tablet":{"background-color":"var(--ast-global-color-5)","background-image":"","background-repeat":"repeat","background-position":"center center","background-size":"auto","background-attachment":"scroll","background-type":"","background-media":"","overlay-type":"","overlay-color":"","overlay-opacity":"","overlay-gradient":""},"mobile":{"background-color":"var(--ast-global-color-5)","background-image":"","background-repeat":"repeat","background-position":"center center","background-size":"auto","background-attachment":"scroll","background-type":"","background-media":"","overlay-type":"","overlay-color":"","overlay-opacity":"","overlay-gradient":""}}},"product_cat":[20,17,51],"product_tag":[],"marque":[106],"acf":[],"yoast_head":"<!-- This site is optimized with the Yoast SEO plugin v20.1 - https:\/\/yoast.com\/wordpress\/plugins\/seo\/ -->\n<title>Poign\u00e9e volet roulant Technal FY55 - Alupi\u00e8ces.fr<\/title>\n<meta name=\"description\" content=\"Poign\u00e9e volet roulant Technal FY55, D\u00e9couvrez nos nouvelles poign\u00e9es \u00e0 saillie r\u00e9duite, pour volet roulant. En stock ou sur commande, pi\u00e8ces 100% origine Technal\" \/>\n<meta name=\"robots\" content=\"index, follow, max-snippet:-1, max-image-preview:large, max-video-preview:-1\" \/>\n<link rel=\"canonical\" href=\"https:\/\/www.alupieces.fr\/en\/product\/handle-engine-wheel-technal-fy55\/\" \/>\n<meta property=\"og:locale\" content=\"en_GB\" \/>\n<meta property=\"og:type\" content=\"article\" \/>\n<meta property=\"og:title\" content=\"Poign\u00e9e volet roulant Technal FY55 - Alupi\u00e8ces.fr\" \/>\n<meta property=\"og:description\" content=\"Poign\u00e9e volet roulant Technal FY55, D\u00e9couvrez nos nouvelles poign\u00e9es \u00e0 saillie r\u00e9duite, pour volet roulant. En stock ou sur commande, pi\u00e8ces 100% origine Technal\" \/>\n<meta property=\"og:url\" content=\"https:\/\/www.alupieces.fr\/en\/product\/handle-engine-wheel-technal-fy55\/\" \/>\n<meta property=\"og:site_name\" content=\"Alupi\u00e8ces.fr\" \/>\n<meta property=\"article:modified_time\" content=\"2025-12-02T13:01:49+00:00\" \/>\n<meta property=\"og:image\" content=\"https:\/\/www.alupieces.fr\/wp-content\/uploads\/2025\/07\/TCZ61086-Poignee-volet-roulant-carre-8x102mm-001.jpg\" \/>\n\t<meta property=\"og:image:width\" content=\"827\" \/>\n\t<meta property=\"og:image:height\" content=\"827\" \/>\n\t<meta property=\"og:image:type\" content=\"image\/jpeg\" \/>\n<meta name=\"twitter:card\" content=\"summary_large_image\" \/>\n<meta name=\"twitter:label1\" content=\"Estimated reading time\" \/>\n\t<meta name=\"twitter:data1\" content=\"1 minute\" \/>\n<!-- \/ Yoast SEO plugin. -->","yoast_head_json":{"title":"Poign\u00e9e volet roulant Technal FY55 - Alupi\u00e8ces.fr","description":"Poign\u00e9e volet roulant Technal FY55, D\u00e9couvrez nos nouvelles poign\u00e9es \u00e0 saillie r\u00e9duite, pour volet roulant. En stock ou sur commande, pi\u00e8ces 100% origine Technal","robots":{"index":"index","follow":"follow","max-snippet":"max-snippet:-1","max-image-preview":"max-image-preview:large","max-video-preview":"max-video-preview:-1"},"canonical":"https:\/\/www.alupieces.fr\/en\/product\/handle-engine-wheel-technal-fy55\/","og_locale":"en_GB","og_type":"article","og_title":"Poign\u00e9e volet roulant Technal FY55 - Alupi\u00e8ces.fr","og_description":"Poign\u00e9e volet roulant Technal FY55, D\u00e9couvrez nos nouvelles poign\u00e9es \u00e0 saillie r\u00e9duite, pour volet roulant. En stock ou sur commande, pi\u00e8ces 100% origine Technal","og_url":"https:\/\/www.alupieces.fr\/en\/product\/handle-engine-wheel-technal-fy55\/","og_site_name":"Alupi\u00e8ces.fr","article_modified_time":"2025-12-02T13:01:49+00:00","og_image":[{"width":827,"height":827,"url":"https:\/\/www.alupieces.fr\/wp-content\/uploads\/2025\/07\/TCZ61086-Poignee-volet-roulant-carre-8x102mm-001.jpg","type":"image\/jpeg"}],"twitter_card":"summary_large_image","twitter_misc":{"Estimated reading time":"1 minute"},"schema":{"@context":"https:\/\/schema.org","@graph":[{"@type":"WebPage","@id":"https:\/\/www.alupieces.fr\/produit\/poignee-volet-roulant-technal-fy55\/","url":"https:\/\/www.alupieces.fr\/produit\/poignee-volet-roulant-technal-fy55\/","name":"Poign\u00e9e volet roulant Technal FY55 - Alupi\u00e8ces.fr","isPartOf":{"@id":"https:\/\/www.alupieces.fr\/#website"},"datePublished":"2025-07-18T14:53:53+00:00","dateModified":"2025-12-02T13:01:49+00:00","description":"Poign\u00e9e volet roulant Technal FY55, D\u00e9couvrez nos nouvelles poign\u00e9es \u00e0 saillie r\u00e9duite, pour volet roulant. En stock ou sur commande, pi\u00e8ces 100% origine Technal","breadcrumb":{"@id":"https:\/\/www.alupieces.fr\/produit\/poignee-volet-roulant-technal-fy55\/#breadcrumb"},"inLanguage":"en-GB","potentialAction":[{"@type":"ReadAction","target":["https:\/\/www.alupieces.fr\/produit\/poignee-volet-roulant-technal-fy55\/"]}]},{"@type":"BreadcrumbList","@id":"https:\/\/www.alupieces.fr\/produit\/poignee-volet-roulant-technal-fy55\/#breadcrumb","itemListElement":[{"@type":"ListItem","position":1,"name":"Accueil","item":"https:\/\/www.alupieces.fr\/"},{"@type":"ListItem","position":2,"name":"Boutique","item":"https:\/\/www.alupieces.fr\/boutique\/"},{"@type":"ListItem","position":3,"name":"Poign\u00e9e volet roulant Technal FY55"}]},{"@type":"WebSite","@id":"https:\/\/www.alupieces.fr\/#website","url":"https:\/\/www.alupieces.fr\/","name":"Alupi\u00e8ces.fr","description":"La r\u00e9f\u00e9rence des pi\u00e8ces d\u00e9tach\u00e9es d&#039;origine en Aluminium Technal, Bubendorff et Mariton","publisher":{"@id":"https:\/\/www.alupieces.fr\/#organization"},"potentialAction":[{"@type":"SearchAction","target":{"@type":"EntryPoint","urlTemplate":"https:\/\/www.alupieces.fr\/?s={search_term_string}"},"query-input":"required name=search_term_string"}],"inLanguage":"en-GB"},{"@type":"Organization","@id":"https:\/\/www.alupieces.fr\/#organization","name":"Alupi\u00e8ces","alternateName":"Alupi\u00e8ces.fr","url":"https:\/\/www.alupieces.fr\/","logo":{"@type":"ImageObject","inLanguage":"en-GB","@id":"https:\/\/www.alupieces.fr\/#\/schema\/logo\/image\/","url":"https:\/\/www.alupieces.fr\/wp-content\/uploads\/2022\/12\/Bon-logo-1.png","contentUrl":"https:\/\/www.alupieces.fr\/wp-content\/uploads\/2022\/12\/Bon-logo-1.png","width":1367,"height":474,"caption":"Alupi\u00e8ces"},"image":{"@id":"https:\/\/www.alupieces.fr\/#\/schema\/logo\/image\/"}}]}},"wcpa_form_fields":null,"_links":{"self":[{"href":"https:\/\/www.alupieces.fr\/en\/wp-json\/wp\/v2\/product\/25928"}],"collection":[{"href":"https:\/\/www.alupieces.fr\/en\/wp-json\/wp\/v2\/product"}],"about":[{"href":"https:\/\/www.alupieces.fr\/en\/wp-json\/wp\/v2\/types\/product"}],"replies":[{"embeddable":true,"href":"https:\/\/www.alupieces.fr\/en\/wp-json\/wp\/v2\/comments?post=25928"}],"wp:featuredmedia":[{"embeddable":true,"href":"https:\/\/www.alupieces.fr\/en\/wp-json\/wp\/v2\/media\/25985"}],"wp:attachment":[{"href":"https:\/\/www.alupieces.fr\/en\/wp-json\/wp\/v2\/media?parent=25928"}],"wp:term":[{"taxonomy":"product_cat","embeddable":true,"href":"https:\/\/www.alupieces.fr\/en\/wp-json\/wp\/v2\/product_cat?post=25928"},{"taxonomy":"product_tag","embeddable":true,"href":"https:\/\/www.alupieces.fr\/en\/wp-json\/wp\/v2\/product_tag?post=25928"},{"taxonomy":"marque","embeddable":true,"href":"https:\/\/www.alupieces.fr\/en\/wp-json\/wp\/v2\/marque?post=25928"}],"curies":[{"name":"wp","href":"https:\/\/api.w.org\/{rel}","templated":true}]}}