{"id":25050,"date":"2025-06-03T15:05:09","date_gmt":"2025-06-03T13:05:09","guid":{"rendered":"https:\/\/www.alupieces.fr\/?post_type=product&#038;p=25050"},"modified":"2025-06-03T17:28:01","modified_gmt":"2025-06-03T15:28:01","slug":"ferrure-oscillo-battant-technal-fb-600mm","status":"publish","type":"product","link":"https:\/\/www.alupieces.fr\/en\/product\/swing-tilt-technal-fb-600mm-fittings\/","title":{"rendered":"Technal FB-600mm tilt-turn fitting"},"content":{"rendered":"<p>Fittings for windows <span style=\"font-size: 16px;font-style: normal;font-weight: 400\">1 leaf <\/span><span style=\"font-size: 16px\">Technal tilt&amp;turn &lt; 600mm, from the Topaze range. <\/span><span style=\"font-size: 16px;font-style: normal;font-weight: 400\">Replaces the reference\u00a0<\/span><a style=\"background-color: #ffffff;font-size: 16px;font-style: normal;font-weight: 400\" href=\"https:\/\/www.alupieces.fr\/en\/product\/hardware-oscillo-flap-1-leaf-technal-fb\/\">T3139 Technal FB tilt&amp;turn fitting 1 leaf under 600mm<\/a><span style=\"font-size: 16px;font-style: normal;font-weight: 400\">\u00a0<\/span><span style=\"font-size: 16px;font-style: normal;font-weight: 400\">which is no longer on the market.<\/span><\/p>\n<p><img fetchpriority=\"high\" decoding=\"async\" class=\"wp-image-25055 aligncenter\" src=\"https:\/\/www.alupieces.fr\/wp-content\/uploads\/2025\/06\/T3139-remplace-par-TFB6011-300x150.jpg\" alt=\"T3139-remplace-par-TFB6011\" width=\"364\" height=\"182\" srcset=\"https:\/\/www.alupieces.fr\/wp-content\/uploads\/2025\/06\/T3139-remplace-par-TFB6011-300x150.jpg 300w, https:\/\/www.alupieces.fr\/wp-content\/uploads\/2025\/06\/T3139-remplace-par-TFB6011-1024x512.jpg 1024w, https:\/\/www.alupieces.fr\/wp-content\/uploads\/2025\/06\/T3139-remplace-par-TFB6011-768x384.jpg 768w, https:\/\/www.alupieces.fr\/wp-content\/uploads\/2025\/06\/T3139-remplace-par-TFB6011-600x300.jpg 600w, https:\/\/www.alupieces.fr\/wp-content\/uploads\/2025\/06\/T3139-remplace-par-TFB6011-64x32.jpg 64w, https:\/\/www.alupieces.fr\/wp-content\/uploads\/2025\/06\/T3139-remplace-par-TFB6011.jpg 1181w\" sizes=\"(max-width: 364px) 100vw, 364px\" \/><\/p>\n<p><span style=\"font-size: 16px\">This new reference is delivered without a case or trainer. To obtain the equivalent of the old reference <\/span><a style=\"font-size: 16px;background-color: #ffffff\" href=\"https:\/\/www.alupieces.fr\/en\/product\/hardware-oscillo-flap-1-leaf-technal-fb\/\">T3139<\/a><span style=\"font-size: 16px\">you will need to add the following items:\u00a0<\/span><\/p>\n<ul>\n<li><a href=\"https:\/\/www.alupieces.fr\/en\/product\/central-box-for-oscillo-tilt-technal-fb-vlt-600mm-locks\/\">Enclosure only<\/a><\/li>\n<li><a href=\"https:\/\/www.alupieces.fr\/en\/product\/actuator-for-oscillo-tilt-technal-fb-vlt-600mm-fastener\/\">Trainer Alone<\/a><\/li>\n<li><a href=\"https:\/\/www.alupieces.fr\/en\/product\/pack-entrainer-package-oscillo-tilt-technal-fb-vlt-600mm\/\">Box + trainer pack<\/a><\/li>\n<\/ul>","protected":false},"excerpt":{"rendered":"<p>Fitting for 1-leaf Technal tilt and turn window &lt; 600mm, from the Topaze range. Replaces reference T3139 Technal FB 1-leaf tilt and turn fitting for windows under 600mm, which is no longer sold. This new reference is delivered without box or driver. To obtain the equivalent of the old reference T3139, you will have to add the following elements:  Housing only Drive [...]<\/p>","protected":false},"featured_media":25051,"comment_status":"open","ping_status":"closed","template":"","meta":{"site-sidebar-layout":"default","site-content-layout":"","ast-site-content-layout":"","site-content-style":"default","site-sidebar-style":"default","ast-global-header-display":"","ast-banner-title-visibility":"","ast-main-header-display":"","ast-hfb-above-header-display":"","ast-hfb-below-header-display":"","ast-hfb-mobile-header-display":"","site-post-title":"","ast-breadcrumbs-content":"","ast-featured-img":"","footer-sml-layout":"","theme-transparent-header-meta":"","adv-header-id-meta":"","stick-header-meta":"","header-above-stick-meta":"","header-main-stick-meta":"","header-below-stick-meta":"","astra-migrate-meta-layouts":"default","ast-page-background-enabled":"default","ast-page-background-meta":{"desktop":{"background-color":"var(--ast-global-color-4)","background-image":"","background-repeat":"repeat","background-position":"center center","background-size":"auto","background-attachment":"scroll","background-type":"","background-media":"","overlay-type":"","overlay-color":"","overlay-opacity":"","overlay-gradient":""},"tablet":{"background-color":"","background-image":"","background-repeat":"repeat","background-position":"center center","background-size":"auto","background-attachment":"scroll","background-type":"","background-media":"","overlay-type":"","overlay-color":"","overlay-opacity":"","overlay-gradient":""},"mobile":{"background-color":"","background-image":"","background-repeat":"repeat","background-position":"center center","background-size":"auto","background-attachment":"scroll","background-type":"","background-media":"","overlay-type":"","overlay-color":"","overlay-opacity":"","overlay-gradient":""}},"ast-content-background-meta":{"desktop":{"background-color":"var(--ast-global-color-5)","background-image":"","background-repeat":"repeat","background-position":"center center","background-size":"auto","background-attachment":"scroll","background-type":"","background-media":"","overlay-type":"","overlay-color":"","overlay-opacity":"","overlay-gradient":""},"tablet":{"background-color":"var(--ast-global-color-5)","background-image":"","background-repeat":"repeat","background-position":"center center","background-size":"auto","background-attachment":"scroll","background-type":"","background-media":"","overlay-type":"","overlay-color":"","overlay-opacity":"","overlay-gradient":""},"mobile":{"background-color":"var(--ast-global-color-5)","background-image":"","background-repeat":"repeat","background-position":"center center","background-size":"auto","background-attachment":"scroll","background-type":"","background-media":"","overlay-type":"","overlay-color":"","overlay-opacity":"","overlay-gradient":""}}},"product_cat":[20,17],"product_tag":[],"marque":[106],"acf":[],"yoast_head":"<!-- This site is optimized with the Yoast SEO plugin v20.1 - https:\/\/yoast.com\/wordpress\/plugins\/seo\/ -->\n<title>Ferrure oscillo battant Technal FB-600mm - Alupi\u00e8ces.fr<\/title>\n<meta name=\"description\" content=\"Ferrure pour fen\u00eatre\u00a01 vantail oscillo battant\u00a0Technal...Poign\u00e9e pour fen\u00eatre Oscillo Battante Technal, pi\u00e8ces Technal 100% origine\" \/>\n<meta name=\"robots\" content=\"index, follow, max-snippet:-1, max-image-preview:large, max-video-preview:-1\" \/>\n<link rel=\"canonical\" href=\"https:\/\/www.alupieces.fr\/en\/product\/swing-tilt-technal-fb-600mm-fittings\/\" \/>\n<meta property=\"og:locale\" content=\"en_GB\" \/>\n<meta property=\"og:type\" content=\"article\" \/>\n<meta property=\"og:title\" content=\"Ferrure oscillo battant Technal FB-600mm - Alupi\u00e8ces.fr\" \/>\n<meta property=\"og:description\" content=\"Ferrure pour fen\u00eatre\u00a01 vantail oscillo battant\u00a0Technal...Poign\u00e9e pour fen\u00eatre Oscillo Battante Technal, pi\u00e8ces Technal 100% origine\" \/>\n<meta property=\"og:url\" content=\"https:\/\/www.alupieces.fr\/en\/product\/swing-tilt-technal-fb-600mm-fittings\/\" \/>\n<meta property=\"og:site_name\" content=\"Alupi\u00e8ces.fr\" \/>\n<meta property=\"article:modified_time\" content=\"2025-06-03T15:28:01+00:00\" \/>\n<meta property=\"og:image\" content=\"https:\/\/www.alupieces.fr\/wp-content\/uploads\/2025\/06\/TFB6011-Ferrure-OB-600-FB-002.jpg\" \/>\n\t<meta property=\"og:image:width\" content=\"827\" \/>\n\t<meta property=\"og:image:height\" content=\"827\" \/>\n\t<meta property=\"og:image:type\" content=\"image\/jpeg\" \/>\n<meta name=\"twitter:card\" content=\"summary_large_image\" \/>\n<meta name=\"twitter:label1\" content=\"Estimated reading time\" \/>\n\t<meta name=\"twitter:data1\" content=\"1 minute\" \/>\n<!-- \/ Yoast SEO plugin. -->","yoast_head_json":{"title":"Ferrure oscillo battant Technal FB-600mm - Alupi\u00e8ces.fr","description":"Ferrure pour fen\u00eatre\u00a01 vantail oscillo battant\u00a0Technal...Poign\u00e9e pour fen\u00eatre Oscillo Battante Technal, pi\u00e8ces Technal 100% origine","robots":{"index":"index","follow":"follow","max-snippet":"max-snippet:-1","max-image-preview":"max-image-preview:large","max-video-preview":"max-video-preview:-1"},"canonical":"https:\/\/www.alupieces.fr\/en\/product\/swing-tilt-technal-fb-600mm-fittings\/","og_locale":"en_GB","og_type":"article","og_title":"Ferrure oscillo battant Technal FB-600mm - Alupi\u00e8ces.fr","og_description":"Ferrure pour fen\u00eatre\u00a01 vantail oscillo battant\u00a0Technal...Poign\u00e9e pour fen\u00eatre Oscillo Battante Technal, pi\u00e8ces Technal 100% origine","og_url":"https:\/\/www.alupieces.fr\/en\/product\/swing-tilt-technal-fb-600mm-fittings\/","og_site_name":"Alupi\u00e8ces.fr","article_modified_time":"2025-06-03T15:28:01+00:00","og_image":[{"width":827,"height":827,"url":"https:\/\/www.alupieces.fr\/wp-content\/uploads\/2025\/06\/TFB6011-Ferrure-OB-600-FB-002.jpg","type":"image\/jpeg"}],"twitter_card":"summary_large_image","twitter_misc":{"Estimated reading time":"1 minute"},"schema":{"@context":"https:\/\/schema.org","@graph":[{"@type":"WebPage","@id":"https:\/\/www.alupieces.fr\/produit\/ferrure-oscillo-battant-technal-fb-600mm\/","url":"https:\/\/www.alupieces.fr\/produit\/ferrure-oscillo-battant-technal-fb-600mm\/","name":"Ferrure oscillo battant Technal FB-600mm - Alupi\u00e8ces.fr","isPartOf":{"@id":"https:\/\/www.alupieces.fr\/#website"},"datePublished":"2025-06-03T13:05:09+00:00","dateModified":"2025-06-03T15:28:01+00:00","description":"Ferrure pour fen\u00eatre\u00a01 vantail oscillo battant\u00a0Technal...Poign\u00e9e pour fen\u00eatre Oscillo Battante Technal, pi\u00e8ces Technal 100% origine","breadcrumb":{"@id":"https:\/\/www.alupieces.fr\/produit\/ferrure-oscillo-battant-technal-fb-600mm\/#breadcrumb"},"inLanguage":"en-GB","potentialAction":[{"@type":"ReadAction","target":["https:\/\/www.alupieces.fr\/produit\/ferrure-oscillo-battant-technal-fb-600mm\/"]}]},{"@type":"BreadcrumbList","@id":"https:\/\/www.alupieces.fr\/produit\/ferrure-oscillo-battant-technal-fb-600mm\/#breadcrumb","itemListElement":[{"@type":"ListItem","position":1,"name":"Accueil","item":"https:\/\/www.alupieces.fr\/"},{"@type":"ListItem","position":2,"name":"Boutique","item":"https:\/\/www.alupieces.fr\/boutique\/"},{"@type":"ListItem","position":3,"name":"Ferrure oscillo battant Technal FB-600mm"}]},{"@type":"WebSite","@id":"https:\/\/www.alupieces.fr\/#website","url":"https:\/\/www.alupieces.fr\/","name":"Alupi\u00e8ces.fr","description":"La r\u00e9f\u00e9rence des pi\u00e8ces d\u00e9tach\u00e9es d&#039;origine en Aluminium Technal, Bubendorff et Mariton","publisher":{"@id":"https:\/\/www.alupieces.fr\/#organization"},"potentialAction":[{"@type":"SearchAction","target":{"@type":"EntryPoint","urlTemplate":"https:\/\/www.alupieces.fr\/?s={search_term_string}"},"query-input":"required name=search_term_string"}],"inLanguage":"en-GB"},{"@type":"Organization","@id":"https:\/\/www.alupieces.fr\/#organization","name":"Alupi\u00e8ces","alternateName":"Alupi\u00e8ces.fr","url":"https:\/\/www.alupieces.fr\/","logo":{"@type":"ImageObject","inLanguage":"en-GB","@id":"https:\/\/www.alupieces.fr\/#\/schema\/logo\/image\/","url":"https:\/\/www.alupieces.fr\/wp-content\/uploads\/2022\/12\/Bon-logo-1.png","contentUrl":"https:\/\/www.alupieces.fr\/wp-content\/uploads\/2022\/12\/Bon-logo-1.png","width":1367,"height":474,"caption":"Alupi\u00e8ces"},"image":{"@id":"https:\/\/www.alupieces.fr\/#\/schema\/logo\/image\/"}}]}},"wcpa_form_fields":null,"_links":{"self":[{"href":"https:\/\/www.alupieces.fr\/en\/wp-json\/wp\/v2\/product\/25050"}],"collection":[{"href":"https:\/\/www.alupieces.fr\/en\/wp-json\/wp\/v2\/product"}],"about":[{"href":"https:\/\/www.alupieces.fr\/en\/wp-json\/wp\/v2\/types\/product"}],"replies":[{"embeddable":true,"href":"https:\/\/www.alupieces.fr\/en\/wp-json\/wp\/v2\/comments?post=25050"}],"wp:featuredmedia":[{"embeddable":true,"href":"https:\/\/www.alupieces.fr\/en\/wp-json\/wp\/v2\/media\/25051"}],"wp:attachment":[{"href":"https:\/\/www.alupieces.fr\/en\/wp-json\/wp\/v2\/media?parent=25050"}],"wp:term":[{"taxonomy":"product_cat","embeddable":true,"href":"https:\/\/www.alupieces.fr\/en\/wp-json\/wp\/v2\/product_cat?post=25050"},{"taxonomy":"product_tag","embeddable":true,"href":"https:\/\/www.alupieces.fr\/en\/wp-json\/wp\/v2\/product_tag?post=25050"},{"taxonomy":"marque","embeddable":true,"href":"https:\/\/www.alupieces.fr\/en\/wp-json\/wp\/v2\/marque?post=25050"}],"curies":[{"name":"wp","href":"https:\/\/api.w.org\/{rel}","templated":true}]}}