{"id":23797,"date":"2025-04-11T15:27:07","date_gmt":"2025-04-11T13:27:07","guid":{"rendered":"https:\/\/www.alupieces.fr\/?post_type=product&#038;p=23797"},"modified":"2026-04-21T17:56:16","modified_gmt":"2026-04-21T15:56:16","slug":"paumelle-feuillure-2-lames-technal-py","status":"publish","type":"product","link":"https:\/\/www.alupieces.fr\/en\/product\/hinge-leaf-2-blade-technal-py\/","title":{"rendered":"Technal PY 2-panel rebated hinge"},"content":{"rendered":"<p>Rabbet hinge 2 slats Technal p<span style=\"font-size: 16px;font-style: normal;font-weight: 400\">ur PY55 French door or French window from the Sol\u00e9al range.<\/span><\/p>\n<p>Available in <a href=\"https:\/\/www.alupieces.fr\/en\/product\/hinge-leaf-3-blade-technal-py\/\">Technal PY 3-slat rebate hinge<\/a><\/p>","protected":false},"excerpt":{"rendered":"<p>Paumelle feuillure 2 lames Technal pour porte ou porte-fen\u00eatre PY55 gamme Sol\u00e9al ouverture \u00e0 la Fran\u00e7aise. Existe en Paumelle feuillure 3 lames Technal PY<\/p>","protected":false},"featured_media":23855,"comment_status":"open","ping_status":"closed","template":"","meta":{"site-sidebar-layout":"default","site-content-layout":"default","ast-site-content-layout":"","site-content-style":"default","site-sidebar-style":"default","ast-global-header-display":"","ast-banner-title-visibility":"","ast-main-header-display":"","ast-hfb-above-header-display":"","ast-hfb-below-header-display":"","ast-hfb-mobile-header-display":"","site-post-title":"","ast-breadcrumbs-content":"","ast-featured-img":"","footer-sml-layout":"","theme-transparent-header-meta":"default","adv-header-id-meta":"","stick-header-meta":"","header-above-stick-meta":"","header-main-stick-meta":"","header-below-stick-meta":"","astra-migrate-meta-layouts":"default","ast-page-background-enabled":"default","ast-page-background-meta":{"desktop":{"background-color":"var(--ast-global-color-4)","background-image":"","background-repeat":"repeat","background-position":"center center","background-size":"auto","background-attachment":"scroll","background-type":"","background-media":"","overlay-type":"","overlay-color":"","overlay-opacity":"","overlay-gradient":""},"tablet":{"background-color":"","background-image":"","background-repeat":"repeat","background-position":"center center","background-size":"auto","background-attachment":"scroll","background-type":"","background-media":"","overlay-type":"","overlay-color":"","overlay-opacity":"","overlay-gradient":""},"mobile":{"background-color":"","background-image":"","background-repeat":"repeat","background-position":"center center","background-size":"auto","background-attachment":"scroll","background-type":"","background-media":"","overlay-type":"","overlay-color":"","overlay-opacity":"","overlay-gradient":""}},"ast-content-background-meta":{"desktop":{"background-color":"var(--ast-global-color-5)","background-image":"","background-repeat":"repeat","background-position":"center center","background-size":"auto","background-attachment":"scroll","background-type":"","background-media":"","overlay-type":"","overlay-color":"","overlay-opacity":"","overlay-gradient":""},"tablet":{"background-color":"var(--ast-global-color-5)","background-image":"","background-repeat":"repeat","background-position":"center center","background-size":"auto","background-attachment":"scroll","background-type":"","background-media":"","overlay-type":"","overlay-color":"","overlay-opacity":"","overlay-gradient":""},"mobile":{"background-color":"var(--ast-global-color-5)","background-image":"","background-repeat":"repeat","background-position":"center center","background-size":"auto","background-attachment":"scroll","background-type":"","background-media":"","overlay-type":"","overlay-color":"","overlay-opacity":"","overlay-gradient":""}}},"product_cat":[20,17],"product_tag":[],"marque":[106],"acf":[],"yoast_head":"<!-- This site is optimized with the Yoast SEO plugin v20.1 - https:\/\/yoast.com\/wordpress\/plugins\/seo\/ -->\n<title>Paumelle feuillure 2 lames Technal PY - Alupi\u00e8ces.fr<\/title>\n<meta name=\"description\" content=\"Paumelle feuillure 2 lames Technal PY. Retrouvez toutes nos paumelles Technal. Pi\u00e8ces d\u00e9tach\u00e9es 100% Origine, envoyez nous vos photos par mail\" \/>\n<meta name=\"robots\" content=\"index, follow, max-snippet:-1, max-image-preview:large, max-video-preview:-1\" \/>\n<link rel=\"canonical\" href=\"https:\/\/www.alupieces.fr\/en\/product\/hinge-leaf-2-blade-technal-py\/\" \/>\n<meta property=\"og:locale\" content=\"en_GB\" \/>\n<meta property=\"og:type\" content=\"article\" \/>\n<meta property=\"og:title\" content=\"Paumelle feuillure 2 lames Technal PY - Alupi\u00e8ces.fr\" \/>\n<meta property=\"og:description\" content=\"Paumelle feuillure 2 lames Technal PY. Retrouvez toutes nos paumelles Technal. Pi\u00e8ces d\u00e9tach\u00e9es 100% Origine, envoyez nous vos photos par mail\" \/>\n<meta property=\"og:url\" content=\"https:\/\/www.alupieces.fr\/en\/product\/hinge-leaf-2-blade-technal-py\/\" \/>\n<meta property=\"og:site_name\" content=\"Alupi\u00e8ces.fr\" \/>\n<meta property=\"article:modified_time\" content=\"2026-04-21T15:56:16+00:00\" \/>\n<meta property=\"og:image\" content=\"https:\/\/www.alupieces.fr\/wp-content\/uploads\/2025\/04\/T910002-Paumelle-en-feuillure-2-lame-NS-00R.jpg\" \/>\n\t<meta property=\"og:image:width\" content=\"827\" \/>\n\t<meta property=\"og:image:height\" content=\"827\" \/>\n\t<meta property=\"og:image:type\" content=\"image\/jpeg\" \/>\n<meta name=\"twitter:card\" content=\"summary_large_image\" \/>\n<meta name=\"twitter:label1\" content=\"Estimated reading time\" \/>\n\t<meta name=\"twitter:data1\" content=\"1 minute\" \/>\n<!-- \/ Yoast SEO plugin. -->","yoast_head_json":{"title":"Paumelle feuillure 2 lames Technal PY - Alupi\u00e8ces.fr","description":"Paumelle feuillure 2 lames Technal PY. Retrouvez toutes nos paumelles Technal. Pi\u00e8ces d\u00e9tach\u00e9es 100% Origine, envoyez nous vos photos par mail","robots":{"index":"index","follow":"follow","max-snippet":"max-snippet:-1","max-image-preview":"max-image-preview:large","max-video-preview":"max-video-preview:-1"},"canonical":"https:\/\/www.alupieces.fr\/en\/product\/hinge-leaf-2-blade-technal-py\/","og_locale":"en_GB","og_type":"article","og_title":"Paumelle feuillure 2 lames Technal PY - Alupi\u00e8ces.fr","og_description":"Paumelle feuillure 2 lames Technal PY. Retrouvez toutes nos paumelles Technal. Pi\u00e8ces d\u00e9tach\u00e9es 100% Origine, envoyez nous vos photos par mail","og_url":"https:\/\/www.alupieces.fr\/en\/product\/hinge-leaf-2-blade-technal-py\/","og_site_name":"Alupi\u00e8ces.fr","article_modified_time":"2026-04-21T15:56:16+00:00","og_image":[{"width":827,"height":827,"url":"https:\/\/www.alupieces.fr\/wp-content\/uploads\/2025\/04\/T910002-Paumelle-en-feuillure-2-lame-NS-00R.jpg","type":"image\/jpeg"}],"twitter_card":"summary_large_image","twitter_misc":{"Estimated reading time":"1 minute"},"schema":{"@context":"https:\/\/schema.org","@graph":[{"@type":"WebPage","@id":"https:\/\/www.alupieces.fr\/produit\/paumelle-feuillure-2-lames-technal-py\/","url":"https:\/\/www.alupieces.fr\/produit\/paumelle-feuillure-2-lames-technal-py\/","name":"Paumelle feuillure 2 lames Technal PY - Alupi\u00e8ces.fr","isPartOf":{"@id":"https:\/\/www.alupieces.fr\/#website"},"datePublished":"2025-04-11T13:27:07+00:00","dateModified":"2026-04-21T15:56:16+00:00","description":"Paumelle feuillure 2 lames Technal PY. Retrouvez toutes nos paumelles Technal. Pi\u00e8ces d\u00e9tach\u00e9es 100% Origine, envoyez nous vos photos par mail","breadcrumb":{"@id":"https:\/\/www.alupieces.fr\/produit\/paumelle-feuillure-2-lames-technal-py\/#breadcrumb"},"inLanguage":"en-GB","potentialAction":[{"@type":"ReadAction","target":["https:\/\/www.alupieces.fr\/produit\/paumelle-feuillure-2-lames-technal-py\/"]}]},{"@type":"BreadcrumbList","@id":"https:\/\/www.alupieces.fr\/produit\/paumelle-feuillure-2-lames-technal-py\/#breadcrumb","itemListElement":[{"@type":"ListItem","position":1,"name":"Accueil","item":"https:\/\/www.alupieces.fr\/"},{"@type":"ListItem","position":2,"name":"Boutique","item":"https:\/\/www.alupieces.fr\/boutique\/"},{"@type":"ListItem","position":3,"name":"Paumelle feuillure 2 lames Technal PY"}]},{"@type":"WebSite","@id":"https:\/\/www.alupieces.fr\/#website","url":"https:\/\/www.alupieces.fr\/","name":"Alupi\u00e8ces.fr","description":"La r\u00e9f\u00e9rence des pi\u00e8ces d\u00e9tach\u00e9es d&#039;origine en Aluminium Technal, Bubendorff et Mariton","publisher":{"@id":"https:\/\/www.alupieces.fr\/#organization"},"potentialAction":[{"@type":"SearchAction","target":{"@type":"EntryPoint","urlTemplate":"https:\/\/www.alupieces.fr\/?s={search_term_string}"},"query-input":"required name=search_term_string"}],"inLanguage":"en-GB"},{"@type":"Organization","@id":"https:\/\/www.alupieces.fr\/#organization","name":"Alupi\u00e8ces","alternateName":"Alupi\u00e8ces.fr","url":"https:\/\/www.alupieces.fr\/","logo":{"@type":"ImageObject","inLanguage":"en-GB","@id":"https:\/\/www.alupieces.fr\/#\/schema\/logo\/image\/","url":"https:\/\/www.alupieces.fr\/wp-content\/uploads\/2022\/12\/Bon-logo-1.png","contentUrl":"https:\/\/www.alupieces.fr\/wp-content\/uploads\/2022\/12\/Bon-logo-1.png","width":1367,"height":474,"caption":"Alupi\u00e8ces"},"image":{"@id":"https:\/\/www.alupieces.fr\/#\/schema\/logo\/image\/"}}]}},"wcpa_form_fields":null,"_links":{"self":[{"href":"https:\/\/www.alupieces.fr\/en\/wp-json\/wp\/v2\/product\/23797"}],"collection":[{"href":"https:\/\/www.alupieces.fr\/en\/wp-json\/wp\/v2\/product"}],"about":[{"href":"https:\/\/www.alupieces.fr\/en\/wp-json\/wp\/v2\/types\/product"}],"replies":[{"embeddable":true,"href":"https:\/\/www.alupieces.fr\/en\/wp-json\/wp\/v2\/comments?post=23797"}],"wp:featuredmedia":[{"embeddable":true,"href":"https:\/\/www.alupieces.fr\/en\/wp-json\/wp\/v2\/media\/23855"}],"wp:attachment":[{"href":"https:\/\/www.alupieces.fr\/en\/wp-json\/wp\/v2\/media?parent=23797"}],"wp:term":[{"taxonomy":"product_cat","embeddable":true,"href":"https:\/\/www.alupieces.fr\/en\/wp-json\/wp\/v2\/product_cat?post=23797"},{"taxonomy":"product_tag","embeddable":true,"href":"https:\/\/www.alupieces.fr\/en\/wp-json\/wp\/v2\/product_tag?post=23797"},{"taxonomy":"marque","embeddable":true,"href":"https:\/\/www.alupieces.fr\/en\/wp-json\/wp\/v2\/marque?post=23797"}],"curies":[{"name":"wp","href":"https:\/\/api.w.org\/{rel}","templated":true}]}}