{"id":18402,"date":"2024-07-09T09:48:55","date_gmt":"2024-07-09T07:48:55","guid":{"rendered":"https:\/\/www.alupieces.fr\/?post_type=product&#038;p=18402"},"modified":"2026-01-07T16:10:55","modified_gmt":"2026-01-07T15:10:55","slug":"panneau-photovoltaique-simple-bubendorff","status":"publish","type":"product","link":"https:\/\/www.alupieces.fr\/en\/product\/simple-photovoltaic-panel-bubendorff\/","title":{"rendered":"Bubendorff single photovoltaic panel"},"content":{"rendered":"<p class=\"text-durable\">Single photovoltaic panel for Bubendorff Mono autonomous roller shutter, Tradi autonomous roller shutter. Provide fixings <a href=\"https:\/\/www.alupieces.fr\/en\/?post_type=product&amp;p=18415&amp;preview=true\">241284<\/a> or <a href=\"https:\/\/www.alupieces.fr\/en\/product\/carrier-bag-105-pv-free-length-420-bubendorff\/\">241329<\/a> when installed in a box or offset.<\/p>\n<p>\ud83d\udce2 <span style=\"color: #ff0000\"><strong>Product development :<\/strong> <\/span>This photovoltaic panel is no longer sold on its own by the manufacturer. It is now only available as part of a complete kit comprising : The panel, the motor and the extender.<\/p>\n<p>\ud83d\udc49 In order to check the eligibility of your installation and offer you the corresponding kit, we need to identify your shutter. You can send us the serial number (S\/N.....) by email to: contact.alupieces@gmail.com<\/p>\n<ul>\n<li>Other <a href=\"https:\/\/www.alupieces.fr\/en\/product\/photovoltaic-panel-id3-with-plastic-frame-bubendorff\/\">iD3 photovoltaic panel with Bubendorff plastic frame<\/a><\/li>\n<\/ul>","protected":false},"excerpt":{"rendered":"<p>Panneau photovolta\u00efque simple pour volet roulant Bubendorff\u00a0 Mono autonome, Tradi autonome.\u00a0Pr\u00e9voir les fixations 241284 ou 241329 en cas de pose sur caisson ou d\u00e9port\u00e9e. \ud83d\udce2 Evolution du produit : Ce panneau photovolta\u00efque n&#8217;est plus commercialis\u00e9 seul par le fabricant. Il est d\u00e9sormais disponible uniquement au sein d&#8217;un kit complet comprenant : Le panneau, le moteur, [&hellip;]<\/p>","protected":false},"featured_media":18405,"comment_status":"open","ping_status":"closed","template":"","meta":{"site-sidebar-layout":"default","site-content-layout":"default","ast-site-content-layout":"","site-content-style":"default","site-sidebar-style":"default","ast-global-header-display":"","ast-banner-title-visibility":"","ast-main-header-display":"","ast-hfb-above-header-display":"","ast-hfb-below-header-display":"","ast-hfb-mobile-header-display":"","site-post-title":"","ast-breadcrumbs-content":"","ast-featured-img":"","footer-sml-layout":"","theme-transparent-header-meta":"default","adv-header-id-meta":"","stick-header-meta":"","header-above-stick-meta":"","header-main-stick-meta":"","header-below-stick-meta":"","astra-migrate-meta-layouts":"default","ast-page-background-enabled":"default","ast-page-background-meta":{"desktop":{"background-color":"var(--ast-global-color-4)","background-image":"","background-repeat":"repeat","background-position":"center center","background-size":"auto","background-attachment":"scroll","background-type":"","background-media":"","overlay-type":"","overlay-color":"","overlay-opacity":"","overlay-gradient":""},"tablet":{"background-color":"","background-image":"","background-repeat":"repeat","background-position":"center center","background-size":"auto","background-attachment":"scroll","background-type":"","background-media":"","overlay-type":"","overlay-color":"","overlay-opacity":"","overlay-gradient":""},"mobile":{"background-color":"","background-image":"","background-repeat":"repeat","background-position":"center center","background-size":"auto","background-attachment":"scroll","background-type":"","background-media":"","overlay-type":"","overlay-color":"","overlay-opacity":"","overlay-gradient":""}},"ast-content-background-meta":{"desktop":{"background-color":"var(--ast-global-color-5)","background-image":"","background-repeat":"repeat","background-position":"center center","background-size":"auto","background-attachment":"scroll","background-type":"","background-media":"","overlay-type":"","overlay-color":"","overlay-opacity":"","overlay-gradient":""},"tablet":{"background-color":"var(--ast-global-color-5)","background-image":"","background-repeat":"repeat","background-position":"center center","background-size":"auto","background-attachment":"scroll","background-type":"","background-media":"","overlay-type":"","overlay-color":"","overlay-opacity":"","overlay-gradient":""},"mobile":{"background-color":"var(--ast-global-color-5)","background-image":"","background-repeat":"repeat","background-position":"center center","background-size":"auto","background-attachment":"scroll","background-type":"","background-media":"","overlay-type":"","overlay-color":"","overlay-opacity":"","overlay-gradient":""}}},"product_cat":[27,145,24,23],"product_tag":[],"marque":[107],"acf":[],"yoast_head":"<!-- This site is optimized with the Yoast SEO plugin v20.1 - https:\/\/yoast.com\/wordpress\/plugins\/seo\/ -->\n<title>Panneau photovolta\u00efque simple Bubendorff - Alupi\u00e8ces.fr<\/title>\n<meta name=\"description\" content=\"Panneau photovolta\u00efque simple pour volet roulant Bubendorff. Produit 100% Origine de marque Bubendorff. Livraison rapide sur tout l&#039;hexagone.\" \/>\n<meta name=\"robots\" content=\"index, follow, max-snippet:-1, max-image-preview:large, max-video-preview:-1\" \/>\n<link rel=\"canonical\" href=\"https:\/\/www.alupieces.fr\/en\/product\/simple-photovoltaic-panel-bubendorff\/\" \/>\n<meta property=\"og:locale\" content=\"en_GB\" \/>\n<meta property=\"og:type\" content=\"article\" \/>\n<meta property=\"og:title\" content=\"Panneau photovolta\u00efque simple Bubendorff - Alupi\u00e8ces.fr\" \/>\n<meta property=\"og:description\" content=\"Panneau photovolta\u00efque simple pour volet roulant Bubendorff. Produit 100% Origine de marque Bubendorff. Livraison rapide sur tout l&#039;hexagone.\" \/>\n<meta property=\"og:url\" content=\"https:\/\/www.alupieces.fr\/en\/product\/simple-photovoltaic-panel-bubendorff\/\" \/>\n<meta property=\"og:site_name\" content=\"Alupi\u00e8ces.fr\" \/>\n<meta property=\"article:modified_time\" content=\"2026-01-07T15:10:55+00:00\" \/>\n<meta property=\"og:image\" content=\"https:\/\/www.alupieces.fr\/wp-content\/uploads\/2024\/07\/241309-Panneau-photovoltaique-simple-001.jpg\" \/>\n\t<meta property=\"og:image:width\" content=\"827\" \/>\n\t<meta property=\"og:image:height\" content=\"827\" \/>\n\t<meta property=\"og:image:type\" content=\"image\/jpeg\" \/>\n<meta name=\"twitter:card\" content=\"summary_large_image\" \/>\n<meta name=\"twitter:label1\" content=\"Estimated reading time\" \/>\n\t<meta name=\"twitter:data1\" content=\"1 minute\" \/>\n<!-- \/ Yoast SEO plugin. -->","yoast_head_json":{"title":"Panneau photovolta\u00efque simple Bubendorff - Alupi\u00e8ces.fr","description":"Panneau photovolta\u00efque simple pour volet roulant Bubendorff. Produit 100% Origine de marque Bubendorff. Livraison rapide sur tout l'hexagone.","robots":{"index":"index","follow":"follow","max-snippet":"max-snippet:-1","max-image-preview":"max-image-preview:large","max-video-preview":"max-video-preview:-1"},"canonical":"https:\/\/www.alupieces.fr\/en\/product\/simple-photovoltaic-panel-bubendorff\/","og_locale":"en_GB","og_type":"article","og_title":"Panneau photovolta\u00efque simple Bubendorff - Alupi\u00e8ces.fr","og_description":"Panneau photovolta\u00efque simple pour volet roulant Bubendorff. Produit 100% Origine de marque Bubendorff. Livraison rapide sur tout l'hexagone.","og_url":"https:\/\/www.alupieces.fr\/en\/product\/simple-photovoltaic-panel-bubendorff\/","og_site_name":"Alupi\u00e8ces.fr","article_modified_time":"2026-01-07T15:10:55+00:00","og_image":[{"width":827,"height":827,"url":"https:\/\/www.alupieces.fr\/wp-content\/uploads\/2024\/07\/241309-Panneau-photovoltaique-simple-001.jpg","type":"image\/jpeg"}],"twitter_card":"summary_large_image","twitter_misc":{"Estimated reading time":"1 minute"},"schema":{"@context":"https:\/\/schema.org","@graph":[{"@type":"WebPage","@id":"https:\/\/www.alupieces.fr\/produit\/panneau-photovoltaique-simple-bubendorff\/","url":"https:\/\/www.alupieces.fr\/produit\/panneau-photovoltaique-simple-bubendorff\/","name":"Panneau photovolta\u00efque simple Bubendorff - Alupi\u00e8ces.fr","isPartOf":{"@id":"https:\/\/www.alupieces.fr\/#website"},"datePublished":"2024-07-09T07:48:55+00:00","dateModified":"2026-01-07T15:10:55+00:00","description":"Panneau photovolta\u00efque simple pour volet roulant Bubendorff. Produit 100% Origine de marque Bubendorff. Livraison rapide sur tout l'hexagone.","breadcrumb":{"@id":"https:\/\/www.alupieces.fr\/produit\/panneau-photovoltaique-simple-bubendorff\/#breadcrumb"},"inLanguage":"en-GB","potentialAction":[{"@type":"ReadAction","target":["https:\/\/www.alupieces.fr\/produit\/panneau-photovoltaique-simple-bubendorff\/"]}]},{"@type":"BreadcrumbList","@id":"https:\/\/www.alupieces.fr\/produit\/panneau-photovoltaique-simple-bubendorff\/#breadcrumb","itemListElement":[{"@type":"ListItem","position":1,"name":"Accueil","item":"https:\/\/www.alupieces.fr\/"},{"@type":"ListItem","position":2,"name":"Boutique","item":"https:\/\/www.alupieces.fr\/boutique\/"},{"@type":"ListItem","position":3,"name":"Panneau photovolta\u00efque simple Bubendorff"}]},{"@type":"WebSite","@id":"https:\/\/www.alupieces.fr\/#website","url":"https:\/\/www.alupieces.fr\/","name":"Alupi\u00e8ces.fr","description":"La r\u00e9f\u00e9rence des pi\u00e8ces d\u00e9tach\u00e9es d&#039;origine en Aluminium Technal, Bubendorff et Mariton","publisher":{"@id":"https:\/\/www.alupieces.fr\/#organization"},"potentialAction":[{"@type":"SearchAction","target":{"@type":"EntryPoint","urlTemplate":"https:\/\/www.alupieces.fr\/?s={search_term_string}"},"query-input":"required name=search_term_string"}],"inLanguage":"en-GB"},{"@type":"Organization","@id":"https:\/\/www.alupieces.fr\/#organization","name":"Alupi\u00e8ces","alternateName":"Alupi\u00e8ces.fr","url":"https:\/\/www.alupieces.fr\/","logo":{"@type":"ImageObject","inLanguage":"en-GB","@id":"https:\/\/www.alupieces.fr\/#\/schema\/logo\/image\/","url":"https:\/\/www.alupieces.fr\/wp-content\/uploads\/2022\/12\/Bon-logo-1.png","contentUrl":"https:\/\/www.alupieces.fr\/wp-content\/uploads\/2022\/12\/Bon-logo-1.png","width":1367,"height":474,"caption":"Alupi\u00e8ces"},"image":{"@id":"https:\/\/www.alupieces.fr\/#\/schema\/logo\/image\/"}}]}},"wcpa_form_fields":null,"_links":{"self":[{"href":"https:\/\/www.alupieces.fr\/en\/wp-json\/wp\/v2\/product\/18402"}],"collection":[{"href":"https:\/\/www.alupieces.fr\/en\/wp-json\/wp\/v2\/product"}],"about":[{"href":"https:\/\/www.alupieces.fr\/en\/wp-json\/wp\/v2\/types\/product"}],"replies":[{"embeddable":true,"href":"https:\/\/www.alupieces.fr\/en\/wp-json\/wp\/v2\/comments?post=18402"}],"wp:featuredmedia":[{"embeddable":true,"href":"https:\/\/www.alupieces.fr\/en\/wp-json\/wp\/v2\/media\/18405"}],"wp:attachment":[{"href":"https:\/\/www.alupieces.fr\/en\/wp-json\/wp\/v2\/media?parent=18402"}],"wp:term":[{"taxonomy":"product_cat","embeddable":true,"href":"https:\/\/www.alupieces.fr\/en\/wp-json\/wp\/v2\/product_cat?post=18402"},{"taxonomy":"product_tag","embeddable":true,"href":"https:\/\/www.alupieces.fr\/en\/wp-json\/wp\/v2\/product_tag?post=18402"},{"taxonomy":"marque","embeddable":true,"href":"https:\/\/www.alupieces.fr\/en\/wp-json\/wp\/v2\/marque?post=18402"}],"curies":[{"name":"wp","href":"https:\/\/api.w.org\/{rel}","templated":true}]}}