{"id":18016,"date":"2024-07-04T11:03:30","date_gmt":"2024-07-04T09:03:30","guid":{"rendered":"https:\/\/www.alupieces.fr\/?post_type=product&#038;p=18016"},"modified":"2025-09-29T17:52:42","modified_gmt":"2025-09-29T15:52:42","slug":"vis-tole-a4-48x32-cache-vis","status":"publish","type":"product","link":"https:\/\/www.alupieces.fr\/en\/product\/vis-tole-a4-48x32-cache-vis\/","title":{"rendered":"A4 sheet metal screw 4.8\u00d732 + screw cover"},"content":{"rendered":"<div class=\"row\">\n<div class=\"col-md-12 col-lg d-none d-md-block\">\n<p class=\"js-socialshare-subject\">Pack of 20 screws + 20 screw covers<\/p>\n<ul>\n<li>A4 4.8\u00d732 pan head screws with Phillips head H <img decoding=\"async\" class=\"wp-image-18017 alignnone\" src=\"https:\/\/alupieces.fr\/wp-content\/uploads\/2024\/07\/Vis--e1720097821738-150x150.png\" alt=\"\" width=\"17\" height=\"17\" srcset=\"https:\/\/www.alupieces.fr\/wp-content\/uploads\/2024\/07\/Vis--e1720097821738-150x150.png 150w, https:\/\/www.alupieces.fr\/wp-content\/uploads\/2024\/07\/Vis--e1720097821738-100x100.png 100w, https:\/\/www.alupieces.fr\/wp-content\/uploads\/2024\/07\/Vis--e1720097821738-64x66.png 64w, https:\/\/www.alupieces.fr\/wp-content\/uploads\/2024\/07\/Vis--e1720097821738.png 287w\" sizes=\"(max-width: 17px) 100vw, 17px\" \/> &#8211; <em>Material: A4 stainless steel<\/em><\/li>\n<li>Cover caps Plastic screws with sealing lip for socket head cap screws \u00f8 19 -<em> Material Polyethylene<\/em><\/li>\n<\/ul>\n<\/div>\n<\/div>","protected":false},"excerpt":{"rendered":"<p>Pack de 20 Vis + 20 Caches Vis Vis \u00e0 T\u00f4le A4 4,8&#215;32 T\u00eate cylindrique Bomb\u00e9 avec empreinte Cruciforme H &#8211; Mati\u00e8re: Acier inoxydable A4 Caches Vis en plastique avec l\u00e8vre d&#8217;\u00e9tanch\u00e9it\u00e9 pour vis \u00e0 t\u00eate cylindrique bomb\u00e9e\u00a0 \u00f8 19 &#8211; Mati\u00e8re Poly\u00e9thyl\u00e8ne<\/p>","protected":false},"featured_media":18018,"comment_status":"open","ping_status":"closed","template":"","meta":{"site-sidebar-layout":"default","site-content-layout":"default","ast-site-content-layout":"","site-content-style":"default","site-sidebar-style":"default","ast-global-header-display":"","ast-banner-title-visibility":"","ast-main-header-display":"","ast-hfb-above-header-display":"","ast-hfb-below-header-display":"","ast-hfb-mobile-header-display":"","site-post-title":"","ast-breadcrumbs-content":"","ast-featured-img":"","footer-sml-layout":"","theme-transparent-header-meta":"default","adv-header-id-meta":"","stick-header-meta":"","header-above-stick-meta":"","header-main-stick-meta":"","header-below-stick-meta":"","astra-migrate-meta-layouts":"default","ast-page-background-enabled":"default","ast-page-background-meta":{"desktop":{"background-color":"var(--ast-global-color-4)","background-image":"","background-repeat":"repeat","background-position":"center center","background-size":"auto","background-attachment":"scroll","background-type":"","background-media":"","overlay-type":"","overlay-color":"","overlay-opacity":"","overlay-gradient":""},"tablet":{"background-color":"","background-image":"","background-repeat":"repeat","background-position":"center center","background-size":"auto","background-attachment":"scroll","background-type":"","background-media":"","overlay-type":"","overlay-color":"","overlay-opacity":"","overlay-gradient":""},"mobile":{"background-color":"","background-image":"","background-repeat":"repeat","background-position":"center center","background-size":"auto","background-attachment":"scroll","background-type":"","background-media":"","overlay-type":"","overlay-color":"","overlay-opacity":"","overlay-gradient":""}},"ast-content-background-meta":{"desktop":{"background-color":"var(--ast-global-color-5)","background-image":"","background-repeat":"repeat","background-position":"center center","background-size":"auto","background-attachment":"scroll","background-type":"","background-media":"","overlay-type":"","overlay-color":"","overlay-opacity":"","overlay-gradient":""},"tablet":{"background-color":"var(--ast-global-color-5)","background-image":"","background-repeat":"repeat","background-position":"center center","background-size":"auto","background-attachment":"scroll","background-type":"","background-media":"","overlay-type":"","overlay-color":"","overlay-opacity":"","overlay-gradient":""},"mobile":{"background-color":"var(--ast-global-color-5)","background-image":"","background-repeat":"repeat","background-position":"center center","background-size":"auto","background-attachment":"scroll","background-type":"","background-media":"","overlay-type":"","overlay-color":"","overlay-opacity":"","overlay-gradient":""}}},"product_cat":[38],"product_tag":[],"marque":[105],"acf":[],"yoast_head":"<!-- This site is optimized with the Yoast SEO plugin v20.1 - https:\/\/yoast.com\/wordpress\/plugins\/seo\/ -->\n<title>Vis T\u00f4le A4 4,8x32 + Cache Vis - Alupi\u00e8ces.fr<\/title>\n<meta name=\"description\" content=\"Vis T\u00f4le A4 4,8x32 + Cache Vis , Jeu de 8 cl\u00e9s m\u00e2les coud\u00e9es Wurth Torx Etoile TX. Cl\u00e9s m\u00e9tal. TX 9; 10; 15; 20; 25; 27; 30; 40.\" \/>\n<meta name=\"robots\" content=\"index, follow, max-snippet:-1, max-image-preview:large, max-video-preview:-1\" \/>\n<link rel=\"canonical\" href=\"https:\/\/www.alupieces.fr\/en\/product\/vis-tole-a4-48x32-cache-vis\/\" \/>\n<meta property=\"og:locale\" content=\"en_GB\" \/>\n<meta property=\"og:type\" content=\"article\" \/>\n<meta property=\"og:title\" content=\"Vis T\u00f4le A4 4,8x32 + Cache Vis - Alupi\u00e8ces.fr\" \/>\n<meta property=\"og:description\" content=\"Vis T\u00f4le A4 4,8x32 + Cache Vis , Jeu de 8 cl\u00e9s m\u00e2les coud\u00e9es Wurth Torx Etoile TX. Cl\u00e9s m\u00e9tal. TX 9; 10; 15; 20; 25; 27; 30; 40.\" \/>\n<meta property=\"og:url\" content=\"https:\/\/www.alupieces.fr\/en\/product\/vis-tole-a4-48x32-cache-vis\/\" \/>\n<meta property=\"og:site_name\" content=\"Alupi\u00e8ces.fr\" \/>\n<meta property=\"article:modified_time\" content=\"2025-09-29T15:52:42+00:00\" \/>\n<meta property=\"og:image\" content=\"https:\/\/www.alupieces.fr\/wp-content\/uploads\/2024\/07\/image-2024-07-04T111316.506.jpg\" \/>\n\t<meta property=\"og:image:width\" content=\"827\" \/>\n\t<meta property=\"og:image:height\" content=\"827\" \/>\n\t<meta property=\"og:image:type\" content=\"image\/jpeg\" \/>\n<meta name=\"twitter:card\" content=\"summary_large_image\" \/>\n<meta name=\"twitter:label1\" content=\"Estimated reading time\" \/>\n\t<meta name=\"twitter:data1\" content=\"1 minute\" \/>\n<!-- \/ Yoast SEO plugin. -->","yoast_head_json":{"title":"Vis T\u00f4le A4 4,8x32 + Cache Vis - Alupi\u00e8ces.fr","description":"Vis T\u00f4le A4 4,8x32 + Cache Vis , Jeu de 8 cl\u00e9s m\u00e2les coud\u00e9es Wurth Torx Etoile TX. Cl\u00e9s m\u00e9tal. TX 9; 10; 15; 20; 25; 27; 30; 40.","robots":{"index":"index","follow":"follow","max-snippet":"max-snippet:-1","max-image-preview":"max-image-preview:large","max-video-preview":"max-video-preview:-1"},"canonical":"https:\/\/www.alupieces.fr\/en\/product\/vis-tole-a4-48x32-cache-vis\/","og_locale":"en_GB","og_type":"article","og_title":"Vis T\u00f4le A4 4,8x32 + Cache Vis - Alupi\u00e8ces.fr","og_description":"Vis T\u00f4le A4 4,8x32 + Cache Vis , Jeu de 8 cl\u00e9s m\u00e2les coud\u00e9es Wurth Torx Etoile TX. Cl\u00e9s m\u00e9tal. TX 9; 10; 15; 20; 25; 27; 30; 40.","og_url":"https:\/\/www.alupieces.fr\/en\/product\/vis-tole-a4-48x32-cache-vis\/","og_site_name":"Alupi\u00e8ces.fr","article_modified_time":"2025-09-29T15:52:42+00:00","og_image":[{"width":827,"height":827,"url":"https:\/\/www.alupieces.fr\/wp-content\/uploads\/2024\/07\/image-2024-07-04T111316.506.jpg","type":"image\/jpeg"}],"twitter_card":"summary_large_image","twitter_misc":{"Estimated reading time":"1 minute"},"schema":{"@context":"https:\/\/schema.org","@graph":[{"@type":"WebPage","@id":"https:\/\/www.alupieces.fr\/produit\/vis-tole-a4-48x32-cache-vis\/","url":"https:\/\/www.alupieces.fr\/produit\/vis-tole-a4-48x32-cache-vis\/","name":"Vis T\u00f4le A4 4,8x32 + Cache Vis - Alupi\u00e8ces.fr","isPartOf":{"@id":"https:\/\/www.alupieces.fr\/#website"},"datePublished":"2024-07-04T09:03:30+00:00","dateModified":"2025-09-29T15:52:42+00:00","description":"Vis T\u00f4le A4 4,8x32 + Cache Vis , Jeu de 8 cl\u00e9s m\u00e2les coud\u00e9es Wurth Torx Etoile TX. Cl\u00e9s m\u00e9tal. TX 9; 10; 15; 20; 25; 27; 30; 40.","breadcrumb":{"@id":"https:\/\/www.alupieces.fr\/produit\/vis-tole-a4-48x32-cache-vis\/#breadcrumb"},"inLanguage":"en-GB","potentialAction":[{"@type":"ReadAction","target":["https:\/\/www.alupieces.fr\/produit\/vis-tole-a4-48x32-cache-vis\/"]}]},{"@type":"BreadcrumbList","@id":"https:\/\/www.alupieces.fr\/produit\/vis-tole-a4-48x32-cache-vis\/#breadcrumb","itemListElement":[{"@type":"ListItem","position":1,"name":"Accueil","item":"https:\/\/www.alupieces.fr\/"},{"@type":"ListItem","position":2,"name":"Boutique","item":"https:\/\/www.alupieces.fr\/boutique\/"},{"@type":"ListItem","position":3,"name":"Vis T\u00f4le A4 4,8&#215;32 + Cache Vis"}]},{"@type":"WebSite","@id":"https:\/\/www.alupieces.fr\/#website","url":"https:\/\/www.alupieces.fr\/","name":"Alupi\u00e8ces.fr","description":"La r\u00e9f\u00e9rence des pi\u00e8ces d\u00e9tach\u00e9es d&#039;origine en Aluminium Technal, Bubendorff et Mariton","publisher":{"@id":"https:\/\/www.alupieces.fr\/#organization"},"potentialAction":[{"@type":"SearchAction","target":{"@type":"EntryPoint","urlTemplate":"https:\/\/www.alupieces.fr\/?s={search_term_string}"},"query-input":"required name=search_term_string"}],"inLanguage":"en-GB"},{"@type":"Organization","@id":"https:\/\/www.alupieces.fr\/#organization","name":"Alupi\u00e8ces","alternateName":"Alupi\u00e8ces.fr","url":"https:\/\/www.alupieces.fr\/","logo":{"@type":"ImageObject","inLanguage":"en-GB","@id":"https:\/\/www.alupieces.fr\/#\/schema\/logo\/image\/","url":"https:\/\/www.alupieces.fr\/wp-content\/uploads\/2022\/12\/Bon-logo-1.png","contentUrl":"https:\/\/www.alupieces.fr\/wp-content\/uploads\/2022\/12\/Bon-logo-1.png","width":1367,"height":474,"caption":"Alupi\u00e8ces"},"image":{"@id":"https:\/\/www.alupieces.fr\/#\/schema\/logo\/image\/"}}]}},"wcpa_form_fields":null,"_links":{"self":[{"href":"https:\/\/www.alupieces.fr\/en\/wp-json\/wp\/v2\/product\/18016"}],"collection":[{"href":"https:\/\/www.alupieces.fr\/en\/wp-json\/wp\/v2\/product"}],"about":[{"href":"https:\/\/www.alupieces.fr\/en\/wp-json\/wp\/v2\/types\/product"}],"replies":[{"embeddable":true,"href":"https:\/\/www.alupieces.fr\/en\/wp-json\/wp\/v2\/comments?post=18016"}],"wp:featuredmedia":[{"embeddable":true,"href":"https:\/\/www.alupieces.fr\/en\/wp-json\/wp\/v2\/media\/18018"}],"wp:attachment":[{"href":"https:\/\/www.alupieces.fr\/en\/wp-json\/wp\/v2\/media?parent=18016"}],"wp:term":[{"taxonomy":"product_cat","embeddable":true,"href":"https:\/\/www.alupieces.fr\/en\/wp-json\/wp\/v2\/product_cat?post=18016"},{"taxonomy":"product_tag","embeddable":true,"href":"https:\/\/www.alupieces.fr\/en\/wp-json\/wp\/v2\/product_tag?post=18016"},{"taxonomy":"marque","embeddable":true,"href":"https:\/\/www.alupieces.fr\/en\/wp-json\/wp\/v2\/marque?post=18016"}],"curies":[{"name":"wp","href":"https:\/\/api.w.org\/{rel}","templated":true}]}}