{"id":17817,"date":"2024-06-28T16:48:47","date_gmt":"2024-06-28T14:48:47","guid":{"rendered":"https:\/\/www.alupieces.fr\/?post_type=product&#038;p=17817"},"modified":"2025-10-14T13:45:24","modified_gmt":"2025-10-14T11:45:24","slug":"coquille-de-manoeuvre-technal-gx","status":"publish","type":"product","link":"https:\/\/www.alupieces.fr\/en\/product\/coquille-de-manoeuvre-technal-gx\/","title":{"rendered":"Technal GX manoeuvring shell"},"content":{"rendered":"<p>Handle for Technal GX\/GXI Saphir sliding systems. This shell is the external part of the reference TKG003<\/p>\n<p><a href=\"https:\/\/alupieces.fr\/wp-content\/uploads\/2023\/05\/Nuanciers-de-Couleurs-.pdf\" target=\"_blank\" rel=\"noopener\">CLICK to see the colours and confirm your choice<\/a><\/p>\n<ul>\n<li style=\"text-align: left\">Find all our <a href=\"https:\/\/www.alupieces.fr\/en\/?s=coulissant+saphir&amp;post_type=product&amp;dgwt_wcas=1\">sliding Technal Saphir range<\/a><\/li>\n<\/ul>","protected":false},"excerpt":{"rendered":"<p>Handle for Technal GX\/GXI Saphir range sliding system. This shell is the external part of the reference TKG003 CLICK to see the colours and confirm your choice Find all our Technal sliding parts Saphir range<\/p>","protected":false},"featured_media":17870,"comment_status":"open","ping_status":"closed","template":"","meta":{"site-sidebar-layout":"default","site-content-layout":"default","ast-site-content-layout":"","site-content-style":"default","site-sidebar-style":"default","ast-global-header-display":"","ast-banner-title-visibility":"","ast-main-header-display":"","ast-hfb-above-header-display":"","ast-hfb-below-header-display":"","ast-hfb-mobile-header-display":"","site-post-title":"","ast-breadcrumbs-content":"","ast-featured-img":"","footer-sml-layout":"","theme-transparent-header-meta":"default","adv-header-id-meta":"","stick-header-meta":"","header-above-stick-meta":"","header-main-stick-meta":"","header-below-stick-meta":"","astra-migrate-meta-layouts":"default","ast-page-background-enabled":"default","ast-page-background-meta":{"desktop":{"background-color":"var(--ast-global-color-4)","background-image":"","background-repeat":"repeat","background-position":"center center","background-size":"auto","background-attachment":"scroll","background-type":"","background-media":"","overlay-type":"","overlay-color":"","overlay-opacity":"","overlay-gradient":""},"tablet":{"background-color":"","background-image":"","background-repeat":"repeat","background-position":"center center","background-size":"auto","background-attachment":"scroll","background-type":"","background-media":"","overlay-type":"","overlay-color":"","overlay-opacity":"","overlay-gradient":""},"mobile":{"background-color":"","background-image":"","background-repeat":"repeat","background-position":"center center","background-size":"auto","background-attachment":"scroll","background-type":"","background-media":"","overlay-type":"","overlay-color":"","overlay-opacity":"","overlay-gradient":""}},"ast-content-background-meta":{"desktop":{"background-color":"var(--ast-global-color-5)","background-image":"","background-repeat":"repeat","background-position":"center center","background-size":"auto","background-attachment":"scroll","background-type":"","background-media":"","overlay-type":"","overlay-color":"","overlay-opacity":"","overlay-gradient":""},"tablet":{"background-color":"var(--ast-global-color-5)","background-image":"","background-repeat":"repeat","background-position":"center center","background-size":"auto","background-attachment":"scroll","background-type":"","background-media":"","overlay-type":"","overlay-color":"","overlay-opacity":"","overlay-gradient":""},"mobile":{"background-color":"var(--ast-global-color-5)","background-image":"","background-repeat":"repeat","background-position":"center center","background-size":"auto","background-attachment":"scroll","background-type":"","background-media":"","overlay-type":"","overlay-color":"","overlay-opacity":"","overlay-gradient":""}}},"product_cat":[18,43],"product_tag":[],"marque":[106],"acf":[],"yoast_head":"<!-- This site is optimized with the Yoast SEO plugin v20.1 - https:\/\/yoast.com\/wordpress\/plugins\/seo\/ -->\n<title>Coquille de man\u0153uvre Technal GX - Alupi\u00e8ces.fr<\/title>\n<meta name=\"description\" content=\"Fermeture simple coquille pour coulissant Technal gamme GX. Nombreux mod\u00e8les de fermetures Technal en stock, livraison rapide. Pi\u00e8ces 100% origine.\" \/>\n<meta name=\"robots\" content=\"index, follow, max-snippet:-1, max-image-preview:large, max-video-preview:-1\" \/>\n<link rel=\"canonical\" href=\"https:\/\/www.alupieces.fr\/en\/product\/coquille-de-manoeuvre-technal-gx\/\" \/>\n<meta property=\"og:locale\" content=\"en_GB\" \/>\n<meta property=\"og:type\" content=\"article\" \/>\n<meta property=\"og:title\" content=\"Coquille de man\u0153uvre Technal GX - Alupi\u00e8ces.fr\" \/>\n<meta property=\"og:description\" content=\"Fermeture simple coquille pour coulissant Technal gamme GX. Nombreux mod\u00e8les de fermetures Technal en stock, livraison rapide. Pi\u00e8ces 100% origine.\" \/>\n<meta property=\"og:url\" content=\"https:\/\/www.alupieces.fr\/en\/product\/coquille-de-manoeuvre-technal-gx\/\" \/>\n<meta property=\"og:site_name\" content=\"Alupi\u00e8ces.fr\" \/>\n<meta property=\"article:modified_time\" content=\"2025-10-14T11:45:24+00:00\" \/>\n<meta property=\"og:image\" content=\"https:\/\/www.alupieces.fr\/wp-content\/uploads\/2024\/06\/TKG002-Coquille-de-manoeuvre-GX-BLC-001.jpg\" \/>\n\t<meta property=\"og:image:width\" content=\"827\" \/>\n\t<meta property=\"og:image:height\" content=\"827\" \/>\n\t<meta property=\"og:image:type\" content=\"image\/jpeg\" \/>\n<meta name=\"twitter:card\" content=\"summary_large_image\" \/>\n<meta name=\"twitter:label1\" content=\"Estimated reading time\" \/>\n\t<meta name=\"twitter:data1\" content=\"1 minute\" \/>\n<!-- \/ Yoast SEO plugin. -->","yoast_head_json":{"title":"Coquille de man\u0153uvre Technal GX - Alupi\u00e8ces.fr","description":"Fermeture simple coquille pour coulissant Technal gamme GX. Nombreux mod\u00e8les de fermetures Technal en stock, livraison rapide. Pi\u00e8ces 100% origine.","robots":{"index":"index","follow":"follow","max-snippet":"max-snippet:-1","max-image-preview":"max-image-preview:large","max-video-preview":"max-video-preview:-1"},"canonical":"https:\/\/www.alupieces.fr\/en\/product\/coquille-de-manoeuvre-technal-gx\/","og_locale":"en_GB","og_type":"article","og_title":"Coquille de man\u0153uvre Technal GX - Alupi\u00e8ces.fr","og_description":"Fermeture simple coquille pour coulissant Technal gamme GX. Nombreux mod\u00e8les de fermetures Technal en stock, livraison rapide. Pi\u00e8ces 100% origine.","og_url":"https:\/\/www.alupieces.fr\/en\/product\/coquille-de-manoeuvre-technal-gx\/","og_site_name":"Alupi\u00e8ces.fr","article_modified_time":"2025-10-14T11:45:24+00:00","og_image":[{"width":827,"height":827,"url":"https:\/\/www.alupieces.fr\/wp-content\/uploads\/2024\/06\/TKG002-Coquille-de-manoeuvre-GX-BLC-001.jpg","type":"image\/jpeg"}],"twitter_card":"summary_large_image","twitter_misc":{"Estimated reading time":"1 minute"},"schema":{"@context":"https:\/\/schema.org","@graph":[{"@type":"WebPage","@id":"https:\/\/www.alupieces.fr\/produit\/coquille-de-manoeuvre-technal-gx\/","url":"https:\/\/www.alupieces.fr\/produit\/coquille-de-manoeuvre-technal-gx\/","name":"Coquille de man\u0153uvre Technal GX - Alupi\u00e8ces.fr","isPartOf":{"@id":"https:\/\/www.alupieces.fr\/#website"},"datePublished":"2024-06-28T14:48:47+00:00","dateModified":"2025-10-14T11:45:24+00:00","description":"Fermeture simple coquille pour coulissant Technal gamme GX. Nombreux mod\u00e8les de fermetures Technal en stock, livraison rapide. Pi\u00e8ces 100% origine.","breadcrumb":{"@id":"https:\/\/www.alupieces.fr\/produit\/coquille-de-manoeuvre-technal-gx\/#breadcrumb"},"inLanguage":"en-GB","potentialAction":[{"@type":"ReadAction","target":["https:\/\/www.alupieces.fr\/produit\/coquille-de-manoeuvre-technal-gx\/"]}]},{"@type":"BreadcrumbList","@id":"https:\/\/www.alupieces.fr\/produit\/coquille-de-manoeuvre-technal-gx\/#breadcrumb","itemListElement":[{"@type":"ListItem","position":1,"name":"Accueil","item":"https:\/\/www.alupieces.fr\/"},{"@type":"ListItem","position":2,"name":"Boutique","item":"https:\/\/www.alupieces.fr\/boutique\/"},{"@type":"ListItem","position":3,"name":"Coquille de man\u0153uvre Technal GX"}]},{"@type":"WebSite","@id":"https:\/\/www.alupieces.fr\/#website","url":"https:\/\/www.alupieces.fr\/","name":"Alupi\u00e8ces.fr","description":"La r\u00e9f\u00e9rence des pi\u00e8ces d\u00e9tach\u00e9es d&#039;origine en Aluminium Technal, Bubendorff et Mariton","publisher":{"@id":"https:\/\/www.alupieces.fr\/#organization"},"potentialAction":[{"@type":"SearchAction","target":{"@type":"EntryPoint","urlTemplate":"https:\/\/www.alupieces.fr\/?s={search_term_string}"},"query-input":"required name=search_term_string"}],"inLanguage":"en-GB"},{"@type":"Organization","@id":"https:\/\/www.alupieces.fr\/#organization","name":"Alupi\u00e8ces","alternateName":"Alupi\u00e8ces.fr","url":"https:\/\/www.alupieces.fr\/","logo":{"@type":"ImageObject","inLanguage":"en-GB","@id":"https:\/\/www.alupieces.fr\/#\/schema\/logo\/image\/","url":"https:\/\/www.alupieces.fr\/wp-content\/uploads\/2022\/12\/Bon-logo-1.png","contentUrl":"https:\/\/www.alupieces.fr\/wp-content\/uploads\/2022\/12\/Bon-logo-1.png","width":1367,"height":474,"caption":"Alupi\u00e8ces"},"image":{"@id":"https:\/\/www.alupieces.fr\/#\/schema\/logo\/image\/"}}]}},"wcpa_form_fields":null,"_links":{"self":[{"href":"https:\/\/www.alupieces.fr\/en\/wp-json\/wp\/v2\/product\/17817"}],"collection":[{"href":"https:\/\/www.alupieces.fr\/en\/wp-json\/wp\/v2\/product"}],"about":[{"href":"https:\/\/www.alupieces.fr\/en\/wp-json\/wp\/v2\/types\/product"}],"replies":[{"embeddable":true,"href":"https:\/\/www.alupieces.fr\/en\/wp-json\/wp\/v2\/comments?post=17817"}],"wp:featuredmedia":[{"embeddable":true,"href":"https:\/\/www.alupieces.fr\/en\/wp-json\/wp\/v2\/media\/17870"}],"wp:attachment":[{"href":"https:\/\/www.alupieces.fr\/en\/wp-json\/wp\/v2\/media?parent=17817"}],"wp:term":[{"taxonomy":"product_cat","embeddable":true,"href":"https:\/\/www.alupieces.fr\/en\/wp-json\/wp\/v2\/product_cat?post=17817"},{"taxonomy":"product_tag","embeddable":true,"href":"https:\/\/www.alupieces.fr\/en\/wp-json\/wp\/v2\/product_tag?post=17817"},{"taxonomy":"marque","embeddable":true,"href":"https:\/\/www.alupieces.fr\/en\/wp-json\/wp\/v2\/marque?post=17817"}],"curies":[{"name":"wp","href":"https:\/\/api.w.org\/{rel}","templated":true}]}}