{"id":17216,"date":"2024-05-30T17:04:10","date_gmt":"2024-05-30T15:04:10","guid":{"rendered":"https:\/\/www.alupieces.fr\/?post_type=product&#038;p=17216"},"modified":"2026-02-18T15:06:30","modified_gmt":"2026-02-18T14:06:30","slug":"arret-a-pied-212mm","status":"publish","type":"product","link":"https:\/\/www.alupieces.fr\/en\/product\/foot-stop-212mm\/","title":{"rendered":"Foot stop 212mm"},"content":{"rendered":"<p>Foot-operated stop - 220mm door stop. L<span style=\"font-size: 16px;font-style: normal;font-weight: 400\">Width: 30 mm - Depth: 33 mm - Height: 212 mm - Stroke: 87 mm. <\/span><span style=\"font-size: 16px;font-style: normal;font-weight: 400\">Aluminium housing, all other metal parts in galvanised steel, grey rubber stop.<\/span><\/p>\n<p id=\"tw-target-text\" class=\"tw-data-text tw-text-large tw-ta\" dir=\"ltr\" data-placeholder=\"Traduction\" aria-label=\"Translated text\" data-ved=\"2ahUKEwjHnIagta2GAxW0U6QEHcDYCFgQ3ewLegQICBAU\"><span class=\"Y2IQFc\" lang=\"fr\"><span class=\"Y2IQFc\" lang=\"fr\" style=\"font-size: 16px;font-style: normal;font-weight: 400\">This stop allows you to block the door at any opening angle. The counter spring\u00a0<\/span><span class=\"Y2IQFc\" lang=\"fr\" style=\"font-size: 16px;font-style: normal;font-weight: 400\">increases the pressure on the ground.<\/span><\/span><\/p>\n<ul>\n<li class=\"tw-data-text tw-text-large tw-ta\" dir=\"ltr\" data-placeholder=\"Traduction\" aria-label=\"Translated text\" data-ved=\"2ahUKEwjHnIagta2GAxW0U6QEHcDYCFgQ3ewLegQICBAU\">Available in 370mm <a href=\"https:\/\/www.alupieces.fr\/en\/product\/foot-stop-370mm\/\">Foot stop 370mm<\/a><\/li>\n<\/ul>","protected":false},"excerpt":{"rendered":"<p>Arr\u00eat \u00e0 pied &#8211; But\u00e9e de porte de 220mm. Largeur : 30 mm \u00b7 Profondeur : 33 mm \u00b7 Hauteur : 212 mm \u00b7 Course : 87 mm. Bo\u00eetier en aluminium, toutes les autres pi\u00e8ces m\u00e9talliques sont en acier galvanis\u00e9, la but\u00e9e est en en caoutchouc gris. Cette but\u00e9e vous offre la possibilit\u00e9 de bloquer [&hellip;]<\/p>","protected":false},"featured_media":17218,"comment_status":"open","ping_status":"closed","template":"","meta":{"site-sidebar-layout":"default","site-content-layout":"","ast-site-content-layout":"","site-content-style":"default","site-sidebar-style":"default","ast-global-header-display":"","ast-banner-title-visibility":"","ast-main-header-display":"","ast-hfb-above-header-display":"","ast-hfb-below-header-display":"","ast-hfb-mobile-header-display":"","site-post-title":"","ast-breadcrumbs-content":"","ast-featured-img":"","footer-sml-layout":"","theme-transparent-header-meta":"","adv-header-id-meta":"","stick-header-meta":"","header-above-stick-meta":"","header-main-stick-meta":"","header-below-stick-meta":"","astra-migrate-meta-layouts":"default","ast-page-background-enabled":"default","ast-page-background-meta":{"desktop":{"background-color":"var(--ast-global-color-4)","background-image":"","background-repeat":"repeat","background-position":"center center","background-size":"auto","background-attachment":"scroll","background-type":"","background-media":"","overlay-type":"","overlay-color":"","overlay-opacity":"","overlay-gradient":""},"tablet":{"background-color":"","background-image":"","background-repeat":"repeat","background-position":"center center","background-size":"auto","background-attachment":"scroll","background-type":"","background-media":"","overlay-type":"","overlay-color":"","overlay-opacity":"","overlay-gradient":""},"mobile":{"background-color":"","background-image":"","background-repeat":"repeat","background-position":"center center","background-size":"auto","background-attachment":"scroll","background-type":"","background-media":"","overlay-type":"","overlay-color":"","overlay-opacity":"","overlay-gradient":""}},"ast-content-background-meta":{"desktop":{"background-color":"var(--ast-global-color-5)","background-image":"","background-repeat":"repeat","background-position":"center center","background-size":"auto","background-attachment":"scroll","background-type":"","background-media":"","overlay-type":"","overlay-color":"","overlay-opacity":"","overlay-gradient":""},"tablet":{"background-color":"var(--ast-global-color-5)","background-image":"","background-repeat":"repeat","background-position":"center center","background-size":"auto","background-attachment":"scroll","background-type":"","background-media":"","overlay-type":"","overlay-color":"","overlay-opacity":"","overlay-gradient":""},"mobile":{"background-color":"var(--ast-global-color-5)","background-image":"","background-repeat":"repeat","background-position":"center center","background-size":"auto","background-attachment":"scroll","background-type":"","background-media":"","overlay-type":"","overlay-color":"","overlay-opacity":"","overlay-gradient":""}}},"product_cat":[20,19],"product_tag":[],"marque":[105],"acf":[],"yoast_head":"<!-- This site is optimized with the Yoast SEO plugin v20.1 - https:\/\/yoast.com\/wordpress\/plugins\/seo\/ -->\n<title>Arr\u00eat \u00e0 pied 212mm - Alupi\u00e8ces.fr<\/title>\n<meta name=\"description\" content=\"But\u00e9e de Porte Hauteur 212mm. Retrouvez toutes vos pi\u00e8ces et accessoires pour vos menuiseries Technal ou autre. Pi\u00e8ces 100% Origine\" \/>\n<meta name=\"robots\" content=\"index, follow, max-snippet:-1, max-image-preview:large, max-video-preview:-1\" \/>\n<link rel=\"canonical\" href=\"https:\/\/www.alupieces.fr\/en\/product\/foot-stop-212mm\/\" \/>\n<meta property=\"og:locale\" content=\"en_GB\" \/>\n<meta property=\"og:type\" content=\"article\" \/>\n<meta property=\"og:title\" content=\"Arr\u00eat \u00e0 pied 212mm - Alupi\u00e8ces.fr\" \/>\n<meta property=\"og:description\" content=\"But\u00e9e de Porte Hauteur 212mm. Retrouvez toutes vos pi\u00e8ces et accessoires pour vos menuiseries Technal ou autre. Pi\u00e8ces 100% Origine\" \/>\n<meta property=\"og:url\" content=\"https:\/\/www.alupieces.fr\/en\/product\/foot-stop-212mm\/\" \/>\n<meta property=\"og:site_name\" content=\"Alupi\u00e8ces.fr\" \/>\n<meta property=\"article:modified_time\" content=\"2026-02-18T14:06:30+00:00\" \/>\n<meta property=\"og:image\" content=\"https:\/\/www.alupieces.fr\/wp-content\/uploads\/2024\/05\/KWS1082-Butee-de-porte-NR-001.jpg\" \/>\n\t<meta property=\"og:image:width\" content=\"827\" \/>\n\t<meta property=\"og:image:height\" content=\"827\" \/>\n\t<meta property=\"og:image:type\" content=\"image\/jpeg\" \/>\n<meta name=\"twitter:card\" content=\"summary_large_image\" \/>\n<meta name=\"twitter:label1\" content=\"Estimated reading time\" \/>\n\t<meta name=\"twitter:data1\" content=\"1 minute\" \/>\n<!-- \/ Yoast SEO plugin. -->","yoast_head_json":{"title":"Arr\u00eat \u00e0 pied 212mm - Alupi\u00e8ces.fr","description":"But\u00e9e de Porte Hauteur 212mm. Retrouvez toutes vos pi\u00e8ces et accessoires pour vos menuiseries Technal ou autre. Pi\u00e8ces 100% Origine","robots":{"index":"index","follow":"follow","max-snippet":"max-snippet:-1","max-image-preview":"max-image-preview:large","max-video-preview":"max-video-preview:-1"},"canonical":"https:\/\/www.alupieces.fr\/en\/product\/foot-stop-212mm\/","og_locale":"en_GB","og_type":"article","og_title":"Arr\u00eat \u00e0 pied 212mm - Alupi\u00e8ces.fr","og_description":"But\u00e9e de Porte Hauteur 212mm. Retrouvez toutes vos pi\u00e8ces et accessoires pour vos menuiseries Technal ou autre. Pi\u00e8ces 100% Origine","og_url":"https:\/\/www.alupieces.fr\/en\/product\/foot-stop-212mm\/","og_site_name":"Alupi\u00e8ces.fr","article_modified_time":"2026-02-18T14:06:30+00:00","og_image":[{"width":827,"height":827,"url":"https:\/\/www.alupieces.fr\/wp-content\/uploads\/2024\/05\/KWS1082-Butee-de-porte-NR-001.jpg","type":"image\/jpeg"}],"twitter_card":"summary_large_image","twitter_misc":{"Estimated reading time":"1 minute"},"schema":{"@context":"https:\/\/schema.org","@graph":[{"@type":"WebPage","@id":"https:\/\/www.alupieces.fr\/produit\/arret-a-pied-212mm\/","url":"https:\/\/www.alupieces.fr\/produit\/arret-a-pied-212mm\/","name":"Arr\u00eat \u00e0 pied 212mm - Alupi\u00e8ces.fr","isPartOf":{"@id":"https:\/\/www.alupieces.fr\/#website"},"datePublished":"2024-05-30T15:04:10+00:00","dateModified":"2026-02-18T14:06:30+00:00","description":"But\u00e9e de Porte Hauteur 212mm. Retrouvez toutes vos pi\u00e8ces et accessoires pour vos menuiseries Technal ou autre. Pi\u00e8ces 100% Origine","breadcrumb":{"@id":"https:\/\/www.alupieces.fr\/produit\/arret-a-pied-212mm\/#breadcrumb"},"inLanguage":"en-GB","potentialAction":[{"@type":"ReadAction","target":["https:\/\/www.alupieces.fr\/produit\/arret-a-pied-212mm\/"]}]},{"@type":"BreadcrumbList","@id":"https:\/\/www.alupieces.fr\/produit\/arret-a-pied-212mm\/#breadcrumb","itemListElement":[{"@type":"ListItem","position":1,"name":"Accueil","item":"https:\/\/www.alupieces.fr\/"},{"@type":"ListItem","position":2,"name":"Boutique","item":"https:\/\/www.alupieces.fr\/boutique\/"},{"@type":"ListItem","position":3,"name":"Arr\u00eat \u00e0 pied 212mm"}]},{"@type":"WebSite","@id":"https:\/\/www.alupieces.fr\/#website","url":"https:\/\/www.alupieces.fr\/","name":"Alupi\u00e8ces.fr","description":"La r\u00e9f\u00e9rence des pi\u00e8ces d\u00e9tach\u00e9es d&#039;origine en Aluminium Technal, Bubendorff et Mariton","publisher":{"@id":"https:\/\/www.alupieces.fr\/#organization"},"potentialAction":[{"@type":"SearchAction","target":{"@type":"EntryPoint","urlTemplate":"https:\/\/www.alupieces.fr\/?s={search_term_string}"},"query-input":"required name=search_term_string"}],"inLanguage":"en-GB"},{"@type":"Organization","@id":"https:\/\/www.alupieces.fr\/#organization","name":"Alupi\u00e8ces","alternateName":"Alupi\u00e8ces.fr","url":"https:\/\/www.alupieces.fr\/","logo":{"@type":"ImageObject","inLanguage":"en-GB","@id":"https:\/\/www.alupieces.fr\/#\/schema\/logo\/image\/","url":"https:\/\/www.alupieces.fr\/wp-content\/uploads\/2022\/12\/Bon-logo-1.png","contentUrl":"https:\/\/www.alupieces.fr\/wp-content\/uploads\/2022\/12\/Bon-logo-1.png","width":1367,"height":474,"caption":"Alupi\u00e8ces"},"image":{"@id":"https:\/\/www.alupieces.fr\/#\/schema\/logo\/image\/"}}]}},"wcpa_form_fields":null,"_links":{"self":[{"href":"https:\/\/www.alupieces.fr\/en\/wp-json\/wp\/v2\/product\/17216"}],"collection":[{"href":"https:\/\/www.alupieces.fr\/en\/wp-json\/wp\/v2\/product"}],"about":[{"href":"https:\/\/www.alupieces.fr\/en\/wp-json\/wp\/v2\/types\/product"}],"replies":[{"embeddable":true,"href":"https:\/\/www.alupieces.fr\/en\/wp-json\/wp\/v2\/comments?post=17216"}],"wp:featuredmedia":[{"embeddable":true,"href":"https:\/\/www.alupieces.fr\/en\/wp-json\/wp\/v2\/media\/17218"}],"wp:attachment":[{"href":"https:\/\/www.alupieces.fr\/en\/wp-json\/wp\/v2\/media?parent=17216"}],"wp:term":[{"taxonomy":"product_cat","embeddable":true,"href":"https:\/\/www.alupieces.fr\/en\/wp-json\/wp\/v2\/product_cat?post=17216"},{"taxonomy":"product_tag","embeddable":true,"href":"https:\/\/www.alupieces.fr\/en\/wp-json\/wp\/v2\/product_tag?post=17216"},{"taxonomy":"marque","embeddable":true,"href":"https:\/\/www.alupieces.fr\/en\/wp-json\/wp\/v2\/marque?post=17216"}],"curies":[{"name":"wp","href":"https:\/\/api.w.org\/{rel}","templated":true}]}}