{"id":16325,"date":"2024-05-07T10:08:15","date_gmt":"2024-05-07T08:08:15","guid":{"rendered":"https:\/\/www.alupieces.fr\/?post_type=product&#038;p=16325"},"modified":"2025-12-05T15:45:44","modified_gmt":"2025-12-05T14:45:44","slug":"bouchon-rejet-deau-technal-fy","status":"publish","type":"product","link":"https:\/\/www.alupieces.fr\/en\/product\/technical-water-rejection-cap-fy\/","title":{"rendered":"Technal FY water discharge plug"},"content":{"rendered":"<p>Water reject plug for Technal windows and French windows, Soleal FY55 or FY65 range. Sold in pairs.<\/p>\n<p>To find other types of corks, click here. <a href=\"https:\/\/www.alupieces.fr\/en\/?s=bouchon&amp;post_type=product&amp;dgwt_wcas=1\">ICI<\/a><\/p>\n<p>See all our <a href=\"https:\/\/www.alupieces.fr\/en\/categorie\/pieces-detachees-menuiserie-aluminum\/fenetres-et-porte-fenetre-pieces-detachees\/\">spare parts for TECHNAL windows and patio doors<\/a><\/p>","protected":false},"excerpt":{"rendered":"<p>Water reject plug for Technal windows and French windows, Soleal FY55 or FY65 range. Sold in pairs. Find other types of plugs by clicking HERE See all our spare parts for TECHNAL windows and French windows.<\/p>","protected":false},"featured_media":16326,"comment_status":"open","ping_status":"closed","template":"","meta":{"site-sidebar-layout":"default","site-content-layout":"","ast-site-content-layout":"","site-content-style":"default","site-sidebar-style":"default","ast-global-header-display":"","ast-banner-title-visibility":"","ast-main-header-display":"","ast-hfb-above-header-display":"","ast-hfb-below-header-display":"","ast-hfb-mobile-header-display":"","site-post-title":"","ast-breadcrumbs-content":"","ast-featured-img":"","footer-sml-layout":"","theme-transparent-header-meta":"","adv-header-id-meta":"","stick-header-meta":"","header-above-stick-meta":"","header-main-stick-meta":"","header-below-stick-meta":"","astra-migrate-meta-layouts":"default","ast-page-background-enabled":"default","ast-page-background-meta":{"desktop":{"background-color":"var(--ast-global-color-4)","background-image":"","background-repeat":"repeat","background-position":"center center","background-size":"auto","background-attachment":"scroll","background-type":"","background-media":"","overlay-type":"","overlay-color":"","overlay-opacity":"","overlay-gradient":""},"tablet":{"background-color":"","background-image":"","background-repeat":"repeat","background-position":"center center","background-size":"auto","background-attachment":"scroll","background-type":"","background-media":"","overlay-type":"","overlay-color":"","overlay-opacity":"","overlay-gradient":""},"mobile":{"background-color":"","background-image":"","background-repeat":"repeat","background-position":"center center","background-size":"auto","background-attachment":"scroll","background-type":"","background-media":"","overlay-type":"","overlay-color":"","overlay-opacity":"","overlay-gradient":""}},"ast-content-background-meta":{"desktop":{"background-color":"var(--ast-global-color-5)","background-image":"","background-repeat":"repeat","background-position":"center center","background-size":"auto","background-attachment":"scroll","background-type":"","background-media":"","overlay-type":"","overlay-color":"","overlay-opacity":"","overlay-gradient":""},"tablet":{"background-color":"var(--ast-global-color-5)","background-image":"","background-repeat":"repeat","background-position":"center center","background-size":"auto","background-attachment":"scroll","background-type":"","background-media":"","overlay-type":"","overlay-color":"","overlay-opacity":"","overlay-gradient":""},"mobile":{"background-color":"var(--ast-global-color-5)","background-image":"","background-repeat":"repeat","background-position":"center center","background-size":"auto","background-attachment":"scroll","background-type":"","background-media":"","overlay-type":"","overlay-color":"","overlay-opacity":"","overlay-gradient":""}}},"product_cat":[20,17],"product_tag":[],"marque":[106],"acf":[],"yoast_head":"<!-- This site is optimized with the Yoast SEO plugin v20.1 - https:\/\/yoast.com\/wordpress\/plugins\/seo\/ -->\n<title>Bouchon rejet d&#039;eau Technal FY - Alupi\u00e8ces.fr<\/title>\n<meta name=\"description\" content=\"Bouchon rejet d&#039;eau Technal pour fen\u00eatre et porte-fen\u00eatre gamme Soleal. Retrouvez nos pi\u00e8ces d\u00e9tach\u00e9es pour menuiserie aluminium Technal\" \/>\n<meta name=\"robots\" content=\"index, follow, max-snippet:-1, max-image-preview:large, max-video-preview:-1\" \/>\n<link rel=\"canonical\" href=\"https:\/\/www.alupieces.fr\/en\/product\/technical-water-rejection-cap-fy\/\" \/>\n<meta property=\"og:locale\" content=\"en_GB\" \/>\n<meta property=\"og:type\" content=\"article\" \/>\n<meta property=\"og:title\" content=\"Bouchon rejet d&#039;eau Technal FY - Alupi\u00e8ces.fr\" \/>\n<meta property=\"og:description\" content=\"Bouchon rejet d&#039;eau Technal pour fen\u00eatre et porte-fen\u00eatre gamme Soleal. Retrouvez nos pi\u00e8ces d\u00e9tach\u00e9es pour menuiserie aluminium Technal\" \/>\n<meta property=\"og:url\" content=\"https:\/\/www.alupieces.fr\/en\/product\/technical-water-rejection-cap-fy\/\" \/>\n<meta property=\"og:site_name\" content=\"Alupi\u00e8ces.fr\" \/>\n<meta property=\"article:modified_time\" content=\"2025-12-05T14:45:44+00:00\" \/>\n<meta property=\"og:image\" content=\"https:\/\/www.alupieces.fr\/wp-content\/uploads\/2024\/05\/TFY3860-Bouchon-rejet-deau-000.jpg\" \/>\n\t<meta property=\"og:image:width\" content=\"827\" \/>\n\t<meta property=\"og:image:height\" content=\"827\" \/>\n\t<meta property=\"og:image:type\" content=\"image\/jpeg\" \/>\n<meta name=\"twitter:card\" content=\"summary_large_image\" \/>\n<meta name=\"twitter:label1\" content=\"Estimated reading time\" \/>\n\t<meta name=\"twitter:data1\" content=\"1 minute\" \/>\n<!-- \/ Yoast SEO plugin. -->","yoast_head_json":{"title":"Bouchon rejet d'eau Technal FY - Alupi\u00e8ces.fr","description":"Bouchon rejet d'eau Technal pour fen\u00eatre et porte-fen\u00eatre gamme Soleal. Retrouvez nos pi\u00e8ces d\u00e9tach\u00e9es pour menuiserie aluminium Technal","robots":{"index":"index","follow":"follow","max-snippet":"max-snippet:-1","max-image-preview":"max-image-preview:large","max-video-preview":"max-video-preview:-1"},"canonical":"https:\/\/www.alupieces.fr\/en\/product\/technical-water-rejection-cap-fy\/","og_locale":"en_GB","og_type":"article","og_title":"Bouchon rejet d'eau Technal FY - Alupi\u00e8ces.fr","og_description":"Bouchon rejet d'eau Technal pour fen\u00eatre et porte-fen\u00eatre gamme Soleal. Retrouvez nos pi\u00e8ces d\u00e9tach\u00e9es pour menuiserie aluminium Technal","og_url":"https:\/\/www.alupieces.fr\/en\/product\/technical-water-rejection-cap-fy\/","og_site_name":"Alupi\u00e8ces.fr","article_modified_time":"2025-12-05T14:45:44+00:00","og_image":[{"width":827,"height":827,"url":"https:\/\/www.alupieces.fr\/wp-content\/uploads\/2024\/05\/TFY3860-Bouchon-rejet-deau-000.jpg","type":"image\/jpeg"}],"twitter_card":"summary_large_image","twitter_misc":{"Estimated reading time":"1 minute"},"schema":{"@context":"https:\/\/schema.org","@graph":[{"@type":"WebPage","@id":"https:\/\/www.alupieces.fr\/produit\/bouchon-rejet-deau-technal-fy\/","url":"https:\/\/www.alupieces.fr\/produit\/bouchon-rejet-deau-technal-fy\/","name":"Bouchon rejet d'eau Technal FY - Alupi\u00e8ces.fr","isPartOf":{"@id":"https:\/\/www.alupieces.fr\/#website"},"datePublished":"2024-05-07T08:08:15+00:00","dateModified":"2025-12-05T14:45:44+00:00","description":"Bouchon rejet d'eau Technal pour fen\u00eatre et porte-fen\u00eatre gamme Soleal. Retrouvez nos pi\u00e8ces d\u00e9tach\u00e9es pour menuiserie aluminium Technal","breadcrumb":{"@id":"https:\/\/www.alupieces.fr\/produit\/bouchon-rejet-deau-technal-fy\/#breadcrumb"},"inLanguage":"en-GB","potentialAction":[{"@type":"ReadAction","target":["https:\/\/www.alupieces.fr\/produit\/bouchon-rejet-deau-technal-fy\/"]}]},{"@type":"BreadcrumbList","@id":"https:\/\/www.alupieces.fr\/produit\/bouchon-rejet-deau-technal-fy\/#breadcrumb","itemListElement":[{"@type":"ListItem","position":1,"name":"Accueil","item":"https:\/\/www.alupieces.fr\/"},{"@type":"ListItem","position":2,"name":"Boutique","item":"https:\/\/www.alupieces.fr\/boutique\/"},{"@type":"ListItem","position":3,"name":"Bouchon rejet d&#8217;eau Technal FY"}]},{"@type":"WebSite","@id":"https:\/\/www.alupieces.fr\/#website","url":"https:\/\/www.alupieces.fr\/","name":"Alupi\u00e8ces.fr","description":"La r\u00e9f\u00e9rence des pi\u00e8ces d\u00e9tach\u00e9es d&#039;origine en Aluminium Technal, Bubendorff et Mariton","publisher":{"@id":"https:\/\/www.alupieces.fr\/#organization"},"potentialAction":[{"@type":"SearchAction","target":{"@type":"EntryPoint","urlTemplate":"https:\/\/www.alupieces.fr\/?s={search_term_string}"},"query-input":"required name=search_term_string"}],"inLanguage":"en-GB"},{"@type":"Organization","@id":"https:\/\/www.alupieces.fr\/#organization","name":"Alupi\u00e8ces","alternateName":"Alupi\u00e8ces.fr","url":"https:\/\/www.alupieces.fr\/","logo":{"@type":"ImageObject","inLanguage":"en-GB","@id":"https:\/\/www.alupieces.fr\/#\/schema\/logo\/image\/","url":"https:\/\/www.alupieces.fr\/wp-content\/uploads\/2022\/12\/Bon-logo-1.png","contentUrl":"https:\/\/www.alupieces.fr\/wp-content\/uploads\/2022\/12\/Bon-logo-1.png","width":1367,"height":474,"caption":"Alupi\u00e8ces"},"image":{"@id":"https:\/\/www.alupieces.fr\/#\/schema\/logo\/image\/"}}]}},"wcpa_form_fields":null,"_links":{"self":[{"href":"https:\/\/www.alupieces.fr\/en\/wp-json\/wp\/v2\/product\/16325"}],"collection":[{"href":"https:\/\/www.alupieces.fr\/en\/wp-json\/wp\/v2\/product"}],"about":[{"href":"https:\/\/www.alupieces.fr\/en\/wp-json\/wp\/v2\/types\/product"}],"replies":[{"embeddable":true,"href":"https:\/\/www.alupieces.fr\/en\/wp-json\/wp\/v2\/comments?post=16325"}],"wp:featuredmedia":[{"embeddable":true,"href":"https:\/\/www.alupieces.fr\/en\/wp-json\/wp\/v2\/media\/16326"}],"wp:attachment":[{"href":"https:\/\/www.alupieces.fr\/en\/wp-json\/wp\/v2\/media?parent=16325"}],"wp:term":[{"taxonomy":"product_cat","embeddable":true,"href":"https:\/\/www.alupieces.fr\/en\/wp-json\/wp\/v2\/product_cat?post=16325"},{"taxonomy":"product_tag","embeddable":true,"href":"https:\/\/www.alupieces.fr\/en\/wp-json\/wp\/v2\/product_tag?post=16325"},{"taxonomy":"marque","embeddable":true,"href":"https:\/\/www.alupieces.fr\/en\/wp-json\/wp\/v2\/marque?post=16325"}],"curies":[{"name":"wp","href":"https:\/\/api.w.org\/{rel}","templated":true}]}}