{"id":14971,"date":"2024-02-29T13:22:30","date_gmt":"2024-02-29T12:22:30","guid":{"rendered":"https:\/\/www.alupieces.fr\/?post_type=product&#038;p=14971"},"modified":"2026-02-19T14:20:16","modified_gmt":"2026-02-19T13:20:16","slug":"chemin-de-roulement-rail-inox-technal-gb-gx","status":"publish","type":"product","link":"https:\/\/www.alupieces.fr\/en\/product\/rolling-rail-technal-gb-gx\/","title":{"rendered":"Track - Technal GB-GX stainless steel track"},"content":{"rendered":"<p>Stainless steel track for sliding rails<span style=\"font-size: 16px\">\u00a0<\/span><span style=\"font-size: 16px;font-style: normal;font-weight: 400\">Technal GB\/GBI Topaze or GX GXI Saphir<\/span><\/p>\n<ul>\n<li>Pack consisting of : 2 x 250cm lengths<\/li>\n<\/ul>\n<p><span style=\"font-size: 16px\">Remember to order your Technal castors when you replace your tracks<\/span><\/p>\n<p>For the Topaz range For the Sapphire range<br \/>\n<a href=\"https:\/\/www.alupieces.fr\/en\/product\/roulette-double-technal-gbi\/\">\u00a0 \u00a0 \u00a0 \u00a0 \u00a0 click HERE<\/a>\u00a0 \u00a0 \u00a0 \u00a0 \u00a0 \u00a0 \u00a0 \u00a0 \u00a0 \u00a0 \u00a0 \u00a0 \u00a0 \u00a0 \u00a0 \u00a0 \u00a0 \u00a0 \u00a0 \u00a0 \u00a0 \u00a0 \u00a0 \u00a0 <a href=\"https:\/\/www.alupieces.fr\/en\/product\/roulette-double-technal-gx\/\">click HERE<\/a><br \/>\n<a href=\"https:\/\/www.alupieces.fr\/en\/product\/roulette-double-technal-gbi\/\">\u00a0 \u00a0 <img decoding=\"async\" class=\"alignnone wp-image-11646\" title=\"Technal castor for GB Topaze sliding system Ref TCG056\" src=\"https:\/\/alupieces.fr\/wp-content\/uploads\/2023\/10\/TCG056-Roulette-double-GBI-001-e1709309223972-300x283.jpg\" alt=\"GBI double wheel\" width=\"115\" height=\"108\" srcset=\"https:\/\/www.alupieces.fr\/wp-content\/uploads\/2023\/10\/TCG056-Roulette-double-GBI-001-e1709309223972-300x283.jpg 300w, https:\/\/www.alupieces.fr\/wp-content\/uploads\/2023\/10\/TCG056-Roulette-double-GBI-001-e1709309223972-768x723.jpg 768w, https:\/\/www.alupieces.fr\/wp-content\/uploads\/2023\/10\/TCG056-Roulette-double-GBI-001-e1709309223972-600x565.jpg 600w, https:\/\/www.alupieces.fr\/wp-content\/uploads\/2023\/10\/TCG056-Roulette-double-GBI-001-e1709309223972-64x60.jpg 64w, https:\/\/www.alupieces.fr\/wp-content\/uploads\/2023\/10\/TCG056-Roulette-double-GBI-001-e1709309223972.jpg 827w\" sizes=\"(max-width: 115px) 100vw, 115px\" \/><\/a>\u00a0 \u00a0 \u00a0 \u00a0 \u00a0 \u00a0 \u00a0 \u00a0 \u00a0 \u00a0 \u00a0 \u00a0 \u00a0 \u00a0 \u00a0 \u00a0 \u00a0 \u00a0 \u00a0 \u00a0<a href=\"https:\/\/www.alupieces.fr\/en\/product\/roulette-double-technal-gx\/\"><img decoding=\"async\" class=\"alignnone wp-image-4244\" title=\"Technal castor for sliding GX Saphir range Ref TCG011\" src=\"https:\/\/alupieces.fr\/wp-content\/uploads\/2023\/02\/ROULETTE-GX-TCG011-001-300x300.jpg\" alt=\"Technal castor for sliding GX Saphir range Ref TCG011\" width=\"99\" height=\"99\" srcset=\"https:\/\/www.alupieces.fr\/wp-content\/uploads\/2023\/02\/ROULETTE-GX-TCG011-001-300x300.jpg 300w, https:\/\/www.alupieces.fr\/wp-content\/uploads\/2023\/02\/ROULETTE-GX-TCG011-001-150x150.jpg 150w, https:\/\/www.alupieces.fr\/wp-content\/uploads\/2023\/02\/ROULETTE-GX-TCG011-001-768x768.jpg 768w, https:\/\/www.alupieces.fr\/wp-content\/uploads\/2023\/02\/ROULETTE-GX-TCG011-001-600x600.jpg 600w, https:\/\/www.alupieces.fr\/wp-content\/uploads\/2023\/02\/ROULETTE-GX-TCG011-001-100x100.jpg 100w, https:\/\/www.alupieces.fr\/wp-content\/uploads\/2023\/02\/ROULETTE-GX-TCG011-001-64x64.jpg 64w, https:\/\/www.alupieces.fr\/wp-content\/uploads\/2023\/02\/ROULETTE-GX-TCG011-001.jpg 827w\" sizes=\"(max-width: 99px) 100vw, 99px\" \/><\/a><\/p>\n<ul>\n<li style=\"text-align: left\">The Technal stainless steel track clips onto the existing rail, replacing your damaged or worn rail.<br \/>\nPay attention to the castors used on your Technal roller track.<br \/>\nStainless steel or polyamide castors on a Technal stainless steel rail, polyamide castors on an aluminium rail.<\/li>\n<\/ul>","protected":false},"excerpt":{"rendered":"<p>Chemin de roulement &#8211; rail Inox pour coulissant\u00a0Technal GB\/GBI Topaze ou GX GXI Saphir Pack compos\u00e9 de : 2 longueur de 250cm Pensez \u00e0 commander vos roulettes Technal quand vous remplacez vos rails Pour la gamme Topaze\u00a0 \u00a0 \u00a0 \u00a0 \u00a0 \u00a0 \u00a0 \u00a0 \u00a0 \u00a0 \u00a0 \u00a0 Pour la gamme Saphir \u00a0 \u00a0 \u00a0 [&hellip;]<\/p>","protected":false},"featured_media":19258,"comment_status":"open","ping_status":"closed","template":"","meta":{"site-sidebar-layout":"default","site-content-layout":"","ast-site-content-layout":"","site-content-style":"default","site-sidebar-style":"default","ast-global-header-display":"","ast-banner-title-visibility":"","ast-main-header-display":"","ast-hfb-above-header-display":"","ast-hfb-below-header-display":"","ast-hfb-mobile-header-display":"","site-post-title":"","ast-breadcrumbs-content":"","ast-featured-img":"","footer-sml-layout":"","theme-transparent-header-meta":"","adv-header-id-meta":"","stick-header-meta":"","header-above-stick-meta":"","header-main-stick-meta":"","header-below-stick-meta":"","astra-migrate-meta-layouts":"default","ast-page-background-enabled":"default","ast-page-background-meta":{"desktop":{"background-color":"var(--ast-global-color-4)","background-image":"","background-repeat":"repeat","background-position":"center center","background-size":"auto","background-attachment":"scroll","background-type":"","background-media":"","overlay-type":"","overlay-color":"","overlay-opacity":"","overlay-gradient":""},"tablet":{"background-color":"","background-image":"","background-repeat":"repeat","background-position":"center center","background-size":"auto","background-attachment":"scroll","background-type":"","background-media":"","overlay-type":"","overlay-color":"","overlay-opacity":"","overlay-gradient":""},"mobile":{"background-color":"","background-image":"","background-repeat":"repeat","background-position":"center center","background-size":"auto","background-attachment":"scroll","background-type":"","background-media":"","overlay-type":"","overlay-color":"","overlay-opacity":"","overlay-gradient":""}},"ast-content-background-meta":{"desktop":{"background-color":"var(--ast-global-color-5)","background-image":"","background-repeat":"repeat","background-position":"center center","background-size":"auto","background-attachment":"scroll","background-type":"","background-media":"","overlay-type":"","overlay-color":"","overlay-opacity":"","overlay-gradient":""},"tablet":{"background-color":"var(--ast-global-color-5)","background-image":"","background-repeat":"repeat","background-position":"center center","background-size":"auto","background-attachment":"scroll","background-type":"","background-media":"","overlay-type":"","overlay-color":"","overlay-opacity":"","overlay-gradient":""},"mobile":{"background-color":"var(--ast-global-color-5)","background-image":"","background-repeat":"repeat","background-position":"center center","background-size":"auto","background-attachment":"scroll","background-type":"","background-media":"","overlay-type":"","overlay-color":"","overlay-opacity":"","overlay-gradient":""}}},"product_cat":[18,45,40,17,21],"product_tag":[],"marque":[106],"acf":[],"yoast_head":"<!-- This site is optimized with the Yoast SEO plugin v20.1 - https:\/\/yoast.com\/wordpress\/plugins\/seo\/ -->\n<title>Chemin de roulement - Rail Inox Technal GB-GX - Alupi\u00e8ces.fr<\/title>\n<meta name=\"description\" content=\"Chemin de roulement rail Inox Technal. Nombreux profil\u00e9s qualit\u00e9 Technal ,\u00e9paisseurs de 1.5mm \u00e0 10mm, tube carr\u00e9, rectangulaire\" \/>\n<meta name=\"robots\" content=\"index, follow, max-snippet:-1, max-image-preview:large, max-video-preview:-1\" \/>\n<link rel=\"canonical\" href=\"https:\/\/www.alupieces.fr\/en\/product\/rolling-rail-technal-gb-gx\/\" \/>\n<meta property=\"og:locale\" content=\"en_GB\" \/>\n<meta property=\"og:type\" content=\"article\" \/>\n<meta property=\"og:title\" content=\"Chemin de roulement - Rail Inox Technal GB-GX - Alupi\u00e8ces.fr\" \/>\n<meta property=\"og:description\" content=\"Chemin de roulement rail Inox Technal. Nombreux profil\u00e9s qualit\u00e9 Technal ,\u00e9paisseurs de 1.5mm \u00e0 10mm, tube carr\u00e9, rectangulaire\" \/>\n<meta property=\"og:url\" content=\"https:\/\/www.alupieces.fr\/en\/product\/rolling-rail-technal-gb-gx\/\" \/>\n<meta property=\"og:site_name\" content=\"Alupi\u00e8ces.fr\" \/>\n<meta property=\"article:modified_time\" content=\"2026-02-19T13:20:16+00:00\" \/>\n<meta property=\"og:image\" content=\"https:\/\/www.alupieces.fr\/wp-content\/uploads\/2024\/02\/TFG006-Chemin-de-roulement-Rail-Inox-Cotes.jpg\" \/>\n\t<meta property=\"og:image:width\" content=\"827\" \/>\n\t<meta property=\"og:image:height\" content=\"827\" \/>\n\t<meta property=\"og:image:type\" content=\"image\/jpeg\" \/>\n<meta name=\"twitter:card\" content=\"summary_large_image\" \/>\n<meta name=\"twitter:label1\" content=\"Estimated reading time\" \/>\n\t<meta name=\"twitter:data1\" content=\"1 minute\" \/>\n<!-- \/ Yoast SEO plugin. -->","yoast_head_json":{"title":"Chemin de roulement - Rail Inox Technal GB-GX - Alupi\u00e8ces.fr","description":"Chemin de roulement rail Inox Technal. Nombreux profil\u00e9s qualit\u00e9 Technal ,\u00e9paisseurs de 1.5mm \u00e0 10mm, tube carr\u00e9, rectangulaire","robots":{"index":"index","follow":"follow","max-snippet":"max-snippet:-1","max-image-preview":"max-image-preview:large","max-video-preview":"max-video-preview:-1"},"canonical":"https:\/\/www.alupieces.fr\/en\/product\/rolling-rail-technal-gb-gx\/","og_locale":"en_GB","og_type":"article","og_title":"Chemin de roulement - Rail Inox Technal GB-GX - Alupi\u00e8ces.fr","og_description":"Chemin de roulement rail Inox Technal. Nombreux profil\u00e9s qualit\u00e9 Technal ,\u00e9paisseurs de 1.5mm \u00e0 10mm, tube carr\u00e9, rectangulaire","og_url":"https:\/\/www.alupieces.fr\/en\/product\/rolling-rail-technal-gb-gx\/","og_site_name":"Alupi\u00e8ces.fr","article_modified_time":"2026-02-19T13:20:16+00:00","og_image":[{"width":827,"height":827,"url":"https:\/\/www.alupieces.fr\/wp-content\/uploads\/2024\/02\/TFG006-Chemin-de-roulement-Rail-Inox-Cotes.jpg","type":"image\/jpeg"}],"twitter_card":"summary_large_image","twitter_misc":{"Estimated reading time":"1 minute"},"schema":{"@context":"https:\/\/schema.org","@graph":[{"@type":"WebPage","@id":"https:\/\/www.alupieces.fr\/produit\/chemin-de-roulement-rail-inox-technal-gb-gx\/","url":"https:\/\/www.alupieces.fr\/produit\/chemin-de-roulement-rail-inox-technal-gb-gx\/","name":"Chemin de roulement - Rail Inox Technal GB-GX - Alupi\u00e8ces.fr","isPartOf":{"@id":"https:\/\/www.alupieces.fr\/#website"},"datePublished":"2024-02-29T12:22:30+00:00","dateModified":"2026-02-19T13:20:16+00:00","description":"Chemin de roulement rail Inox Technal. Nombreux profil\u00e9s qualit\u00e9 Technal ,\u00e9paisseurs de 1.5mm \u00e0 10mm, tube carr\u00e9, rectangulaire","breadcrumb":{"@id":"https:\/\/www.alupieces.fr\/produit\/chemin-de-roulement-rail-inox-technal-gb-gx\/#breadcrumb"},"inLanguage":"en-GB","potentialAction":[{"@type":"ReadAction","target":["https:\/\/www.alupieces.fr\/produit\/chemin-de-roulement-rail-inox-technal-gb-gx\/"]}]},{"@type":"BreadcrumbList","@id":"https:\/\/www.alupieces.fr\/produit\/chemin-de-roulement-rail-inox-technal-gb-gx\/#breadcrumb","itemListElement":[{"@type":"ListItem","position":1,"name":"Accueil","item":"https:\/\/www.alupieces.fr\/"},{"@type":"ListItem","position":2,"name":"Boutique","item":"https:\/\/www.alupieces.fr\/boutique\/"},{"@type":"ListItem","position":3,"name":"Chemin de roulement &#8211; Rail Inox Technal GB-GX"}]},{"@type":"WebSite","@id":"https:\/\/www.alupieces.fr\/#website","url":"https:\/\/www.alupieces.fr\/","name":"Alupi\u00e8ces.fr","description":"La r\u00e9f\u00e9rence des pi\u00e8ces d\u00e9tach\u00e9es d&#039;origine en Aluminium Technal, Bubendorff et Mariton","publisher":{"@id":"https:\/\/www.alupieces.fr\/#organization"},"potentialAction":[{"@type":"SearchAction","target":{"@type":"EntryPoint","urlTemplate":"https:\/\/www.alupieces.fr\/?s={search_term_string}"},"query-input":"required name=search_term_string"}],"inLanguage":"en-GB"},{"@type":"Organization","@id":"https:\/\/www.alupieces.fr\/#organization","name":"Alupi\u00e8ces","alternateName":"Alupi\u00e8ces.fr","url":"https:\/\/www.alupieces.fr\/","logo":{"@type":"ImageObject","inLanguage":"en-GB","@id":"https:\/\/www.alupieces.fr\/#\/schema\/logo\/image\/","url":"https:\/\/www.alupieces.fr\/wp-content\/uploads\/2022\/12\/Bon-logo-1.png","contentUrl":"https:\/\/www.alupieces.fr\/wp-content\/uploads\/2022\/12\/Bon-logo-1.png","width":1367,"height":474,"caption":"Alupi\u00e8ces"},"image":{"@id":"https:\/\/www.alupieces.fr\/#\/schema\/logo\/image\/"}}]}},"wcpa_form_fields":null,"_links":{"self":[{"href":"https:\/\/www.alupieces.fr\/en\/wp-json\/wp\/v2\/product\/14971"}],"collection":[{"href":"https:\/\/www.alupieces.fr\/en\/wp-json\/wp\/v2\/product"}],"about":[{"href":"https:\/\/www.alupieces.fr\/en\/wp-json\/wp\/v2\/types\/product"}],"replies":[{"embeddable":true,"href":"https:\/\/www.alupieces.fr\/en\/wp-json\/wp\/v2\/comments?post=14971"}],"wp:featuredmedia":[{"embeddable":true,"href":"https:\/\/www.alupieces.fr\/en\/wp-json\/wp\/v2\/media\/19258"}],"wp:attachment":[{"href":"https:\/\/www.alupieces.fr\/en\/wp-json\/wp\/v2\/media?parent=14971"}],"wp:term":[{"taxonomy":"product_cat","embeddable":true,"href":"https:\/\/www.alupieces.fr\/en\/wp-json\/wp\/v2\/product_cat?post=14971"},{"taxonomy":"product_tag","embeddable":true,"href":"https:\/\/www.alupieces.fr\/en\/wp-json\/wp\/v2\/product_tag?post=14971"},{"taxonomy":"marque","embeddable":true,"href":"https:\/\/www.alupieces.fr\/en\/wp-json\/wp\/v2\/marque?post=14971"}],"curies":[{"name":"wp","href":"https:\/\/api.w.org\/{rel}","templated":true}]}}