{"id":13741,"date":"2023-12-22T11:28:00","date_gmt":"2023-12-22T10:28:00","guid":{"rendered":"https:\/\/www.alupieces.fr\/?post_type=product&#038;p=13741"},"modified":"2025-11-14T10:45:44","modified_gmt":"2025-11-14T09:45:44","slug":"bouclier-superieur-pre-perce-technal-gy","status":"publish","type":"product","link":"https:\/\/www.alupieces.fr\/en\/product\/shield-superior-pre-perce-technal-gy\/","title":{"rendered":"Technal GY pre-drilled top shield"},"content":{"rendered":"<p>Pre-drilled aluminium top shield for sliders<span style=\"font-size: 16px\">\u00a0<\/span><span style=\"font-size: 16px;font-style: normal;font-weight: 400\">Technal <\/span><span style=\"font-size: 16px\">GY55 and GY65 Soleal range.\u00a0<\/span><\/p>\n<ul>\n<li style=\"list-style-type: none\">\n<ul>\n<li><em>If your (PVC) shields are warped and prevent your sliding system from working properly, replace them with the latest generation of aluminium shields.<\/em><\/li>\n<\/ul>\n<\/li>\n<\/ul>\n<p style=\"text-align: left\"><strong><span style=\"font-size: 16px\"><span style=\"font-size: 16px;font-style: normal\">\ud83d\udc49 Colour stored : <\/span>Grey-black tint R7021\u00a0<\/span><\/strong><br \/>\nThis colour is available in 2 pack sizes:<br \/>\n<strong>* <\/strong>Single pack: 1 length of 250 cm<br \/>\nor<br \/>\n<strong>* <\/strong>Mixed pack: 2 lengths of 250cm + 1 length of 145cm<\/p>\n<p><strong>\ud83d\udc49 All other colours<\/strong> are only available in <strong>mixed pack<\/strong> composed of :<br \/>\n<strong>* <\/strong>2 lengths of 250cm + 1 length of 145cm<\/p>\n<p><span style=\"color: #00ff00\">\u2714<\/span> Find out more about <em><strong><a href=\"https:\/\/www.alupieces.fr\/en\/product\/shield-inferior-pre-perce-technal-gy-ga\/\">Technal GY pre-drilled lower shield part number T431025<\/a><\/strong><\/em><br \/>\n<span style=\"color: #00ff00\">\u2714 <\/span>For our selection of rails and tracks : <em><strong><a href=\"https:\/\/www.alupieces.fr\/en\/?s=rail&amp;post_type=product&amp;dgwt_wcas=1\">click HERE\u00a0 \u00a0<\/a><\/strong><\/em><\/p>\n<p>&nbsp;<\/p>","protected":false},"excerpt":{"rendered":"<p>Pre-drilled Aluminium top shield for Technal GY55 and GY65 Soleal range sliding systems.  If your (PVC) shields are warped and prevent your sliding system from working properly, replace them with the latest generation of Aluminium shields \ud83d\udc49 Stock colour: Grey-black shade R7021 For this colour, 2 packs are available: * Single pack: [...]<\/p>","protected":false},"featured_media":13743,"comment_status":"open","ping_status":"closed","template":"","meta":{"site-sidebar-layout":"default","site-content-layout":"","ast-site-content-layout":"","site-content-style":"default","site-sidebar-style":"default","ast-global-header-display":"","ast-banner-title-visibility":"","ast-main-header-display":"","ast-hfb-above-header-display":"","ast-hfb-below-header-display":"","ast-hfb-mobile-header-display":"","site-post-title":"","ast-breadcrumbs-content":"","ast-featured-img":"","footer-sml-layout":"","theme-transparent-header-meta":"","adv-header-id-meta":"","stick-header-meta":"","header-above-stick-meta":"","header-main-stick-meta":"","header-below-stick-meta":"","astra-migrate-meta-layouts":"default","ast-page-background-enabled":"default","ast-page-background-meta":{"desktop":{"background-color":"var(--ast-global-color-4)","background-image":"","background-repeat":"repeat","background-position":"center center","background-size":"auto","background-attachment":"scroll","background-type":"","background-media":"","overlay-type":"","overlay-color":"","overlay-opacity":"","overlay-gradient":""},"tablet":{"background-color":"","background-image":"","background-repeat":"repeat","background-position":"center center","background-size":"auto","background-attachment":"scroll","background-type":"","background-media":"","overlay-type":"","overlay-color":"","overlay-opacity":"","overlay-gradient":""},"mobile":{"background-color":"","background-image":"","background-repeat":"repeat","background-position":"center center","background-size":"auto","background-attachment":"scroll","background-type":"","background-media":"","overlay-type":"","overlay-color":"","overlay-opacity":"","overlay-gradient":""}},"ast-content-background-meta":{"desktop":{"background-color":"var(--ast-global-color-5)","background-image":"","background-repeat":"repeat","background-position":"center center","background-size":"auto","background-attachment":"scroll","background-type":"","background-media":"","overlay-type":"","overlay-color":"","overlay-opacity":"","overlay-gradient":""},"tablet":{"background-color":"var(--ast-global-color-5)","background-image":"","background-repeat":"repeat","background-position":"center center","background-size":"auto","background-attachment":"scroll","background-type":"","background-media":"","overlay-type":"","overlay-color":"","overlay-opacity":"","overlay-gradient":""},"mobile":{"background-color":"var(--ast-global-color-5)","background-image":"","background-repeat":"repeat","background-position":"center center","background-size":"auto","background-attachment":"scroll","background-type":"","background-media":"","overlay-type":"","overlay-color":"","overlay-opacity":"","overlay-gradient":""}}},"product_cat":[18,45,40,17,21],"product_tag":[],"marque":[106],"acf":[],"yoast_head":"<!-- This site is optimized with the Yoast SEO plugin v20.1 - https:\/\/yoast.com\/wordpress\/plugins\/seo\/ -->\n<title>Bouclier sup\u00e9rieur pr\u00e9 perc\u00e9 Technal GY - Alupi\u00e8ces.fr<\/title>\n<meta name=\"description\" content=\"Bouclier sup\u00e9rieur pr\u00e9 perc\u00e9, pour coulissant Technal. Nombreux profil\u00e9s qualit\u00e9 Technal ,\u00e9paisseurs de 1.5mm \u00e0 10mm, tube carr\u00e9, rectangulaire\" \/>\n<meta name=\"robots\" content=\"index, follow, max-snippet:-1, max-image-preview:large, max-video-preview:-1\" \/>\n<link rel=\"canonical\" href=\"https:\/\/www.alupieces.fr\/en\/product\/shield-superior-pre-perce-technal-gy\/\" \/>\n<meta property=\"og:locale\" content=\"en_GB\" \/>\n<meta property=\"og:type\" content=\"article\" \/>\n<meta property=\"og:title\" content=\"Bouclier sup\u00e9rieur pr\u00e9 perc\u00e9 Technal GY - Alupi\u00e8ces.fr\" \/>\n<meta property=\"og:description\" content=\"Bouclier sup\u00e9rieur pr\u00e9 perc\u00e9, pour coulissant Technal. Nombreux profil\u00e9s qualit\u00e9 Technal ,\u00e9paisseurs de 1.5mm \u00e0 10mm, tube carr\u00e9, rectangulaire\" \/>\n<meta property=\"og:url\" content=\"https:\/\/www.alupieces.fr\/en\/product\/shield-superior-pre-perce-technal-gy\/\" \/>\n<meta property=\"og:site_name\" content=\"Alupi\u00e8ces.fr\" \/>\n<meta property=\"article:modified_time\" content=\"2025-11-14T09:45:44+00:00\" \/>\n<meta property=\"og:image\" content=\"https:\/\/www.alupieces.fr\/wp-content\/uploads\/2023\/12\/TGY2529-Bouclier-superieur-preperce-GY-001.jpg\" \/>\n\t<meta property=\"og:image:width\" content=\"827\" \/>\n\t<meta property=\"og:image:height\" content=\"827\" \/>\n\t<meta property=\"og:image:type\" content=\"image\/jpeg\" \/>\n<meta name=\"twitter:card\" content=\"summary_large_image\" \/>\n<meta name=\"twitter:label1\" content=\"Estimated reading time\" \/>\n\t<meta name=\"twitter:data1\" content=\"1 minute\" \/>\n<!-- \/ Yoast SEO plugin. -->","yoast_head_json":{"title":"Bouclier sup\u00e9rieur pr\u00e9 perc\u00e9 Technal GY - Alupi\u00e8ces.fr","description":"Bouclier sup\u00e9rieur pr\u00e9 perc\u00e9, pour coulissant Technal. Nombreux profil\u00e9s qualit\u00e9 Technal ,\u00e9paisseurs de 1.5mm \u00e0 10mm, tube carr\u00e9, rectangulaire","robots":{"index":"index","follow":"follow","max-snippet":"max-snippet:-1","max-image-preview":"max-image-preview:large","max-video-preview":"max-video-preview:-1"},"canonical":"https:\/\/www.alupieces.fr\/en\/product\/shield-superior-pre-perce-technal-gy\/","og_locale":"en_GB","og_type":"article","og_title":"Bouclier sup\u00e9rieur pr\u00e9 perc\u00e9 Technal GY - Alupi\u00e8ces.fr","og_description":"Bouclier sup\u00e9rieur pr\u00e9 perc\u00e9, pour coulissant Technal. Nombreux profil\u00e9s qualit\u00e9 Technal ,\u00e9paisseurs de 1.5mm \u00e0 10mm, tube carr\u00e9, rectangulaire","og_url":"https:\/\/www.alupieces.fr\/en\/product\/shield-superior-pre-perce-technal-gy\/","og_site_name":"Alupi\u00e8ces.fr","article_modified_time":"2025-11-14T09:45:44+00:00","og_image":[{"width":827,"height":827,"url":"https:\/\/www.alupieces.fr\/wp-content\/uploads\/2023\/12\/TGY2529-Bouclier-superieur-preperce-GY-001.jpg","type":"image\/jpeg"}],"twitter_card":"summary_large_image","twitter_misc":{"Estimated reading time":"1 minute"},"schema":{"@context":"https:\/\/schema.org","@graph":[{"@type":"WebPage","@id":"https:\/\/www.alupieces.fr\/produit\/bouclier-superieur-pre-perce-technal-gy\/","url":"https:\/\/www.alupieces.fr\/produit\/bouclier-superieur-pre-perce-technal-gy\/","name":"Bouclier sup\u00e9rieur pr\u00e9 perc\u00e9 Technal GY - Alupi\u00e8ces.fr","isPartOf":{"@id":"https:\/\/www.alupieces.fr\/#website"},"datePublished":"2023-12-22T10:28:00+00:00","dateModified":"2025-11-14T09:45:44+00:00","description":"Bouclier sup\u00e9rieur pr\u00e9 perc\u00e9, pour coulissant Technal. Nombreux profil\u00e9s qualit\u00e9 Technal ,\u00e9paisseurs de 1.5mm \u00e0 10mm, tube carr\u00e9, rectangulaire","breadcrumb":{"@id":"https:\/\/www.alupieces.fr\/produit\/bouclier-superieur-pre-perce-technal-gy\/#breadcrumb"},"inLanguage":"en-GB","potentialAction":[{"@type":"ReadAction","target":["https:\/\/www.alupieces.fr\/produit\/bouclier-superieur-pre-perce-technal-gy\/"]}]},{"@type":"BreadcrumbList","@id":"https:\/\/www.alupieces.fr\/produit\/bouclier-superieur-pre-perce-technal-gy\/#breadcrumb","itemListElement":[{"@type":"ListItem","position":1,"name":"Accueil","item":"https:\/\/www.alupieces.fr\/"},{"@type":"ListItem","position":2,"name":"Boutique","item":"https:\/\/www.alupieces.fr\/boutique\/"},{"@type":"ListItem","position":3,"name":"Bouclier sup\u00e9rieur pr\u00e9 perc\u00e9 Technal GY"}]},{"@type":"WebSite","@id":"https:\/\/www.alupieces.fr\/#website","url":"https:\/\/www.alupieces.fr\/","name":"Alupi\u00e8ces.fr","description":"La r\u00e9f\u00e9rence des pi\u00e8ces d\u00e9tach\u00e9es d&#039;origine en Aluminium Technal, Bubendorff et Mariton","publisher":{"@id":"https:\/\/www.alupieces.fr\/#organization"},"potentialAction":[{"@type":"SearchAction","target":{"@type":"EntryPoint","urlTemplate":"https:\/\/www.alupieces.fr\/?s={search_term_string}"},"query-input":"required name=search_term_string"}],"inLanguage":"en-GB"},{"@type":"Organization","@id":"https:\/\/www.alupieces.fr\/#organization","name":"Alupi\u00e8ces","alternateName":"Alupi\u00e8ces.fr","url":"https:\/\/www.alupieces.fr\/","logo":{"@type":"ImageObject","inLanguage":"en-GB","@id":"https:\/\/www.alupieces.fr\/#\/schema\/logo\/image\/","url":"https:\/\/www.alupieces.fr\/wp-content\/uploads\/2022\/12\/Bon-logo-1.png","contentUrl":"https:\/\/www.alupieces.fr\/wp-content\/uploads\/2022\/12\/Bon-logo-1.png","width":1367,"height":474,"caption":"Alupi\u00e8ces"},"image":{"@id":"https:\/\/www.alupieces.fr\/#\/schema\/logo\/image\/"}}]}},"wcpa_form_fields":null,"_links":{"self":[{"href":"https:\/\/www.alupieces.fr\/en\/wp-json\/wp\/v2\/product\/13741"}],"collection":[{"href":"https:\/\/www.alupieces.fr\/en\/wp-json\/wp\/v2\/product"}],"about":[{"href":"https:\/\/www.alupieces.fr\/en\/wp-json\/wp\/v2\/types\/product"}],"replies":[{"embeddable":true,"href":"https:\/\/www.alupieces.fr\/en\/wp-json\/wp\/v2\/comments?post=13741"}],"wp:featuredmedia":[{"embeddable":true,"href":"https:\/\/www.alupieces.fr\/en\/wp-json\/wp\/v2\/media\/13743"}],"wp:attachment":[{"href":"https:\/\/www.alupieces.fr\/en\/wp-json\/wp\/v2\/media?parent=13741"}],"wp:term":[{"taxonomy":"product_cat","embeddable":true,"href":"https:\/\/www.alupieces.fr\/en\/wp-json\/wp\/v2\/product_cat?post=13741"},{"taxonomy":"product_tag","embeddable":true,"href":"https:\/\/www.alupieces.fr\/en\/wp-json\/wp\/v2\/product_tag?post=13741"},{"taxonomy":"marque","embeddable":true,"href":"https:\/\/www.alupieces.fr\/en\/wp-json\/wp\/v2\/marque?post=13741"}],"curies":[{"name":"wp","href":"https:\/\/api.w.org\/{rel}","templated":true}]}}