{"id":13149,"date":"2023-11-24T15:53:43","date_gmt":"2023-11-24T14:53:43","guid":{"rendered":"https:\/\/www.alupieces.fr\/?post_type=product&#038;p=13149"},"modified":"2026-04-20T14:23:23","modified_gmt":"2026-04-20T12:23:23","slug":"joint-a-bourrer-5mm-technal","status":"publish","type":"product","link":"https:\/\/www.alupieces.fr\/en\/product\/joint-a-bourrer-5mm-technal\/","title":{"rendered":"Technal 5mm gasket"},"content":{"rendered":"<p>Technal 5mm gasket. <span style=\"font-size: 16px\"><strong>TAS0015 <span style=\"color: #0000ff\">TECHNAL<\/span> is compatible with W4010015 <span style=\"color: #ff0000\">WICONA<\/span><\/strong><\/span><br \/>\n<span style=\"font-size: 16px\">Gasket for door glazing bead\u00a0<\/span><span style=\"font-size: 16px;font-style: normal;font-weight: 400\">Ambial, <\/span><span style=\"font-size: 16px\">PY55 or PY65 soleal range, <\/span><span style=\"font-size: 16px;font-style: normal;font-weight: 400\">window or <\/span><span style=\"font-size: 16px\">FY55 or FY65 patio-door from the Soleal range, or Technal sliding door from the Lumeal range.<\/span><\/p>\n<p>Also available in\u00a0<a href=\"https:\/\/www.alupieces.fr\/en\/product\/gasket-6mm-technal\/\"> gasket 6mm Technal<\/a><\/p>\n<p>Click here to see other types of joint <a href=\"https:\/\/www.alupieces.fr\/en\/?s=JOINT&amp;post_type=product&amp;dgwt_wcas=1\" target=\"_blank\" rel=\"noopener\">ICI<\/a><\/p>","protected":false},"excerpt":{"rendered":"<p>5mm Technal gasket. TAS0015 TECHNAL is compatible with W4010015 WICONA Seal for door glazing bead Ambial, PY55 or PY65 Soleal range, window or French window FY55 or FY65 Soleal range, or sliding Technal Lumeal range. Also available as a 6mm Technal gasket. Click HERE to see other types of gasket.<\/p>","protected":false},"featured_media":13158,"comment_status":"open","ping_status":"closed","template":"","meta":{"site-sidebar-layout":"default","site-content-layout":"default","ast-site-content-layout":"","site-content-style":"default","site-sidebar-style":"default","ast-global-header-display":"","ast-banner-title-visibility":"","ast-main-header-display":"","ast-hfb-above-header-display":"","ast-hfb-below-header-display":"","ast-hfb-mobile-header-display":"","site-post-title":"","ast-breadcrumbs-content":"","ast-featured-img":"","footer-sml-layout":"","theme-transparent-header-meta":"default","adv-header-id-meta":"","stick-header-meta":"","header-above-stick-meta":"","header-main-stick-meta":"","header-below-stick-meta":"","astra-migrate-meta-layouts":"default","ast-page-background-enabled":"default","ast-page-background-meta":{"desktop":{"background-color":"var(--ast-global-color-4)","background-image":"","background-repeat":"repeat","background-position":"center center","background-size":"auto","background-attachment":"scroll","background-type":"","background-media":"","overlay-type":"","overlay-color":"","overlay-opacity":"","overlay-gradient":""},"tablet":{"background-color":"","background-image":"","background-repeat":"repeat","background-position":"center center","background-size":"auto","background-attachment":"scroll","background-type":"","background-media":"","overlay-type":"","overlay-color":"","overlay-opacity":"","overlay-gradient":""},"mobile":{"background-color":"","background-image":"","background-repeat":"repeat","background-position":"center center","background-size":"auto","background-attachment":"scroll","background-type":"","background-media":"","overlay-type":"","overlay-color":"","overlay-opacity":"","overlay-gradient":""}},"ast-content-background-meta":{"desktop":{"background-color":"var(--ast-global-color-5)","background-image":"","background-repeat":"repeat","background-position":"center center","background-size":"auto","background-attachment":"scroll","background-type":"","background-media":"","overlay-type":"","overlay-color":"","overlay-opacity":"","overlay-gradient":""},"tablet":{"background-color":"var(--ast-global-color-5)","background-image":"","background-repeat":"repeat","background-position":"center center","background-size":"auto","background-attachment":"scroll","background-type":"","background-media":"","overlay-type":"","overlay-color":"","overlay-opacity":"","overlay-gradient":""},"mobile":{"background-color":"var(--ast-global-color-5)","background-image":"","background-repeat":"repeat","background-position":"center center","background-size":"auto","background-attachment":"scroll","background-type":"","background-media":"","overlay-type":"","overlay-color":"","overlay-opacity":"","overlay-gradient":""}}},"product_cat":[18,20,49,22,44,196,17,19],"product_tag":[],"marque":[106],"acf":[],"yoast_head":"<!-- This site is optimized with the Yoast SEO plugin v20.1 - https:\/\/yoast.com\/wordpress\/plugins\/seo\/ -->\n<title>Joint \u00e0 bourrer 5mm Technal - Alupi\u00e8ces.fr<\/title>\n<meta name=\"description\" content=\"Le joint &#039;\u00e0 bourrer&#039; pour parclose Technal. Produit 100% Origine de marque Technal. Livraison rapide sur tout l&#039;hexagone.\" \/>\n<meta name=\"robots\" content=\"index, follow, max-snippet:-1, max-image-preview:large, max-video-preview:-1\" \/>\n<link rel=\"canonical\" href=\"https:\/\/www.alupieces.fr\/en\/product\/joint-a-bourrer-5mm-technal\/\" \/>\n<meta property=\"og:locale\" content=\"en_GB\" \/>\n<meta property=\"og:type\" content=\"article\" \/>\n<meta property=\"og:title\" content=\"Joint \u00e0 bourrer 5mm Technal - Alupi\u00e8ces.fr\" \/>\n<meta property=\"og:description\" content=\"Le joint &#039;\u00e0 bourrer&#039; pour parclose Technal. Produit 100% Origine de marque Technal. Livraison rapide sur tout l&#039;hexagone.\" \/>\n<meta property=\"og:url\" content=\"https:\/\/www.alupieces.fr\/en\/product\/joint-a-bourrer-5mm-technal\/\" \/>\n<meta property=\"og:site_name\" content=\"Alupi\u00e8ces.fr\" \/>\n<meta property=\"article:modified_time\" content=\"2026-04-20T12:23:23+00:00\" \/>\n<meta property=\"og:image\" content=\"https:\/\/www.alupieces.fr\/wp-content\/uploads\/2023\/11\/TAS0015-Joint-a-bourrer-5mm-000.jpg\" \/>\n\t<meta property=\"og:image:width\" content=\"827\" \/>\n\t<meta property=\"og:image:height\" content=\"827\" \/>\n\t<meta property=\"og:image:type\" content=\"image\/jpeg\" \/>\n<meta name=\"twitter:card\" content=\"summary_large_image\" \/>\n<meta name=\"twitter:label1\" content=\"Estimated reading time\" \/>\n\t<meta name=\"twitter:data1\" content=\"1 minute\" \/>\n<!-- \/ Yoast SEO plugin. -->","yoast_head_json":{"title":"Joint \u00e0 bourrer 5mm Technal - Alupi\u00e8ces.fr","description":"Le joint '\u00e0 bourrer' pour parclose Technal. Produit 100% Origine de marque Technal. Livraison rapide sur tout l'hexagone.","robots":{"index":"index","follow":"follow","max-snippet":"max-snippet:-1","max-image-preview":"max-image-preview:large","max-video-preview":"max-video-preview:-1"},"canonical":"https:\/\/www.alupieces.fr\/en\/product\/joint-a-bourrer-5mm-technal\/","og_locale":"en_GB","og_type":"article","og_title":"Joint \u00e0 bourrer 5mm Technal - Alupi\u00e8ces.fr","og_description":"Le joint '\u00e0 bourrer' pour parclose Technal. Produit 100% Origine de marque Technal. Livraison rapide sur tout l'hexagone.","og_url":"https:\/\/www.alupieces.fr\/en\/product\/joint-a-bourrer-5mm-technal\/","og_site_name":"Alupi\u00e8ces.fr","article_modified_time":"2026-04-20T12:23:23+00:00","og_image":[{"width":827,"height":827,"url":"https:\/\/www.alupieces.fr\/wp-content\/uploads\/2023\/11\/TAS0015-Joint-a-bourrer-5mm-000.jpg","type":"image\/jpeg"}],"twitter_card":"summary_large_image","twitter_misc":{"Estimated reading time":"1 minute"},"schema":{"@context":"https:\/\/schema.org","@graph":[{"@type":"WebPage","@id":"https:\/\/www.alupieces.fr\/produit\/joint-a-bourrer-5mm-technal\/","url":"https:\/\/www.alupieces.fr\/produit\/joint-a-bourrer-5mm-technal\/","name":"Joint \u00e0 bourrer 5mm Technal - Alupi\u00e8ces.fr","isPartOf":{"@id":"https:\/\/www.alupieces.fr\/#website"},"datePublished":"2023-11-24T14:53:43+00:00","dateModified":"2026-04-20T12:23:23+00:00","description":"Le joint '\u00e0 bourrer' pour parclose Technal. Produit 100% Origine de marque Technal. Livraison rapide sur tout l'hexagone.","breadcrumb":{"@id":"https:\/\/www.alupieces.fr\/produit\/joint-a-bourrer-5mm-technal\/#breadcrumb"},"inLanguage":"en-GB","potentialAction":[{"@type":"ReadAction","target":["https:\/\/www.alupieces.fr\/produit\/joint-a-bourrer-5mm-technal\/"]}]},{"@type":"BreadcrumbList","@id":"https:\/\/www.alupieces.fr\/produit\/joint-a-bourrer-5mm-technal\/#breadcrumb","itemListElement":[{"@type":"ListItem","position":1,"name":"Accueil","item":"https:\/\/www.alupieces.fr\/"},{"@type":"ListItem","position":2,"name":"Boutique","item":"https:\/\/www.alupieces.fr\/boutique\/"},{"@type":"ListItem","position":3,"name":"Joint \u00e0 bourrer 5mm Technal"}]},{"@type":"WebSite","@id":"https:\/\/www.alupieces.fr\/#website","url":"https:\/\/www.alupieces.fr\/","name":"Alupi\u00e8ces.fr","description":"La r\u00e9f\u00e9rence des pi\u00e8ces d\u00e9tach\u00e9es d&#039;origine en Aluminium Technal, Bubendorff et Mariton","publisher":{"@id":"https:\/\/www.alupieces.fr\/#organization"},"potentialAction":[{"@type":"SearchAction","target":{"@type":"EntryPoint","urlTemplate":"https:\/\/www.alupieces.fr\/?s={search_term_string}"},"query-input":"required name=search_term_string"}],"inLanguage":"en-GB"},{"@type":"Organization","@id":"https:\/\/www.alupieces.fr\/#organization","name":"Alupi\u00e8ces","alternateName":"Alupi\u00e8ces.fr","url":"https:\/\/www.alupieces.fr\/","logo":{"@type":"ImageObject","inLanguage":"en-GB","@id":"https:\/\/www.alupieces.fr\/#\/schema\/logo\/image\/","url":"https:\/\/www.alupieces.fr\/wp-content\/uploads\/2022\/12\/Bon-logo-1.png","contentUrl":"https:\/\/www.alupieces.fr\/wp-content\/uploads\/2022\/12\/Bon-logo-1.png","width":1367,"height":474,"caption":"Alupi\u00e8ces"},"image":{"@id":"https:\/\/www.alupieces.fr\/#\/schema\/logo\/image\/"}}]}},"wcpa_form_fields":null,"_links":{"self":[{"href":"https:\/\/www.alupieces.fr\/en\/wp-json\/wp\/v2\/product\/13149"}],"collection":[{"href":"https:\/\/www.alupieces.fr\/en\/wp-json\/wp\/v2\/product"}],"about":[{"href":"https:\/\/www.alupieces.fr\/en\/wp-json\/wp\/v2\/types\/product"}],"replies":[{"embeddable":true,"href":"https:\/\/www.alupieces.fr\/en\/wp-json\/wp\/v2\/comments?post=13149"}],"wp:featuredmedia":[{"embeddable":true,"href":"https:\/\/www.alupieces.fr\/en\/wp-json\/wp\/v2\/media\/13158"}],"wp:attachment":[{"href":"https:\/\/www.alupieces.fr\/en\/wp-json\/wp\/v2\/media?parent=13149"}],"wp:term":[{"taxonomy":"product_cat","embeddable":true,"href":"https:\/\/www.alupieces.fr\/en\/wp-json\/wp\/v2\/product_cat?post=13149"},{"taxonomy":"product_tag","embeddable":true,"href":"https:\/\/www.alupieces.fr\/en\/wp-json\/wp\/v2\/product_tag?post=13149"},{"taxonomy":"marque","embeddable":true,"href":"https:\/\/www.alupieces.fr\/en\/wp-json\/wp\/v2\/marque?post=13149"}],"curies":[{"name":"wp","href":"https:\/\/api.w.org\/{rel}","templated":true}]}}