{"id":12607,"date":"2023-11-14T15:49:33","date_gmt":"2023-11-14T14:49:33","guid":{"rendered":"https:\/\/www.alupieces.fr\/?post_type=product&#038;p=12607"},"modified":"2026-03-26T18:16:22","modified_gmt":"2026-03-26T17:16:22","slug":"poignee-de-tirage-a-manoeuvre-exterieure-technal-gy","status":"publish","type":"product","link":"https:\/\/www.alupieces.fr\/en\/product\/pull-handle-a-manoeuvre-exterior-technal-gy\/","title":{"rendered":"Technal GY external lever handle"},"content":{"rendered":"<p>Technal aluminium pull handle with knob (aluminium grey plastic finish) for Technal GY Soleal range sliding systems. Positioned on the outside of the sliding door, for the inside choose the <a href=\"https:\/\/www.alupieces.fr\/en\/product\/pull-handle-a-manoeuvre-technal-gy\/\" target=\"_blank\" rel=\"noopener\">Internal pull handle TGY3717<\/a><\/p>\n<p><a href=\"https:\/\/alupieces.fr\/wp-content\/uploads\/2023\/05\/Nuanciers-de-Couleurs-.pdf\" target=\"_blank\" rel=\"noopener\">CLICK to see the colours and confirm your choice<\/a><\/p>\n<p>&nbsp;<\/p>","protected":false},"excerpt":{"rendered":"<p>Technal aluminium pull handle with knob (aluminium grey plastic finish) for Technal GY Soleal range sliding systems. Positioned on the outside of the sliding door, for the inside choose the TGY3717 Pull handle with inside operation CLICK to see the colours and confirm your choice. &nbsp;<\/p>","protected":false},"featured_media":17185,"comment_status":"open","ping_status":"closed","template":"","meta":{"site-sidebar-layout":"default","site-content-layout":"default","ast-site-content-layout":"","site-content-style":"default","site-sidebar-style":"default","ast-global-header-display":"","ast-banner-title-visibility":"","ast-main-header-display":"","ast-hfb-above-header-display":"","ast-hfb-below-header-display":"","ast-hfb-mobile-header-display":"","site-post-title":"","ast-breadcrumbs-content":"","ast-featured-img":"","footer-sml-layout":"","theme-transparent-header-meta":"default","adv-header-id-meta":"","stick-header-meta":"","header-above-stick-meta":"","header-main-stick-meta":"","header-below-stick-meta":"","astra-migrate-meta-layouts":"default","ast-page-background-enabled":"default","ast-page-background-meta":{"desktop":{"background-color":"var(--ast-global-color-4)","background-image":"","background-repeat":"repeat","background-position":"center center","background-size":"auto","background-attachment":"scroll","background-type":"","background-media":"","overlay-type":"","overlay-color":"","overlay-opacity":"","overlay-gradient":""},"tablet":{"background-color":"","background-image":"","background-repeat":"repeat","background-position":"center center","background-size":"auto","background-attachment":"scroll","background-type":"","background-media":"","overlay-type":"","overlay-color":"","overlay-opacity":"","overlay-gradient":""},"mobile":{"background-color":"","background-image":"","background-repeat":"repeat","background-position":"center center","background-size":"auto","background-attachment":"scroll","background-type":"","background-media":"","overlay-type":"","overlay-color":"","overlay-opacity":"","overlay-gradient":""}},"ast-content-background-meta":{"desktop":{"background-color":"var(--ast-global-color-5)","background-image":"","background-repeat":"repeat","background-position":"center center","background-size":"auto","background-attachment":"scroll","background-type":"","background-media":"","overlay-type":"","overlay-color":"","overlay-opacity":"","overlay-gradient":""},"tablet":{"background-color":"var(--ast-global-color-5)","background-image":"","background-repeat":"repeat","background-position":"center center","background-size":"auto","background-attachment":"scroll","background-type":"","background-media":"","overlay-type":"","overlay-color":"","overlay-opacity":"","overlay-gradient":""},"mobile":{"background-color":"var(--ast-global-color-5)","background-image":"","background-repeat":"repeat","background-position":"center center","background-size":"auto","background-attachment":"scroll","background-type":"","background-media":"","overlay-type":"","overlay-color":"","overlay-opacity":"","overlay-gradient":""}}},"product_cat":[18,43,17],"product_tag":[],"marque":[106],"acf":[],"yoast_head":"<!-- This site is optimized with the Yoast SEO plugin v20.1 - https:\/\/yoast.com\/wordpress\/plugins\/seo\/ -->\n<title>Poign\u00e9e de tirage \u00e0 man\u0153uvre Ext\u00e9rieure Technal GY - Alupi\u00e8ces.fr<\/title>\n<meta name=\"description\" content=\"Poign\u00e9e de tirage ext\u00e9rieure avec man\u0153uvre pour baie coulissante Technal GY gamme Soleal. Pi\u00e8ce d\u00e9tach\u00e9e Technal 100% origine serrures, poign\u00e9es, g\u00e2ches, roulettes...\" \/>\n<meta name=\"robots\" content=\"index, follow, max-snippet:-1, max-image-preview:large, max-video-preview:-1\" \/>\n<link rel=\"canonical\" href=\"https:\/\/www.alupieces.fr\/en\/product\/pull-handle-a-manoeuvre-exterior-technal-gy\/\" \/>\n<meta property=\"og:locale\" content=\"en_GB\" \/>\n<meta property=\"og:type\" content=\"article\" \/>\n<meta property=\"og:title\" content=\"Poign\u00e9e de tirage \u00e0 man\u0153uvre Ext\u00e9rieure Technal GY - Alupi\u00e8ces.fr\" \/>\n<meta property=\"og:description\" content=\"Poign\u00e9e de tirage ext\u00e9rieure avec man\u0153uvre pour baie coulissante Technal GY gamme Soleal. Pi\u00e8ce d\u00e9tach\u00e9e Technal 100% origine serrures, poign\u00e9es, g\u00e2ches, roulettes...\" \/>\n<meta property=\"og:url\" content=\"https:\/\/www.alupieces.fr\/en\/product\/pull-handle-a-manoeuvre-exterior-technal-gy\/\" \/>\n<meta property=\"og:site_name\" content=\"Alupi\u00e8ces.fr\" \/>\n<meta property=\"article:modified_time\" content=\"2026-03-26T17:16:22+00:00\" \/>\n<meta property=\"og:image\" content=\"https:\/\/www.alupieces.fr\/wp-content\/uploads\/2023\/11\/TGY3718-Poignee-tirage-GY-Ext-BLC.jpg\" \/>\n\t<meta property=\"og:image:width\" content=\"827\" \/>\n\t<meta property=\"og:image:height\" content=\"827\" \/>\n\t<meta property=\"og:image:type\" content=\"image\/jpeg\" \/>\n<meta name=\"twitter:card\" content=\"summary_large_image\" \/>\n<meta name=\"twitter:label1\" content=\"Estimated reading time\" \/>\n\t<meta name=\"twitter:data1\" content=\"1 minute\" \/>\n<!-- \/ Yoast SEO plugin. -->","yoast_head_json":{"title":"Poign\u00e9e de tirage \u00e0 man\u0153uvre Ext\u00e9rieure Technal GY - Alupi\u00e8ces.fr","description":"Poign\u00e9e de tirage ext\u00e9rieure avec man\u0153uvre pour baie coulissante Technal GY gamme Soleal. Pi\u00e8ce d\u00e9tach\u00e9e Technal 100% origine serrures, poign\u00e9es, g\u00e2ches, roulettes...","robots":{"index":"index","follow":"follow","max-snippet":"max-snippet:-1","max-image-preview":"max-image-preview:large","max-video-preview":"max-video-preview:-1"},"canonical":"https:\/\/www.alupieces.fr\/en\/product\/pull-handle-a-manoeuvre-exterior-technal-gy\/","og_locale":"en_GB","og_type":"article","og_title":"Poign\u00e9e de tirage \u00e0 man\u0153uvre Ext\u00e9rieure Technal GY - Alupi\u00e8ces.fr","og_description":"Poign\u00e9e de tirage ext\u00e9rieure avec man\u0153uvre pour baie coulissante Technal GY gamme Soleal. Pi\u00e8ce d\u00e9tach\u00e9e Technal 100% origine serrures, poign\u00e9es, g\u00e2ches, roulettes...","og_url":"https:\/\/www.alupieces.fr\/en\/product\/pull-handle-a-manoeuvre-exterior-technal-gy\/","og_site_name":"Alupi\u00e8ces.fr","article_modified_time":"2026-03-26T17:16:22+00:00","og_image":[{"width":827,"height":827,"url":"https:\/\/www.alupieces.fr\/wp-content\/uploads\/2023\/11\/TGY3718-Poignee-tirage-GY-Ext-BLC.jpg","type":"image\/jpeg"}],"twitter_card":"summary_large_image","twitter_misc":{"Estimated reading time":"1 minute"},"schema":{"@context":"https:\/\/schema.org","@graph":[{"@type":"WebPage","@id":"https:\/\/www.alupieces.fr\/produit\/poignee-de-tirage-a-manoeuvre-exterieure-technal-gy\/","url":"https:\/\/www.alupieces.fr\/produit\/poignee-de-tirage-a-manoeuvre-exterieure-technal-gy\/","name":"Poign\u00e9e de tirage \u00e0 man\u0153uvre Ext\u00e9rieure Technal GY - Alupi\u00e8ces.fr","isPartOf":{"@id":"https:\/\/www.alupieces.fr\/#website"},"datePublished":"2023-11-14T14:49:33+00:00","dateModified":"2026-03-26T17:16:22+00:00","description":"Poign\u00e9e de tirage ext\u00e9rieure avec man\u0153uvre pour baie coulissante Technal GY gamme Soleal. Pi\u00e8ce d\u00e9tach\u00e9e Technal 100% origine serrures, poign\u00e9es, g\u00e2ches, roulettes...","breadcrumb":{"@id":"https:\/\/www.alupieces.fr\/produit\/poignee-de-tirage-a-manoeuvre-exterieure-technal-gy\/#breadcrumb"},"inLanguage":"en-GB","potentialAction":[{"@type":"ReadAction","target":["https:\/\/www.alupieces.fr\/produit\/poignee-de-tirage-a-manoeuvre-exterieure-technal-gy\/"]}]},{"@type":"BreadcrumbList","@id":"https:\/\/www.alupieces.fr\/produit\/poignee-de-tirage-a-manoeuvre-exterieure-technal-gy\/#breadcrumb","itemListElement":[{"@type":"ListItem","position":1,"name":"Accueil","item":"https:\/\/www.alupieces.fr\/"},{"@type":"ListItem","position":2,"name":"Boutique","item":"https:\/\/www.alupieces.fr\/boutique\/"},{"@type":"ListItem","position":3,"name":"Poign\u00e9e de tirage \u00e0 man\u0153uvre Ext\u00e9rieure Technal GY"}]},{"@type":"WebSite","@id":"https:\/\/www.alupieces.fr\/#website","url":"https:\/\/www.alupieces.fr\/","name":"Alupi\u00e8ces.fr","description":"La r\u00e9f\u00e9rence des pi\u00e8ces d\u00e9tach\u00e9es d&#039;origine en Aluminium Technal, Bubendorff et Mariton","publisher":{"@id":"https:\/\/www.alupieces.fr\/#organization"},"potentialAction":[{"@type":"SearchAction","target":{"@type":"EntryPoint","urlTemplate":"https:\/\/www.alupieces.fr\/?s={search_term_string}"},"query-input":"required name=search_term_string"}],"inLanguage":"en-GB"},{"@type":"Organization","@id":"https:\/\/www.alupieces.fr\/#organization","name":"Alupi\u00e8ces","alternateName":"Alupi\u00e8ces.fr","url":"https:\/\/www.alupieces.fr\/","logo":{"@type":"ImageObject","inLanguage":"en-GB","@id":"https:\/\/www.alupieces.fr\/#\/schema\/logo\/image\/","url":"https:\/\/www.alupieces.fr\/wp-content\/uploads\/2022\/12\/Bon-logo-1.png","contentUrl":"https:\/\/www.alupieces.fr\/wp-content\/uploads\/2022\/12\/Bon-logo-1.png","width":1367,"height":474,"caption":"Alupi\u00e8ces"},"image":{"@id":"https:\/\/www.alupieces.fr\/#\/schema\/logo\/image\/"}}]}},"wcpa_form_fields":null,"_links":{"self":[{"href":"https:\/\/www.alupieces.fr\/en\/wp-json\/wp\/v2\/product\/12607"}],"collection":[{"href":"https:\/\/www.alupieces.fr\/en\/wp-json\/wp\/v2\/product"}],"about":[{"href":"https:\/\/www.alupieces.fr\/en\/wp-json\/wp\/v2\/types\/product"}],"replies":[{"embeddable":true,"href":"https:\/\/www.alupieces.fr\/en\/wp-json\/wp\/v2\/comments?post=12607"}],"wp:featuredmedia":[{"embeddable":true,"href":"https:\/\/www.alupieces.fr\/en\/wp-json\/wp\/v2\/media\/17185"}],"wp:attachment":[{"href":"https:\/\/www.alupieces.fr\/en\/wp-json\/wp\/v2\/media?parent=12607"}],"wp:term":[{"taxonomy":"product_cat","embeddable":true,"href":"https:\/\/www.alupieces.fr\/en\/wp-json\/wp\/v2\/product_cat?post=12607"},{"taxonomy":"product_tag","embeddable":true,"href":"https:\/\/www.alupieces.fr\/en\/wp-json\/wp\/v2\/product_tag?post=12607"},{"taxonomy":"marque","embeddable":true,"href":"https:\/\/www.alupieces.fr\/en\/wp-json\/wp\/v2\/marque?post=12607"}],"curies":[{"name":"wp","href":"https:\/\/api.w.org\/{rel}","templated":true}]}}