{"id":12408,"date":"2023-11-09T17:03:49","date_gmt":"2023-11-09T16:03:49","guid":{"rendered":"https:\/\/www.alupieces.fr\/?post_type=product&#038;p=12408"},"modified":"2025-10-16T15:42:48","modified_gmt":"2025-10-16T13:42:48","slug":"pack-premium-pour-porte-technal","status":"publish","type":"product","link":"https:\/\/www.alupieces.fr\/en\/product\/pack-premium-for-technical-door\/","title":{"rendered":"Premium Pack for Technal door"},"content":{"rendered":"<p>Pack including :<\/p>\n<ul>\n<li>1 Stainless steel double handle 136mm Technal\u00a0 <a href=\"https:\/\/www.alupieces.fr\/en\/product\/stainless-steel-double-technal-door-handle\/\" target=\"_blank\" rel=\"noopener\">TCZ61053<\/a><\/li>\n<li>1 40\u00d740 security button cylinder with ownership card and 4 keys <a href=\"https:\/\/www.alupieces.fr\/en\/product\/cylinder-40x40-a-security-button-with-ownership-card-and-4-keys\/\" target=\"_blank\" rel=\"noopener\">B4040BSECU1<\/a><\/li>\n<li>1 Stainless steel cylinder rosette <a href=\"https:\/\/www.alupieces.fr\/en\/product\/rosette-barillet-technal-2\/\" target=\"_blank\" rel=\"noopener\">TPY6003<\/a><\/li>\n<\/ul>\n<p>All these parts are also available outside this pack<\/p>\n<p><a href=\"https:\/\/www.alupieces.fr\/en\/product\/stainless-steel-double-technal-door-handle\/\" target=\"_blank\" rel=\"noopener\"><img fetchpriority=\"high\" decoding=\"async\" class=\"alignnone wp-image-10587 size-medium\" src=\"https:\/\/alupieces.fr\/wp-content\/uploads\/2023\/08\/TCZ61053-Poignee-Inox-Double-Porte-009-300x300.jpg\" alt=\"\" width=\"300\" height=\"300\" srcset=\"https:\/\/www.alupieces.fr\/wp-content\/uploads\/2023\/08\/TCZ61053-Poignee-Inox-Double-Porte-009-300x300.jpg 300w, https:\/\/www.alupieces.fr\/wp-content\/uploads\/2023\/08\/TCZ61053-Poignee-Inox-Double-Porte-009-150x150.jpg 150w, https:\/\/www.alupieces.fr\/wp-content\/uploads\/2023\/08\/TCZ61053-Poignee-Inox-Double-Porte-009-768x768.jpg 768w, https:\/\/www.alupieces.fr\/wp-content\/uploads\/2023\/08\/TCZ61053-Poignee-Inox-Double-Porte-009-600x600.jpg 600w, https:\/\/www.alupieces.fr\/wp-content\/uploads\/2023\/08\/TCZ61053-Poignee-Inox-Double-Porte-009-100x100.jpg 100w, https:\/\/www.alupieces.fr\/wp-content\/uploads\/2023\/08\/TCZ61053-Poignee-Inox-Double-Porte-009-64x64.jpg 64w, https:\/\/www.alupieces.fr\/wp-content\/uploads\/2023\/08\/TCZ61053-Poignee-Inox-Double-Porte-009.jpg 827w\" sizes=\"(max-width: 300px) 100vw, 300px\" \/><\/a> <a href=\"https:\/\/www.alupieces.fr\/en\/product\/cylinder-40x40-a-security-button-with-ownership-card-and-4-keys\/\" target=\"_blank\" rel=\"noopener\"><img decoding=\"async\" class=\"alignnone wp-image-6423 size-medium\" src=\"https:\/\/alupieces.fr\/wp-content\/uploads\/2023\/03\/B4040B-001-1-300x300.jpg\" alt=\"\" width=\"300\" height=\"300\" srcset=\"https:\/\/www.alupieces.fr\/wp-content\/uploads\/2023\/03\/B4040B-001-1-300x300.jpg 300w, https:\/\/www.alupieces.fr\/wp-content\/uploads\/2023\/03\/B4040B-001-1-150x150.jpg 150w, https:\/\/www.alupieces.fr\/wp-content\/uploads\/2023\/03\/B4040B-001-1-768x768.jpg 768w, https:\/\/www.alupieces.fr\/wp-content\/uploads\/2023\/03\/B4040B-001-1-600x600.jpg 600w, https:\/\/www.alupieces.fr\/wp-content\/uploads\/2023\/03\/B4040B-001-1-100x100.jpg 100w, https:\/\/www.alupieces.fr\/wp-content\/uploads\/2023\/03\/B4040B-001-1-64x64.jpg 64w, https:\/\/www.alupieces.fr\/wp-content\/uploads\/2023\/03\/B4040B-001-1.jpg 827w\" sizes=\"(max-width: 300px) 100vw, 300px\" \/><\/a> <a href=\"https:\/\/www.alupieces.fr\/en\/product\/rosette-barillet-technal-2\/\" target=\"_blank\" rel=\"noopener\"><img decoding=\"async\" class=\"alignnone wp-image-12403 size-medium\" src=\"https:\/\/alupieces.fr\/wp-content\/uploads\/2023\/11\/TPY6003-Rosette-Barillet-Inox-008-e1699548451402-300x300.jpg\" alt=\"\" width=\"300\" height=\"300\" srcset=\"https:\/\/www.alupieces.fr\/wp-content\/uploads\/2023\/11\/TPY6003-Rosette-Barillet-Inox-008-e1699548451402-300x300.jpg 300w, https:\/\/www.alupieces.fr\/wp-content\/uploads\/2023\/11\/TPY6003-Rosette-Barillet-Inox-008-e1699548451402-150x150.jpg 150w, https:\/\/www.alupieces.fr\/wp-content\/uploads\/2023\/11\/TPY6003-Rosette-Barillet-Inox-008-e1699548451402-600x602.jpg 600w, https:\/\/www.alupieces.fr\/wp-content\/uploads\/2023\/11\/TPY6003-Rosette-Barillet-Inox-008-e1699548451402-100x100.jpg 100w, https:\/\/www.alupieces.fr\/wp-content\/uploads\/2023\/11\/TPY6003-Rosette-Barillet-Inox-008-e1699548451402-64x64.jpg 64w, https:\/\/www.alupieces.fr\/wp-content\/uploads\/2023\/11\/TPY6003-Rosette-Barillet-Inox-008-e1699548451402.jpg 718w\" sizes=\"(max-width: 300px) 100vw, 300px\" \/><\/a><\/p>\n<p>The double handle is sold without a square. To order, click here. <a href=\"https:\/\/www.alupieces.fr\/en\/?s=carr%C3%A9+8&amp;post_type=product&amp;dgwt_wcas=1\" target=\"_blank\" rel=\"noopener\">ICI<\/a><\/p>","protected":false},"excerpt":{"rendered":"<p>Pack including: 1 Technal TCZ61053 136mm double stainless steel door handle 1 40\u00d740 knob security cylinder with ownership card and 4 keys B4040BSECU1 1 TPY6003 stainless steel cylinder rosette All these parts are also available outside this pack The double handle is sold without a square, to order click HERE<\/p>","protected":false},"featured_media":12409,"comment_status":"open","ping_status":"closed","template":"","meta":{"site-sidebar-layout":"default","site-content-layout":"","ast-site-content-layout":"","site-content-style":"default","site-sidebar-style":"default","ast-global-header-display":"","ast-banner-title-visibility":"","ast-main-header-display":"","ast-hfb-above-header-display":"","ast-hfb-below-header-display":"","ast-hfb-mobile-header-display":"","site-post-title":"","ast-breadcrumbs-content":"","ast-featured-img":"","footer-sml-layout":"","theme-transparent-header-meta":"","adv-header-id-meta":"","stick-header-meta":"","header-above-stick-meta":"","header-main-stick-meta":"","header-below-stick-meta":"","astra-migrate-meta-layouts":"default","ast-page-background-enabled":"default","ast-page-background-meta":{"desktop":{"background-color":"var(--ast-global-color-4)","background-image":"","background-repeat":"repeat","background-position":"center center","background-size":"auto","background-attachment":"scroll","background-type":"","background-media":"","overlay-type":"","overlay-color":"","overlay-opacity":"","overlay-gradient":""},"tablet":{"background-color":"","background-image":"","background-repeat":"repeat","background-position":"center center","background-size":"auto","background-attachment":"scroll","background-type":"","background-media":"","overlay-type":"","overlay-color":"","overlay-opacity":"","overlay-gradient":""},"mobile":{"background-color":"","background-image":"","background-repeat":"repeat","background-position":"center center","background-size":"auto","background-attachment":"scroll","background-type":"","background-media":"","overlay-type":"","overlay-color":"","overlay-opacity":"","overlay-gradient":""}},"ast-content-background-meta":{"desktop":{"background-color":"var(--ast-global-color-5)","background-image":"","background-repeat":"repeat","background-position":"center center","background-size":"auto","background-attachment":"scroll","background-type":"","background-media":"","overlay-type":"","overlay-color":"","overlay-opacity":"","overlay-gradient":""},"tablet":{"background-color":"var(--ast-global-color-5)","background-image":"","background-repeat":"repeat","background-position":"center center","background-size":"auto","background-attachment":"scroll","background-type":"","background-media":"","overlay-type":"","overlay-color":"","overlay-opacity":"","overlay-gradient":""},"mobile":{"background-color":"var(--ast-global-color-5)","background-image":"","background-repeat":"repeat","background-position":"center center","background-size":"auto","background-attachment":"scroll","background-type":"","background-media":"","overlay-type":"","overlay-color":"","overlay-opacity":"","overlay-gradient":""}}},"product_cat":[48,40,17,46,19,47],"product_tag":[],"marque":[105,106],"acf":[],"yoast_head":"<!-- This site is optimized with the Yoast SEO plugin v20.1 - https:\/\/yoast.com\/wordpress\/plugins\/seo\/ -->\n<title>Pack Premium pour porte Technal - Alupi\u00e8ces.fr<\/title>\n<meta name=\"description\" content=\"Pi\u00e8ces d\u00e9tach\u00e9es Technal 100% Origine, serrure 1 point, 2points,3 ou 4 ou 5 points, \u00e0 rouleau, \u00e0 barillet, en stock ou sur commande pour menuiserie Technal.\" \/>\n<meta name=\"robots\" content=\"index, follow, max-snippet:-1, max-image-preview:large, max-video-preview:-1\" \/>\n<link rel=\"canonical\" href=\"https:\/\/www.alupieces.fr\/en\/product\/pack-premium-for-technical-door\/\" \/>\n<meta property=\"og:locale\" content=\"en_GB\" \/>\n<meta property=\"og:type\" content=\"article\" \/>\n<meta property=\"og:title\" content=\"Pack Premium pour porte Technal - Alupi\u00e8ces.fr\" \/>\n<meta property=\"og:description\" content=\"Pi\u00e8ces d\u00e9tach\u00e9es Technal 100% Origine, serrure 1 point, 2points,3 ou 4 ou 5 points, \u00e0 rouleau, \u00e0 barillet, en stock ou sur commande pour menuiserie Technal.\" \/>\n<meta property=\"og:url\" content=\"https:\/\/www.alupieces.fr\/en\/product\/pack-premium-for-technical-door\/\" \/>\n<meta property=\"og:site_name\" content=\"Alupi\u00e8ces.fr\" \/>\n<meta property=\"article:modified_time\" content=\"2025-10-16T13:42:48+00:00\" \/>\n<meta property=\"og:image\" content=\"https:\/\/www.alupieces.fr\/wp-content\/uploads\/2023\/11\/Pack-Premium-002.jpg\" \/>\n\t<meta property=\"og:image:width\" content=\"827\" \/>\n\t<meta property=\"og:image:height\" content=\"827\" \/>\n\t<meta property=\"og:image:type\" content=\"image\/jpeg\" \/>\n<meta name=\"twitter:card\" content=\"summary_large_image\" \/>\n<meta name=\"twitter:label1\" content=\"Estimated reading time\" \/>\n\t<meta name=\"twitter:data1\" content=\"1 minute\" \/>\n<!-- \/ Yoast SEO plugin. -->","yoast_head_json":{"title":"Pack Premium pour porte Technal - Alupi\u00e8ces.fr","description":"Pi\u00e8ces d\u00e9tach\u00e9es Technal 100% Origine, serrure 1 point, 2points,3 ou 4 ou 5 points, \u00e0 rouleau, \u00e0 barillet, en stock ou sur commande pour menuiserie Technal.","robots":{"index":"index","follow":"follow","max-snippet":"max-snippet:-1","max-image-preview":"max-image-preview:large","max-video-preview":"max-video-preview:-1"},"canonical":"https:\/\/www.alupieces.fr\/en\/product\/pack-premium-for-technical-door\/","og_locale":"en_GB","og_type":"article","og_title":"Pack Premium pour porte Technal - Alupi\u00e8ces.fr","og_description":"Pi\u00e8ces d\u00e9tach\u00e9es Technal 100% Origine, serrure 1 point, 2points,3 ou 4 ou 5 points, \u00e0 rouleau, \u00e0 barillet, en stock ou sur commande pour menuiserie Technal.","og_url":"https:\/\/www.alupieces.fr\/en\/product\/pack-premium-for-technical-door\/","og_site_name":"Alupi\u00e8ces.fr","article_modified_time":"2025-10-16T13:42:48+00:00","og_image":[{"width":827,"height":827,"url":"https:\/\/www.alupieces.fr\/wp-content\/uploads\/2023\/11\/Pack-Premium-002.jpg","type":"image\/jpeg"}],"twitter_card":"summary_large_image","twitter_misc":{"Estimated reading time":"1 minute"},"schema":{"@context":"https:\/\/schema.org","@graph":[{"@type":"WebPage","@id":"https:\/\/www.alupieces.fr\/produit\/pack-premium-pour-porte-technal\/","url":"https:\/\/www.alupieces.fr\/produit\/pack-premium-pour-porte-technal\/","name":"Pack Premium pour porte Technal - Alupi\u00e8ces.fr","isPartOf":{"@id":"https:\/\/www.alupieces.fr\/#website"},"datePublished":"2023-11-09T16:03:49+00:00","dateModified":"2025-10-16T13:42:48+00:00","description":"Pi\u00e8ces d\u00e9tach\u00e9es Technal 100% Origine, serrure 1 point, 2points,3 ou 4 ou 5 points, \u00e0 rouleau, \u00e0 barillet, en stock ou sur commande pour menuiserie Technal.","breadcrumb":{"@id":"https:\/\/www.alupieces.fr\/produit\/pack-premium-pour-porte-technal\/#breadcrumb"},"inLanguage":"en-GB","potentialAction":[{"@type":"ReadAction","target":["https:\/\/www.alupieces.fr\/produit\/pack-premium-pour-porte-technal\/"]}]},{"@type":"BreadcrumbList","@id":"https:\/\/www.alupieces.fr\/produit\/pack-premium-pour-porte-technal\/#breadcrumb","itemListElement":[{"@type":"ListItem","position":1,"name":"Accueil","item":"https:\/\/www.alupieces.fr\/"},{"@type":"ListItem","position":2,"name":"Boutique","item":"https:\/\/www.alupieces.fr\/boutique\/"},{"@type":"ListItem","position":3,"name":"Pack Premium pour porte Technal"}]},{"@type":"WebSite","@id":"https:\/\/www.alupieces.fr\/#website","url":"https:\/\/www.alupieces.fr\/","name":"Alupi\u00e8ces.fr","description":"La r\u00e9f\u00e9rence des pi\u00e8ces d\u00e9tach\u00e9es d&#039;origine en Aluminium Technal, Bubendorff et Mariton","publisher":{"@id":"https:\/\/www.alupieces.fr\/#organization"},"potentialAction":[{"@type":"SearchAction","target":{"@type":"EntryPoint","urlTemplate":"https:\/\/www.alupieces.fr\/?s={search_term_string}"},"query-input":"required name=search_term_string"}],"inLanguage":"en-GB"},{"@type":"Organization","@id":"https:\/\/www.alupieces.fr\/#organization","name":"Alupi\u00e8ces","alternateName":"Alupi\u00e8ces.fr","url":"https:\/\/www.alupieces.fr\/","logo":{"@type":"ImageObject","inLanguage":"en-GB","@id":"https:\/\/www.alupieces.fr\/#\/schema\/logo\/image\/","url":"https:\/\/www.alupieces.fr\/wp-content\/uploads\/2022\/12\/Bon-logo-1.png","contentUrl":"https:\/\/www.alupieces.fr\/wp-content\/uploads\/2022\/12\/Bon-logo-1.png","width":1367,"height":474,"caption":"Alupi\u00e8ces"},"image":{"@id":"https:\/\/www.alupieces.fr\/#\/schema\/logo\/image\/"}}]}},"wcpa_form_fields":null,"_links":{"self":[{"href":"https:\/\/www.alupieces.fr\/en\/wp-json\/wp\/v2\/product\/12408"}],"collection":[{"href":"https:\/\/www.alupieces.fr\/en\/wp-json\/wp\/v2\/product"}],"about":[{"href":"https:\/\/www.alupieces.fr\/en\/wp-json\/wp\/v2\/types\/product"}],"replies":[{"embeddable":true,"href":"https:\/\/www.alupieces.fr\/en\/wp-json\/wp\/v2\/comments?post=12408"}],"wp:featuredmedia":[{"embeddable":true,"href":"https:\/\/www.alupieces.fr\/en\/wp-json\/wp\/v2\/media\/12409"}],"wp:attachment":[{"href":"https:\/\/www.alupieces.fr\/en\/wp-json\/wp\/v2\/media?parent=12408"}],"wp:term":[{"taxonomy":"product_cat","embeddable":true,"href":"https:\/\/www.alupieces.fr\/en\/wp-json\/wp\/v2\/product_cat?post=12408"},{"taxonomy":"product_tag","embeddable":true,"href":"https:\/\/www.alupieces.fr\/en\/wp-json\/wp\/v2\/product_tag?post=12408"},{"taxonomy":"marque","embeddable":true,"href":"https:\/\/www.alupieces.fr\/en\/wp-json\/wp\/v2\/marque?post=12408"}],"curies":[{"name":"wp","href":"https:\/\/api.w.org\/{rel}","templated":true}]}}