{"id":12381,"date":"2023-11-07T17:31:38","date_gmt":"2023-11-07T16:31:38","guid":{"rendered":"https:\/\/www.alupieces.fr\/?post_type=product&#038;p=12381"},"modified":"2025-12-03T09:10:31","modified_gmt":"2025-12-03T08:10:31","slug":"pack-serrure-3-points-coulissant-technal-gy","status":"publish","type":"product","link":"https:\/\/www.alupieces.fr\/en\/product\/pack-lock-3-point-sliding-technal-gy\/","title":{"rendered":"Technal GY 3-point sliding lock pack"},"content":{"rendered":"<p>Pack including :<\/p>\n<ul>\n<li>2 GY SOLEAL 3-point locking systems <a href=\"https:\/\/www.alupieces.fr\/en\/product\/closure-3-points-technal-gy\/\" target=\"_blank\" rel=\"noopener\">TGY3702<\/a><\/li>\n<li>6 GY SOLEAL sliding door strike plates \u00a0<a href=\"https:\/\/www.alupieces.fr\/en\/product\/gache-dormant-peripherique-technal-gy\/\" target=\"_blank\" rel=\"noopener\">TGY3705\u00a0<\/a><\/li>\n<li>1 Lock and cylinder lubricant spray <a href=\"https:\/\/www.alupieces.fr\/en\/product\/spray-lubricant-lock-and-cylinder\/\" target=\"_blank\" rel=\"noopener\">W0893052<\/a><\/li>\n<\/ul>\n<p>All these parts are also available outside this pack<\/p>\n<p><a href=\"https:\/\/www.alupieces.fr\/en\/product\/closure-3-points-technal-gy\/\" target=\"_blank\" rel=\"noopener\"><img decoding=\"async\" class=\"alignnone wp-image-5191 size-medium\" src=\"https:\/\/alupieces.fr\/wp-content\/uploads\/2023\/02\/TGY3702-000-e1699374953491-124x300.jpg\" alt=\"3-point lock TGY3702\" width=\"124\" height=\"300\" srcset=\"https:\/\/www.alupieces.fr\/wp-content\/uploads\/2023\/02\/TGY3702-000-e1699374953491-124x300.jpg 124w, https:\/\/www.alupieces.fr\/wp-content\/uploads\/2023\/02\/TGY3702-000-e1699374953491-64x154.jpg 64w, https:\/\/www.alupieces.fr\/wp-content\/uploads\/2023\/02\/TGY3702-000-e1699374953491.jpg 343w\" sizes=\"(max-width: 124px) 100vw, 124px\" \/><\/a><a href=\"https:\/\/www.alupieces.fr\/en\/product\/closure-3-points-technal-gy\/\" target=\"_blank\" rel=\"noopener\"><img decoding=\"async\" class=\"alignnone wp-image-5191 size-medium\" src=\"https:\/\/alupieces.fr\/wp-content\/uploads\/2023\/02\/TGY3702-000-e1699374953491-124x300.jpg\" alt=\"3-point lock TGY3702\" width=\"124\" height=\"300\" srcset=\"https:\/\/www.alupieces.fr\/wp-content\/uploads\/2023\/02\/TGY3702-000-e1699374953491-124x300.jpg 124w, https:\/\/www.alupieces.fr\/wp-content\/uploads\/2023\/02\/TGY3702-000-e1699374953491-64x154.jpg 64w, https:\/\/www.alupieces.fr\/wp-content\/uploads\/2023\/02\/TGY3702-000-e1699374953491.jpg 343w\" sizes=\"(max-width: 124px) 100vw, 124px\" \/><\/a> <a href=\"https:\/\/www.alupieces.fr\/en\/product\/gache-dormant-peripherique-technal-gy\/\" target=\"_blank\" rel=\"noopener\"><img decoding=\"async\" class=\"alignnone wp-image-3885\" src=\"https:\/\/alupieces.fr\/wp-content\/uploads\/2023\/02\/PACK-TGY3705-Gaches-dormant-GY-001-300x300.jpg\" alt=\"\" width=\"99\" height=\"99\" srcset=\"https:\/\/www.alupieces.fr\/wp-content\/uploads\/2023\/02\/PACK-TGY3705-Gaches-dormant-GY-001-300x300.jpg 300w, https:\/\/www.alupieces.fr\/wp-content\/uploads\/2023\/02\/PACK-TGY3705-Gaches-dormant-GY-001-150x150.jpg 150w, https:\/\/www.alupieces.fr\/wp-content\/uploads\/2023\/02\/PACK-TGY3705-Gaches-dormant-GY-001-768x768.jpg 768w, https:\/\/www.alupieces.fr\/wp-content\/uploads\/2023\/02\/PACK-TGY3705-Gaches-dormant-GY-001-600x600.jpg 600w, https:\/\/www.alupieces.fr\/wp-content\/uploads\/2023\/02\/PACK-TGY3705-Gaches-dormant-GY-001-100x100.jpg 100w, https:\/\/www.alupieces.fr\/wp-content\/uploads\/2023\/02\/PACK-TGY3705-Gaches-dormant-GY-001-64x64.jpg 64w, https:\/\/www.alupieces.fr\/wp-content\/uploads\/2023\/02\/PACK-TGY3705-Gaches-dormant-GY-001.jpg 827w\" sizes=\"(max-width: 99px) 100vw, 99px\" \/><\/a> <a href=\"https:\/\/www.alupieces.fr\/en\/product\/spray-lubricant-lock-and-cylinder\/\" target=\"_blank\" rel=\"noopener\"><img decoding=\"async\" class=\"alignnone wp-image-1952\" src=\"https:\/\/alupieces.fr\/wp-content\/uploads\/2023\/01\/Outillage-et-consommable-300x300.png\" alt=\"\" width=\"117\" height=\"117\" srcset=\"https:\/\/www.alupieces.fr\/wp-content\/uploads\/2023\/01\/Outillage-et-consommable-300x300.png 300w, https:\/\/www.alupieces.fr\/wp-content\/uploads\/2023\/01\/Outillage-et-consommable-150x150.png 150w, https:\/\/www.alupieces.fr\/wp-content\/uploads\/2023\/01\/Outillage-et-consommable-768x768.png 768w, https:\/\/www.alupieces.fr\/wp-content\/uploads\/2023\/01\/Outillage-et-consommable-600x600.png 600w, https:\/\/www.alupieces.fr\/wp-content\/uploads\/2023\/01\/Outillage-et-consommable-100x100.png 100w, https:\/\/www.alupieces.fr\/wp-content\/uploads\/2023\/01\/Outillage-et-consommable.png 1024w\" sizes=\"(max-width: 117px) 100vw, 117px\" \/><\/a><\/p>","protected":false},"excerpt":{"rendered":"<p>Pack including: 2 GY SOLEAL TGY3702 3-point locks 6 GY SOLEAL TGY3705 sliding door deadbolts 1 W0893052 lock and cylinder lubricant spray All these parts are also available outside this pack.<\/p>","protected":false},"featured_media":12386,"comment_status":"open","ping_status":"closed","template":"","meta":{"site-sidebar-layout":"default","site-content-layout":"","ast-site-content-layout":"","site-content-style":"default","site-sidebar-style":"default","ast-global-header-display":"","ast-banner-title-visibility":"","ast-main-header-display":"","ast-hfb-above-header-display":"","ast-hfb-below-header-display":"","ast-hfb-mobile-header-display":"","site-post-title":"","ast-breadcrumbs-content":"","ast-featured-img":"","footer-sml-layout":"","theme-transparent-header-meta":"","adv-header-id-meta":"","stick-header-meta":"","header-above-stick-meta":"","header-main-stick-meta":"","header-below-stick-meta":"","astra-migrate-meta-layouts":"default","ast-page-background-enabled":"default","ast-page-background-meta":{"desktop":{"background-color":"var(--ast-global-color-4)","background-image":"","background-repeat":"repeat","background-position":"center center","background-size":"auto","background-attachment":"scroll","background-type":"","background-media":"","overlay-type":"","overlay-color":"","overlay-opacity":"","overlay-gradient":""},"tablet":{"background-color":"","background-image":"","background-repeat":"repeat","background-position":"center center","background-size":"auto","background-attachment":"scroll","background-type":"","background-media":"","overlay-type":"","overlay-color":"","overlay-opacity":"","overlay-gradient":""},"mobile":{"background-color":"","background-image":"","background-repeat":"repeat","background-position":"center center","background-size":"auto","background-attachment":"scroll","background-type":"","background-media":"","overlay-type":"","overlay-color":"","overlay-opacity":"","overlay-gradient":""}},"ast-content-background-meta":{"desktop":{"background-color":"var(--ast-global-color-5)","background-image":"","background-repeat":"repeat","background-position":"center center","background-size":"auto","background-attachment":"scroll","background-type":"","background-media":"","overlay-type":"","overlay-color":"","overlay-opacity":"","overlay-gradient":""},"tablet":{"background-color":"var(--ast-global-color-5)","background-image":"","background-repeat":"repeat","background-position":"center center","background-size":"auto","background-attachment":"scroll","background-type":"","background-media":"","overlay-type":"","overlay-color":"","overlay-opacity":"","overlay-gradient":""},"mobile":{"background-color":"var(--ast-global-color-5)","background-image":"","background-repeat":"repeat","background-position":"center center","background-size":"auto","background-attachment":"scroll","background-type":"","background-media":"","overlay-type":"","overlay-color":"","overlay-opacity":"","overlay-gradient":""}}},"product_cat":[18,40,17,19],"product_tag":[],"marque":[105,106],"acf":[],"yoast_head":"<!-- This site is optimized with the Yoast SEO plugin v20.1 - https:\/\/yoast.com\/wordpress\/plugins\/seo\/ -->\n<title>Pack serrure 3 points coulissant Technal GY - Alupi\u00e8ces.fr<\/title>\n<meta name=\"description\" content=\"Pack coulissant Technal GY comprenant: Fermeture 1 point GY+g\u00e2ches dormant baie coulissante+Spray lubrifiant serrure\/cylindre. D\u00e9couvrez nos packs\" \/>\n<meta name=\"robots\" content=\"index, follow, max-snippet:-1, max-image-preview:large, max-video-preview:-1\" \/>\n<link rel=\"canonical\" href=\"https:\/\/www.alupieces.fr\/en\/product\/pack-lock-3-point-sliding-technal-gy\/\" \/>\n<meta property=\"og:locale\" content=\"en_GB\" \/>\n<meta property=\"og:type\" content=\"article\" \/>\n<meta property=\"og:title\" content=\"Pack serrure 3 points coulissant Technal GY - Alupi\u00e8ces.fr\" \/>\n<meta property=\"og:description\" content=\"Pack coulissant Technal GY comprenant: Fermeture 1 point GY+g\u00e2ches dormant baie coulissante+Spray lubrifiant serrure\/cylindre. D\u00e9couvrez nos packs\" \/>\n<meta property=\"og:url\" content=\"https:\/\/www.alupieces.fr\/en\/product\/pack-lock-3-point-sliding-technal-gy\/\" \/>\n<meta property=\"og:site_name\" content=\"Alupi\u00e8ces.fr\" \/>\n<meta property=\"article:modified_time\" content=\"2025-12-03T08:10:31+00:00\" \/>\n<meta property=\"og:image\" content=\"https:\/\/www.alupieces.fr\/wp-content\/uploads\/2023\/11\/Pack-GYXL-002.jpg\" \/>\n\t<meta property=\"og:image:width\" content=\"827\" \/>\n\t<meta property=\"og:image:height\" content=\"827\" \/>\n\t<meta property=\"og:image:type\" content=\"image\/jpeg\" \/>\n<meta name=\"twitter:card\" content=\"summary_large_image\" \/>\n<meta name=\"twitter:label1\" content=\"Estimated reading time\" \/>\n\t<meta name=\"twitter:data1\" content=\"1 minute\" \/>\n<!-- \/ Yoast SEO plugin. -->","yoast_head_json":{"title":"Pack serrure 3 points coulissant Technal GY - Alupi\u00e8ces.fr","description":"Pack coulissant Technal GY comprenant: Fermeture 1 point GY+g\u00e2ches dormant baie coulissante+Spray lubrifiant serrure\/cylindre. D\u00e9couvrez nos packs","robots":{"index":"index","follow":"follow","max-snippet":"max-snippet:-1","max-image-preview":"max-image-preview:large","max-video-preview":"max-video-preview:-1"},"canonical":"https:\/\/www.alupieces.fr\/en\/product\/pack-lock-3-point-sliding-technal-gy\/","og_locale":"en_GB","og_type":"article","og_title":"Pack serrure 3 points coulissant Technal GY - Alupi\u00e8ces.fr","og_description":"Pack coulissant Technal GY comprenant: Fermeture 1 point GY+g\u00e2ches dormant baie coulissante+Spray lubrifiant serrure\/cylindre. D\u00e9couvrez nos packs","og_url":"https:\/\/www.alupieces.fr\/en\/product\/pack-lock-3-point-sliding-technal-gy\/","og_site_name":"Alupi\u00e8ces.fr","article_modified_time":"2025-12-03T08:10:31+00:00","og_image":[{"width":827,"height":827,"url":"https:\/\/www.alupieces.fr\/wp-content\/uploads\/2023\/11\/Pack-GYXL-002.jpg","type":"image\/jpeg"}],"twitter_card":"summary_large_image","twitter_misc":{"Estimated reading time":"1 minute"},"schema":{"@context":"https:\/\/schema.org","@graph":[{"@type":"WebPage","@id":"https:\/\/www.alupieces.fr\/produit\/pack-serrure-3-points-coulissant-technal-gy\/","url":"https:\/\/www.alupieces.fr\/produit\/pack-serrure-3-points-coulissant-technal-gy\/","name":"Pack serrure 3 points coulissant Technal GY - Alupi\u00e8ces.fr","isPartOf":{"@id":"https:\/\/www.alupieces.fr\/#website"},"datePublished":"2023-11-07T16:31:38+00:00","dateModified":"2025-12-03T08:10:31+00:00","description":"Pack coulissant Technal GY comprenant: Fermeture 1 point GY+g\u00e2ches dormant baie coulissante+Spray lubrifiant serrure\/cylindre. D\u00e9couvrez nos packs","breadcrumb":{"@id":"https:\/\/www.alupieces.fr\/produit\/pack-serrure-3-points-coulissant-technal-gy\/#breadcrumb"},"inLanguage":"en-GB","potentialAction":[{"@type":"ReadAction","target":["https:\/\/www.alupieces.fr\/produit\/pack-serrure-3-points-coulissant-technal-gy\/"]}]},{"@type":"BreadcrumbList","@id":"https:\/\/www.alupieces.fr\/produit\/pack-serrure-3-points-coulissant-technal-gy\/#breadcrumb","itemListElement":[{"@type":"ListItem","position":1,"name":"Accueil","item":"https:\/\/www.alupieces.fr\/"},{"@type":"ListItem","position":2,"name":"Boutique","item":"https:\/\/www.alupieces.fr\/boutique\/"},{"@type":"ListItem","position":3,"name":"Pack serrure 3 points coulissant Technal GY"}]},{"@type":"WebSite","@id":"https:\/\/www.alupieces.fr\/#website","url":"https:\/\/www.alupieces.fr\/","name":"Alupi\u00e8ces.fr","description":"La r\u00e9f\u00e9rence des pi\u00e8ces d\u00e9tach\u00e9es d&#039;origine en Aluminium Technal, Bubendorff et Mariton","publisher":{"@id":"https:\/\/www.alupieces.fr\/#organization"},"potentialAction":[{"@type":"SearchAction","target":{"@type":"EntryPoint","urlTemplate":"https:\/\/www.alupieces.fr\/?s={search_term_string}"},"query-input":"required name=search_term_string"}],"inLanguage":"en-GB"},{"@type":"Organization","@id":"https:\/\/www.alupieces.fr\/#organization","name":"Alupi\u00e8ces","alternateName":"Alupi\u00e8ces.fr","url":"https:\/\/www.alupieces.fr\/","logo":{"@type":"ImageObject","inLanguage":"en-GB","@id":"https:\/\/www.alupieces.fr\/#\/schema\/logo\/image\/","url":"https:\/\/www.alupieces.fr\/wp-content\/uploads\/2022\/12\/Bon-logo-1.png","contentUrl":"https:\/\/www.alupieces.fr\/wp-content\/uploads\/2022\/12\/Bon-logo-1.png","width":1367,"height":474,"caption":"Alupi\u00e8ces"},"image":{"@id":"https:\/\/www.alupieces.fr\/#\/schema\/logo\/image\/"}}]}},"wcpa_form_fields":null,"_links":{"self":[{"href":"https:\/\/www.alupieces.fr\/en\/wp-json\/wp\/v2\/product\/12381"}],"collection":[{"href":"https:\/\/www.alupieces.fr\/en\/wp-json\/wp\/v2\/product"}],"about":[{"href":"https:\/\/www.alupieces.fr\/en\/wp-json\/wp\/v2\/types\/product"}],"replies":[{"embeddable":true,"href":"https:\/\/www.alupieces.fr\/en\/wp-json\/wp\/v2\/comments?post=12381"}],"wp:featuredmedia":[{"embeddable":true,"href":"https:\/\/www.alupieces.fr\/en\/wp-json\/wp\/v2\/media\/12386"}],"wp:attachment":[{"href":"https:\/\/www.alupieces.fr\/en\/wp-json\/wp\/v2\/media?parent=12381"}],"wp:term":[{"taxonomy":"product_cat","embeddable":true,"href":"https:\/\/www.alupieces.fr\/en\/wp-json\/wp\/v2\/product_cat?post=12381"},{"taxonomy":"product_tag","embeddable":true,"href":"https:\/\/www.alupieces.fr\/en\/wp-json\/wp\/v2\/product_tag?post=12381"},{"taxonomy":"marque","embeddable":true,"href":"https:\/\/www.alupieces.fr\/en\/wp-json\/wp\/v2\/marque?post=12381"}],"curies":[{"name":"wp","href":"https:\/\/api.w.org\/{rel}","templated":true}]}}