{"id":11008,"date":"2023-09-29T10:34:26","date_gmt":"2023-09-29T08:34:26","guid":{"rendered":"https:\/\/www.alupieces.fr\/?post_type=product&#038;p=11008"},"modified":"2025-09-29T17:35:47","modified_gmt":"2025-09-29T15:35:47","slug":"cylindre-de-securite-a-bouton-40x40-laque-midnight-black-ou-blanc","status":"publish","type":"product","link":"https:\/\/www.alupieces.fr\/en\/product\/knob-security-cylinder-40x40-lac-midnight-black-or-white\/","title":{"rendered":"40\u00d740 knob security cylinder Midnight black or White lacquered"},"content":{"rendered":"<p>40.5\u00d740.5mm knob security cylinder with horizontal reversible key system. Innovative locking technology <strong>WSM<\/strong>consisting of 7 vertically acting pins.<br \/>\nThe geometry of the key and cylinder core protects against unauthorised key copying, and makes it easier to insert the key thanks to the entry point on the cylinder.<br \/>\nThanks to its ownership card, this 40.5\u00d740.5 knob security cylinder offers extra protection against fraudulent key duplication. The ownership card is a confidential document given to you when you purchase your security cylinder. It allows you to order new keys or duplicate existing ones, by providing the original ownership card, thus preventing any unauthorised person from obtaining keys without your consent.<\/p>\n<ul>\n<li>Supplied with 4 Keys + 1 Property Card<\/li>\n<\/ul>\n<p>Other types of security cylinders by clicking <a href=\"https:\/\/www.alupieces.fr\/en\/?s=Cylindre+s%C3%A9curit%C3%A9&amp;post_type=product&amp;dgwt_wcas=1\" target=\"_blank\" rel=\"noopener\">ICI<\/a><\/p>","protected":false},"excerpt":{"rendered":"<p>Cylindre de s\u00e9curit\u00e9 \u00e0 bouton 40.5&#215;40.5mm, avec syst\u00e8me horizontal \u00e0 cl\u00e9 r\u00e9versible. Une technique de fermeture innovatrice WSM, constitu\u00e9 de 7 goupilles \u00e0 action verticale. La g\u00e9om\u00e9trie de la cl\u00e9 et du noyau du cylindre prot\u00e8ge contre les reproduction illicites de cl\u00e9s, et facilite l&#8217;introduction de la cl\u00e9 gr\u00e2ce au point d&#8217;entr\u00e9e sur le cylindre. [&hellip;]<\/p>","protected":false},"featured_media":11619,"comment_status":"open","ping_status":"closed","template":"","meta":{"site-sidebar-layout":"default","site-content-layout":"","ast-site-content-layout":"","site-content-style":"default","site-sidebar-style":"default","ast-global-header-display":"","ast-banner-title-visibility":"","ast-main-header-display":"","ast-hfb-above-header-display":"","ast-hfb-below-header-display":"","ast-hfb-mobile-header-display":"","site-post-title":"","ast-breadcrumbs-content":"","ast-featured-img":"","footer-sml-layout":"","theme-transparent-header-meta":"","adv-header-id-meta":"","stick-header-meta":"","header-above-stick-meta":"","header-main-stick-meta":"","header-below-stick-meta":"","astra-migrate-meta-layouts":"default","ast-page-background-enabled":"default","ast-page-background-meta":{"desktop":{"background-color":"var(--ast-global-color-4)","background-image":"","background-repeat":"repeat","background-position":"center center","background-size":"auto","background-attachment":"scroll","background-type":"","background-media":"","overlay-type":"","overlay-color":"","overlay-opacity":"","overlay-gradient":""},"tablet":{"background-color":"","background-image":"","background-repeat":"repeat","background-position":"center center","background-size":"auto","background-attachment":"scroll","background-type":"","background-media":"","overlay-type":"","overlay-color":"","overlay-opacity":"","overlay-gradient":""},"mobile":{"background-color":"","background-image":"","background-repeat":"repeat","background-position":"center center","background-size":"auto","background-attachment":"scroll","background-type":"","background-media":"","overlay-type":"","overlay-color":"","overlay-opacity":"","overlay-gradient":""}},"ast-content-background-meta":{"desktop":{"background-color":"var(--ast-global-color-5)","background-image":"","background-repeat":"repeat","background-position":"center center","background-size":"auto","background-attachment":"scroll","background-type":"","background-media":"","overlay-type":"","overlay-color":"","overlay-opacity":"","overlay-gradient":""},"tablet":{"background-color":"var(--ast-global-color-5)","background-image":"","background-repeat":"repeat","background-position":"center center","background-size":"auto","background-attachment":"scroll","background-type":"","background-media":"","overlay-type":"","overlay-color":"","overlay-opacity":"","overlay-gradient":""},"mobile":{"background-color":"var(--ast-global-color-5)","background-image":"","background-repeat":"repeat","background-position":"center center","background-size":"auto","background-attachment":"scroll","background-type":"","background-media":"","overlay-type":"","overlay-color":"","overlay-opacity":"","overlay-gradient":""}}},"product_cat":[48,53,20,17,19],"product_tag":[],"marque":[105],"acf":[],"yoast_head":"<!-- This site is optimized with the Yoast SEO plugin v20.1 - https:\/\/yoast.com\/wordpress\/plugins\/seo\/ -->\n<title>Cylindre de s\u00e9curit\u00e9 \u00e0 bouton 40x40 Laqu\u00e9 Midnight black ou Blanc - Alupi\u00e8ces.fr<\/title>\n<meta name=\"description\" content=\"La conception de ce cylindre de s\u00e9curit\u00e9 Laqu\u00e9 \u00e0 bouton 40x40 avec carte de propri\u00e9t\u00e9 et 4 cl\u00e9s int\u00e8gre des \u00e9l\u00e9ments anti casse ce qui le rend robuste et ..\" \/>\n<meta name=\"robots\" content=\"index, follow, max-snippet:-1, max-image-preview:large, max-video-preview:-1\" \/>\n<link rel=\"canonical\" href=\"https:\/\/www.alupieces.fr\/en\/product\/knob-security-cylinder-40x40-lac-midnight-black-or-white\/\" \/>\n<meta property=\"og:locale\" content=\"en_GB\" \/>\n<meta property=\"og:type\" content=\"article\" \/>\n<meta property=\"og:title\" content=\"Cylindre de s\u00e9curit\u00e9 \u00e0 bouton 40x40 Laqu\u00e9 Midnight black ou Blanc - Alupi\u00e8ces.fr\" \/>\n<meta property=\"og:description\" content=\"La conception de ce cylindre de s\u00e9curit\u00e9 Laqu\u00e9 \u00e0 bouton 40x40 avec carte de propri\u00e9t\u00e9 et 4 cl\u00e9s int\u00e8gre des \u00e9l\u00e9ments anti casse ce qui le rend robuste et ..\" \/>\n<meta property=\"og:url\" content=\"https:\/\/www.alupieces.fr\/en\/product\/knob-security-cylinder-40x40-lac-midnight-black-or-white\/\" \/>\n<meta property=\"og:site_name\" content=\"Alupi\u00e8ces.fr\" \/>\n<meta property=\"article:modified_time\" content=\"2025-09-29T15:35:47+00:00\" \/>\n<meta property=\"og:image\" content=\"https:\/\/www.alupieces.fr\/wp-content\/uploads\/2023\/09\/Cylindre-bouton-C690-002.jpg\" \/>\n\t<meta property=\"og:image:width\" content=\"827\" \/>\n\t<meta property=\"og:image:height\" content=\"827\" \/>\n\t<meta property=\"og:image:type\" content=\"image\/jpeg\" \/>\n<meta name=\"twitter:card\" content=\"summary_large_image\" \/>\n<meta name=\"twitter:label1\" content=\"Estimated reading time\" \/>\n\t<meta name=\"twitter:data1\" content=\"1 minute\" \/>\n<!-- \/ Yoast SEO plugin. -->","yoast_head_json":{"title":"Cylindre de s\u00e9curit\u00e9 \u00e0 bouton 40x40 Laqu\u00e9 Midnight black ou Blanc - Alupi\u00e8ces.fr","description":"La conception de ce cylindre de s\u00e9curit\u00e9 Laqu\u00e9 \u00e0 bouton 40x40 avec carte de propri\u00e9t\u00e9 et 4 cl\u00e9s int\u00e8gre des \u00e9l\u00e9ments anti casse ce qui le rend robuste et ..","robots":{"index":"index","follow":"follow","max-snippet":"max-snippet:-1","max-image-preview":"max-image-preview:large","max-video-preview":"max-video-preview:-1"},"canonical":"https:\/\/www.alupieces.fr\/en\/product\/knob-security-cylinder-40x40-lac-midnight-black-or-white\/","og_locale":"en_GB","og_type":"article","og_title":"Cylindre de s\u00e9curit\u00e9 \u00e0 bouton 40x40 Laqu\u00e9 Midnight black ou Blanc - Alupi\u00e8ces.fr","og_description":"La conception de ce cylindre de s\u00e9curit\u00e9 Laqu\u00e9 \u00e0 bouton 40x40 avec carte de propri\u00e9t\u00e9 et 4 cl\u00e9s int\u00e8gre des \u00e9l\u00e9ments anti casse ce qui le rend robuste et ..","og_url":"https:\/\/www.alupieces.fr\/en\/product\/knob-security-cylinder-40x40-lac-midnight-black-or-white\/","og_site_name":"Alupi\u00e8ces.fr","article_modified_time":"2025-09-29T15:35:47+00:00","og_image":[{"width":827,"height":827,"url":"https:\/\/www.alupieces.fr\/wp-content\/uploads\/2023\/09\/Cylindre-bouton-C690-002.jpg","type":"image\/jpeg"}],"twitter_card":"summary_large_image","twitter_misc":{"Estimated reading time":"1 minute"},"schema":{"@context":"https:\/\/schema.org","@graph":[{"@type":"WebPage","@id":"https:\/\/www.alupieces.fr\/produit\/cylindre-de-securite-a-bouton-40x40-laque-midnight-black-ou-blanc\/","url":"https:\/\/www.alupieces.fr\/produit\/cylindre-de-securite-a-bouton-40x40-laque-midnight-black-ou-blanc\/","name":"Cylindre de s\u00e9curit\u00e9 \u00e0 bouton 40x40 Laqu\u00e9 Midnight black ou Blanc - Alupi\u00e8ces.fr","isPartOf":{"@id":"https:\/\/www.alupieces.fr\/#website"},"datePublished":"2023-09-29T08:34:26+00:00","dateModified":"2025-09-29T15:35:47+00:00","description":"La conception de ce cylindre de s\u00e9curit\u00e9 Laqu\u00e9 \u00e0 bouton 40x40 avec carte de propri\u00e9t\u00e9 et 4 cl\u00e9s int\u00e8gre des \u00e9l\u00e9ments anti casse ce qui le rend robuste et ..","breadcrumb":{"@id":"https:\/\/www.alupieces.fr\/produit\/cylindre-de-securite-a-bouton-40x40-laque-midnight-black-ou-blanc\/#breadcrumb"},"inLanguage":"en-GB","potentialAction":[{"@type":"ReadAction","target":["https:\/\/www.alupieces.fr\/produit\/cylindre-de-securite-a-bouton-40x40-laque-midnight-black-ou-blanc\/"]}]},{"@type":"BreadcrumbList","@id":"https:\/\/www.alupieces.fr\/produit\/cylindre-de-securite-a-bouton-40x40-laque-midnight-black-ou-blanc\/#breadcrumb","itemListElement":[{"@type":"ListItem","position":1,"name":"Accueil","item":"https:\/\/www.alupieces.fr\/"},{"@type":"ListItem","position":2,"name":"Boutique","item":"https:\/\/www.alupieces.fr\/boutique\/"},{"@type":"ListItem","position":3,"name":"Cylindre de s\u00e9curit\u00e9 \u00e0 bouton 40&#215;40 Laqu\u00e9 Midnight black ou Blanc"}]},{"@type":"WebSite","@id":"https:\/\/www.alupieces.fr\/#website","url":"https:\/\/www.alupieces.fr\/","name":"Alupi\u00e8ces.fr","description":"La r\u00e9f\u00e9rence des pi\u00e8ces d\u00e9tach\u00e9es d&#039;origine en Aluminium Technal, Bubendorff et Mariton","publisher":{"@id":"https:\/\/www.alupieces.fr\/#organization"},"potentialAction":[{"@type":"SearchAction","target":{"@type":"EntryPoint","urlTemplate":"https:\/\/www.alupieces.fr\/?s={search_term_string}"},"query-input":"required name=search_term_string"}],"inLanguage":"en-GB"},{"@type":"Organization","@id":"https:\/\/www.alupieces.fr\/#organization","name":"Alupi\u00e8ces","alternateName":"Alupi\u00e8ces.fr","url":"https:\/\/www.alupieces.fr\/","logo":{"@type":"ImageObject","inLanguage":"en-GB","@id":"https:\/\/www.alupieces.fr\/#\/schema\/logo\/image\/","url":"https:\/\/www.alupieces.fr\/wp-content\/uploads\/2022\/12\/Bon-logo-1.png","contentUrl":"https:\/\/www.alupieces.fr\/wp-content\/uploads\/2022\/12\/Bon-logo-1.png","width":1367,"height":474,"caption":"Alupi\u00e8ces"},"image":{"@id":"https:\/\/www.alupieces.fr\/#\/schema\/logo\/image\/"}}]}},"wcpa_form_fields":null,"_links":{"self":[{"href":"https:\/\/www.alupieces.fr\/en\/wp-json\/wp\/v2\/product\/11008"}],"collection":[{"href":"https:\/\/www.alupieces.fr\/en\/wp-json\/wp\/v2\/product"}],"about":[{"href":"https:\/\/www.alupieces.fr\/en\/wp-json\/wp\/v2\/types\/product"}],"replies":[{"embeddable":true,"href":"https:\/\/www.alupieces.fr\/en\/wp-json\/wp\/v2\/comments?post=11008"}],"wp:featuredmedia":[{"embeddable":true,"href":"https:\/\/www.alupieces.fr\/en\/wp-json\/wp\/v2\/media\/11619"}],"wp:attachment":[{"href":"https:\/\/www.alupieces.fr\/en\/wp-json\/wp\/v2\/media?parent=11008"}],"wp:term":[{"taxonomy":"product_cat","embeddable":true,"href":"https:\/\/www.alupieces.fr\/en\/wp-json\/wp\/v2\/product_cat?post=11008"},{"taxonomy":"product_tag","embeddable":true,"href":"https:\/\/www.alupieces.fr\/en\/wp-json\/wp\/v2\/product_tag?post=11008"},{"taxonomy":"marque","embeddable":true,"href":"https:\/\/www.alupieces.fr\/en\/wp-json\/wp\/v2\/marque?post=11008"}],"curies":[{"name":"wp","href":"https:\/\/api.w.org\/{rel}","templated":true}]}}